{"id":866,"date":"2023-03-01T19:25:08","date_gmt":"2023-03-01T18:25:08","guid":{"rendered":"https:\/\/familienforschung-tecklenburger-land.de\/?page_id=866"},"modified":"2023-03-05T11:28:38","modified_gmt":"2023-03-05T10:28:38","slug":"spurensuche-kriminalfaelle-mord-und-totschlag-im-tecklenburger-land","status":"publish","type":"page","link":"https:\/\/familienforschung-tecklenburger-land.de\/?page_id=866","title":{"rendered":"Spurensuche &#8222;Kriminalf\u00e4lle, Mord und Totschlag im Tecklenburger Land&#8220;"},"content":{"rendered":"\n<div class=\"wp-block-columns is-layout-flex wp-container-core-columns-is-layout-9d6595d7 wp-block-columns-is-layout-flex\">\n<div class=\"wp-block-column is-layout-flow wp-block-column-is-layout-flow\" style=\"flex-basis:33.33%\">\n<figure class=\"wp-block-image size-full has-lightbox\"><img loading=\"lazy\" decoding=\"async\" width=\"480\" height=\"689\" src=\"https:\/\/familienforschung-tecklenburger-land.de\/wp-content\/uploads\/2023\/03\/Titelseite-fertig-Kriminalfaelle-480px.jpg\" alt=\"\" class=\"wp-image-966\" srcset=\"https:\/\/familienforschung-tecklenburger-land.de\/wp-content\/uploads\/2023\/03\/Titelseite-fertig-Kriminalfaelle-480px.jpg 480w, https:\/\/familienforschung-tecklenburger-land.de\/wp-content\/uploads\/2023\/03\/Titelseite-fertig-Kriminalfaelle-480px-209x300.jpg 209w\" sizes=\"auto, (max-width: 480px) 100vw, 480px\" \/><\/figure>\n\n\n\n<h3 class=\"wp-block-heading\">Inhaltsverzeichnis<\/h3>\n\n\n\n<p><strong>Editorial<\/strong><\/p>\n\n\n\n<p><strong>Amtliche Bekanntmachungen<\/strong><\/p>\n\n\n\n<p><strong>Der Tod des Salzschmugglers Bernhard Scheckelhoff aus Glandorf<\/strong><\/p>\n\n\n\n<p><strong>Fundst\u00fccke<\/strong><\/p>\n\n\n\n<p class=\"has-small-font-size\">Beleidigungen<\/p>\n\n\n\n<p class=\"has-small-font-size\">Diebst\u00e4hle<\/p>\n\n\n\n<p class=\"has-small-font-size\">Obduktion angeordnet<\/p>\n\n\n\n<p class=\"has-small-font-size\">Verschwender<\/p>\n\n\n\n<p class=\"has-small-font-size\">Versuchter Raub\u00fcberfall<\/p>\n\n\n\n<p><strong>Massenhafte Flucht vor dem Milit\u00e4rdienst<\/strong><\/p>\n\n\n\n<p><strong>Gerechtigkeit und Gnade<\/strong><\/p>\n\n\n\n<p><strong>Der Mord an Maria Wientjes in Ibbenb\u00fcren im Jahre 1902<\/strong><\/p>\n\n\n\n<p><strong>Presseschau zum Mordfall Wientjes<\/strong><\/p>\n\n\n\n<p><strong>Ein Mord in Ledde<\/strong><\/p>\n\n\n\n<p><strong>Die B\u00e4uerin und ihre Spie\u00dfgesellen beim Giftmord<\/strong><\/p>\n\n\n\n<p><strong>1908 &#8211; Lengericher Bauer niedergeschossen<\/strong><\/p>\n\n\n\n<p><strong>Verhandlungen vor dem Schwurgericht in M\u00fcnster<\/strong><\/p>\n\n\n\n<p class=\"has-small-font-size\">Verbrechen gegen die Sittlichkeit<\/p>\n\n\n\n<p class=\"has-small-font-size\">Schwerer Diebstahl<\/p>\n\n\n\n<p class=\"has-small-font-size\">Brandstiftung in Lengerich<\/p>\n\n\n\n<p><strong>Meuchelmord in Kattenvenne<\/strong><\/p>\n\n\n\n<p><strong>Lustmord in Westerkappeln<\/strong><\/p>\n\n\n\n<p><strong>Diebesbande aus Tecklenburg<\/strong><\/p>\n\n\n\n<p class=\"has-small-font-size\">Verdacht der Unterschlagung<\/p>\n\n\n\n<p><strong>Kindsmord in Tecklenburg<\/strong><\/p>\n\n\n\n<p><strong>Namensverzeichnis<\/strong><\/p>\n\n\n\n<figure class=\"wp-block-image size-full\"><img loading=\"lazy\" decoding=\"async\" width=\"787\" height=\"866\" src=\"https:\/\/familienforschung-tecklenburger-land.de\/wp-content\/uploads\/2023\/03\/Bild8-1.jpg\" alt=\"\" class=\"wp-image-968\" srcset=\"https:\/\/familienforschung-tecklenburger-land.de\/wp-content\/uploads\/2023\/03\/Bild8-1.jpg 787w, https:\/\/familienforschung-tecklenburger-land.de\/wp-content\/uploads\/2023\/03\/Bild8-1-273x300.jpg 273w, https:\/\/familienforschung-tecklenburger-land.de\/wp-content\/uploads\/2023\/03\/Bild8-1-768x845.jpg 768w\" sizes=\"auto, (max-width: 787px) 100vw, 787px\" \/><\/figure>\n\n\n\n<p><\/p>\n<\/div>\n\n\n\n<div class=\"wp-block-column is-layout-flow wp-block-column-is-layout-flow\" style=\"flex-basis:66.66%\">\n<h2 class=\"wp-block-heading\">Heft 1 \/ 2019<\/h2>\n\n\n\n<p><strong>Das Heft kostet 5,- Euro und kann in unserer Bibliothek eingesehen werden. Wenn noch Exemplare vorhanden sind, k\u00f6nnen Sie sie dort kaufen.<\/strong><\/p>\n\n\n\n<p class=\"has-small-font-size\">Immer wieder sto\u00dfen wir bei unseren Recherchen zu Familiengeschichten aus dem Tecklenburger Land auch auf Verbrechen wie Diebst\u00e4hle, Raub\u00fcberf\u00e4lle, Betr\u00fcgereien und sogar Mord und Totschlag.<\/p>\n\n\n\n<p class=\"has-small-font-size\">Hinweise auf solche Missetaten finden sich zuhauf in den historischen Zeitungen, den Amtsbl\u00e4ttern der damaligen Zeit, aber auch in vielen Kirchenb\u00fcchern und den alten Gerichtsakten.<\/p>\n\n\n\n<p class=\"has-small-font-size\">Erstaunt stellen wir beim Durchbl\u00e4ttern alter Zeitungen fest, dass fast t\u00e4glich von Verbrechen berichtet wurde und vor etwa 100 Jahren oder fr\u00fcher der Datenschutz in Presseberichten keinerlei Rolle spielte.<\/p>\n\n\n\n<p class=\"has-small-font-size\">Verd\u00e4chtige, T\u00e4ter und Opfer wurden damals mit vollem Namen in den Zeitungen genannt. F\u00fcr jeden Familienforscher bietet sich damit die M\u00f6glichkeit, viele sonst m\u00f6glicherweise ungekannt gebliebenen Einzelheiten zu erfahren und seine eigene Familiengeschichte zu bereichern. Es lohnt sich auch, verschiedene Zeitungen, die oft unterschiedliche Berichte zur gleichen Tat ver\u00f6ffentlicht haben, zu durchsuchen.<\/p>\n\n\n\n<p class=\"has-small-font-size\">Erz\u00e4hlungen, Fotos und Aufzeichnungen noch lebender Nachfahren erg\u00e4nzen anschaulich viele Fundst\u00fccke.<br>Den Spuren einiger tats\u00e4chlichen F\u00e4lle aus \u201eder guten, alten Zeit\u201c wollen wir in dieser Ausgabe nachgehen und die Tatumst\u00e4nde einiger spektakul\u00e4rer Kriminalf\u00e4lle n\u00e4her beleuchten.<\/p>\n\n\n\n<h3 class=\"wp-block-heading\">Verzeichnis der im Heft vorkommenden Namen:<\/h3>\n\n\n\n<h5 class=\"wp-block-heading\">A<\/h5>\n\n\n\n<p class=\"has-small-font-size\">Abdoy, Abenbrinck, Abraham, Agnischock, Albers, Aldrup, Alteholzf, Altekruse, Altesellmeier, Altevogt, Appel, Appelbaum, Aschebrock, Ashlock, A\u00dfmann, Aubke<\/p>\n\n\n\n<h5 class=\"wp-block-heading\">B<\/h5>\n\n\n\n<p class=\"has-small-font-size\">Baldeleier, Baldelmeier, Banning, Bardelmeier, Bardelmeyer, Barkhowe, Barlag, Barmon, Barrow, B\u00e4umer, Begemann, Beimdiek, Beining, Bergesch, Berghaus, Berghoff, Berlemann, Bernsjan, Best, Beverf\u00f6rde, Beveridge, Bierbaum, Bissing, Bloemker, Blom, Bl\u00f6mker, Bock, B\u00f6hme, Bollmann, Borgstette, Bothmann, Brewe, Brockmann, Brown, Bruening, Br\u00fcggemann, Brundick, Brunsmann, B\u00fcchner, B\u00fccker, Buescher, Buller, B\u00fcltmann, Burnett, Busker, B\u00fcsker, Bu\u00dfjan<\/p>\n\n\n\n<h5 class=\"wp-block-heading\">C<\/h5>\n\n\n\n<p class=\"has-small-font-size\">Cartwright, Chapman, Charles, Chr\u00f6der, Conrad, Cook, Crawford<\/p>\n\n\n\n<h5 class=\"wp-block-heading\">D<\/h5>\n\n\n\n<p class=\"has-small-font-size\">Damme, Deck, Degnan, Degnen, Delbrugge, Delles, Dicken, Dieckmann, Diekmeyer, Domanski, Driftmeyer, Druffel, Duda, Durer, Dyckhoff, Dykhoff<\/p>\n\n\n\n<h5 class=\"wp-block-heading\">E<\/h5>\n\n\n\n<p class=\"has-small-font-size\">Elmers, Engelhardt, Engelking, Engelman, Engelmann, Erdmann<\/p>\n\n\n\n<h5 class=\"wp-block-heading\">F<\/h5>\n\n\n\n<p class=\"has-small-font-size\">Falger, Fiehland, Finkener, Fisch, Fischer, Flechtheim, Fleddermann, Fledermann, Fletemeyer, Flottemann, Foss, Frickenstein, Friday, Friedrich, Fr\u00fccthoff, Fruit<\/p>\n\n\n\n<h5 class=\"wp-block-heading\">G<\/h5>\n\n\n\n<p class=\"has-small-font-size\">Galloway, Garison, Gausmann, Gerbaulet, Gerdvordermark, Gersie, Gerstein, Giese, Gildehaus, Gillen, Gillespie, Glasmeyer, Gla\u00dfh\u00f6rster, Goldberg, Goldmeyer, Goos, Gr Liesner, Gr\u00e4hler, Greenwood, Greiff, Gremer, Grise, Gr\u00f6hne, Gr\u00f6ning, Grote<\/p>\n\n\n\n<h5 class=\"wp-block-heading\">H<\/h5>\n\n\n\n<p class=\"has-small-font-size\">Haag, Hagedorn, Haladei, Halbert, Hall, Harlow, Hasenpatt, Heemann, Heilemann, Heising, Heitmann, Helm, Henkener, Henschen, Hilgedickff, Hilgedieck, Hilgediek, Hilgemann, Hille, Hoffbauer, Hoffmann, Hollenberg, Holscher, H\u00f6lscher, Holtebrinck, Holzheide, Hooge, Hosto, H\u00f6stoh, Hulksten, Huneke, Hunsche, H\u00fcrkampf, H\u00fcrmann, H\u00fctte, Hu\u00fcrkamp<\/p>\n\n\n\n<h5 class=\"wp-block-heading\"><strong>I<\/strong><\/h5>\n\n\n\n<p class=\"has-small-font-size\">Ideke, Irwin<\/p>\n\n\n\n<h5 class=\"wp-block-heading\">J<\/h5>\n\n\n\n<p class=\"has-small-font-size\">Jach, Johann auf der Heide, Johnson, Jones, Josten<\/p>\n\n\n\n<h5 class=\"wp-block-heading\">K<\/h5>\n\n\n\n<p class=\"has-small-font-size\">Kaiser, Kartmann, Katman, Kattmann, Kayser, Keiser, Kennedy, Kettelkamp, Kienker, Kitten, Kitzing, Klaus, Klaustermeier, Kleybolte, Klingersmann, Kolk, K\u00f6nigkr\u00e4mer, Koop, K\u00f6ster, K\u00f6tterheinrich, Kottman, Kottmann, Kraft, Kr\u00e4mer, Krewinghaus, Kriege, Kriewinghaus, Krome, Krone, Krummacher, Krumme, Krummel, Kr\u00fctzmann, Kuhl, Kuhlenbeck, K\u00fcper<\/p>\n\n\n\n<h5 class=\"wp-block-heading\">L<\/h5>\n\n\n\n<p class=\"has-small-font-size\">Laatz, Langhorst, Ledig, Leesmann, Lehmberg, Lenfers, Leuchel, Lienemann, Lindemann, L\u00f6bler, Lohaus, L\u00f6hrkolb, Long, Lotz, Lubke, Luhl<\/p>\n\n\n\n<h5 class=\"wp-block-heading\">M<\/h5>\n\n\n\n<p class=\"has-small-font-size\">Mareiner, Maurer, McKee, Meese, Mejer, Melcher, Merkel, Merkles, Mertens, Mertens, Meyer, Mietekotte, M\u00f6llers, Montgomery, Natrop gnt Meermann<\/p>\n\n\n\n<h5 class=\"wp-block-heading\">N<\/h5>\n\n\n\n<p class=\"has-small-font-size\">Nehsker, Neumann, Newlin, Niederschulte, Niehus, Niggehues, Nolle<\/p>\n\n\n\n<h5 class=\"wp-block-heading\">O<\/h5>\n\n\n\n<p class=\"has-small-font-size\">Oberste Hollenberg, Osterkamp, Otte<\/p>\n\n\n\n<h5 class=\"wp-block-heading\">P<\/h5>\n\n\n\n<p class=\"has-small-font-size\">Palmer, Pa\u00dfmann, Pelstring, Peters, Phillips, Plettenberg, Pott, Pottebaum, P\u00f6tter, Powell, Prichett, Prigge, Priggemeyer, Pr\u00f6bsting, Prott, Puckett, Purnhagen<\/p>\n\n\n\n<h5 class=\"wp-block-heading\"><strong>Q<\/strong><\/h5>\n\n\n\n<p class=\"has-small-font-size\">&#8211;<\/p>\n\n\n\n<h5 class=\"wp-block-heading\">R<\/h5>\n\n\n\n<p class=\"has-small-font-size\">Redeker, Reinemann, Reinhardt, Reker, Rensing, Retemeyer, Ridder, Riekbert, Rietbrock<\/p>\n\n\n\n<h5 class=\"wp-block-heading\">S<\/h5>\n\n\n\n<p class=\"has-small-font-size\">Saatkamp, Saatmann, Salter, Sander, Sch\u00e4fer, Schallenberg, Scheckelhoff, Scherf, Schliehe, Schlop, Schl\u00fcter, Schmedt, Schmidt, Sch\u00f6lling, Schomberg, Schowengerd, Schreck, Schuette McKenzie, Schulkamp, Schulte, Schulte zu Ledde, Schulte-Kitzing, Schulze-Bedendorf, Schwarz, Sentrup, Sickbers, Smith, Sohon, Solms, Sommer, Spellmeyer, Sprickmann, Stocker, Stolte, St\u00f6ppel, Storch, Streeper, Streeter, Strewe, Stridey, Striedelmeyer, Strietelmeyer, Strothmann, Str\u00fcbbe, Stullken, St\u00fcnkel, Suhre, Sundermann<\/p>\n\n\n\n<h5 class=\"wp-block-heading\">T<\/h5>\n\n\n\n<p class=\"has-small-font-size\">Teckemeyer, Teepe, Telljohann, Th\u00e4lker, Theis, Tiselmann, T\u00f6njes<\/p>\n\n\n\n<h5 class=\"wp-block-heading\">U<\/h5>\n\n\n\n<p class=\"has-small-font-size\">Uhlemeyer, Upmann, Utlaut, Utlauth<\/p>\n\n\n\n<h5 class=\"wp-block-heading\">V<\/h5>\n\n\n\n<p class=\"has-small-font-size\">Vallbracht, Vandever, V\u00f6lckers, vom Holte, von Kalkstein<\/p>\n\n\n\n<h5 class=\"wp-block-heading\">W<\/h5>\n\n\n\n<p class=\"has-small-font-size\">Wahlbrink, Weir, Welp, Werremeyer, Wessel, Westhoff, Wichmann, Wiedm\u00f6ller, Wiegmann, Wieler, Wieneke, Wientjes, Wiethaupt, Willigmann, Wilms, Wilson, Windm\u00f6ller, Windm\u00f6ller, Wintjes, Wittenbrock, Wold, Wolf, Wollweber, Wright, W\u00fcbbenhorst, Wulfemeyer<\/p>\n\n\n\n<h5 class=\"wp-block-heading\">Y<\/h5>\n\n\n\n<p class=\"has-small-font-size\">Yates<\/p>\n\n\n\n<h5 class=\"wp-block-heading\">Z<\/h5>\n\n\n\n<p class=\"has-small-font-size\">Zimmerman, Zimmerschied<\/p>\n<\/div>\n<\/div>\n","protected":false},"excerpt":{"rendered":"<p>Inhaltsverzeichnis Editorial Amtliche Bekanntmachungen Der Tod des Salzschmugglers Bernhard Scheckelhoff aus Glandorf Fundst\u00fccke Beleidigungen Diebst\u00e4hle Obduktion angeordnet Verschwender Versuchter Raub\u00fcberfall Massenhafte Flucht vor dem Milit\u00e4rdienst Gerechtigkeit und Gnade Der Mord an Maria Wientjes in Ibbenb\u00fcren im Jahre 1902 Presseschau zum Mordfall Wientjes Ein Mord in Ledde Die B\u00e4uerin und ihre Spie\u00dfgesellen beim Giftmord 1908 &#8211;&#8230;<\/p>\n","protected":false},"author":4,"featured_media":0,"parent":0,"menu_order":1,"comment_status":"closed","ping_status":"closed","template":"","meta":{"_coblocks_attr":"","_coblocks_dimensions":"","_coblocks_responsive_height":"","_coblocks_accordion_ie_support":"","footnotes":""},"class_list":["post-866","page","type-page","status-publish","hentry"],"_links":{"self":[{"href":"https:\/\/familienforschung-tecklenburger-land.de\/index.php?rest_route=\/wp\/v2\/pages\/866","targetHints":{"allow":["GET"]}}],"collection":[{"href":"https:\/\/familienforschung-tecklenburger-land.de\/index.php?rest_route=\/wp\/v2\/pages"}],"about":[{"href":"https:\/\/familienforschung-tecklenburger-land.de\/index.php?rest_route=\/wp\/v2\/types\/page"}],"author":[{"embeddable":true,"href":"https:\/\/familienforschung-tecklenburger-land.de\/index.php?rest_route=\/wp\/v2\/users\/4"}],"replies":[{"embeddable":true,"href":"https:\/\/familienforschung-tecklenburger-land.de\/index.php?rest_route=%2Fwp%2Fv2%2Fcomments&post=866"}],"version-history":[{"count":6,"href":"https:\/\/familienforschung-tecklenburger-land.de\/index.php?rest_route=\/wp\/v2\/pages\/866\/revisions"}],"predecessor-version":[{"id":1052,"href":"https:\/\/familienforschung-tecklenburger-land.de\/index.php?rest_route=\/wp\/v2\/pages\/866\/revisions\/1052"}],"wp:attachment":[{"href":"https:\/\/familienforschung-tecklenburger-land.de\/index.php?rest_route=%2Fwp%2Fv2%2Fmedia&parent=866"}],"curies":[{"name":"wp","href":"https:\/\/api.w.org\/{rel}","templated":true}]}}