{"id":863,"date":"2023-03-01T19:24:41","date_gmt":"2023-03-01T18:24:41","guid":{"rendered":"https:\/\/familienforschung-tecklenburger-land.de\/?page_id=863"},"modified":"2023-03-05T11:29:16","modified_gmt":"2023-03-05T10:29:16","slug":"spurensuche-neue-heimat-missouri","status":"publish","type":"page","link":"https:\/\/familienforschung-tecklenburger-land.de\/?page_id=863","title":{"rendered":"Spurensuche &#8222;Neue Heimat Missouri&#8220;"},"content":{"rendered":"\n<div class=\"wp-block-columns is-layout-flex wp-container-core-columns-is-layout-9d6595d7 wp-block-columns-is-layout-flex\">\n<div class=\"wp-block-column is-layout-flow wp-block-column-is-layout-flow\" style=\"flex-basis:33.33%\">\n<figure class=\"wp-block-image size-large has-lightbox\"><img loading=\"lazy\" decoding=\"async\" width=\"714\" height=\"1024\" src=\"https:\/\/familienforschung-tecklenburger-land.de\/wp-content\/uploads\/2023\/03\/Titelseite-Missouri-714x1024.jpg\" alt=\"\" class=\"wp-image-957\" srcset=\"https:\/\/familienforschung-tecklenburger-land.de\/wp-content\/uploads\/2023\/03\/Titelseite-Missouri-714x1024.jpg 714w, https:\/\/familienforschung-tecklenburger-land.de\/wp-content\/uploads\/2023\/03\/Titelseite-Missouri-209x300.jpg 209w, https:\/\/familienforschung-tecklenburger-land.de\/wp-content\/uploads\/2023\/03\/Titelseite-Missouri-768x1102.jpg 768w, https:\/\/familienforschung-tecklenburger-land.de\/wp-content\/uploads\/2023\/03\/Titelseite-Missouri-1070x1536.jpg 1070w, https:\/\/familienforschung-tecklenburger-land.de\/wp-content\/uploads\/2023\/03\/Titelseite-Missouri-1427x2048.jpg 1427w, https:\/\/familienforschung-tecklenburger-land.de\/wp-content\/uploads\/2023\/03\/Titelseite-Missouri-scaled.jpg 1784w\" sizes=\"auto, (max-width: 714px) 100vw, 714px\" \/><\/figure>\n\n\n\n<h3 class=\"wp-block-heading\">Inhaltsverzeichnis<\/h3>\n\n\n\n<p><br><strong>Editorial<\/strong><\/p>\n\n\n\n<p><strong>Wissenswertes<\/strong><\/p>\n\n\n\n<p><strong>Einige wichtige Ereignisse in der Geschichte der Auswanderung nach Missouri<\/strong><\/p>\n\n\n\n<p><strong>Orts- und Familiengeschichten<\/strong><\/p>\n\n\n\n<p class=\"has-small-font-size\">Die gro\u00dfe Reise<\/p>\n\n\n\n<p class=\"has-small-font-size\">Herkenhoff Familien in Missouri bis 1900<\/p>\n\n\n\n<p class=\"has-small-font-size\">Nachkommen von (Henry) Gerhard Heinrich Johanntosettel aus Lengerich in den USA<\/p>\n\n\n\n<p class=\"has-small-font-size\">Biographien deutscher Einwanderer<\/p>\n\n\n\n<p class=\"has-small-font-size\">Einwandererverzeichnis<\/p>\n\n\n\n<p><strong>Deutsche Kirchengemeinden in St. Louis<\/strong><\/p>\n\n\n\n<p class=\"has-small-font-size\">Holy Ghost United Church of Christ<\/p>\n\n\n\n<p class=\"has-small-font-size\">St. Marcus United Church of Christ<\/p>\n\n\n\n<p class=\"has-small-font-size\">St. Peter&#8217;s United Church of Christ<\/p>\n\n\n\n<p class=\"has-small-font-size\">St. Paul&#8217;s Evangelical Church Creve Coeur, St. Louis<\/p>\n\n\n\n<p class=\"has-small-font-size\">St. Paul&#8217;s Evangelical Church<\/p>\n\n\n\n<p class=\"has-small-font-size\">Creve Coeur, St. Louis County, Missouri<\/p>\n\n\n\n<p><strong>Deutsche Kirchengemeinden in Missouri<\/strong><\/p>\n\n\n\n<p class=\"has-small-font-size\">St. Johns United Church of Christ, Cappeln, MO<\/p>\n\n\n\n<p class=\"has-small-font-size\">Parkway United Church of Christ, Town and<\/p>\n\n\n\n<p class=\"has-small-font-size\">Country, Missouri<\/p>\n\n\n\n<p class=\"has-small-font-size\">Bethlehem Lutheran Church<\/p>\n\n\n\n<p class=\"has-small-font-size\">St. Joseph Catholic Church<\/p>\n\n\n\n<p class=\"has-small-font-size\">All Saints Catholic Church St. Peters, MO<\/p>\n\n\n\n<p class=\"has-small-font-size\">Immaculate Conception<\/p>\n\n\n\n<p class=\"has-small-font-size\">Catholic Church, Augusta, MO<\/p>\n\n\n\n<p class=\"has-small-font-size\">Friedens Church, New Melle, MO<\/p>\n\n\n\n<p class=\"has-small-font-size\">St. Charles County<\/p>\n\n\n\n<p class=\"has-small-font-size\">Circuit Court Records 1805-1870<\/p>\n\n\n\n<p class=\"has-small-font-size\">Naturalization Records<\/p>\n\n\n\n<p class=\"has-small-font-size\">Missouri Birth &amp; Death Records<\/p>\n\n\n\n<p><strong>Fundst\u00fccke<\/strong><\/p>\n\n\n\n<p><strong>Forschungshilfen<\/strong><\/p>\n\n\n\n<p><strong>Literaturauswahl<\/strong><\/p>\n\n\n\n<p><strong>Namensverzeichnis<\/strong><\/p>\n\n\n\n<figure class=\"wp-block-image size-large\"><img loading=\"lazy\" decoding=\"async\" width=\"703\" height=\"1024\" src=\"https:\/\/familienforschung-tecklenburger-land.de\/wp-content\/uploads\/2023\/03\/Duden-Buch-703x1024.jpg\" alt=\"\" class=\"wp-image-958\" srcset=\"https:\/\/familienforschung-tecklenburger-land.de\/wp-content\/uploads\/2023\/03\/Duden-Buch-703x1024.jpg 703w, https:\/\/familienforschung-tecklenburger-land.de\/wp-content\/uploads\/2023\/03\/Duden-Buch-206x300.jpg 206w, https:\/\/familienforschung-tecklenburger-land.de\/wp-content\/uploads\/2023\/03\/Duden-Buch-768x1119.jpg 768w, https:\/\/familienforschung-tecklenburger-land.de\/wp-content\/uploads\/2023\/03\/Duden-Buch-1054x1536.jpg 1054w, https:\/\/familienforschung-tecklenburger-land.de\/wp-content\/uploads\/2023\/03\/Duden-Buch.jpg 1181w\" sizes=\"auto, (max-width: 703px) 100vw, 703px\" \/><\/figure>\n\n\n\n<p><\/p>\n\n\n\n<figure class=\"wp-block-image size-full\"><img loading=\"lazy\" decoding=\"async\" width=\"620\" height=\"887\" src=\"https:\/\/familienforschung-tecklenburger-land.de\/wp-content\/uploads\/2023\/03\/Bild1-1.jpg\" alt=\"\" class=\"wp-image-959\" srcset=\"https:\/\/familienforschung-tecklenburger-land.de\/wp-content\/uploads\/2023\/03\/Bild1-1.jpg 620w, https:\/\/familienforschung-tecklenburger-land.de\/wp-content\/uploads\/2023\/03\/Bild1-1-210x300.jpg 210w\" sizes=\"auto, (max-width: 620px) 100vw, 620px\" \/><\/figure>\n\n\n\n<p><\/p>\n\n\n\n<figure class=\"wp-block-image size-full\"><img loading=\"lazy\" decoding=\"async\" width=\"335\" height=\"429\" src=\"https:\/\/familienforschung-tecklenburger-land.de\/wp-content\/uploads\/2023\/03\/Bild15.jpg\" alt=\"\" class=\"wp-image-960\" srcset=\"https:\/\/familienforschung-tecklenburger-land.de\/wp-content\/uploads\/2023\/03\/Bild15.jpg 335w, https:\/\/familienforschung-tecklenburger-land.de\/wp-content\/uploads\/2023\/03\/Bild15-234x300.jpg 234w\" sizes=\"auto, (max-width: 335px) 100vw, 335px\" \/><\/figure>\n\n\n\n<p><\/p>\n\n\n\n<figure class=\"wp-block-image size-full\"><img loading=\"lazy\" decoding=\"async\" width=\"893\" height=\"471\" src=\"https:\/\/familienforschung-tecklenburger-land.de\/wp-content\/uploads\/2023\/03\/Bild6.jpg\" alt=\"\" class=\"wp-image-961\" srcset=\"https:\/\/familienforschung-tecklenburger-land.de\/wp-content\/uploads\/2023\/03\/Bild6.jpg 893w, https:\/\/familienforschung-tecklenburger-land.de\/wp-content\/uploads\/2023\/03\/Bild6-300x158.jpg 300w, https:\/\/familienforschung-tecklenburger-land.de\/wp-content\/uploads\/2023\/03\/Bild6-768x405.jpg 768w\" sizes=\"auto, (max-width: 893px) 100vw, 893px\" \/><\/figure>\n\n\n\n<p><\/p>\n\n\n\n<figure class=\"wp-block-image size-full\"><img loading=\"lazy\" decoding=\"async\" width=\"848\" height=\"500\" src=\"https:\/\/familienforschung-tecklenburger-land.de\/wp-content\/uploads\/2023\/03\/Bild10-1.jpg\" alt=\"\" class=\"wp-image-962\" srcset=\"https:\/\/familienforschung-tecklenburger-land.de\/wp-content\/uploads\/2023\/03\/Bild10-1.jpg 848w, https:\/\/familienforschung-tecklenburger-land.de\/wp-content\/uploads\/2023\/03\/Bild10-1-300x177.jpg 300w, https:\/\/familienforschung-tecklenburger-land.de\/wp-content\/uploads\/2023\/03\/Bild10-1-768x453.jpg 768w\" sizes=\"auto, (max-width: 848px) 100vw, 848px\" \/><\/figure>\n<\/div>\n\n\n\n<div class=\"wp-block-column is-layout-flow wp-block-column-is-layout-flow\" style=\"flex-basis:66.66%\">\n<h2 class=\"wp-block-heading\">Heft 2 \/ 2016<\/h2>\n\n\n\n<p><strong>Das Heft kostet 5,- Euro und kann in unserer Bibliothek eingesehen werden. Wenn noch Exemplare vorhanden sind, k\u00f6nnen Sie sie dort kaufen.<\/strong><\/p>\n\n\n\n<p class=\"has-small-font-size\">Viele Tausend Menschen aus dem Tecklenburger Land und den angrenzenden Gebieten haben sich vor allem im 19. Jahrhundert auf den Weg in die Neue Welt gemacht.<\/p>\n\n\n\n<p class=\"has-small-font-size\">Die Gr\u00fcnde f\u00fcr die Auswanderungen waren vielf\u00e4ltig:<br>Armut, Perspektivlosigkeit &#8211; vor allem der \u00e4rmeren Bev\u00f6lkerungsschichten der Arbeiter, kleinen Handwerker und Heuerleute, Flucht vor dem Milit\u00e4rdienst, politische oder religi\u00f6se Verfolgung, aber auch Abenteuerlust, Fernweh oder gar die Ausweisung aus der Heimat auf Kirchspielkosten wegen krimineller Vergangenheit.<\/p>\n\n\n\n<p class=\"has-small-font-size\">Die Spuren der Auswanderer in der alten Heimat zu finden, ist meist nicht ganz so schwer. Will man jedoch erfahren, was aus den Menschen in der Neuen Heimat geworden ist, sind oft zeitaufw\u00e4ndige und manchmal schwierige Recherchen notwendig.<\/p>\n\n\n\n<p class=\"has-small-font-size\">Die schiere Vielzahl der vorhandenen Quellen in Deutschland und den Vereinigten Staaten macht es unm\u00f6glich, in diesem Heft auf alle verf\u00fcgbaren Fundstellen einzugehen. Wir stellen daher hier beispielhaft einige M\u00f6glichkeiten zur Forschung in Missouri dar.<\/p>\n\n\n\n<p class=\"has-small-font-size\">Regina Herkenhoff hat die Spuren von Auswanderern aus dem katholischen Kirchspiel Hagen a. T. W. in den USA verfolgt und dabei auch die Akten katholischer Kirchspiele in Missouri erfolgreich nach Mitgliedern der Familie Herkenhoff durchsucht.<\/p>\n\n\n\n<p class=\"has-small-font-size\">Menno de Lange hat sich um den Verbleib von Gerhard Heinrich Johanntosettel aus Lengerich und dessen Nachfahren in den USA gek\u00fcmmert. Dabei hat er staatliche Akten und auch protestantische Kirchenb\u00fccher in den USA zu Hilfe genommen.<\/p>\n\n\n\n<p class=\"has-small-font-size\">Wie gewohnt sind auch in dieser Spurensuche einige wichtige Ereignisse aus der Geschichte abgedruckt. Literaturhinweise geben einen kleinen Einblick in die Vielfalt weiterf\u00fchrenden Lesestoffs. Die Fundst\u00fccke in dieser Ausgabe zeigen nur einen verschwindend kleinen Teil der Anzeigen, die in den historischen Zeitungen zu finden sind.<br>Wir w\u00fcnschen Ihnen viel Erfolg bei der spannenden Suche nach den Auswanderern in Ihrer Familie.<\/p>\n\n\n\n<h3 class=\"wp-block-heading\">Verzeichnis der im Heft vorkommenden Namen:<\/h3>\n\n\n\n<h5 class=\"wp-block-heading\">A<\/h5>\n\n\n\n<p class=\"has-small-font-size\">Abernathy, Ackermann, Ahmann, Akolk, Aldrupp, Altlaut<\/p>\n\n\n\n<h5 class=\"wp-block-heading\">B<\/h5>\n\n\n\n<p class=\"has-small-font-size\">Babo, Bader, Bar, Barndelow, Barringhaus, Barron, Bartelt, Barthels, Bauer, Bauger, Baumgarth, Bayer, Beck, Beckebrede, Becker, Beckmann, Behrens, Beier, Beimdieck, Bekebrede, Bentlage, Bergesch, Bergsieker, Berlekamp, Berlemann, Bierbaum, Birkenk\u00e4mper, Blow, B\u00f6ckenkr\u00f6ge, Bockholdt, Bockhorst, Bodeker, Boermann, Boeschen, Bohse, Bokamp, Boone, Borgmann, Borneman, Bosse, B\u00f6wer, Bowman, Bradley, Brakenhoff, Brandt, Braundmeierf, Breggeman, Brenning, Brinker, Brinkmann, Brinkmeyer, Brockenhoff, Brockhage, Brockmann, Brockmeyer, Brockschmidt, Brodan, Brommelmeyer, Brovaznik, Br\u00fcggemann, Brundiek, Brune, Br\u00fcnemann, Brunert, Buenemann, Buescher, Buesemeier, B\u00fchneman, Buller, Bunemann, Burmeister, Burrichter, Busch, B\u00fcscher, Buschmann, B\u00fcsemeier, Buttemeyer, Buttke<\/p>\n\n\n\n<h5 class=\"wp-block-heading\">C<\/h5>\n\n\n\n<p class=\"has-small-font-size\">Caldwell, Carter, Christoffer, Classmeyer, Cordes, Cornoyer, Craig<\/p>\n\n\n\n<h5 class=\"wp-block-heading\">D<\/h5>\n\n\n\n<p class=\"has-small-font-size\">Dahman, Dalhof, D\u00e4uper, Dausman, Delbr\u00fcgge, Determann, Dewert, Dickhaus, Dickmass, Dieckberend, Diedert, Diekamp, Diekmann, Dierker, Dillmann, Domann, Dothage, Dresselhaus, Dreyer, Driemeyer, Drosselmeyer, Dubbert, Duden, Duebert, D\u00fcrremeyer<\/p>\n\n\n\n<h5 class=\"wp-block-heading\">E<\/h5>\n\n\n\n<p class=\"has-small-font-size\">Eckert, Eckler, Eilermann, Ellermann, Elmore, Elsbein, Elting, Evens, Eversmann, Eversmeyer, Everts, Ewing<\/p>\n\n\n\n<h5 class=\"wp-block-heading\">F<\/h5>\n\n\n\n<p class=\"has-small-font-size\">Faal, Fahring, Farenhorst, Feagin, Feldhaus, Feldmann, Feldmeyer, Fenger, Fetter, Fiebig, Fiegenbaum, Finke, Fischer, Flebbe, Freese, Freesmann, Frei, Fritz, Fruechte, Fuhrmann<\/p>\n\n\n\n<h5 class=\"wp-block-heading\">G<\/h5>\n\n\n\n<p class=\"has-small-font-size\">Gatzweiler, Gausman, Gauss, Gerdemann, Gerlemann, Gerler, Gersie, Geselbracht, Giseker, Glasmeyer, Golgams, Goltermann, Goos, Gorrel, Gosejacob, G\u00f6ske, Gr\u00e4hler, Gramc, Grantil, Green, Greler, Greve, Grimm, Grode, Grone, Gr\u00f6nemann, Gronfeld, Grossjacob, Grote, Grotpeter, Grover, Groverman, Gruenkorn, Gr\u00fchler, Grumke, Grundmann, Guentensberger, Gundlach, Gutkamp<\/p>\n\n\n\n<h5 class=\"wp-block-heading\">H<\/h5>\n\n\n\n<p class=\"has-small-font-size\">Haake, Hackmann, Hadderfeld, Haferland, Hagemann, Hagenberg, Hahndiek, Hamaan, Hangartner, Harms, Harte, Hartmann, Hass, Hassmann, Havhorst, Hayden, Hedemann, Hediger, Heemann, Heger, Heller, Hellmich, Helmkamp, Helmsaat, Hemsath, Heneke, Henger, Henneke, Hergemoeller, Herkenhoff, Hermann, Herzog, Heukamp, Heymann, Hilbert, Hildebrand, Hilgemann, Hillebrand, Hillmann, Himmelberg, Hinnah, Hoffmann, Hogeman, Holcher, Holgarh, Holke, Holman, H\u00f6lscher, Holtgreven, Holzhausen, Hoogeff, Horst, Horstmann, Horstmeier, Hosto, Huckriede, H\u00fcerl\u00e4nder, Huettemann, Hukriede, Hurst, Huxoll<\/p>\n\n\n\n<h5 class=\"wp-block-heading\"><strong>I<\/strong><\/h5>\n\n\n\n<p class=\"has-small-font-size\">Iborg, Iburg, Imme, Israel<\/p>\n\n\n\n<h5 class=\"wp-block-heading\">J<\/h5>\n\n\n\n<p class=\"has-small-font-size\">Jacob, Jasper, Johanntosettel, Johansen, Johnson, Jungblut<\/p>\n\n\n\n<h5 class=\"wp-block-heading\">K<\/h5>\n\n\n\n<p class=\"has-small-font-size\">Kaiser, Kallmeier, Kampmeier, Karrenbrock, Kassebaum, Keller, Kellermeyer, Kemper, Kempf, Kersten, Kessler, Kettelkamp, Kibler, Kiel, Kirchner, Kisker, Klein, Klinghammer, Klosterman, Knehans, Knemueller, Knippenberg, Knoepker, Koch, Kocklage, Koeneke, Koenig, Koester, Kohlmann, K\u00f6nigkr\u00e4mer, Kopadt, Kopmann, Kornberger, Korsmeyer, Korte, Kothman, Kottkamp, Kraft, Kramer, Kr\u00e4mer, Kr\u00fcbbenberg, Krumme, Kruse, Kuehlenmeyer, Kuennen, Kuethe<\/p>\n\n\n\n<h5 class=\"wp-block-heading\">L<\/h5>\n\n\n\n<p class=\"has-small-font-size\">Lafehr, Lahker, Lamping, Landwehr, Lantemeier, Laumann, Lee, Lehmberg, Lehme, Levernz, Limberg, Lindemann, Linnenburger, Lipross, L\u00f6chte, Loose, Lucas, Luedemann, Luekemeier, L\u00fcnebrink, L\u00fctkemeier<\/p>\n\n\n\n<h5 class=\"wp-block-heading\">M<\/h5>\n\n\n\n<p class=\"has-small-font-size\">Massmann, Mast, Mauer, Meggers, Meierf, Meinershagen, Melle, Mellonkamp, Menke, Mersch, Merten, Meschede, Metje, Metten, Meyer, Middendorf, Mindrup, Minnecker, Mittelberger, Moehlenkamp, Molahn, Molitor, Mollenkopf, M\u00f6ller, Muegge, Mueller, Muenstermann<\/p>\n\n\n\n<h5 class=\"wp-block-heading\">N<\/h5>\n\n\n\n<p class=\"has-small-font-size\">Nadler, Neumann, Newcum, Nieburg, Niehaus, Niehausen, Niemann, Niemeier, Niemeyer, Nien, Niendick, Nienkemper, Nieudick, Nieweg, Niggemeier, Niggemeyer, N\u00f6lke, Nollau, Nollmann, Nolte<\/p>\n\n\n\n<h5 class=\"wp-block-heading\">O<\/h5>\n\n\n\n<p class=\"has-small-font-size\">Oberhellmann, Oberhermann, Obershaur, Oehrmann, Oeljeklaus, Ohlendorf, Ohm, Ostendorf, Ostoph, Otte, Otting, Otto<\/p>\n\n\n\n<h5 class=\"wp-block-heading\">P<\/h5>\n\n\n\n<p class=\"has-small-font-size\">Pahl, Pancher, Peters, Picker, Pieper, Pierce, Plogmann, Potthoff, Pratte, Price, Prigge, Priggemeyer, Prior, Proost<\/p>\n\n\n\n<h5 class=\"wp-block-heading\"><strong>Q<\/strong><\/h5>\n\n\n\n<p class=\"has-small-font-size\">&#8211;<\/p>\n\n\n\n<h5 class=\"wp-block-heading\">R<\/h5>\n\n\n\n<p class=\"has-small-font-size\">Rahmeyer, Rasche, Rasmus, Redeker, Redemeyer, Redman, Reeth, Reethermann, Rethorst, Rethwilm, Richert, Richter, Riemeier, Rietbrock, Ringstorf, Rohrer, Rosenthal, Rovey, Runge, R\u00fcschemeyer<\/p>\n\n\n\n<h5 class=\"wp-block-heading\">S<\/h5>\n\n\n\n<p class=\"has-small-font-size\">Saatkamp, Sanders, Santhous, Sarbaum, Schaaf, Schaberg, Schaefer, Schafer, Schallenberg, Sch\u00e4per, Scharlach, Schaumburg, Schemmer, Scherer, Schermer, Schiemeier, Schiffer, Schirmer, Schlieck, Schl\u00fcter, Schmidt, Schnarre, Schneider, Schnetlage, Schnitz, Sch\u00f6de, Schoen, Schohmeier, Schootemeyer, Sch\u00f6pper, Schork, Schrader, Schramm, Schreiber, Schrenker, Schroeder, Schroer, Schulte, Schulz, Schuster, Schwarzkopf, Schwegman, Schweiss, Schwenderman, Schwenke, Schwermann, Seeger, Shermer, Siebert, Siepelmeyer, Slinger, Sonkar, S\u00f6nneker, Spieker, Staggemeyer, Stahlhuth, Stark, Stedingk, Steinigeweg, Sticker, Stiegemeier, Stockmann, Stoetzer, Stolte, Strasser, Stritthorst, Strother, Strothmann, Stuckenberg, Stumpe, Suhre, Sunder<\/p>\n\n\n\n<h5 class=\"wp-block-heading\">T<\/h5>\n\n\n\n<p class=\"has-small-font-size\">Tacke, Tamme, Taucke, Teckemeyer, Tecklemeyer, They, Tiberend, Tiemann, Timmerman, Tobergte, Toensing, Toopker, Trefurt, Tuepker<\/p>\n\n\n\n<h5 class=\"wp-block-heading\">U<\/h5>\n\n\n\n<p class=\"has-small-font-size\">Uesbeck, Utlaut<\/p>\n\n\n\n<h5 class=\"wp-block-heading\">V<\/h5>\n\n\n\n<p class=\"has-small-font-size\">Vahrenhorst, Vogt, Vornholts<\/p>\n\n\n\n<h5 class=\"wp-block-heading\">W<\/h5>\n\n\n\n<p class=\"has-small-font-size\">Wagner, Wahrendorff, Waldermott, Wallenbrook, Warmann, Weber, Weckemeier, Weckermeyer, Wehrenmeyer, Weidner, Weiser, Welker, Wellemeier, Wellenbrock, Wellman, Wender, Wenke, Wermeier, Werremeyer, Wessler, Westenkuehler, Westermeyer, Westhues, Westmeyer, Whittenhay, Wieligman, Wiemer, Wiese, Wigers, Wilke, Williams, Willman, Wilsmann, Windau, Windmann, Wischmeyer, Witte, Wittenbrock, Wittenheer, Wobus, Wolf, Wolthaus, W\u00f6stenk\u00fchler, Wulfekammer, Wulff, Wullmeier<\/p>\n\n\n\n<h5 class=\"wp-block-heading\">Z<\/h5>\n\n\n\n<p class=\"has-small-font-size\">Zimmerman, Zollmann, Zumwalt<\/p>\n<\/div>\n<\/div>\n","protected":false},"excerpt":{"rendered":"<p>Inhaltsverzeichnis Editorial Wissenswertes Einige wichtige Ereignisse in der Geschichte der Auswanderung nach Missouri Orts- und Familiengeschichten Die gro\u00dfe Reise Herkenhoff Familien in Missouri bis 1900 Nachkommen von (Henry) Gerhard Heinrich Johanntosettel aus Lengerich in den USA Biographien deutscher Einwanderer Einwandererverzeichnis Deutsche Kirchengemeinden in St. Louis Holy Ghost United Church of Christ St. Marcus United Church&#8230;<\/p>\n","protected":false},"author":4,"featured_media":0,"parent":0,"menu_order":2,"comment_status":"closed","ping_status":"closed","template":"","meta":{"_coblocks_attr":"","_coblocks_dimensions":"","_coblocks_responsive_height":"","_coblocks_accordion_ie_support":"","footnotes":""},"class_list":["post-863","page","type-page","status-publish","hentry"],"_links":{"self":[{"href":"https:\/\/familienforschung-tecklenburger-land.de\/index.php?rest_route=\/wp\/v2\/pages\/863","targetHints":{"allow":["GET"]}}],"collection":[{"href":"https:\/\/familienforschung-tecklenburger-land.de\/index.php?rest_route=\/wp\/v2\/pages"}],"about":[{"href":"https:\/\/familienforschung-tecklenburger-land.de\/index.php?rest_route=\/wp\/v2\/types\/page"}],"author":[{"embeddable":true,"href":"https:\/\/familienforschung-tecklenburger-land.de\/index.php?rest_route=\/wp\/v2\/users\/4"}],"replies":[{"embeddable":true,"href":"https:\/\/familienforschung-tecklenburger-land.de\/index.php?rest_route=%2Fwp%2Fv2%2Fcomments&post=863"}],"version-history":[{"count":4,"href":"https:\/\/familienforschung-tecklenburger-land.de\/index.php?rest_route=\/wp\/v2\/pages\/863\/revisions"}],"predecessor-version":[{"id":1053,"href":"https:\/\/familienforschung-tecklenburger-land.de\/index.php?rest_route=\/wp\/v2\/pages\/863\/revisions\/1053"}],"wp:attachment":[{"href":"https:\/\/familienforschung-tecklenburger-land.de\/index.php?rest_route=%2Fwp%2Fv2%2Fmedia&parent=863"}],"curies":[{"name":"wp","href":"https:\/\/api.w.org\/{rel}","templated":true}]}}