{"id":860,"date":"2023-03-01T19:24:21","date_gmt":"2023-03-01T18:24:21","guid":{"rendered":"https:\/\/familienforschung-tecklenburger-land.de\/?page_id=860"},"modified":"2023-03-03T17:25:14","modified_gmt":"2023-03-03T16:25:14","slug":"spurensuche-karten-aus-dem-tecklenburger-land","status":"publish","type":"page","link":"https:\/\/familienforschung-tecklenburger-land.de\/?page_id=860","title":{"rendered":"Spurensuche &#8222;Karten aus dem Tecklenburger Land&#8220;"},"content":{"rendered":"\n<div class=\"wp-block-columns is-layout-flex wp-container-core-columns-is-layout-9d6595d7 wp-block-columns-is-layout-flex\">\n<div class=\"wp-block-column is-layout-flow wp-block-column-is-layout-flow\" style=\"flex-basis:33.33%\">\n<figure class=\"wp-block-image size-large has-lightbox\"><img loading=\"lazy\" decoding=\"async\" width=\"714\" height=\"1024\" src=\"https:\/\/familienforschung-tecklenburger-land.de\/wp-content\/uploads\/2023\/03\/Titelseite-fertig-Karten-neu-714x1024.jpg\" alt=\"\" class=\"wp-image-948\" srcset=\"https:\/\/familienforschung-tecklenburger-land.de\/wp-content\/uploads\/2023\/03\/Titelseite-fertig-Karten-neu-714x1024.jpg 714w, https:\/\/familienforschung-tecklenburger-land.de\/wp-content\/uploads\/2023\/03\/Titelseite-fertig-Karten-neu-209x300.jpg 209w, https:\/\/familienforschung-tecklenburger-land.de\/wp-content\/uploads\/2023\/03\/Titelseite-fertig-Karten-neu-768x1102.jpg 768w, https:\/\/familienforschung-tecklenburger-land.de\/wp-content\/uploads\/2023\/03\/Titelseite-fertig-Karten-neu-1070x1536.jpg 1070w, https:\/\/familienforschung-tecklenburger-land.de\/wp-content\/uploads\/2023\/03\/Titelseite-fertig-Karten-neu-1427x2048.jpg 1427w, https:\/\/familienforschung-tecklenburger-land.de\/wp-content\/uploads\/2023\/03\/Titelseite-fertig-Karten-neu-scaled.jpg 1784w\" sizes=\"auto, (max-width: 714px) 100vw, 714px\" \/><\/figure>\n\n\n\n<h3 class=\"wp-block-heading\">Inhaltsverzeichnis<\/h3>\n\n\n\n<p><strong>Geschichte der Kartografie<\/strong><\/p>\n\n\n\n<p class=\"has-small-font-size\">Ma\u00dfstab<\/p>\n\n\n\n<p class=\"has-small-font-size\">Ausrichtung<\/p>\n\n\n\n<p><strong>Das Verzeichnis TEFAM-Karten<\/strong><\/p>\n\n\n\n<p><strong>\u00dcberregionale Karten<\/strong><\/p>\n\n\n\n<p class=\"has-small-font-size\">Gigas Karten<\/p>\n\n\n\n<p><strong>Regionalkarten<\/strong><\/p>\n\n\n\n<p class=\"has-small-font-size\">Le Coq Karten<\/p>\n\n\n\n<p class=\"has-small-font-size\">Thematische Karten<\/p>\n\n\n\n<p><strong>Ortskarten<\/strong><\/p>\n\n\n\n<p class=\"has-small-font-size\">Du Plat Karten<\/p>\n\n\n\n<p class=\"has-small-font-size\">Gau\u00dfsche Karten<\/p>\n\n\n\n<p class=\"has-small-font-size\">Flurkarten<\/p>\n\n\n\n<p><strong>Topografische Karten (TK50, TK25)<\/strong><\/p>\n\n\n\n<p class=\"has-small-font-size\">Deutsche Grundkarte (DGK5)<\/p>\n\n\n\n<p><strong>Bauwerke und Maschinen<\/strong><\/p>\n\n\n\n<p><strong>Luftbilder<\/strong><\/p>\n\n\n\n<p><strong>K\u00fcnstlerische Darstellungen auf Karten des Tecklenburger Landes<\/strong><\/p>\n\n\n\n<p><strong>Ortsansichten aus dem Tecklenburger Land<\/strong><\/p>\n\n\n\n<p><strong>Karten in der Familienforschung<\/strong><\/p>\n\n\n\n<figure class=\"wp-block-image size-full\"><img loading=\"lazy\" decoding=\"async\" width=\"299\" height=\"292\" src=\"https:\/\/familienforschung-tecklenburger-land.de\/wp-content\/uploads\/2023\/03\/Bild60.jpg\" alt=\"\" class=\"wp-image-951\"\/><\/figure>\n\n\n\n<p><\/p>\n\n\n\n<figure class=\"wp-block-image size-full\"><img loading=\"lazy\" decoding=\"async\" width=\"788\" height=\"705\" src=\"https:\/\/familienforschung-tecklenburger-land.de\/wp-content\/uploads\/2023\/03\/Bild4ddddddddddddd.jpg\" alt=\"\" class=\"wp-image-950\" srcset=\"https:\/\/familienforschung-tecklenburger-land.de\/wp-content\/uploads\/2023\/03\/Bild4ddddddddddddd.jpg 788w, https:\/\/familienforschung-tecklenburger-land.de\/wp-content\/uploads\/2023\/03\/Bild4ddddddddddddd-300x268.jpg 300w, https:\/\/familienforschung-tecklenburger-land.de\/wp-content\/uploads\/2023\/03\/Bild4ddddddddddddd-768x687.jpg 768w\" sizes=\"auto, (max-width: 788px) 100vw, 788px\" \/><\/figure>\n\n\n\n<p><\/p>\n\n\n\n<figure class=\"wp-block-image size-full\"><img loading=\"lazy\" decoding=\"async\" width=\"691\" height=\"617\" src=\"https:\/\/familienforschung-tecklenburger-land.de\/wp-content\/uploads\/2023\/03\/Bild35Brochterbeck.jpg\" alt=\"\" class=\"wp-image-952\" srcset=\"https:\/\/familienforschung-tecklenburger-land.de\/wp-content\/uploads\/2023\/03\/Bild35Brochterbeck.jpg 691w, https:\/\/familienforschung-tecklenburger-land.de\/wp-content\/uploads\/2023\/03\/Bild35Brochterbeck-300x268.jpg 300w\" sizes=\"auto, (max-width: 691px) 100vw, 691px\" \/><\/figure>\n\n\n\n<p><\/p>\n\n\n\n<figure class=\"wp-block-image size-full\"><img loading=\"lazy\" decoding=\"async\" width=\"551\" height=\"386\" src=\"https:\/\/familienforschung-tecklenburger-land.de\/wp-content\/uploads\/2023\/03\/Plan12.jpg\" alt=\"\" class=\"wp-image-953\" srcset=\"https:\/\/familienforschung-tecklenburger-land.de\/wp-content\/uploads\/2023\/03\/Plan12.jpg 551w, https:\/\/familienforschung-tecklenburger-land.de\/wp-content\/uploads\/2023\/03\/Plan12-300x210.jpg 300w\" sizes=\"auto, (max-width: 551px) 100vw, 551px\" \/><\/figure>\n\n\n\n<p><\/p>\n\n\n\n<figure class=\"wp-block-image size-large\"><img loading=\"lazy\" decoding=\"async\" width=\"999\" height=\"1024\" src=\"https:\/\/familienforschung-tecklenburger-land.de\/wp-content\/uploads\/2023\/03\/Z18-Windrose-und-Massstab-in-Grenzkarte-von-1768-Karten-A-Nr.-00296-999x1024.jpg\" alt=\"\" class=\"wp-image-954\" srcset=\"https:\/\/familienforschung-tecklenburger-land.de\/wp-content\/uploads\/2023\/03\/Z18-Windrose-und-Massstab-in-Grenzkarte-von-1768-Karten-A-Nr.-00296-999x1024.jpg 999w, https:\/\/familienforschung-tecklenburger-land.de\/wp-content\/uploads\/2023\/03\/Z18-Windrose-und-Massstab-in-Grenzkarte-von-1768-Karten-A-Nr.-00296-293x300.jpg 293w, https:\/\/familienforschung-tecklenburger-land.de\/wp-content\/uploads\/2023\/03\/Z18-Windrose-und-Massstab-in-Grenzkarte-von-1768-Karten-A-Nr.-00296-768x787.jpg 768w, https:\/\/familienforschung-tecklenburger-land.de\/wp-content\/uploads\/2023\/03\/Z18-Windrose-und-Massstab-in-Grenzkarte-von-1768-Karten-A-Nr.-00296-1498x1536.jpg 1498w, https:\/\/familienforschung-tecklenburger-land.de\/wp-content\/uploads\/2023\/03\/Z18-Windrose-und-Massstab-in-Grenzkarte-von-1768-Karten-A-Nr.-00296.jpg 1500w\" sizes=\"auto, (max-width: 999px) 100vw, 999px\" \/><\/figure>\n<\/div>\n\n\n\n<div class=\"wp-block-column is-layout-flow wp-block-column-is-layout-flow\" style=\"flex-basis:66.66%\">\n<h2 class=\"wp-block-heading\">Heft 1 \/ 2016<\/h2>\n\n\n\n<p class=\"has-small-font-size\">Alte Landkarten, Zeichnungen, Pl\u00e4ne und Skizzen aus dem Tecklenburger Land und angrenzenden Gebieten waren unser gro\u00dfes Thema bei der Versammlung am Samstag, dem 4. Juni 2016. An diesem Nachmittag erschienen das neue Heft &#8222;Spurensuche &#8211; Karten aus dem Tecklenburger Land\u201c und eine umfangreiche Kartenliste auf unserer Homepage www.te-gen.de.<\/p>\n\n\n\n<p><strong>Das Heft kostet 5,- Euro und kann in unserer Bibliothek eingesehen werden. Wenn noch Exemplare vorhanden sind, k\u00f6nnen Sie sie dort kaufen.<\/strong><\/p>\n\n\n\n<p class=\"has-small-font-size\">Moderne Karten sind jedoch nicht mehr die Kunstwerke fr\u00fcherer Zeiten, sondern praktische Helfer im Alltag. Bei allem Pragmatismus \u00fcben Karten noch immer eine gewisse Faszination auf uns aus. Besonders historische Karten sind eine Schau in die Vergangenheit, gleichsam eine Zeitmaschine. Gerade in der Familienforschung, bei der R\u00fcckschau auf die Wurzeln unserer Sippe, sind Karten unentbehrlich. Sie machen die Entwicklung eines Ortes, der Heimat unserer Vorfahren, auf einen Blick sichtbar.<\/p>\n\n\n\n<p class=\"has-small-font-size\">In dieser \u201eSpurensuche\u201c werden verschiedene Kartentypen anhand von sch\u00f6nen Beispielen vorgestellt und kurz erl\u00e4utert. Dabei \u00fcberraschen selbst provinzielle Karten mit erstaunlichen Schmuckdarstellungen und Alltagsszenen, die ihren besonderen Reiz haben. Erg\u00e4nzt wird die vorgestellte Sammlung durch einige Zeichnungen alter Maschinen und historischer Geb\u00e4udeAls Erg\u00e4nzung zum Heft steht auch eine Liste von Karten mit mehr als 5300 Objekten aus dem Tecklenburger Land und seinen Grenzgebieten zur Verf\u00fcgung. Hier finden Sie die entsprechenden Signaturen bzw. Links und k\u00f6nnen sich die Karten z.B. in den Landesarchiven ansehen oder online abrufen. Die Liste zum herruterladen finden Sie hier.<br>Ein Vortrag \u00fcber die praktische Nutzung von Karten in der Familienforschung rundete das Kapitel Karten ab. Heinrich Gosmann zeigte dabei die heutigen M\u00f6glichkeiten an Hand von Beispielen aus der Region.<\/p>\n\n\n\n<h3 class=\"wp-block-heading\">Verzeichnis der im Heft vorkommenden Namen:<\/h3>\n\n\n\n<h5 class=\"wp-block-heading\">A<\/h5>\n\n\n\n<p class=\"has-small-font-size\">Abur, Ahaus, Alteholz, Arlemann, Arnsmeyer, Averhelmann, Averwerser<\/p>\n\n\n\n<h5 class=\"wp-block-heading\">B<\/h5>\n\n\n\n<p class=\"has-small-font-size\">B\u00e4the, B\u00e4umer, Bente, Berg, Bergsch, Berkemeyer, Berlemann, Bielefeld, Birkemeyer, Bischoff, Bloeme, Boegel, Borgholt, Brinker, Brinkmann, Br\u00fcgge, Br\u00fcggemann, Br\u00fcnemann, Brunne, Buddemeyer, Bulk, Burrichter, B\u00fcscher, Busker, Butk<\/p>\n\n\n\n<h5 class=\"wp-block-heading\">C<\/h5>\n\n\n\n<p class=\"has-small-font-size\">Culman<\/p>\n\n\n\n<h5 class=\"wp-block-heading\">D<\/h5>\n\n\n\n<p class=\"has-small-font-size\">Dal Tebben, Dauthage, Deneke, Denter, Dickmann, Diepenbrock-Gr\u00fcter, Diersmann, Dohmann, Dorfmm\u00fcller, Drees, Drent, Dyck<\/p>\n\n\n\n<h5 class=\"wp-block-heading\">E<\/h5>\n\n\n\n<p>Ebenwurth, Eimann, Elert<\/p>\n\n\n\n<h5 class=\"wp-block-heading\">F<\/h5>\n\n\n\n<p class=\"has-small-font-size\">Feldmann, Freckers, Frese<\/p>\n\n\n\n<h5 class=\"wp-block-heading\">G<\/h5>\n\n\n\n<p class=\"has-small-font-size\">Garfrerik, G\u00e4rling, Garmann, Gerd Herm, Gerdemann, Gerlich, Gl\u00fcsenkamp, G\u00f6cke, Gr\u00f6nemann, Grote, Grote Schulte, Gruner, Gude, G\u00fcnnemann<\/p>\n\n\n\n<h5 class=\"wp-block-heading\">H<\/h5>\n\n\n\n<p class=\"has-small-font-size\">Haarmeyer, Hackmann, Hagenborg, Hallermann, Hantelmann, Hasmann, Heckmann, Heewerth, Hegge, Hehmann, Heidcamp, Heidk\u00f6nig, Heilemann, Hellmers, Hoffschulte, Hofmann, Hofrogge, Hollenberg, Holte, Holtgrewe, Holz, Holzheede, Homeier, Husmann<\/p>\n\n\n\n<h5 class=\"wp-block-heading\"><strong>I<\/strong><\/h5>\n\n\n\n<p class=\"has-small-font-size\">&#8211;<\/p>\n\n\n\n<h5 class=\"wp-block-heading\">J<\/h5>\n\n\n\n<p class=\"has-small-font-size\">J\u00fcrling<\/p>\n\n\n\n<h5 class=\"wp-block-heading\">K<\/h5>\n\n\n\n<p class=\"has-small-font-size\">Kabbes, K\u00e4mper, Kerbring, Kesekamp, Kip, Klemeyer, Klingemeier, Kloppenborg, Klumpe, Knolle, K\u00f6nig, Kortmann, Krabbe, Kr\u00e4mer gnt Robbe, Kremer, Krieg, Kr\u00f6ner<\/p>\n\n\n\n<h5 class=\"wp-block-heading\">L<\/h5>\n\n\n\n<p class=\"has-small-font-size\">Lammers, Leidig, Lensing, L\u00f6bken, Lodtmann, Loe, Loose, L\u00fcfter, L\u00fcpping, L\u00fctkemeyer<\/p>\n\n\n\n<h5 class=\"wp-block-heading\">M<\/h5>\n\n\n\n<p class=\"has-small-font-size\">Mayknecht, Meering, Meese, Meier zu Wambergen, Mertens, Meyer, Michaelis, Moeller, Mollenstede, Moormann, M\u00fchlen-Hoff<\/p>\n\n\n\n<h5 class=\"wp-block-heading\">N<\/h5>\n\n\n\n<p class=\"has-small-font-size\">Nadar, Nederschulz, Niederhelmann, Niemeier, Niem\u00f6ller<\/p>\n\n\n\n<h5 class=\"wp-block-heading\">O<\/h5>\n\n\n\n<p class=\"has-small-font-size\">Oem to Schirlo, Otte<\/p>\n\n\n\n<h5 class=\"wp-block-heading\">P<\/h5>\n\n\n\n<p class=\"has-small-font-size\">Podde, Poggemann, Postmeier, P\u00f6tter, Pries<\/p>\n\n\n\n<h5 class=\"wp-block-heading\"><strong>Q<\/strong><\/h5>\n\n\n\n<p class=\"has-small-font-size\">Quaritsch<\/p>\n\n\n\n<h5 class=\"wp-block-heading\">R<\/h5>\n\n\n\n<p class=\"has-small-font-size\">Rehorst, Remme, Remmer, Rempmeyer, Risouw, Robbe, Rogge, Rum\u00f6ller, Ruwe<\/p>\n\n\n\n<h5 class=\"wp-block-heading\">S<\/h5>\n\n\n\n<p class=\"has-small-font-size\">Schlichter, Schl\u00fcter, Schollmeier, Schrameyer, Schr\u00f6der, Schulte, Schweigmann, Siekendiek, Smidt, Sommer, Sparenberg, Sperbrink, Staggemeyer, Steer, Steinmann, Steinriede, Stock, Storch, Stroitman, Strootmann, Sunder, Syring<\/p>\n\n\n\n<h5 class=\"wp-block-heading\">T<\/h5>\n\n\n\n<p class=\"has-small-font-size\">Tahlmann, Tale, Teeken, Teele, Terheiden, Theissen, Timmermann, Tometten, Trame<\/p>\n\n\n\n<h5 class=\"wp-block-heading\">V<\/h5>\n\n\n\n<p class=\"has-small-font-size\">Verbrink, Verfahrt, Verlage, Vischehoff, Vogelpohl, Vogt, Volbert, Von Gravemeyer, Von Steinmetz, Voss<\/p>\n\n\n\n<h5 class=\"wp-block-heading\">W<\/h5>\n\n\n\n<p class=\"has-small-font-size\">Weitkamp, Weller, Wenker, Wernemann, Wibbeling, Wibbelt, Wichmann, Wiesmann, Wilmer, Witte, Wobbe<\/p>\n\n\n\n<h5 class=\"wp-block-heading\">Z<\/h5>\n\n\n\n<p class=\"has-small-font-size\">Zenker, Zurlinden<\/p>\n<\/div>\n<\/div>\n","protected":false},"excerpt":{"rendered":"<p>Inhaltsverzeichnis Geschichte der Kartografie Ma\u00dfstab Ausrichtung Das Verzeichnis TEFAM-Karten \u00dcberregionale Karten Gigas Karten Regionalkarten Le Coq Karten Thematische Karten Ortskarten Du Plat Karten Gau\u00dfsche Karten Flurkarten Topografische Karten (TK50, TK25) Deutsche Grundkarte (DGK5) Bauwerke und Maschinen Luftbilder K\u00fcnstlerische Darstellungen auf Karten des Tecklenburger Landes Ortsansichten aus dem Tecklenburger Land Karten in der Familienforschung Heft 1&#8230;<\/p>\n","protected":false},"author":4,"featured_media":0,"parent":0,"menu_order":0,"comment_status":"closed","ping_status":"closed","template":"","meta":{"_coblocks_attr":"","_coblocks_dimensions":"","_coblocks_responsive_height":"","_coblocks_accordion_ie_support":"","footnotes":""},"class_list":["post-860","page","type-page","status-publish","hentry"],"_links":{"self":[{"href":"https:\/\/familienforschung-tecklenburger-land.de\/index.php?rest_route=\/wp\/v2\/pages\/860","targetHints":{"allow":["GET"]}}],"collection":[{"href":"https:\/\/familienforschung-tecklenburger-land.de\/index.php?rest_route=\/wp\/v2\/pages"}],"about":[{"href":"https:\/\/familienforschung-tecklenburger-land.de\/index.php?rest_route=\/wp\/v2\/types\/page"}],"author":[{"embeddable":true,"href":"https:\/\/familienforschung-tecklenburger-land.de\/index.php?rest_route=\/wp\/v2\/users\/4"}],"replies":[{"embeddable":true,"href":"https:\/\/familienforschung-tecklenburger-land.de\/index.php?rest_route=%2Fwp%2Fv2%2Fcomments&post=860"}],"version-history":[{"count":4,"href":"https:\/\/familienforschung-tecklenburger-land.de\/index.php?rest_route=\/wp\/v2\/pages\/860\/revisions"}],"predecessor-version":[{"id":998,"href":"https:\/\/familienforschung-tecklenburger-land.de\/index.php?rest_route=\/wp\/v2\/pages\/860\/revisions\/998"}],"wp:attachment":[{"href":"https:\/\/familienforschung-tecklenburger-land.de\/index.php?rest_route=%2Fwp%2Fv2%2Fmedia&parent=860"}],"curies":[{"name":"wp","href":"https:\/\/api.w.org\/{rel}","templated":true}]}}