{"id":851,"date":"2023-03-01T19:23:16","date_gmt":"2023-03-01T18:23:16","guid":{"rendered":"https:\/\/familienforschung-tecklenburger-land.de\/?page_id=851"},"modified":"2023-03-03T17:27:52","modified_gmt":"2023-03-03T16:27:52","slug":"spurensuche-tecklenburg","status":"publish","type":"page","link":"https:\/\/familienforschung-tecklenburger-land.de\/?page_id=851","title":{"rendered":"Spurensuche Tecklenburg"},"content":{"rendered":"\n<div class=\"wp-block-columns is-layout-flex wp-container-core-columns-is-layout-9d6595d7 wp-block-columns-is-layout-flex\">\n<div class=\"wp-block-column is-layout-flow wp-block-column-is-layout-flow\" style=\"flex-basis:33.33%\">\n<figure class=\"wp-block-image size-large has-lightbox\"><img loading=\"lazy\" decoding=\"async\" width=\"714\" height=\"1024\" src=\"https:\/\/familienforschung-tecklenburger-land.de\/wp-content\/uploads\/2023\/03\/Titelseite-TECKLENBURG-fertig-2-714x1024.jpg\" alt=\"\" class=\"wp-image-926\" srcset=\"https:\/\/familienforschung-tecklenburger-land.de\/wp-content\/uploads\/2023\/03\/Titelseite-TECKLENBURG-fertig-2-714x1024.jpg 714w, https:\/\/familienforschung-tecklenburger-land.de\/wp-content\/uploads\/2023\/03\/Titelseite-TECKLENBURG-fertig-2-209x300.jpg 209w, https:\/\/familienforschung-tecklenburger-land.de\/wp-content\/uploads\/2023\/03\/Titelseite-TECKLENBURG-fertig-2-768x1102.jpg 768w, https:\/\/familienforschung-tecklenburger-land.de\/wp-content\/uploads\/2023\/03\/Titelseite-TECKLENBURG-fertig-2-1070x1536.jpg 1070w, https:\/\/familienforschung-tecklenburger-land.de\/wp-content\/uploads\/2023\/03\/Titelseite-TECKLENBURG-fertig-2-1427x2048.jpg 1427w, https:\/\/familienforschung-tecklenburger-land.de\/wp-content\/uploads\/2023\/03\/Titelseite-TECKLENBURG-fertig-2-scaled.jpg 1784w\" sizes=\"auto, (max-width: 714px) 100vw, 714px\" \/><\/figure>\n\n\n\n<h3 class=\"wp-block-heading\">Inhaltsverzeichnis<\/h3>\n\n\n\n<p><strong>Wissenswertes<\/strong><\/p>\n\n\n\n<p class=\"has-small-font-size\">Einige wichtige Ereignisse in der Geschichte Tecklenburgs<\/p>\n\n\n\n<p><strong>Orts- und Familiengeschichten<\/strong><\/p>\n\n\n\n<p class=\"has-small-font-size\">Die M\u00fcnzpr\u00e4gungen in Tecklenburg im Jahr 1683<\/p>\n\n\n\n<p class=\"has-small-font-size\">Die Bestallung des Tecklenburger Hausvogts Leonhard Altmann Scharfrichter Esmeyer und die Hinrichtung des Dolle 1785<\/p>\n\n\n\n<p class=\"has-small-font-size\">\u201eTrinken ist die Hauptbelustigung&#8220;<\/p>\n\n\n\n<p class=\"has-small-font-size\">Etat der Bev\u00f6lkerungs &#8211; Aufnahme in dem Ober \u2013 Ems &#8211; Departement vom Jahr 1811<\/p>\n\n\n\n<p><strong>Fundst\u00fccke<\/strong><\/p>\n\n\n\n<p class=\"has-small-font-size\">Beitr\u00e4ge Tecklenburger B\u00fcrger zu einer Glockenspeise<\/p>\n\n\n\n<p class=\"has-small-font-size\">Heiraten in den Niederlanden<\/p>\n\n\n\n<p class=\"has-small-font-size\">Tecklenburger bei der VOC<\/p>\n\n\n\n<p class=\"has-small-font-size\">Tecklenburger Auswanderer<\/p>\n\n\n\n<p class=\"has-small-font-size\">Familie Pelle in Amerika<\/p>\n\n\n\n<p class=\"has-small-font-size\">Tecklenburger in Amsterdam (NL)<\/p>\n\n\n\n<p class=\"has-small-font-size\">Schwarze Schafe<\/p>\n\n\n\n<figure class=\"wp-block-image size-large\"><img loading=\"lazy\" decoding=\"async\" width=\"655\" height=\"1024\" src=\"https:\/\/familienforschung-tecklenburger-land.de\/wp-content\/uploads\/2023\/03\/Legge-Tecklenburg-655x1024.jpg\" alt=\"\" class=\"wp-image-927\" srcset=\"https:\/\/familienforschung-tecklenburger-land.de\/wp-content\/uploads\/2023\/03\/Legge-Tecklenburg-655x1024.jpg 655w, https:\/\/familienforschung-tecklenburger-land.de\/wp-content\/uploads\/2023\/03\/Legge-Tecklenburg-192x300.jpg 192w, https:\/\/familienforschung-tecklenburger-land.de\/wp-content\/uploads\/2023\/03\/Legge-Tecklenburg-768x1200.jpg 768w, https:\/\/familienforschung-tecklenburger-land.de\/wp-content\/uploads\/2023\/03\/Legge-Tecklenburg-983x1536.jpg 983w, https:\/\/familienforschung-tecklenburger-land.de\/wp-content\/uploads\/2023\/03\/Legge-Tecklenburg.jpg 985w\" sizes=\"auto, (max-width: 655px) 100vw, 655px\" \/><\/figure>\n\n\n\n<p><\/p>\n\n\n\n<figure class=\"wp-block-image size-full\"><img loading=\"lazy\" decoding=\"async\" width=\"983\" height=\"701\" src=\"https:\/\/familienforschung-tecklenburger-land.de\/wp-content\/uploads\/2023\/03\/Grafschaft-1662.jpg\" alt=\"\" class=\"wp-image-928\" srcset=\"https:\/\/familienforschung-tecklenburger-land.de\/wp-content\/uploads\/2023\/03\/Grafschaft-1662.jpg 983w, https:\/\/familienforschung-tecklenburger-land.de\/wp-content\/uploads\/2023\/03\/Grafschaft-1662-300x214.jpg 300w, https:\/\/familienforschung-tecklenburger-land.de\/wp-content\/uploads\/2023\/03\/Grafschaft-1662-768x548.jpg 768w\" sizes=\"auto, (max-width: 983px) 100vw, 983px\" \/><\/figure>\n\n\n\n<p><\/p>\n\n\n\n<figure class=\"wp-block-image size-large\"><img loading=\"lazy\" decoding=\"async\" width=\"1024\" height=\"598\" src=\"https:\/\/familienforschung-tecklenburger-land.de\/wp-content\/uploads\/2023\/03\/Bjkgkgjgild1-1024x598.jpg\" alt=\"\" class=\"wp-image-929\" srcset=\"https:\/\/familienforschung-tecklenburger-land.de\/wp-content\/uploads\/2023\/03\/Bjkgkgjgild1-1024x598.jpg 1024w, https:\/\/familienforschung-tecklenburger-land.de\/wp-content\/uploads\/2023\/03\/Bjkgkgjgild1-300x175.jpg 300w, https:\/\/familienforschung-tecklenburger-land.de\/wp-content\/uploads\/2023\/03\/Bjkgkgjgild1-768x449.jpg 768w, https:\/\/familienforschung-tecklenburger-land.de\/wp-content\/uploads\/2023\/03\/Bjkgkgjgild1.jpg 1262w\" sizes=\"auto, (max-width: 1024px) 100vw, 1024px\" \/><\/figure>\n\n\n\n<p><\/p>\n\n\n\n<figure class=\"wp-block-image size-large\"><img loading=\"lazy\" decoding=\"async\" width=\"917\" height=\"1024\" src=\"https:\/\/familienforschung-tecklenburger-land.de\/wp-content\/uploads\/2023\/03\/Bildgggggg4-917x1024.jpg\" alt=\"\" class=\"wp-image-930\" srcset=\"https:\/\/familienforschung-tecklenburger-land.de\/wp-content\/uploads\/2023\/03\/Bildgggggg4-917x1024.jpg 917w, https:\/\/familienforschung-tecklenburger-land.de\/wp-content\/uploads\/2023\/03\/Bildgggggg4-269x300.jpg 269w, https:\/\/familienforschung-tecklenburger-land.de\/wp-content\/uploads\/2023\/03\/Bildgggggg4-768x857.jpg 768w, https:\/\/familienforschung-tecklenburger-land.de\/wp-content\/uploads\/2023\/03\/Bildgggggg4.jpg 955w\" sizes=\"auto, (max-width: 917px) 100vw, 917px\" \/><\/figure>\n\n\n\n<p><\/p>\n\n\n\n<figure class=\"wp-block-image size-full\"><img loading=\"lazy\" decoding=\"async\" width=\"985\" height=\"695\" src=\"https:\/\/familienforschung-tecklenburger-land.de\/wp-content\/uploads\/2023\/03\/1850-Schloss-Tecklenburg.jpg\" alt=\"\" class=\"wp-image-931\" srcset=\"https:\/\/familienforschung-tecklenburger-land.de\/wp-content\/uploads\/2023\/03\/1850-Schloss-Tecklenburg.jpg 985w, https:\/\/familienforschung-tecklenburger-land.de\/wp-content\/uploads\/2023\/03\/1850-Schloss-Tecklenburg-300x212.jpg 300w, https:\/\/familienforschung-tecklenburger-land.de\/wp-content\/uploads\/2023\/03\/1850-Schloss-Tecklenburg-768x542.jpg 768w\" sizes=\"auto, (max-width: 985px) 100vw, 985px\" \/><\/figure>\n\n\n\n<p><\/p>\n\n\n\n<figure class=\"wp-block-image size-full\"><img loading=\"lazy\" decoding=\"async\" width=\"755\" height=\"564\" src=\"https:\/\/familienforschung-tecklenburger-land.de\/wp-content\/uploads\/2023\/03\/1629-Schloss-Tecklenburg.jpg\" alt=\"\" class=\"wp-image-932\" srcset=\"https:\/\/familienforschung-tecklenburger-land.de\/wp-content\/uploads\/2023\/03\/1629-Schloss-Tecklenburg.jpg 755w, https:\/\/familienforschung-tecklenburger-land.de\/wp-content\/uploads\/2023\/03\/1629-Schloss-Tecklenburg-300x224.jpg 300w\" sizes=\"auto, (max-width: 755px) 100vw, 755px\" \/><\/figure>\n\n\n\n<p><\/p>\n\n\n\n<figure class=\"wp-block-image size-full\"><img loading=\"lazy\" decoding=\"async\" width=\"566\" height=\"655\" src=\"https:\/\/familienforschung-tecklenburger-land.de\/wp-content\/uploads\/2023\/03\/Bilfffgd3.jpg\" alt=\"\" class=\"wp-image-933\" srcset=\"https:\/\/familienforschung-tecklenburger-land.de\/wp-content\/uploads\/2023\/03\/Bilfffgd3.jpg 566w, https:\/\/familienforschung-tecklenburger-land.de\/wp-content\/uploads\/2023\/03\/Bilfffgd3-259x300.jpg 259w\" sizes=\"auto, (max-width: 566px) 100vw, 566px\" \/><\/figure>\n\n\n\n<p><\/p>\n<\/div>\n\n\n\n<div class=\"wp-block-column is-layout-flow wp-block-column-is-layout-flow\" style=\"flex-basis:66.66%\">\n<h2 class=\"wp-block-heading\">Heft 2 \/ 2014<\/h2>\n\n\n\n<p><strong>Das Heft kostet 5,- Euro und kann in unserer Bibliothek eingesehen werden. Wenn noch Exemplare vorhanden sind, k\u00f6nnen Sie sie dort kaufen.<\/strong><\/p>\n\n\n\n<p class=\"has-small-font-size\">Wir freuen uns, dass wir die achte Ausgabe unserer Vereinszeitschrift \u201eSpurensuche\u201c mit dem Schwerpunkt Tecklenburg fertigstellen konnten, um Ihnen ein wenig mehr \u00fcber die Stadt, ihre Geschichte, die Bewohner und deren Schicksale erz\u00e4hlen zu k\u00f6nnen.<\/p>\n\n\n\n<p class=\"has-small-font-size\">Tecklenburg, diesen Namen tr\u00e4gt sowohl die ehemaligen Grafschaft als auch die Stadt, so dass es bei der Suche nach Auswanderern oftmals schwierig ist herauszufinden, ob der Herkunftsort oder die Grafschaft Tecklenburg gemeint ist. Wir haben daher im Zweifelsfall auch die Namen derjenigen abgedruckt, bei denen dies nicht ganz deutlich wird.<\/p>\n\n\n\n<p class=\"has-small-font-size\">Hinweise auf die gro\u00dfe Mobilit\u00e4t der Tecklenburger geben die erstaunlich langen Listen der Personen, die wir in den Niederlanden, und hier vor allem in Amsterdam und bei der Vereinigten Ostindien Kompanie, wiederfinden k\u00f6nnen. Die Zahl der bisher bekannten Emigranten in die Neue Welt ist dagegen verschwindend gering.<\/p>\n\n\n\n<p class=\"has-small-font-size\">Die Volksz\u00e4hlung aus dem Jahr 1811 verschafft uns einen guten Einblick in die Bev\u00f6lkerungsstruktur der Stadt Tecklenburg in jenem Jahr. Hier finden sich nicht nur Name, Alter und Beruf Einzelner, sondern auch die Verwandtschaftsverh\u00e4ltnisse sind aus den Eintragungen abzulesen.<\/p>\n\n\n\n<p class=\"has-small-font-size\">Die M\u00fcnzpr\u00e4gungsst\u00e4tten der Grafschaft Tecklenburg sind wahrscheinlich nur wenigen bekannt und auch der Begriff \u201eGlockenspeise\u201c bedarf, so nehmen wir an, einer Erkl\u00e4rung. Auch die Aufgaben eines Hausvogts kennen wahrscheinlich nur einige von Ihnen \u2013 hier vermittelt uns die Bestallungsurkunde des Leonhard Altmann ein genaues Berufsbild.<\/p>\n\n\n\n<p class=\"has-small-font-size\">Lag es wirklich an der Ern\u00e4hrung und den Trinkgewohnheiten der Tecklenburger, dass hier die Selbstmordrate<br>angeblich h\u00f6her lag als anderswo?<\/p>\n\n\n\n<p class=\"has-small-font-size\">Die Literaturauswahl zu Tecklenburg musste in diesem Heft leider aus Platzgr\u00fcnden unber\u00fccksichtigt bleiben. Sie finden diese jedoch wie zu allen anderen Orten im Tecklenburger Land auf unserer Homepage.<\/p>\n\n\n\n<p class=\"has-small-font-size\">Wir hoffen, dass es uns wieder einmal gelungen ist, Ihnen sch\u00f6ne Lesestunden zu bereiten und Sie in Ihrer Familienforschung ein wenig weiter zu bringen.<\/p>\n\n\n\n<h3 class=\"wp-block-heading\">Verzeichnis der im Tecklenburger Heft vorkommenden Namen:<\/h3>\n\n\n\n<h5 class=\"wp-block-heading\">A<\/h5>\n\n\n\n<p class=\"has-small-font-size\">Abraham, Adolf, Afsprung, Alberts, Alberts Reinders, Aleff, Alexander, Altevogt, Altman, Amberg, Amelonksz, Arendt<\/p>\n\n\n\n<h5 class=\"wp-block-heading\">B<\/h5>\n\n\n\n<p class=\"has-small-font-size\">B\u00e4cker, Baerentsz, Baerntsz, Banning, Barentse, Barstenhart, Bartels, Bartholdy, Bassenhorst, Bastenet, Bastiaansdr, Blom, Bauer, Baurichter, Bauschulte, Becker, Beckmann, Beerleman, Beggering, Belgers, Belman, Benssmann, Bentheim, Berdelman, Berent, Bergen, Berger, Bergwerf, Berteld, Beyer, Beyring, Bielefeld, Biersteekers, Biesemeijer, Biksteen, Bischoff, Bitenteuffell, Blank, Bloemendal, Blom, Boekholt, Boerlag, Boeser, B\u00f6hm, Boker, Bolk, B\u00f6ltken, Bomhoff, Bomkamps, Borgman, Borman, Bossemeyerf, Boudewijn, Boutard, Bouwes, Bovenschulte, Brackmeyer, Braedmeijer, Breide, Breijding, Bremer, Breukelander, Brinkmann, Brockhovische, Brockmeyer, Broekman, Broun, Brugman, Bruijn, Bruijnis, Bruijnstroo, Br\u00fcning, Brunland, Brunsmann, Buddemeyer, Budken, B\u00fceckers, Buigel, Buijsmeijer, Bulck, Bullerdieck, B\u00fcneker, Burger, Busbass, B\u00fcscherf, Busemeyer, Butterbrodt<\/p>\n\n\n\n<h5 class=\"wp-block-heading\">C<\/h5>\n\n\n\n<p class=\"has-small-font-size\">Caldemeyer, Carstens, Cersten, Ceulder, Claas, Cock, Coen, Cornelis Laan, Costers<\/p>\n\n\n\n<h5 class=\"wp-block-heading\">D<\/h5>\n\n\n\n<p class=\"has-small-font-size\">Danebroock, Dassij, David, De Bie, De Bosson, De Breff, De Koning, De Noot, De Ridder, De Waal, De Weij, Deegen, Dekker, Delbr\u00fcgge, Den Broeder, Deugd, Diebes, Dijk, Dijkman, Dohe, Dollef, Dortman, Dothagen, Drees, Dreijer, Dremeyer, Dresing, Dressler, Driemeyer, Drochelmann, Duchateau, Duinkerk<\/p>\n\n\n\n<h5 class=\"wp-block-heading\">E<\/h5>\n\n\n\n<p class=\"has-small-font-size\">Ebbings, Edel, Eerman, Eertman, Eestman, Eggerdings, Eickholdt, Eilders, Else, Engel, Erforth, Esmeyer, Essenbr\u00fcgge, Evans, Evelein, Evertsz<\/p>\n\n\n\n<h5 class=\"wp-block-heading\">F<\/h5>\n\n\n\n<p class=\"has-small-font-size\">Fackert, Fangmeyer, Faste, Feering, Feldmann, Feldmeyer, Feringh, Fikkert, Finkeler, Finkener, Fleddermann, Flethmann, Fl\u00fcgelmann, Fran\u00df, Fredriks, Freesen, Fremeijer, Frerick, Frickenstein, Frigge, Fr\u00f6hlig, Fyscher<\/p>\n\n\n\n<h5 class=\"wp-block-heading\">G<\/h5>\n\n\n\n<p class=\"has-small-font-size\">Garr, Gast, Geerlouterbeeck, Gerdemann, Gerdts, Gerritsz, Geurts, Geus, Giese, Gildemeister, Goes, Goozen, G\u00f6rtz, Goths, Graeve, Grauws, Gravemeyer, Greiff, Greve, Grondman, Grothaus, Grumpke, Grundloch, Gummert, Gurk<\/p>\n\n\n\n<h5 class=\"wp-block-heading\">H<\/h5>\n\n\n\n<p class=\"has-small-font-size\">Haake, Hackmann, Haekman, Haertman, Hagedorn, Haneman, Hanemeyer, Harde, Harenhoff, Harmans, Harms Bomert, Harte, Hartmann, Harwig, Haselroth, Hasenkamp, Hasselmann, Hau\u00dfbrant, Hau\u00dfvogt, Heckmann, Heemann, Heersmann, Heijde, Heijmans, Heijn, Heiter, Heitert, Heitgress, Helmig, Heman, Hemmer, Hendricks, Hendriks van Veen, Henningh, Henschen, Herberg, Herman, He\u00fcfelder, Hillebrandt , Hillebrecht, Hinnah, H\u00f6cker, Hoepels, Hoet, Hoffbauer, Hoffman, Hollenberg, H\u00f6lscher, Holtkamp, Hooge, Hottmaker, H\u00f6velers, H\u00f6velmeyerf, Hovenier, Hul\u00dfman, H\u00fcrkamp, H\u00fcseler, Huss<\/p>\n\n\n\n<p><strong>I<\/strong><\/p>\n\n\n\n<p class=\"has-small-font-size\">Ibourg<\/p>\n\n\n\n<h5 class=\"wp-block-heading\">J<\/h5>\n\n\n\n<p class=\"has-small-font-size\">Jacob , Jans Kooij, Janssen, Jansz, Jasper, Johann uff dem Brocklande, Johannem, Jurgen, Jurrien<\/p>\n\n\n\n<h5 class=\"wp-block-heading\">K<\/h5>\n\n\n\n<p class=\"has-small-font-size\">Kaevener, Kaldemeyer, Kallemeyer, K\u00e4mper, Kampmeijers, Kappelaar, Kayser, Keeten, Keller, Kemmerich, Kempe, Kemper, Kerssen, Kerstein, Kettelaar, Kettenis, Kiepkers, Kiewit, Kipp, Kl\u00e4pkers, Kleinsmid, Klinge, Klokke, Kloodt, Knem\u00f6ller, Knievelkamps, Knuppel, Kn\u00fcppenf, Knuur, Kock, Kockwelp, Kollemeyer, Konermann, Konhorst, Koning, Koop, Kornemann, Korte, Kortman, Kosch\u00e9e, Koster, Kosteringh, Kottmann, Kramer, Kransen, Krauer, Kriege, Krieger, Kr\u00f6ner, Krook, Krummacher, Krummekull, Kuell, Kuster, Kynemans<\/p>\n\n\n\n<h5 class=\"wp-block-heading\">L<\/h5>\n\n\n\n<p class=\"has-small-font-size\">Laage, Laame, Laatz , Lagehorn, Lagemann, Lahrmann, Lambert, Lameijer, Lamping, Lange, Langeworth, Lanrede, Leenhart, Lehdebuhr, Leman, Lepper, Lesman, Letter, Levedag, Leving\u00df, Lijmkuijler, Lindemann, Linkel, Loeff, Loose, L\u00fcbke, Lucasz, Luhmann, Lutterbey<\/p>\n\n\n\n<h5 class=\"wp-block-heading\">M<\/h5>\n\n\n\n<p class=\"has-small-font-size\">Maags, Manuels, Marcus, Markt, Martien, Matthijsz, Maugs, Meese, Meijnderman, Meijnders, Meijsen, Meinerman, Meiners, Meinershagen, Menebr\u00f6ker, Menkhaus, Merts, Mettingh, Meugen, Meulenkamp, Meulink, Meybom , Meyer, Michgell, Middendorp, Miele, Miete, Millward, Mispel, Moeder, Molkenbur, M\u00f6llenkamp, Moman, Monsbergen, Moser, Mulder, Mulert, M\u00fcller, Muman, Mutert , Mutmuij<\/p>\n\n\n\n<h5 class=\"wp-block-heading\">N<\/h5>\n\n\n\n<p class=\"has-small-font-size\">Naber, Nagell, Nass, Nederberg, Neuburg, Neustadts, Nevendik, Nicolaes, Nieburgh, Niehuijs, Nieman, Niemeyer, Nietiedt, Nieuman, Nieuwburg, Nieuwenhuys, Nieuwenkamp, Nieuwman, Noldemeijer, Noldens, Nustadt, Nyestadt<\/p>\n\n\n\n<h5 class=\"wp-block-heading\">O<\/h5>\n\n\n\n<p class=\"has-small-font-size\">Obeling, Oberfeld, Odewals, Oelgeklaus, Oelrich, Oldenburg, Oleman, Oostendorp, Oosterkamp, Opperman, Ossenbr\u00fcgge, Osterhus, Otte, Otters, Otto, Ouman, Overbeek, Overmann<\/p>\n\n\n\n<h5 class=\"wp-block-heading\">P<\/h5>\n\n\n\n<p class=\"has-small-font-size\">Pabst, Pater, Patts, Pauls, Peinerts, Pelle, Perizonius, Persoons, Peters, Pieters van der Vlies, Pieters Vermeer, Pietersz, Pijper, Planthoff, Plate, Plekkenberg, Plumer, Polle, Pott, Prigge, Prinsen, Proner, Pr\u00fcmer<\/p>\n\n\n\n<p><strong>Q<\/strong><\/p>\n\n\n\n<p class=\"has-small-font-size\">Quaden<\/p>\n\n\n\n<h5 class=\"wp-block-heading\">R<\/h5>\n\n\n\n<p class=\"has-small-font-size\">Raabe, Rake, Rass, Rave, Rawie, Reckman, Reffelt, Regelmeyer, Reijman, Reijnderts, Reijs, Reitz, Rekauff, Richter, Richtschryver, Riesenbeck, Ritter, Rohloff, R\u00f6mer, Roo, Rose , Rossemeijer, Rozeband, Ruijter, Rumeyer, Rump, Rutemeyer, Rutten<\/p>\n\n\n\n<h5 class=\"wp-block-heading\">S<\/h5>\n\n\n\n<p class=\"has-small-font-size\">Saatkamp, Saatr\u00f6we, Sabirowsky, Sadeler, Sagehorn, Salomon, Sander, Sauerbrey, Saumenicht, Sauwer, Schade, Schaleuken, Schall, Schallenberg, Schamers, Sch\u00e4perclaus, Scheepe, Schellebeeck, Schemme, Scheppers, Schirmer, Schle\u00fctker, Schluten, Schl\u00fcter, Schmed, Schmidt, Schnetlage, Schoe, Schoenmeijer, Schols, Scholte, Schomeijer, Schonemohr, Schoot, Schopman, Sch\u00f6ppers, Schortemeyer, Schrage, Schreck, Schroeder, Schroer, Schronder, Schulte, Schulzen, Schupp, Sch\u00fcrmann, Schweer, Selle, Siebert, Sievert, Sis, Sluijman, Smend, Smiedeman, Snijder, Snippe, Solte, Somhagenf, Speckb\u00f6tel, Spellmeyer, Spindeler, Sprank, Sprickel, Stachelhausen, Staggemeyer, Stapel, Steinert, Stelings, Steur, Stevensz, Stieker, Stille, Stock, Stolte, Stooker, Storch, Storck, Strubie, Str\u00fccker, Struwe, Stutemundt , Sudtrove, Suhref, Sweeter, Swoll<\/p>\n\n\n\n<h5 class=\"wp-block-heading\">T<\/h5>\n\n\n\n<p class=\"has-small-font-size\">Takkenberg, Tapsche, Tecklenborgh, Teepe, Tegeler, Thesing, Thomasz, Tiemann, Tirp, Toulon, Trumpettensche, Tuijper, Tuijpkersf, Tyes<\/p>\n\n\n\n<h5 class=\"wp-block-heading\"><strong>U<\/strong><\/h5>\n\n\n\n<p class=\"has-small-font-size\">Uffheber , Ulrich, Unnewehr, Up Wyngarten<\/p>\n\n\n\n<h5 class=\"wp-block-heading\">V<\/h5>\n\n\n\n<p class=\"has-small-font-size\">Van Beusekom, Van Dalen, Van den Bosch, Van den Duijff, Van der Beelt, Van der Lage, Van der Linden, Van der Meer, Van der Voorde, Van Eeten, Van Gijsen, Van Leek, Van Mulling, Van Rimberg, Van Rossum, Van Straten, Van Vorden, Veeneka, Veltmaijer, Verduyf, Verhoeff, Verlee, Vijgeboom, Vogelkooij, Vogelpohl, Voigt, V\u00f6lckers, Von Dammen, Von Diepenbroick Gr\u00fcter, Von Heimbrouch, Von Meyherss, Von Siegroth, Von Wullen, Von Wyschellf, Vor der Markt, Vosding, Voss, Vremeijer, Vrucht<\/p>\n\n\n\n<h5 class=\"wp-block-heading\">W<\/h5>\n\n\n\n<p class=\"has-small-font-size\">Wageman, Wall, Wallberg, Wangemann, Webeler, Wedekind, Ween, Wegmann, Wehrmeijer, Weijbus, Wellemeyer, Welp, Werdelmann, Werp, Wesselman, Wesslingff, Wibbeler, Widtbusch, Wiedebosch, Wieneke, Wiesmanns, Wijbus, Wijs, Wijtkamp, Wille, Willemsz, Windm\u00f6ller, Wingardener, Winkell, Winkelman, Wit, Witten, Wolff, Wolfsdorff, Wollenberg, Wopenberg, Wuber, Wulffes, Wulvekamer, Wynandes<\/p>\n\n\n\n<h5 class=\"wp-block-heading\">Z<\/h5>\n\n\n\n<p class=\"has-small-font-size\">Zippel, Zwanenburg<\/p>\n<\/div>\n<\/div>\n","protected":false},"excerpt":{"rendered":"<p>Inhaltsverzeichnis Wissenswertes Einige wichtige Ereignisse in der Geschichte Tecklenburgs Orts- und Familiengeschichten Die M\u00fcnzpr\u00e4gungen in Tecklenburg im Jahr 1683 Die Bestallung des Tecklenburger Hausvogts Leonhard Altmann Scharfrichter Esmeyer und die Hinrichtung des Dolle 1785 \u201eTrinken ist die Hauptbelustigung&#8220; Etat der Bev\u00f6lkerungs &#8211; Aufnahme in dem Ober \u2013 Ems &#8211; Departement vom Jahr 1811 Fundst\u00fccke Beitr\u00e4ge&#8230;<\/p>\n","protected":false},"author":4,"featured_media":0,"parent":0,"menu_order":10,"comment_status":"closed","ping_status":"closed","template":"","meta":{"_coblocks_attr":"","_coblocks_dimensions":"","_coblocks_responsive_height":"","_coblocks_accordion_ie_support":"","footnotes":""},"class_list":["post-851","page","type-page","status-publish","hentry"],"_links":{"self":[{"href":"https:\/\/familienforschung-tecklenburger-land.de\/index.php?rest_route=\/wp\/v2\/pages\/851","targetHints":{"allow":["GET"]}}],"collection":[{"href":"https:\/\/familienforschung-tecklenburger-land.de\/index.php?rest_route=\/wp\/v2\/pages"}],"about":[{"href":"https:\/\/familienforschung-tecklenburger-land.de\/index.php?rest_route=\/wp\/v2\/types\/page"}],"author":[{"embeddable":true,"href":"https:\/\/familienforschung-tecklenburger-land.de\/index.php?rest_route=\/wp\/v2\/users\/4"}],"replies":[{"embeddable":true,"href":"https:\/\/familienforschung-tecklenburger-land.de\/index.php?rest_route=%2Fwp%2Fv2%2Fcomments&post=851"}],"version-history":[{"count":3,"href":"https:\/\/familienforschung-tecklenburger-land.de\/index.php?rest_route=\/wp\/v2\/pages\/851\/revisions"}],"predecessor-version":[{"id":1008,"href":"https:\/\/familienforschung-tecklenburger-land.de\/index.php?rest_route=\/wp\/v2\/pages\/851\/revisions\/1008"}],"wp:attachment":[{"href":"https:\/\/familienforschung-tecklenburger-land.de\/index.php?rest_route=%2Fwp%2Fv2%2Fmedia&parent=851"}],"curies":[{"name":"wp","href":"https:\/\/api.w.org\/{rel}","templated":true}]}}