{"id":848,"date":"2023-03-01T19:22:56","date_gmt":"2023-03-01T18:22:56","guid":{"rendered":"https:\/\/familienforschung-tecklenburger-land.de\/?page_id=848"},"modified":"2023-03-03T17:27:24","modified_gmt":"2023-03-03T16:27:24","slug":"spurensuche-lotte","status":"publish","type":"page","link":"https:\/\/familienforschung-tecklenburger-land.de\/?page_id=848","title":{"rendered":"Spurensuche Lotte"},"content":{"rendered":"\n<div class=\"wp-block-columns is-layout-flex wp-container-core-columns-is-layout-9d6595d7 wp-block-columns-is-layout-flex\">\n<div class=\"wp-block-column is-layout-flow wp-block-column-is-layout-flow\" style=\"flex-basis:33.33%\">\n<figure class=\"wp-block-image size-large has-lightbox\"><img loading=\"lazy\" decoding=\"async\" width=\"715\" height=\"1024\" src=\"https:\/\/familienforschung-tecklenburger-land.de\/wp-content\/uploads\/2023\/03\/LOTTE-Entwurf-2-715x1024.jpg\" alt=\"\" class=\"wp-image-885\" srcset=\"https:\/\/familienforschung-tecklenburger-land.de\/wp-content\/uploads\/2023\/03\/LOTTE-Entwurf-2-715x1024.jpg 715w, https:\/\/familienforschung-tecklenburger-land.de\/wp-content\/uploads\/2023\/03\/LOTTE-Entwurf-2-209x300.jpg 209w, https:\/\/familienforschung-tecklenburger-land.de\/wp-content\/uploads\/2023\/03\/LOTTE-Entwurf-2-768x1100.jpg 768w, https:\/\/familienforschung-tecklenburger-land.de\/wp-content\/uploads\/2023\/03\/LOTTE-Entwurf-2-1072x1536.jpg 1072w, https:\/\/familienforschung-tecklenburger-land.de\/wp-content\/uploads\/2023\/03\/LOTTE-Entwurf-2-1429x2048.jpg 1429w, https:\/\/familienforschung-tecklenburger-land.de\/wp-content\/uploads\/2023\/03\/LOTTE-Entwurf-2-scaled.jpg 1787w\" sizes=\"auto, (max-width: 715px) 100vw, 715px\" \/><\/figure>\n\n\n\n<h3 class=\"wp-block-heading\">Inhaltsverzeichnis<\/h3>\n\n\n\n<p><strong>Wissenswertes<\/strong><\/p>\n\n\n\n<p class=\"has-small-font-size\">Einige wichtige Ereignisse in der Geschichte Lottes<\/p>\n\n\n\n<p><strong>Orts- und Familiengeschichten<\/strong><\/p>\n\n\n\n<p class=\"has-small-font-size\">Spannende Spurensuche nach meinen Vorfahren auf dem Gohfeld (Lotte)<\/p>\n\n\n\n<p class=\"has-small-font-size\">Etat der Bev\u00f6lkerungs-Aufnahme in dem Ober\u2013Ems-Departement vom Jahr 1811<\/p>\n\n\n\n<p class=\"has-small-font-size\">Tollwut, eine gef\u00fcrchtete Krankheit<\/p>\n\n\n\n<p class=\"has-small-font-size\">Lotte \u2013 Tod durch Tollwut<\/p>\n\n\n\n<p>Ehescheidung in Lotte<\/p>\n\n\n\n<p><strong>Fundst\u00fccke<\/strong><\/p>\n\n\n\n<p class=\"has-small-font-size\">Auswanderungen aus Lotte<\/p>\n\n\n\n<p class=\"has-small-font-size\">Spende f\u00fcr die Armen der Gemeinde<\/p>\n\n\n\n<p class=\"has-small-font-size\">Lange Jahre im Amt<\/p>\n\n\n\n<p class=\"has-small-font-size\">Neuer Gemeinderat in Lotte ernannt<\/p>\n\n\n\n<p class=\"has-small-font-size\">Antrag auf Todeserkl\u00e4rung<\/p>\n\n\n\n<p class=\"has-small-font-size\">Selbstmord und andere Ungl\u00fccksf\u00e4lle \u2013 Fundst\u00fccke aus dem Kirchenbuch Lotte<\/p>\n\n\n\n<p class=\"has-small-font-size\">Schwarze Schafe<\/p>\n\n\n\n<p class=\"has-small-font-size\">Gerichtliche Bekanntmachungen<\/p>\n\n\n\n<p class=\"has-small-font-size\">Als Vagabundin ist man verd\u00e4chtig<\/p>\n\n\n\n<p class=\"has-small-font-size\">Sie gab das Geld mit vollen H\u00e4nden aus<\/p>\n\n\n\n<p class=\"has-small-font-size\">Fahnenfl\u00fcchtige<\/p>\n\n\n\n<p class=\"has-small-font-size\">Zwangsversteigerungen<\/p>\n\n\n\n<p class=\"has-small-font-size\">Wilhelm Neumann \u2013 ein Matrose, ertrunken im Gelben Meer<\/p>\n\n\n\n<p><strong>Forschungshilfen<\/strong><\/p>\n\n\n\n<p class=\"has-small-font-size\">Literaturauswahl<\/p>\n\n\n\n<p class=\"has-small-font-size\">Namenverzeichnis<\/p>\n\n\n\n<figure class=\"wp-block-image size-large\"><img loading=\"lazy\" decoding=\"async\" width=\"1024\" height=\"752\" src=\"https:\/\/familienforschung-tecklenburger-land.de\/wp-content\/uploads\/2023\/03\/Hof-Gruelpeter-1024x752.jpg\" alt=\"\" class=\"wp-image-889\" srcset=\"https:\/\/familienforschung-tecklenburger-land.de\/wp-content\/uploads\/2023\/03\/Hof-Gruelpeter-1024x752.jpg 1024w, https:\/\/familienforschung-tecklenburger-land.de\/wp-content\/uploads\/2023\/03\/Hof-Gruelpeter-300x220.jpg 300w, https:\/\/familienforschung-tecklenburger-land.de\/wp-content\/uploads\/2023\/03\/Hof-Gruelpeter-768x564.jpg 768w, https:\/\/familienforschung-tecklenburger-land.de\/wp-content\/uploads\/2023\/03\/Hof-Gruelpeter.jpg 1181w\" sizes=\"auto, (max-width: 1024px) 100vw, 1024px\" \/><\/figure>\n\n\n\n<p><\/p>\n\n\n\n<figure class=\"wp-block-image size-full\"><img loading=\"lazy\" decoding=\"async\" width=\"409\" height=\"355\" src=\"https:\/\/familienforschung-tecklenburger-land.de\/wp-content\/uploads\/2023\/03\/Bev-tabelle-19.png\" alt=\"\" class=\"wp-image-887\" srcset=\"https:\/\/familienforschung-tecklenburger-land.de\/wp-content\/uploads\/2023\/03\/Bev-tabelle-19.png 409w, https:\/\/familienforschung-tecklenburger-land.de\/wp-content\/uploads\/2023\/03\/Bev-tabelle-19-300x260.png 300w\" sizes=\"auto, (max-width: 409px) 100vw, 409px\" \/><\/figure>\n\n\n\n<p><\/p>\n\n\n\n<figure class=\"wp-block-image size-large\"><img loading=\"lazy\" decoding=\"async\" width=\"789\" height=\"1024\" src=\"https:\/\/familienforschung-tecklenburger-land.de\/wp-content\/uploads\/2023\/03\/Inhaltsbilder-1-1-789x1024.jpg\" alt=\"\" class=\"wp-image-890\" srcset=\"https:\/\/familienforschung-tecklenburger-land.de\/wp-content\/uploads\/2023\/03\/Inhaltsbilder-1-1-789x1024.jpg 789w, https:\/\/familienforschung-tecklenburger-land.de\/wp-content\/uploads\/2023\/03\/Inhaltsbilder-1-1-231x300.jpg 231w, https:\/\/familienforschung-tecklenburger-land.de\/wp-content\/uploads\/2023\/03\/Inhaltsbilder-1-1-768x997.jpg 768w, https:\/\/familienforschung-tecklenburger-land.de\/wp-content\/uploads\/2023\/03\/Inhaltsbilder-1-1.jpg 1179w\" sizes=\"auto, (max-width: 789px) 100vw, 789px\" \/><\/figure>\n\n\n\n<p><\/p>\n\n\n\n<figure class=\"wp-block-image size-large\"><img loading=\"lazy\" decoding=\"async\" width=\"1024\" height=\"608\" src=\"https:\/\/familienforschung-tecklenburger-land.de\/wp-content\/uploads\/2023\/03\/Inhaltsbilder-3-1024x608.jpg\" alt=\"\" class=\"wp-image-891\" srcset=\"https:\/\/familienforschung-tecklenburger-land.de\/wp-content\/uploads\/2023\/03\/Inhaltsbilder-3-1024x608.jpg 1024w, https:\/\/familienforschung-tecklenburger-land.de\/wp-content\/uploads\/2023\/03\/Inhaltsbilder-3-300x178.jpg 300w, https:\/\/familienforschung-tecklenburger-land.de\/wp-content\/uploads\/2023\/03\/Inhaltsbilder-3-768x456.jpg 768w, https:\/\/familienforschung-tecklenburger-land.de\/wp-content\/uploads\/2023\/03\/Inhaltsbilder-3.jpg 1181w\" sizes=\"auto, (max-width: 1024px) 100vw, 1024px\" \/><\/figure>\n\n\n\n<p><\/p>\n\n\n\n<figure class=\"wp-block-image size-large\"><img loading=\"lazy\" decoding=\"async\" width=\"811\" height=\"1024\" src=\"https:\/\/familienforschung-tecklenburger-land.de\/wp-content\/uploads\/2023\/03\/Bev-tabelle-Titel-1-811x1024.jpg\" alt=\"\" class=\"wp-image-892\" srcset=\"https:\/\/familienforschung-tecklenburger-land.de\/wp-content\/uploads\/2023\/03\/Bev-tabelle-Titel-1-811x1024.jpg 811w, https:\/\/familienforschung-tecklenburger-land.de\/wp-content\/uploads\/2023\/03\/Bev-tabelle-Titel-1-238x300.jpg 238w, https:\/\/familienforschung-tecklenburger-land.de\/wp-content\/uploads\/2023\/03\/Bev-tabelle-Titel-1-768x970.jpg 768w, https:\/\/familienforschung-tecklenburger-land.de\/wp-content\/uploads\/2023\/03\/Bev-tabelle-Titel-1-1216x1536.jpg 1216w, https:\/\/familienforschung-tecklenburger-land.de\/wp-content\/uploads\/2023\/03\/Bev-tabelle-Titel-1.jpg 1350w\" sizes=\"auto, (max-width: 811px) 100vw, 811px\" \/><\/figure>\n\n\n\n<p><\/p>\n\n\n\n<figure class=\"wp-block-image size-full\"><img loading=\"lazy\" decoding=\"async\" width=\"388\" height=\"268\" src=\"https:\/\/familienforschung-tecklenburger-land.de\/wp-content\/uploads\/2023\/03\/Bev-tabelle-12.png\" alt=\"\" class=\"wp-image-893\" srcset=\"https:\/\/familienforschung-tecklenburger-land.de\/wp-content\/uploads\/2023\/03\/Bev-tabelle-12.png 388w, https:\/\/familienforschung-tecklenburger-land.de\/wp-content\/uploads\/2023\/03\/Bev-tabelle-12-300x207.png 300w\" sizes=\"auto, (max-width: 388px) 100vw, 388px\" \/><\/figure>\n\n\n\n<p><\/p>\n\n\n\n<figure class=\"wp-block-image size-large\"><img loading=\"lazy\" decoding=\"async\" width=\"1024\" height=\"712\" src=\"https:\/\/familienforschung-tecklenburger-land.de\/wp-content\/uploads\/2023\/03\/Inhaltsbilder-2-1-1024x712.jpg\" alt=\"\" class=\"wp-image-894\" srcset=\"https:\/\/familienforschung-tecklenburger-land.de\/wp-content\/uploads\/2023\/03\/Inhaltsbilder-2-1-1024x712.jpg 1024w, https:\/\/familienforschung-tecklenburger-land.de\/wp-content\/uploads\/2023\/03\/Inhaltsbilder-2-1-300x209.jpg 300w, https:\/\/familienforschung-tecklenburger-land.de\/wp-content\/uploads\/2023\/03\/Inhaltsbilder-2-1-768x534.jpg 768w, https:\/\/familienforschung-tecklenburger-land.de\/wp-content\/uploads\/2023\/03\/Inhaltsbilder-2-1.jpg 1181w\" sizes=\"auto, (max-width: 1024px) 100vw, 1024px\" \/><\/figure>\n<\/div>\n\n\n\n<div class=\"wp-block-column is-layout-flow wp-block-column-is-layout-flow\" style=\"flex-basis:66.66%\">\n<h2 class=\"wp-block-heading\">Heft 1 \/ 2014<\/h2>\n\n\n\n<p><strong>Das Heft kostet 5,- Euro und kann in unserer Bibliothek eingesehen werden. Wenn noch Exemplare vorhanden sind, k\u00f6nnen Sie sie dort kaufen.<\/strong><\/p>\n\n\n\n<p class=\"has-small-font-size\">Wir hatten wieder viel Freude an der Recherche und der Zusammenstellung der Artikel f\u00fcr das Heft mit dem Schwerpunkt \u201eLotte\u201c. Doch wie schon bei den fr\u00fcheren Ausgaben, war es auch dieses Mal nicht m\u00f6glich, alles das, was uns lesenswert erschien, auch in unserer \u201eSpurensuche\u201c abzudrucken.<br><br>Wir haben uns besonders gefreut, dass wir in dieser Ausgabe auch einen interessanten Beitrag von Bernhard Petersen zur Geschichte des Hofes Gr\u00fcelpeter \/ Holschemacher in Lotte, Bauerschaft Gohfeld und zu den Bewohnern der St\u00e4tte ver\u00f6ffentlichen k\u00f6nnen. Dieses sch\u00f6ne Beispiel wird vielleicht dazu beitragen, dass auch andere uns ihre \u201eFamiliengeschichten\u201c zur Ver\u00f6ffentlichung schicken.<br><br>Einige wichtige Ereignisse aus der Geschichte des Ortes sind wie gewohnt auf den ersten Seiten dieser Zeitschrift zu finden. Die Bev\u00f6lkerungsaufnahme aus dem Jahre 1811\/12 nimmt wieder viel Platz in Anspruch und gibt uns einen guten \u00dcberblick \u00fcber die Bev\u00f6lkerungs- und Sozialstruktur in der Gemeinde Lotte vor ziemlich genau 200 Jahren. Auch die Auswanderer &#8211; soweit diese bisher zu ermitteln waren &#8211; und ihr Verbleib in fernen L\u00e4ndern sind hoffentlich f\u00fcr viele Forscher eine Hilfe bei der Suche nach weiteren Familienzweigen.<br><br>Abenteuerlich werden Ihnen sicher die in den vergangenen Jahrhunderten praktizierten Verh\u00fctungs- und Behandlungsmethoden der \u201eWasserscheu\u201c erscheinen. \u00dcberraschen wird manchen Interessierten vielleicht auch, dass es schon vor mehr als 200 Jahren ein Scheidungsrecht in Preu\u00dfen gab. Besonders faszinierend sind au\u00dferdem die Rechercheergebnisse zu einer Gedenktafel in der Kirche St. Marien in Osnabr\u00fcck. Aber auch die \u201eschwarzen Schafe\u201c und interessante Zeitungs-meldungen aus vergangenen Tagen durften nat\u00fcrlich in diesem Heft nicht fehlen.<br><br>Am Schluss der Zeitschrift findet sich wieder eine Literaturauswahl sowie der Namensindex zu diesem Heft.<\/p>\n\n\n\n<h3 class=\"wp-block-heading\">Verzeichnis der im Lotter Heft vorkommenden Namen:<\/h3>\n\n\n\n<h5 class=\"wp-block-heading\">A<\/h5>\n\n\n\n<p class=\"has-small-font-size\">Aberhage, Adam, Ahlborn, Alberts, Aldendorf, Alfing, Alstein, Altevogt, Amann, Ahmann, Antrup, Auf (in) dem Gofelde, Auf der Horst, Averhagen, Averwerser<\/p>\n\n\n\n<h5 class=\"wp-block-heading\">B<\/h5>\n\n\n\n<p class=\"has-small-font-size\">Bahlmann, Ballmeier, Berenswerth, Barlage, Barthold, Baumkamp, Beckemeyer, Beckmann, Behmer, Benning, Bente, Bergkotte, Berkenkemper, Berlekamp, Bernuth, Bertelsmann, Beukers, Bierbaum, Biermann, Birkenkemper, Bischoff, Boecker, B\u00fccker, Boerenbrink, Bollemeijer, Borckenhagen, B\u00f6rger, B\u00f6wer, Brackmann, Brauer, Breur, Brewe, Brinkmann, Brocklander, Brockmann, Brockmeier, Broermann, Br\u00f6mstrup, Br\u00f6nstrup, Br\u00fcggemann, Br\u00fcnemann, B\u00fccker, Buddemeyer, B\u00fcdeker, Budke, Bulck, Buller, B\u00fcnemann, Burbrink, Busch, B\u00fcscher, Bu\u00dfmann<\/p>\n\n\n\n<h5 class=\"wp-block-heading\">C<\/h5>\n\n\n\n<p class=\"has-small-font-size\">Clawes Honer, Clodt, Conermann, Contzen, Corlemeijer, Currelmeyer<\/p>\n\n\n\n<h5 class=\"wp-block-heading\">D<\/h5>\n\n\n\n<p class=\"has-small-font-size\">Dahlhoff, Dahme, Daniels, Debbe, de Bruin, de Haaij, de Haan, de Wild, Determann, Diekmann, D\u00f6hlemeier, Dreyer, Driemeier, D\u00fcing, Dunkmann, Durrmeyer, Duvendak<\/p>\n\n\n\n<h5 class=\"wp-block-heading\">E<\/h5>\n\n\n\n<p class=\"has-small-font-size\">Ebcke, Ebeling, Eberhardt, Eichorn, Elfing, Elixmann, Erfmann, Eversmeyer<\/p>\n\n\n\n<h5 class=\"wp-block-heading\">F<\/h5>\n\n\n\n<p class=\"has-small-font-size\">Falk, Feldkamp, Feldmann, Finke, Fischer, Fransing, Franzen, Frederkinck, Freese, Frese, Freye, Freie, Friedhoff, Frye, Vrye, Faber, Fecke, Fleddermann, Folsche, Forberger, Frese, Friccius, Friedemeyer<\/p>\n\n\n\n<h5 class=\"wp-block-heading\">G<\/h5>\n\n\n\n<p class=\"has-small-font-size\">Gaarmann, Gabriel, Gadee, Garrelts, Gausmann, Geist, Gerdemann, Gerlemann, Gerlingen, Gibbemeier, Giebelmeijer, Gildemeier, Goesen, Goldkamp, Goldl\u00fccke, Goldmeier, Goldschmid, G\u00f6rtem\u00f6ller, Graten, Grattepeter, Grevenbroek, Grewe, Grodpeters, Groedhues, Gr\u00fcel Schr\u00f6er, Gr\u00fcelpeter, Gruelschr\u00f6er, Gr\u00fcnkemeyer<\/p>\n\n\n\n<h5 class=\"wp-block-heading\">H<\/h5>\n\n\n\n<p class=\"has-small-font-size\">Haase, Hackmann, Haakmann, Hagenberg, Hake, Hallmann, Hamer, Harten, Hasenkamp, Hasslage, Haunorst, Haverkamp, Heemann, Heespelink, Hellermann, Hencken, Henkel, Henschen, Hespellage, Hewerth, Hillebrandt, Hinderks, Hindersmann, Hinnah, Hischem\u00f6ller, H\u00f6cker, Hoffbauer, Hoge, Hollenberg, Hollmann, Holschemacherf, Hoogendam, Horst, Hotcke, H\u00f6veler, H\u00f6velmeyer, Huneke, Hunsche, Huntemeier, Huntmann<\/p>\n\n\n\n<h5 class=\"wp-block-heading\">J<\/h5>\n\n\n\n<p class=\"has-small-font-size\">Jannaber, Jansen, Johannemann, J\u00fcrgens, J\u00f6rgens<\/p>\n\n\n\n<h5 class=\"wp-block-heading\">K<\/h5>\n\n\n\n<p class=\"has-small-font-size\">Kaemper, Kandelhardt, Kappelmann, Karmeroode, Karte, Kellermeier, Kemper, Kievitt, Kipp, Klanderj\u00fcrgen, Kleffmann, Kleer, Kloek, Kluthe, Knem\u00f6ller, Knippenberg, K\u00f6nig, K\u00f6rner, Korte , Kortl\u00fccke, Koster K\u00f6ster, Kotte, Krige, Kr\u00f6ner, Kurdelmeyer, Kurrelmeier<\/p>\n\n\n\n<h5 class=\"wp-block-heading\">L<\/h5>\n\n\n\n<p class=\"has-small-font-size\">Laatz, Lambrecht, Lammers, Lampe, Lamping, Landmeyer, Landwehr, Laumeyer, Leesch, Leesmann, Leggemann, Lehmk\u00fchler, Lehrer, Leur, Lewedagf, Lindemann, Linze, Litzau, Lohmeier, L\u00f6wel, L\u00fcckemeier, L\u00fckenhus, Luppes<\/p>\n\n\n\n<h5 class=\"wp-block-heading\">M<\/h5>\n\n\n\n<p class=\"has-small-font-size\">Markus, Meesch, Meijboom, Meier, Melchers, Menebr\u00f6ker, Mersch, Merschwerth, Mettingh, Meyer, Meyer von Haaren, Meyers zu H\u00fcningen, Middelweg, Minneker, Minnerup, M\u00f6llerwerth, M\u00f6llmann, Moras, M\u00fcller, Musekamp, Mutert<\/p>\n\n\n\n<h5 class=\"wp-block-heading\">N<\/h5>\n\n\n\n<p class=\"has-small-font-size\">Neumann, Nibbenhoben, Nieberg, Niederste Osthoff, Nienkemper, Niehues, Nieland, Niem\u00f6ller, Niendieker, Nieuwkamp, Nordmann, Nubbemeyer<\/p>\n\n\n\n<h5 class=\"wp-block-heading\">O<\/h5>\n\n\n\n<p class=\"has-small-font-size\">Oberkleine, Oelrich, Oermann, Oldendorf, Osterberg, Overhage Oberhage, Overwerfen<\/p>\n\n\n\n<h5 class=\"wp-block-heading\">P<\/h5>\n\n\n\n<p class=\"has-small-font-size\">Pasteur, Paul, Peter, Peters, Petersen, Pieper, Piepmeyer, Pistor, Plandthold, Plat, Plegmann, Pl\u00fcmer, Poggemann, Pott, P\u00f6ttcker, P\u00f6tter, Prigge, Puacker, Putter<\/p>\n\n\n\n<h5 class=\"wp-block-heading\">R<\/h5>\n\n\n\n<p class=\"has-small-font-size\">R\u00e4uver, Rawiek, Rehde, Rehorst, Reuvers, Richterf, Rietbrock, Robbe, Roloff, Ross, R\u00f6wer, Ruhland, Ruppert<\/p>\n\n\n\n<h5 class=\"wp-block-heading\">S<\/h5>\n\n\n\n<p class=\"has-small-font-size\">Sagehorn, Sand, Schaberg, Schallenberg, Sch\u00e4per, Scheller, Schemmer, Schicht, Schierke, Schilling, Schlebus, Schl\u00f6mann, Schl\u00fcter, Schmedding, Schmendt, Schmidt, Smith, Schneider, Schoemaker, Schohmeier, Schonhorst, Schoppenkemper, Sch\u00f6pper Schopper, Schr\u00e4er, Schreck, Schr\u00f6der, Schr\u00f6er, Schroerluike, Schulte, Schupper, Schuster, Schutte, Schweigmann, Sies, Simon, Sirrebeek, Songen, Sparenberg, Spellhenrich, Spelljacob, Spellmeyerf, Spieker, Staggemeier, Stallmann, Steenweg, Stegemann, Steinh\u00fcser, Steink\u00fchler, Steinmann, Stiegemeyer, Stienl\u00fccke, St\u00f6rmer, Stratemeier, Strubbe Str\u00fcbbe, Suhre, Sundermann<\/p>\n\n\n\n<h5 class=\"wp-block-heading\">T<\/h5>\n\n\n\n<p class=\"has-small-font-size\">Tebbe, Teckemeyerf, Teleman, Telgmann, Tepe, ter Weer, Tiemann, Tieskes, Tigemann, Tob\u00fcren, Torm\u00f6llen, Trennepohl<\/p>\n\n\n\n<h5 class=\"wp-block-heading\"><strong>U<\/strong><\/h5>\n\n\n\n<p class=\"has-small-font-size\">Udolph<\/p>\n\n\n\n<h5 class=\"wp-block-heading\">V<\/h5>\n\n\n\n<p class=\"has-small-font-size\">van de Laar, Van der Horst, van der Stehen, van der Vlies, van Kerssen, van Lennep, van Nederveen, van Teerling, Vincke, Visscher, Vlug, Vogt, von Bernuth, von Blomberg, Von Diepenbrock Gr\u00fcter, von Forckenbeck, von Olfers, Vurens<\/p>\n\n\n\n<h5 class=\"wp-block-heading\">W<\/h5>\n\n\n\n<p class=\"has-small-font-size\">Walbrink, Webeler, Wedde, Wehtkamp, Weisem\u00f6ller, Weisfelt, Wellemeier, Welp, Weelps, Wenthin, Werne, Werner, Werremeier, Wesling, Wessel, Westerman, Wetkamp, Wiegmann, Wiegmink, Wiggermann, Wilcker, Wilkien, Winckelmann, Windmann, Winter, Wolff, Wulf, Wulfekamp<\/p>\n\n\n\n<h5 class=\"wp-block-heading\">Z<\/h5>\n\n\n\n<p class=\"has-small-font-size\">Zebussen, Zeeger Zeiger, Zub\u00fchren, Zumpe<\/p>\n<\/div>\n<\/div>\n","protected":false},"excerpt":{"rendered":"<p>Inhaltsverzeichnis Wissenswertes Einige wichtige Ereignisse in der Geschichte Lottes Orts- und Familiengeschichten Spannende Spurensuche nach meinen Vorfahren auf dem Gohfeld (Lotte) Etat der Bev\u00f6lkerungs-Aufnahme in dem Ober\u2013Ems-Departement vom Jahr 1811 Tollwut, eine gef\u00fcrchtete Krankheit Lotte \u2013 Tod durch Tollwut Ehescheidung in Lotte Fundst\u00fccke Auswanderungen aus Lotte Spende f\u00fcr die Armen der Gemeinde Lange Jahre im&#8230;<\/p>\n","protected":false},"author":4,"featured_media":0,"parent":0,"menu_order":8,"comment_status":"closed","ping_status":"closed","template":"","meta":{"_coblocks_attr":"","_coblocks_dimensions":"","_coblocks_responsive_height":"","_coblocks_accordion_ie_support":"","footnotes":""},"class_list":["post-848","page","type-page","status-publish","hentry"],"_links":{"self":[{"href":"https:\/\/familienforschung-tecklenburger-land.de\/index.php?rest_route=\/wp\/v2\/pages\/848","targetHints":{"allow":["GET"]}}],"collection":[{"href":"https:\/\/familienforschung-tecklenburger-land.de\/index.php?rest_route=\/wp\/v2\/pages"}],"about":[{"href":"https:\/\/familienforschung-tecklenburger-land.de\/index.php?rest_route=\/wp\/v2\/types\/page"}],"author":[{"embeddable":true,"href":"https:\/\/familienforschung-tecklenburger-land.de\/index.php?rest_route=\/wp\/v2\/users\/4"}],"replies":[{"embeddable":true,"href":"https:\/\/familienforschung-tecklenburger-land.de\/index.php?rest_route=%2Fwp%2Fv2%2Fcomments&post=848"}],"version-history":[{"count":4,"href":"https:\/\/familienforschung-tecklenburger-land.de\/index.php?rest_route=\/wp\/v2\/pages\/848\/revisions"}],"predecessor-version":[{"id":1006,"href":"https:\/\/familienforschung-tecklenburger-land.de\/index.php?rest_route=\/wp\/v2\/pages\/848\/revisions\/1006"}],"wp:attachment":[{"href":"https:\/\/familienforschung-tecklenburger-land.de\/index.php?rest_route=%2Fwp%2Fv2%2Fmedia&parent=848"}],"curies":[{"name":"wp","href":"https:\/\/api.w.org\/{rel}","templated":true}]}}