{"id":842,"date":"2023-03-01T19:22:17","date_gmt":"2023-03-01T18:22:17","guid":{"rendered":"https:\/\/familienforschung-tecklenburger-land.de\/?page_id=842"},"modified":"2023-03-03T17:26:43","modified_gmt":"2023-03-03T16:26:43","slug":"spurensuche-leeden","status":"publish","type":"page","link":"https:\/\/familienforschung-tecklenburger-land.de\/?page_id=842","title":{"rendered":"Spurensuche Leeden"},"content":{"rendered":"\n<div class=\"wp-block-columns is-layout-flex wp-container-core-columns-is-layout-9d6595d7 wp-block-columns-is-layout-flex\">\n<div class=\"wp-block-column is-layout-flow wp-block-column-is-layout-flow\" style=\"flex-basis:33.33%\">\n<figure class=\"wp-block-image size-large has-lightbox\"><img loading=\"lazy\" decoding=\"async\" width=\"735\" height=\"1024\" src=\"https:\/\/familienforschung-tecklenburger-land.de\/wp-content\/uploads\/2023\/03\/Titel-klein-735x1024.jpg\" alt=\"\" class=\"wp-image-897\" srcset=\"https:\/\/familienforschung-tecklenburger-land.de\/wp-content\/uploads\/2023\/03\/Titel-klein-735x1024.jpg 735w, https:\/\/familienforschung-tecklenburger-land.de\/wp-content\/uploads\/2023\/03\/Titel-klein-215x300.jpg 215w, https:\/\/familienforschung-tecklenburger-land.de\/wp-content\/uploads\/2023\/03\/Titel-klein.jpg 756w\" sizes=\"auto, (max-width: 735px) 100vw, 735px\" \/><\/figure>\n\n\n\n<h3 class=\"wp-block-heading\">Inhaltsverzeichnis<\/h3>\n\n\n\n<h4 class=\"wp-block-heading\"><strong>Wissenswertes<\/strong><\/h4>\n\n\n\n<p class=\"has-small-font-size\">Einige wichtige Ereignisse in der Geschichte Leedens<\/p>\n\n\n\n<h4 class=\"wp-block-heading\"><strong>Orts- und Familiengeschichten<\/strong><\/h4>\n\n\n\n<p class=\"has-small-font-size\">Der Alltag der Bewohner Leedens vor 400 Jahren nach den Tecklen-burger Akzidentalien von 1611\/12<\/p>\n\n\n\n<p class=\"has-small-font-size\">Das Herdfeuer als vormodernes Rechtssymbol<\/p>\n\n\n\n<p class=\"has-small-font-size\">Die (v)erkauften Bauern des Stiftes Leeden<\/p>\n\n\n\n<p class=\"has-small-font-size\">Etat der Bev\u00f6lkerungs &#8211; Aufnahme in dem Ober \u2013 Ems &#8211; Departement vom Jahr 1811<\/p>\n\n\n\n<p class=\"has-small-font-size\">Die Preu\u00dfische Milit\u00e4rdienstpflicht&nbsp; vor 200 Jahren<\/p>\n\n\n\n<p class=\"has-small-font-size\">Als Fahnenfl\u00fcchtiger gesucht &#8211; war Friedrich Wilhelm Teepe aus Leeden tats\u00e4chlich ein Deserteur?<\/p>\n\n\n\n<p class=\"has-small-font-size\">Deserteure und Refractairs<\/p>\n\n\n\n<p class=\"has-small-font-size\">Aus dem Leben des Auswanderers Caspar Heinrich Schnarre<\/p>\n\n\n\n<p class=\"has-small-font-size\">Deutsche Soldaten im amerikanischen&nbsp; B\u00fcrgerkrieg<\/p>\n\n\n\n<p class=\"has-small-font-size\">\u00dcberweisung der reformierten Kinder zu Hagen an die Schule zu Leeden<\/p>\n\n\n\n<h4 class=\"wp-block-heading\"><strong>Fundst\u00fccke<\/strong><\/h4>\n\n\n\n<p class=\"has-small-font-size\">Ausw\u00e4rtige, die nach Leeden kamen<\/p>\n\n\n\n<p class=\"has-small-font-size\">Fundst\u00fccke aus den Kirchenb\u00fcchern in Leeden<\/p>\n\n\n\n<h4 class=\"wp-block-heading\"><strong>Forschungshilfen<\/strong><\/h4>\n\n\n\n<p class=\"has-small-font-size\">Literatur<\/p>\n\n\n\n<p class=\"has-small-font-size\">Namensverzeichnis<\/p>\n\n\n\n<figure class=\"wp-block-image size-full\"><img loading=\"lazy\" decoding=\"async\" width=\"591\" height=\"666\" src=\"https:\/\/familienforschung-tecklenburger-land.de\/wp-content\/uploads\/2023\/03\/Hermann-Kriege.jpg\" alt=\"\" class=\"wp-image-898\" srcset=\"https:\/\/familienforschung-tecklenburger-land.de\/wp-content\/uploads\/2023\/03\/Hermann-Kriege.jpg 591w, https:\/\/familienforschung-tecklenburger-land.de\/wp-content\/uploads\/2023\/03\/Hermann-Kriege-266x300.jpg 266w\" sizes=\"auto, (max-width: 591px) 100vw, 591px\" \/><\/figure>\n\n\n\n<p><\/p>\n\n\n\n<figure class=\"wp-block-image size-large\"><img loading=\"lazy\" decoding=\"async\" width=\"817\" height=\"1024\" src=\"https:\/\/familienforschung-tecklenburger-land.de\/wp-content\/uploads\/2023\/03\/LEEDEN-Bevoelkerungsaufnahme-1811-Deckblatt-817x1024.jpg\" alt=\"\" class=\"wp-image-899\" srcset=\"https:\/\/familienforschung-tecklenburger-land.de\/wp-content\/uploads\/2023\/03\/LEEDEN-Bevoelkerungsaufnahme-1811-Deckblatt-817x1024.jpg 817w, https:\/\/familienforschung-tecklenburger-land.de\/wp-content\/uploads\/2023\/03\/LEEDEN-Bevoelkerungsaufnahme-1811-Deckblatt-239x300.jpg 239w, https:\/\/familienforschung-tecklenburger-land.de\/wp-content\/uploads\/2023\/03\/LEEDEN-Bevoelkerungsaufnahme-1811-Deckblatt-768x962.jpg 768w, https:\/\/familienforschung-tecklenburger-land.de\/wp-content\/uploads\/2023\/03\/LEEDEN-Bevoelkerungsaufnahme-1811-Deckblatt.jpg 984w\" sizes=\"auto, (max-width: 817px) 100vw, 817px\" \/><\/figure>\n\n\n\n<p><\/p>\n\n\n\n<figure class=\"wp-block-image size-large\"><img loading=\"lazy\" decoding=\"async\" width=\"724\" height=\"1024\" src=\"https:\/\/familienforschung-tecklenburger-land.de\/wp-content\/uploads\/2023\/03\/Stiftskirche-heute-724x1024.jpg\" alt=\"\" class=\"wp-image-900\" srcset=\"https:\/\/familienforschung-tecklenburger-land.de\/wp-content\/uploads\/2023\/03\/Stiftskirche-heute-724x1024.jpg 724w, https:\/\/familienforschung-tecklenburger-land.de\/wp-content\/uploads\/2023\/03\/Stiftskirche-heute-212x300.jpg 212w, https:\/\/familienforschung-tecklenburger-land.de\/wp-content\/uploads\/2023\/03\/Stiftskirche-heute-768x1086.jpg 768w, https:\/\/familienforschung-tecklenburger-land.de\/wp-content\/uploads\/2023\/03\/Stiftskirche-heute-1086x1536.jpg 1086w, https:\/\/familienforschung-tecklenburger-land.de\/wp-content\/uploads\/2023\/03\/Stiftskirche-heute.jpg 1172w\" sizes=\"auto, (max-width: 724px) 100vw, 724px\" \/><\/figure>\n\n\n\n<p><\/p>\n\n\n\n<figure class=\"wp-block-image size-full\"><img loading=\"lazy\" decoding=\"async\" width=\"628\" height=\"433\" src=\"https:\/\/familienforschung-tecklenburger-land.de\/wp-content\/uploads\/2023\/03\/LEEDEN-Flurkarte-Schulte-Herkendorf.jpg\" alt=\"\" class=\"wp-image-901\" srcset=\"https:\/\/familienforschung-tecklenburger-land.de\/wp-content\/uploads\/2023\/03\/LEEDEN-Flurkarte-Schulte-Herkendorf.jpg 628w, https:\/\/familienforschung-tecklenburger-land.de\/wp-content\/uploads\/2023\/03\/LEEDEN-Flurkarte-Schulte-Herkendorf-300x207.jpg 300w\" sizes=\"auto, (max-width: 628px) 100vw, 628px\" \/><\/figure>\n\n\n\n<p><\/p>\n\n\n\n<figure class=\"wp-block-image size-large\"><img loading=\"lazy\" decoding=\"async\" width=\"1024\" height=\"677\" src=\"https:\/\/familienforschung-tecklenburger-land.de\/wp-content\/uploads\/2023\/03\/Conscribierte-GH-u.JF-Schnarre-1024x677.jpg\" alt=\"\" class=\"wp-image-902\" srcset=\"https:\/\/familienforschung-tecklenburger-land.de\/wp-content\/uploads\/2023\/03\/Conscribierte-GH-u.JF-Schnarre-1024x677.jpg 1024w, https:\/\/familienforschung-tecklenburger-land.de\/wp-content\/uploads\/2023\/03\/Conscribierte-GH-u.JF-Schnarre-300x198.jpg 300w, https:\/\/familienforschung-tecklenburger-land.de\/wp-content\/uploads\/2023\/03\/Conscribierte-GH-u.JF-Schnarre-768x508.jpg 768w, https:\/\/familienforschung-tecklenburger-land.de\/wp-content\/uploads\/2023\/03\/Conscribierte-GH-u.JF-Schnarre.jpg 1182w\" sizes=\"auto, (max-width: 1024px) 100vw, 1024px\" \/><\/figure>\n\n\n\n<p><\/p>\n\n\n\n<figure class=\"wp-block-image size-full\"><img loading=\"lazy\" decoding=\"async\" width=\"984\" height=\"782\" src=\"https:\/\/familienforschung-tecklenburger-land.de\/wp-content\/uploads\/2023\/03\/Rekruten.jpg\" alt=\"\" class=\"wp-image-903\" srcset=\"https:\/\/familienforschung-tecklenburger-land.de\/wp-content\/uploads\/2023\/03\/Rekruten.jpg 984w, https:\/\/familienforschung-tecklenburger-land.de\/wp-content\/uploads\/2023\/03\/Rekruten-300x238.jpg 300w, https:\/\/familienforschung-tecklenburger-land.de\/wp-content\/uploads\/2023\/03\/Rekruten-768x610.jpg 768w\" sizes=\"auto, (max-width: 984px) 100vw, 984px\" \/><\/figure>\n<\/div>\n\n\n\n<div class=\"wp-block-column is-layout-flow wp-block-column-is-layout-flow\" style=\"flex-basis:66.66%\">\n<h2 class=\"wp-block-heading\">Heft 1 \/ 2013<\/h2>\n\n\n\n<h4 class=\"wp-block-heading\">Bauern- und Soldatenleben<\/h4>\n\n\n\n<p><strong>Das Heft kostet 5,- Euro und kann in unserer Bibliothek eingesehen werden. Wenn noch Exemplare vorhanden sind, k\u00f6nnen Sie sie dort kaufen.<\/strong><\/p>\n\n\n\n<p class=\"has-small-font-size\">Mit dieser Ausgabe unserer \u201eSpurensuche \u2013 Familienforschung im Tecklenburger Land\u201c haben wir nun bereits f\u00fcnf Orte im Tecklenburger Land besucht.<\/p>\n\n\n\n<p class=\"has-small-font-size\">Die Schwerpunkte dieses Heftes liegen in dem ehemals selbst\u00e4ndigen Stiftsdorf Leeden &#8211; heute ein Ortsteil von Tecklenburg &#8211; und seinen Bewohnern sowie dem eigentlich f\u00fcr eine Zeitschrift viel zu umfangreichen Thema \u201eMilit\u00e4rgeschichte\u201c.<\/p>\n\n\n\n<p class=\"has-small-font-size\">W\u00e4hrend unserer Recherchen haben wir versucht, m\u00f6glichst viele interessante Informationen f\u00fcr alle Familienforscher mit Wurzeln in Leeden, aber auch f\u00fcr jene, die keinen direkten Bezug zu Leeden haben, zusammen zu stellen. Wie schon in den fr\u00fcheren Ausgaben unserer \u201eSpurensuche\u201c war auf diesen 64 Seiten viel zu wenig Platz, um all das unterzubringen, was uns wissenswert erschien.<\/p>\n\n\n\n<p class=\"has-small-font-size\">Nach wie vor finden Sie zun\u00e4chst einen \u00dcberblick zu interessanten geschichtlichen Ereignissen, bevor uns ein Einblick in die Rechtsprechung im Tecklenburger Land vor 400 Jahren gew\u00e4hrt wird, der vermutlich manchen Leser, im Gegensatz zu den damals Betroffenen, zum Schmunzeln verleiten wird.<\/p>\n\n\n\n<p class=\"has-small-font-size\">Weitere Beitr\u00e4ge befassen sich mit der gro\u00dfen Volksz\u00e4hlung im Winter 1811\/1812 in Leeden, in der Sie vielleicht sogar Ihre eigenen Vorfahren wiederfinden k\u00f6nnen. Ein mehr als 30 Jahre andauernden Rechtsstreit zwischen einigen Bauern und dem Stift Leeden, mit dem sich das Reichskammergericht befassen musste, und auch die Erlebnisse eines Leedener Auswanderers in seiner neuen Heimat Amerika sorgen f\u00fcr interessanten Lesestoff in dieser Ausgabe. Soldaten, Deserteure, Refraktaire und die l\u00e4stige Milit\u00e4rpflicht werden ebenfalls beleuchtet. Fundst\u00fccke sowie die Literaturauswahl und das umfangreiche Namensverzeichnis am Schluss durften nat\u00fcrlich auch in diesem Heft nicht fehlen.<\/p>\n\n\n\n<p class=\"has-small-font-size\">Neu in diesem Heft ist die Rubrik \u201eProjekte\u201c. Hier m\u00f6chten wir Ihnen zuk\u00fcnftig interessante Vorhaben unseres Vereins oder einzelner Mitglieder vorstellen, die hoffentlich auf Ihr Interesse sto\u00dfen und zum Mitmachen anregen sollen.<\/p>\n\n\n\n<p class=\"has-small-font-size\">Wir w\u00fcnschen Ihnen auch mit dieser Ausgabe ein paar hoffentlich interessante Lesestunden.<\/p>\n\n\n\n<h3 class=\"wp-block-heading\">Verzeichnis der im Leedener Heft vorkommenden Namen:<\/h3>\n\n\n\n<h5 class=\"wp-block-heading\">A<\/h5>\n\n\n\n<p class=\"has-small-font-size\">Akolcke, Altevoigt, Altmann, Antrup, Aschbacher<\/p>\n\n\n\n<h5 class=\"wp-block-heading\">B<\/h5>\n\n\n\n<p class=\"has-small-font-size\">Baker, Balgemeier, Banning, Bauer, B\u00e4umer, Beckmann, Behmer, Bensmann, Berckemeyer, Bergjohann, Bergmeyer, Birckenk\u00e4mper, Bischoff, Blom, Bodewien, Bovenschulte, Brackmann, Brandmeyer, Brockmann, Brockmeyer, Bromstorp, Br\u00f6nstrup, Brumstrup, Brune, Br\u00fcnemann, Br\u00fcning, Budde, Buddeke, Buddemeier, Budke, B\u00fcgel, Buller, B\u00fcneker, B\u00fcscher, Busemeyer, B\u00fcsemeyer<\/p>\n\n\n\n<h5 class=\"wp-block-heading\">C<\/h5>\n\n\n\n<p class=\"has-small-font-size\">Caldemeyer, Casselmann, Clausmeyer, Clusmeyer, Coldemeyer<\/p>\n\n\n\n<h5 class=\"wp-block-heading\">D<\/h5>\n\n\n\n<p class=\"has-small-font-size\">Danebroick, Decker, Deegen, Delois, Deuper, Dickmann, Dieckmann, Dohmann, Dothagen, Dragessmann, Driemeyer, Duing, D\u00fcing, Duncker, Dunckmann, Duvendach, Duvendack<\/p>\n\n\n\n<h5 class=\"wp-block-heading\">E<\/h5>\n\n\n\n<p class=\"has-small-font-size\">Eickholdt, Erdtmann, Erfmeier, Estave, Etketon, Eversmeyer<\/p>\n\n\n\n<h5 class=\"wp-block-heading\">F<\/h5>\n\n\n\n<p class=\"has-small-font-size\">Fangmeyer, Feldhus, Feldmann, Feldmeyer, Fellgeter, Fischer, Fisher, Fride, Fr\u00fcchte<\/p>\n\n\n\n<h5 class=\"wp-block-heading\">G<\/h5>\n\n\n\n<p class=\"has-small-font-size\">G\u00e4rtner, Gassmann, Gastmann, Gilhaus, Glass, Glindmeyer, Grawe, Greiff, Grote, Grotepeter, Grothmann<\/p>\n\n\n\n<h5 class=\"wp-block-heading\">H<\/h5>\n\n\n\n<p class=\"has-small-font-size\">Halbach, Hartmann, Haselroth, Hasenpatt, Heckenberg, Heckmann, Heemann, Heinen, Hellermann, Hensken, Hen\u00dfken, Hillebrand, Hinnah, Hinterberg, Hirth, Hofmann, Holthaus, Horstmeier, H\u00f6veler, Huckriede, H\u00fcgelmeyer, H\u00fcnemeyer<\/p>\n\n\n\n<h5 class=\"wp-block-heading\">I<\/h5>\n\n\n\n<p class=\"has-small-font-size\">Imhoff<\/p>\n\n\n\n<h5 class=\"wp-block-heading\">J<\/h5>\n\n\n\n<p class=\"has-small-font-size\">Jasper, Johannemann, Justis<\/p>\n\n\n\n<h5 class=\"wp-block-heading\">K<\/h5>\n\n\n\n<p class=\"has-small-font-size\">Kaldemeier, K\u00e4sekamp, Klaudt, Kleffmann, Kleinschmidt, Kloodt, Knem\u00f6ller, Knevelkamp, Koch, Kock, Koldemeyer, Kollemeier, Korspeter, Kortkamp, Kortl\u00fccke, K\u00f6ster, Kottkamp, Krabbe, Kriege, Kr\u00f6ner, Kr\u00fcger<\/p>\n\n\n\n<h5 class=\"wp-block-heading\">L<\/h5>\n\n\n\n<p class=\"has-small-font-size\">Lagemann, Lamberts, Lammert, Lamping, Landmeyer, Laugemann, Lehmberg, Lewedag, Lindemann, Losa, L\u00fcke<\/p>\n\n\n\n<h5 class=\"wp-block-heading\">M<\/h5>\n\n\n\n<p class=\"has-small-font-size\">Maters, Meier zu Bergte, Meier zu Herckendorp, Meier zu Meckendorp, Meier zu Nortrup, Meier zu Wambergen, Mencke, Menebr\u00f6cker, Mensendieck, Meyer, Meyer zu Wambergen, Micker, Middendorp, Mielmeyer, Mindrup, Minnerup, Misch, M\u00f6llenkamp, M\u00f6llenk\u00e4mper, M\u00fcller, Mutert<\/p>\n\n\n\n<h5 class=\"wp-block-heading\">N<\/h5>\n\n\n\n<p class=\"has-small-font-size\">Neyer, Nieberg, Niehaus, Niehoff, Niemeyer, Niendiecker, Nollmann, N\u00fcssemeyer<\/p>\n\n\n\n<h5 class=\"wp-block-heading\">O<\/h5>\n\n\n\n<p class=\"has-small-font-size\">Osterhaus, Osterhausen, Osterhus, Osterkamp, Ostra, Oventorp, Overmeyer<\/p>\n\n\n\n<h5 class=\"wp-block-heading\">P<\/h5>\n\n\n\n<p class=\"has-small-font-size\">Pabst, Paglow, Palgemeier, Peters, Piepmeyer, Plantholt, Plochman, Pluchman, Post, Postk\u00e4mper, P\u00f6tker, Pott, P\u00f6tter, Pottk\u00e4mper, Prigge<\/p>\n\n\n\n<h5 class=\"wp-block-heading\">Q<\/h5>\n\n\n\n<p class=\"has-small-font-size\">Quin, Quint<\/p>\n\n\n\n<h5 class=\"wp-block-heading\">R<\/h5>\n\n\n\n<p class=\"has-small-font-size\">R\u00e4ffels, Rahe, Rave, Rawick, Rawie, Rawig, Regelmeier, Rehers, Rehme, Reinert, Richter, Riesenbeck, Rogge, Rotert, R\u00f6tker, R\u00f6ttger<\/p>\n\n\n\n<h5 class=\"wp-block-heading\">S<\/h5>\n\n\n\n<p class=\"has-small-font-size\">Schallenberg, Sch\u00e4per, Sch\u00e4perklaus, Sch\u00e4tleter, Scheper, Schlamann, Schleutker, Schlieck, Schlitter, Schloemann, Schloimann, Schl\u00fcter, Schmidt, Schnarre, Schopmeyer, Schroeder, Schroer, Schulte, Schulte tom Hawexlo, Schulte zu Lose, Schulte-Herkendorf, Schutte, Schwie, Slitten, Smend, Sondermann, Staggemeyer, Stalljohann, Staner, Stegemann, Steinigeweg, Storck, St\u00f6rmend, St\u00f6rnigge, Strahmann, Strathmann, Strothmann, Str\u00fcbbe, Strubberg, Stumpe, St\u00fcrmer, Suhrkamp, Sulte, Surkamp<\/p>\n\n\n\n<h5 class=\"wp-block-heading\">T<\/h5>\n\n\n\n<p class=\"has-small-font-size\">Teckemeyer, Teckenbrock, Tepe, Tegeler, Telgk\u00e4mper, Tellichkemper, Tigges<\/p>\n\n\n\n<h5 class=\"wp-block-heading\">V<\/h5>\n\n\n\n<p class=\"has-small-font-size\">v Blomberg, v. Baar, v. Diepenbroich Gr\u00fcter, v. Goldacker, v. Monster, v. Morsey, v. Oer, uff der Broeckschmedden, Vogeler, von Bodelschwingh, von der Reck, von Hofmann, von Wartenberg, von Wartensleben, von Wulff, Vorstmann, Vosding, Voss<\/p>\n\n\n\n<h5 class=\"wp-block-heading\">W<\/h5>\n\n\n\n<p class=\"has-small-font-size\">Wacker, Webeler, Weber, Wedde, Wehrmeyer, Weitbusche, Wellemeyer, Wellmann, Wennecker, Wermeier, Werremeyer, Wibbeler, Wiedmeyer, Wiegmann, Wiemann, Wilkens, Winckelmann, Witte, Witti, Wittkamp, W\u00f6llmann, Wulfekammer, Wulferk\u00f6tter, Wytbusch<\/p>\n\n\n\n<h5 class=\"wp-block-heading\">Z<\/h5>\n\n\n\n<p class=\"has-small-font-size\">Zu Brumstrup, zu Gastede, zu Wambergen<\/p>\n<\/div>\n<\/div>\n","protected":false},"excerpt":{"rendered":"<p>Inhaltsverzeichnis Wissenswertes Einige wichtige Ereignisse in der Geschichte Leedens Orts- und Familiengeschichten Der Alltag der Bewohner Leedens vor 400 Jahren nach den Tecklen-burger Akzidentalien von 1611\/12 Das Herdfeuer als vormodernes Rechtssymbol Die (v)erkauften Bauern des Stiftes Leeden Etat der Bev\u00f6lkerungs &#8211; Aufnahme in dem Ober \u2013 Ems &#8211; Departement vom Jahr 1811 Die Preu\u00dfische Milit\u00e4rdienstpflicht&nbsp;&#8230;<\/p>\n","protected":false},"author":4,"featured_media":0,"parent":0,"menu_order":5,"comment_status":"closed","ping_status":"closed","template":"","meta":{"_coblocks_attr":"","_coblocks_dimensions":"","_coblocks_responsive_height":"","_coblocks_accordion_ie_support":"","footnotes":""},"class_list":["post-842","page","type-page","status-publish","hentry"],"_links":{"self":[{"href":"https:\/\/familienforschung-tecklenburger-land.de\/index.php?rest_route=\/wp\/v2\/pages\/842","targetHints":{"allow":["GET"]}}],"collection":[{"href":"https:\/\/familienforschung-tecklenburger-land.de\/index.php?rest_route=\/wp\/v2\/pages"}],"about":[{"href":"https:\/\/familienforschung-tecklenburger-land.de\/index.php?rest_route=\/wp\/v2\/types\/page"}],"author":[{"embeddable":true,"href":"https:\/\/familienforschung-tecklenburger-land.de\/index.php?rest_route=\/wp\/v2\/users\/4"}],"replies":[{"embeddable":true,"href":"https:\/\/familienforschung-tecklenburger-land.de\/index.php?rest_route=%2Fwp%2Fv2%2Fcomments&post=842"}],"version-history":[{"count":3,"href":"https:\/\/familienforschung-tecklenburger-land.de\/index.php?rest_route=\/wp\/v2\/pages\/842\/revisions"}],"predecessor-version":[{"id":1003,"href":"https:\/\/familienforschung-tecklenburger-land.de\/index.php?rest_route=\/wp\/v2\/pages\/842\/revisions\/1003"}],"wp:attachment":[{"href":"https:\/\/familienforschung-tecklenburger-land.de\/index.php?rest_route=%2Fwp%2Fv2%2Fmedia&parent=842"}],"curies":[{"name":"wp","href":"https:\/\/api.w.org\/{rel}","templated":true}]}}