{"id":839,"date":"2023-03-01T19:21:58","date_gmt":"2023-03-01T18:21:58","guid":{"rendered":"https:\/\/familienforschung-tecklenburger-land.de\/?page_id=839"},"modified":"2023-03-03T17:28:14","modified_gmt":"2023-03-03T16:28:14","slug":"spurensuche-wersen","status":"publish","type":"page","link":"https:\/\/familienforschung-tecklenburger-land.de\/?page_id=839","title":{"rendered":"Spurensuche Wersen"},"content":{"rendered":"\n<div class=\"wp-block-columns is-layout-flex wp-container-core-columns-is-layout-9d6595d7 wp-block-columns-is-layout-flex\">\n<div class=\"wp-block-column is-layout-flow wp-block-column-is-layout-flow\" style=\"flex-basis:33.33%\">\n<figure class=\"wp-block-image size-full has-lightbox\"><img loading=\"lazy\" decoding=\"async\" width=\"505\" height=\"725\" src=\"https:\/\/familienforschung-tecklenburger-land.de\/wp-content\/uploads\/2023\/03\/Wersen-Titelblatt-klein.jpg\" alt=\"\" class=\"wp-image-869\" srcset=\"https:\/\/familienforschung-tecklenburger-land.de\/wp-content\/uploads\/2023\/03\/Wersen-Titelblatt-klein.jpg 505w, https:\/\/familienforschung-tecklenburger-land.de\/wp-content\/uploads\/2023\/03\/Wersen-Titelblatt-klein-209x300.jpg 209w\" sizes=\"auto, (max-width: 505px) 100vw, 505px\" \/><\/figure>\n\n\n\n<h3 class=\"wp-block-heading\">Inhaltsverzeichnis<\/h3>\n\n\n\n<h4 class=\"wp-block-heading\"><strong>Wissenswertes<\/strong><\/h4>\n\n\n\n<p class=\"has-small-font-size\">Einige wichtige Ereignisse in der Geschichte Wersens<\/p>\n\n\n\n<p class=\"has-small-font-size\">Der Ursprung des Ortsnamens Wersen<\/p>\n\n\n\n<h4 class=\"wp-block-heading\"><strong>Orts- und Familiengeschichten<\/strong><\/h4>\n\n\n\n<p class=\"has-small-font-size\">Die M\u00fchlen in Wersen<\/p>\n\n\n\n<p class=\"has-small-font-size\">M\u00fchlenbeschwerden des Erbm\u00fchlenp\u00e4chters Dieckman zu Wersen<\/p>\n\n\n\n<p class=\"has-small-font-size\">Johann Lambert (Jacob) Elfring \u2013 Pfarrer in Wersen 1750 &#8211; 1753<\/p>\n\n\n\n<p class=\"has-small-font-size\">Etat der Bev\u00f6lkerungs &#8211; Aufnahme in dem Ober \u2013 Ems &#8211; Departement vom Jahr 1811<\/p>\n\n\n\n<p class=\"has-small-font-size\">Andere Lebensbedingungen in der Neuen Welt<\/p>\n\n\n\n<p class=\"has-small-font-size\">Aus Wersen nach Brasilien \u2013 Angeh\u00f6rige der Familie B\u00fccker in S\u00fcdamerika<\/p>\n\n\n\n<p class=\"has-small-font-size\">Klage der Wilhelmine Berlekamp aus Wersen gegen Wilhelm Junge aus Osnabr\u00fcck wegen Eheversprechens<\/p>\n\n\n\n<p class=\"has-small-font-size\">Das Rumpsche Legat<\/p>\n\n\n\n<h4 class=\"wp-block-heading\"><strong>Fundst\u00fccke<\/strong><\/h4>\n\n\n\n<h4 class=\"wp-block-heading\"><strong>Forschungshilfen<\/strong><\/h4>\n\n\n\n<p class=\"has-small-font-size\">Literatur<\/p>\n\n\n\n<p class=\"has-small-font-size\">Namensverzeichnis<\/p>\n\n\n\n<figure class=\"wp-block-image size-full\"><img loading=\"lazy\" decoding=\"async\" width=\"311\" height=\"174\" src=\"https:\/\/familienforschung-tecklenburger-land.de\/wp-content\/uploads\/2023\/03\/Strafe.jpg\" alt=\"\" class=\"wp-image-874\" srcset=\"https:\/\/familienforschung-tecklenburger-land.de\/wp-content\/uploads\/2023\/03\/Strafe.jpg 311w, https:\/\/familienforschung-tecklenburger-land.de\/wp-content\/uploads\/2023\/03\/Strafe-300x168.jpg 300w\" sizes=\"auto, (max-width: 311px) 100vw, 311px\" \/><\/figure>\n\n\n\n<p><\/p>\n\n\n\n<figure class=\"wp-block-image size-full\"><img loading=\"lazy\" decoding=\"async\" width=\"651\" height=\"582\" src=\"https:\/\/familienforschung-tecklenburger-land.de\/wp-content\/uploads\/2023\/03\/Karte-Wersen.jpg\" alt=\"\" class=\"wp-image-875\" srcset=\"https:\/\/familienforschung-tecklenburger-land.de\/wp-content\/uploads\/2023\/03\/Karte-Wersen.jpg 651w, https:\/\/familienforschung-tecklenburger-land.de\/wp-content\/uploads\/2023\/03\/Karte-Wersen-300x268.jpg 300w\" sizes=\"auto, (max-width: 651px) 100vw, 651px\" \/><\/figure>\n\n\n\n<p><\/p>\n\n\n\n<figure class=\"wp-block-image size-full\"><img loading=\"lazy\" decoding=\"async\" width=\"984\" height=\"738\" src=\"https:\/\/familienforschung-tecklenburger-land.de\/wp-content\/uploads\/2023\/03\/inderKirche.jpg\" alt=\"\" class=\"wp-image-876\" srcset=\"https:\/\/familienforschung-tecklenburger-land.de\/wp-content\/uploads\/2023\/03\/inderKirche.jpg 984w, https:\/\/familienforschung-tecklenburger-land.de\/wp-content\/uploads\/2023\/03\/inderKirche-300x225.jpg 300w, https:\/\/familienforschung-tecklenburger-land.de\/wp-content\/uploads\/2023\/03\/inderKirche-768x576.jpg 768w\" sizes=\"auto, (max-width: 984px) 100vw, 984px\" \/><\/figure>\n\n\n\n<p><\/p>\n\n\n\n<figure class=\"wp-block-image size-large\"><img loading=\"lazy\" decoding=\"async\" width=\"1024\" height=\"966\" src=\"https:\/\/familienforschung-tecklenburger-land.de\/wp-content\/uploads\/2023\/03\/Rump-Quittung-1-1024x966.jpg\" alt=\"\" class=\"wp-image-877\" srcset=\"https:\/\/familienforschung-tecklenburger-land.de\/wp-content\/uploads\/2023\/03\/Rump-Quittung-1-1024x966.jpg 1024w, https:\/\/familienforschung-tecklenburger-land.de\/wp-content\/uploads\/2023\/03\/Rump-Quittung-1-300x283.jpg 300w, https:\/\/familienforschung-tecklenburger-land.de\/wp-content\/uploads\/2023\/03\/Rump-Quittung-1-768x724.jpg 768w, https:\/\/familienforschung-tecklenburger-land.de\/wp-content\/uploads\/2023\/03\/Rump-Quittung-1.jpg 1263w\" sizes=\"auto, (max-width: 1024px) 100vw, 1024px\" \/><\/figure>\n\n\n\n<p><\/p>\n\n\n\n<figure class=\"wp-block-image size-large\"><img loading=\"lazy\" decoding=\"async\" width=\"768\" height=\"1024\" src=\"https:\/\/familienforschung-tecklenburger-land.de\/wp-content\/uploads\/2023\/03\/Kirchentuer-768x1024.jpg\" alt=\"\" class=\"wp-image-878\" srcset=\"https:\/\/familienforschung-tecklenburger-land.de\/wp-content\/uploads\/2023\/03\/Kirchentuer-768x1024.jpg 768w, https:\/\/familienforschung-tecklenburger-land.de\/wp-content\/uploads\/2023\/03\/Kirchentuer-225x300.jpg 225w, https:\/\/familienforschung-tecklenburger-land.de\/wp-content\/uploads\/2023\/03\/Kirchentuer.jpg 984w\" sizes=\"auto, (max-width: 768px) 100vw, 768px\" \/><\/figure>\n\n\n\n<p><\/p>\n\n\n\n<figure class=\"wp-block-image size-full\"><img loading=\"lazy\" decoding=\"async\" width=\"312\" height=\"227\" src=\"https:\/\/familienforschung-tecklenburger-land.de\/wp-content\/uploads\/2023\/03\/Bild5.jpg\" alt=\"\" class=\"wp-image-879\" srcset=\"https:\/\/familienforschung-tecklenburger-land.de\/wp-content\/uploads\/2023\/03\/Bild5.jpg 312w, https:\/\/familienforschung-tecklenburger-land.de\/wp-content\/uploads\/2023\/03\/Bild5-300x218.jpg 300w\" sizes=\"auto, (max-width: 312px) 100vw, 312px\" \/><\/figure>\n\n\n\n<p><\/p>\n\n\n\n<figure class=\"wp-block-image size-full\"><img loading=\"lazy\" decoding=\"async\" width=\"984\" height=\"571\" src=\"https:\/\/familienforschung-tecklenburger-land.de\/wp-content\/uploads\/2023\/03\/anderKirche.jpg\" alt=\"\" class=\"wp-image-880\" srcset=\"https:\/\/familienforschung-tecklenburger-land.de\/wp-content\/uploads\/2023\/03\/anderKirche.jpg 984w, https:\/\/familienforschung-tecklenburger-land.de\/wp-content\/uploads\/2023\/03\/anderKirche-300x174.jpg 300w, https:\/\/familienforschung-tecklenburger-land.de\/wp-content\/uploads\/2023\/03\/anderKirche-768x446.jpg 768w\" sizes=\"auto, (max-width: 984px) 100vw, 984px\" \/><\/figure>\n<\/div>\n\n\n\n<div class=\"wp-block-column is-layout-flow wp-block-column-is-layout-flow\" style=\"flex-basis:66.66%\">\n<h2 class=\"wp-block-heading\">Heft 2 \/ 2012<\/h2>\n\n\n\n<h4 class=\"wp-block-heading\">Dorfleben damals<\/h4>\n\n\n\n<p><strong>Das Heft kostet 5,- Euro und kann in unserer Bibliothek eingesehen werden. Wenn noch Exemplare vorhanden sind, k\u00f6nnen Sie sie dort kaufen.<\/strong><\/p>\n\n\n\n<p class=\"has-small-font-size\">Wir, das Redaktionsteam, hatten wieder viel Freude an der Zusammenstellung unserer Vereinszeitschrift \u00fcber den sch\u00f6nen Ort Wersen und hoffen, dass Ihnen die Lekt\u00fcre genauso viel Vergn\u00fcgen bereitet.<\/p>\n\n\n\n<p class=\"has-small-font-size\">Wie schon in den bisher erschienenen Ausgaben war auch dieses Mal nicht gen\u00fcgend Platz f\u00fcr all das, was uns lesenswert erschien. Vieles, was hier deshalb nicht ver\u00f6ffentlicht werden konnte, finden Sie hier auf unserer Homepage.<\/p>\n\n\n\n<p class=\"has-small-font-size\">In der hier vorliegenden Zeitschrift haben wir u. a. die Bev\u00f6lkerungsaufnahme aus dem Jahr 1811 (durchgef\u00fchrt im Februar 1812) f\u00fcr den Ort Wersen als wichtige genealogische Quelle in transkribierter Fassung abgedruckt. Diese Volksz\u00e4hlung gibt nicht nur Auskunft \u00fcber die Anzahl der Bewohner, deren Geschlecht, Alter, Familienstand und Beruf, sondern sie enth\u00e4lt zudem noch eine ganze Reihe weiterer Informationen, die uns bei der eigenen Familienforschung n\u00fctzlich sein k\u00f6nnten. So wird z. B. in dem Register der noch nicht gegen die Pocken geimpften Einwohner der genaue Wohnort von Personen genannt.<\/p>\n\n\n\n<p class=\"has-small-font-size\">Wersen ist bekannt f\u00fcr seine M\u00fchlen, so dass auch diesem Thema einige Seiten im vorliegenden Heft gewidmet sind. Wichtige Ereignisse in der Geschichte Wersens haben wieder ihren Platz gefunden, ebenso wie die Rubriken Fundst\u00fccke, Auswanderung, Familiengeschichten, die Literaturauswahl und der Namensindex am Schluss.<\/p>\n\n\n\n<h3 class=\"wp-block-heading\">Verzeichnis der im Wersener Heft vorkommenden Namen:<\/h3>\n\n\n\n<h5 class=\"wp-block-heading\">A<\/h5>\n\n\n\n<p class=\"has-small-font-size\">Ahlert, Aldenburg, Alemeier, Alers, Auf der Heide, Averwersen, Averwerser, Awerhagen<\/p>\n\n\n\n<h5 class=\"wp-block-heading\">B<\/h5>\n\n\n\n<p class=\"has-small-font-size\">Banning, Barthold, Baumann, B\u00e4umer, Becker, Beckmann, Beiderwellen, Bente, Berdelsmann, Berend, Berges, Berkemeyer, Berlekamp, Berlemann, Bertels, Berthold, Beyderwellen, Bischoff, Blaufu\u00df, Bl\u00f6mker, Bode, Bohle, Borgmann, Botter, Brinckmann, Brockman, Br\u00f6rmann, Bruener, Br\u00fcggemann, Brune, Br\u00fcningmeier, Bruningmeier, Bruns, Brunsman, B\u00fccker, Buddemeier, Bulck, Buller, Burbrinck, Busch, B\u00fcscher, Busman<\/p>\n\n\n\n<h5 class=\"wp-block-heading\">C<\/h5>\n\n\n\n<p class=\"has-small-font-size\">Coors, Copperm\u00f6ller, Corsen, Currelmeier<\/p>\n\n\n\n<h5 class=\"wp-block-heading\">D<\/h5>\n\n\n\n<p class=\"has-small-font-size\">Dannenbrock, Decker, Delius, Detering, Dieckamp, Dieckberend, Dieckmann, Dieckschwegmann, Diederich, Diersmann, Diremeier, Donnerberg, Dreinh\u00f6fer, Dreyer, Driehaus, Driemeier, Duden, D\u00fcrremeier<\/p>\n\n\n\n<h5 class=\"wp-block-heading\">E<\/h5>\n\n\n\n<p class=\"has-small-font-size\">Egbert, Elers, Elfring, Erken, Eversmeier, Ewerman<\/p>\n\n\n\n<h5 class=\"wp-block-heading\">F<\/h5>\n\n\n\n<p class=\"has-small-font-size\">Feldwerth, Finke, Fliggen, Fremeier<\/p>\n\n\n\n<h5 class=\"wp-block-heading\">G<\/h5>\n\n\n\n<p class=\"has-small-font-size\">Garlichs, G\u00e4rtner, Gastmann, Gauland, Gaussmann, Geselbracht, Gilhaus, G\u00f6rtz, Gosajacob, Grahlmann, Graute, Greiwe, Greve, Grewe, Grevink, Gro\u00dfe Donnerberg, Grotem\u00f6ller, Gruner, Gr\u00fcnkemeier<\/p>\n\n\n\n<h5 class=\"wp-block-heading\">H<\/h5>\n\n\n\n<p class=\"has-small-font-size\">Hackmann, Halerm\u00f6ller, Hasenpatt, Hastemeier, Havermeier, Heeckes, Heelker, Heemann, Heer, Heidkamp, Helmann, Helmich, Henrich, Hermeling, Heuer, Hildebrand, Hillmann, Hindersmann, Hinnah, Hischem\u00f6ller, H\u00f6cker, Hoge, H\u00f6lscher, Horst, H\u00f6velbernd, H\u00f6veltepe, Hovermeyer, Huge, Hullmann, Huntmann, Hundman<\/p>\n\n\n\n<h5 class=\"wp-block-heading\">I<\/h5>\n\n\n\n<p class=\"has-small-font-size\">Imhoff<\/p>\n\n\n\n<h5 class=\"wp-block-heading\">J<\/h5>\n\n\n\n<p class=\"has-small-font-size\">J\u00e4ckels, Junge, Justus<\/p>\n\n\n\n<h5 class=\"wp-block-heading\">K<\/h5>\n\n\n\n<p class=\"has-small-font-size\">Kaiser, Kalkmann, Kandelhardt, K\u00e4rtkemeier, Kellermeier, Kemper, Kiepke, Kleffmann, Kleine Donnerberg, Klusmann, Kluth, Koch, Kock, Kopperm\u00f6ller, Krack, Kranold, Krebs, Kuncius, Kurrelmeier<\/p>\n\n\n\n<h5 class=\"wp-block-heading\">L<\/h5>\n\n\n\n<p class=\"has-small-font-size\">Laarberg, Lamberd, Lammers, Lammert, Landwerth, Lange, Langerbrake, L\u00e4tter, Lienemann, L\u00f6esing, Lordberg, Luckemeier, L\u00fcpping, L\u00fctkemeier, Luttmann<\/p>\n\n\n\n<h5 class=\"wp-block-heading\">M<\/h5>\n\n\n\n<p class=\"has-small-font-size\">Masch, Marsch, Maschkotte, Meelis, Meese, Meier, Meier zu Halen, Meinershagen, Menckhus, Menebroker, Menewisch, Mersch, Mesch, Mertens, Metkemeier, Meyer, Meyger Henke, Miete, M\u00f6ller, M\u00f6llmann, M\u00fcgge, Munsberg, Mutert<\/p>\n\n\n\n<h5 class=\"wp-block-heading\">N<\/h5>\n\n\n\n<p class=\"has-small-font-size\">Naber, Nauber, Niehaus, Niemann, Niem\u00f6ller, Niendieker, Nienkamp, Nieporte, Nubbemeier<\/p>\n\n\n\n<h5 class=\"wp-block-heading\">O<\/h5>\n\n\n\n<p class=\"has-small-font-size\">Oellerkes, Oldendorf, Osterkamp, Otten<\/p>\n\n\n\n<h5 class=\"wp-block-heading\">P<\/h5>\n\n\n\n<p>Pardon, Peistrup, Plegge, Pollker, Polmann, Portugall<\/p>\n\n\n\n<h5 class=\"wp-block-heading\">Q<\/h5>\n\n\n\n<p class=\"has-small-font-size\">Quindt<\/p>\n\n\n\n<h5 class=\"wp-block-heading\">R<\/h5>\n\n\n\n<p class=\"has-small-font-size\">Radewyde, R\u00e4ekers, Rameier, Ram\u00f6ller, Rawie, Rehes, Remme, Richter, Rosen, R\u00f6tger, R\u00f6ver, Rump<\/p>\n\n\n\n<h5 class=\"wp-block-heading\">S<\/h5>\n\n\n\n<p class=\"has-small-font-size\">Saatkamp, Sabbel, Sand, Sandhermann, Sandt, S\u00e4nker, Sarbaum, Schaberg, Schallenberg, Sch\u00e4per, Schildkamp, Schnarre, Sch\u00f6pker, Sch\u00f6pper, Schr\u00e4er, Schrameier Schr\u00f6der, Schr\u00f6er, Schubbarth, Schuckman, Schulte, Schumacher, Sch\u00fcrmann, Sch\u00fctte, Schwane, Schwegmann, Schwermann, Schwietering, Schwieters, Schwietert, Senker, Sentmeyer, Sierp, Simon, Sluiter, Snethlage, S\u00f6nker, S\u00f6nnewie, Sparenberg, Spellbrinck, Spellmeier, Spiegel, Spitzer, Springmeier, Stallkamp, Stappenhorst, Steimann, Steinh\u00e4user, Stiegemeier, Stolten, Strothmann, Struck, Struve, St\u00fcrr, Stute, Stutt, St\u00fcve, Sulze, Sure, Suten, Swechman<\/p>\n\n\n\n<h5 class=\"wp-block-heading\">T<\/h5>\n\n\n\n<p class=\"has-small-font-size\">Tackenberg, T\u00e4upker, Tebbe, Terhorst, Term\u00f6llen, Teupker, Thelen, Tiemann, Tischer, Tob\u00fchren, Torm\u00f6llen, T\u00fcchter, Twiehaus<\/p>\n\n\n\n<h5 class=\"wp-block-heading\">V<\/h5>\n\n\n\n<p class=\"has-small-font-size\">Vehmeyer, Vocke, Vogelpoel, Vogelsang, V\u00f6ller, Von Blomberg, von der Recke, von Dincklage, Vordendiek, Vorderhase, Vorderlage, Voss<\/p>\n\n\n\n<h5 class=\"wp-block-heading\">W<\/h5>\n\n\n\n<p class=\"has-small-font-size\">Walefeldt, Wehmeier, Weiligman, Weisdorff, Weisem\u00f6ller, Werlemann, Wermeier, Werremeier, We\u00dfling, Westermeyer, Wiedh\u00f6lter, Wiehen, Wieligman, Windm\u00f6ller, Winkeljohann, Winkelmann, Winkenh\u00f6ver, Witte, Wittfeld, Worpenberg, Wullen<\/p>\n\n\n\n<h5 class=\"wp-block-heading\">Z<\/h5>\n\n\n\n<p class=\"has-small-font-size\">Zerbst, zu Loe<\/p>\n<\/div>\n<\/div>\n","protected":false},"excerpt":{"rendered":"<p>Inhaltsverzeichnis Wissenswertes Einige wichtige Ereignisse in der Geschichte Wersens Der Ursprung des Ortsnamens Wersen Orts- und Familiengeschichten Die M\u00fchlen in Wersen M\u00fchlenbeschwerden des Erbm\u00fchlenp\u00e4chters Dieckman zu Wersen Johann Lambert (Jacob) Elfring \u2013 Pfarrer in Wersen 1750 &#8211; 1753 Etat der Bev\u00f6lkerungs &#8211; Aufnahme in dem Ober \u2013 Ems &#8211; Departement vom Jahr 1811 Andere Lebensbedingungen&#8230;<\/p>\n","protected":false},"author":4,"featured_media":0,"parent":0,"menu_order":11,"comment_status":"closed","ping_status":"closed","template":"","meta":{"_coblocks_attr":"","_coblocks_dimensions":"","_coblocks_responsive_height":"","_coblocks_accordion_ie_support":"","footnotes":""},"class_list":["post-839","page","type-page","status-publish","hentry"],"_links":{"self":[{"href":"https:\/\/familienforschung-tecklenburger-land.de\/index.php?rest_route=\/wp\/v2\/pages\/839","targetHints":{"allow":["GET"]}}],"collection":[{"href":"https:\/\/familienforschung-tecklenburger-land.de\/index.php?rest_route=\/wp\/v2\/pages"}],"about":[{"href":"https:\/\/familienforschung-tecklenburger-land.de\/index.php?rest_route=\/wp\/v2\/types\/page"}],"author":[{"embeddable":true,"href":"https:\/\/familienforschung-tecklenburger-land.de\/index.php?rest_route=\/wp\/v2\/users\/4"}],"replies":[{"embeddable":true,"href":"https:\/\/familienforschung-tecklenburger-land.de\/index.php?rest_route=%2Fwp%2Fv2%2Fcomments&post=839"}],"version-history":[{"count":5,"href":"https:\/\/familienforschung-tecklenburger-land.de\/index.php?rest_route=\/wp\/v2\/pages\/839\/revisions"}],"predecessor-version":[{"id":1009,"href":"https:\/\/familienforschung-tecklenburger-land.de\/index.php?rest_route=\/wp\/v2\/pages\/839\/revisions\/1009"}],"wp:attachment":[{"href":"https:\/\/familienforschung-tecklenburger-land.de\/index.php?rest_route=%2Fwp%2Fv2%2Fmedia&parent=839"}],"curies":[{"name":"wp","href":"https:\/\/api.w.org\/{rel}","templated":true}]}}