{"id":825,"date":"2023-03-01T18:16:41","date_gmt":"2023-03-01T17:16:41","guid":{"rendered":"https:\/\/familienforschung-tecklenburger-land.de\/?page_id=825"},"modified":"2023-03-03T17:27:10","modified_gmt":"2023-03-03T16:27:10","slug":"spurensuche-lienen","status":"publish","type":"page","link":"https:\/\/familienforschung-tecklenburger-land.de\/?page_id=825","title":{"rendered":"Spurensuche Lienen"},"content":{"rendered":"\n<div class=\"wp-block-columns is-layout-flex wp-container-core-columns-is-layout-9d6595d7 wp-block-columns-is-layout-flex\">\n<div class=\"wp-block-column is-layout-flow wp-block-column-is-layout-flow\" style=\"flex-basis:33.33%\">\n<figure class=\"wp-block-image size-large has-lightbox\"><img loading=\"lazy\" decoding=\"async\" width=\"714\" height=\"1024\" src=\"https:\/\/familienforschung-tecklenburger-land.de\/wp-content\/uploads\/2023\/03\/Lienen-Titelseite-28.4-714x1024.jpg\" alt=\"\" class=\"wp-image-828\" srcset=\"https:\/\/familienforschung-tecklenburger-land.de\/wp-content\/uploads\/2023\/03\/Lienen-Titelseite-28.4-714x1024.jpg 714w, https:\/\/familienforschung-tecklenburger-land.de\/wp-content\/uploads\/2023\/03\/Lienen-Titelseite-28.4-209x300.jpg 209w, https:\/\/familienforschung-tecklenburger-land.de\/wp-content\/uploads\/2023\/03\/Lienen-Titelseite-28.4-768x1102.jpg 768w, https:\/\/familienforschung-tecklenburger-land.de\/wp-content\/uploads\/2023\/03\/Lienen-Titelseite-28.4-1070x1536.jpg 1070w, https:\/\/familienforschung-tecklenburger-land.de\/wp-content\/uploads\/2023\/03\/Lienen-Titelseite-28.4-1427x2048.jpg 1427w, https:\/\/familienforschung-tecklenburger-land.de\/wp-content\/uploads\/2023\/03\/Lienen-Titelseite-28.4-scaled.jpg 1784w\" sizes=\"auto, (max-width: 714px) 100vw, 714px\" \/><\/figure>\n\n\n\n<h3 class=\"wp-block-heading\">Inhaltsverzeichnis<\/h3>\n\n\n\n<h4 class=\"wp-block-heading\"><strong>Wissenswertes<\/strong><\/h4>\n\n\n\n<p class=\"has-small-font-size\">Einige wichtige Ereignisse in der Geschichte Lienens<\/p>\n\n\n\n<h4 class=\"wp-block-heading\"><strong>Orts- und Familiengeschichten<\/strong><\/h4>\n\n\n\n<p class=\"has-small-font-size\">Der Alltag der Bewohner Lienens vor 400 Jahren<\/p>\n\n\n\n<p class=\"has-small-font-size\">Kleine Geschichte des deutschen Volksschulwesens<\/p>\n\n\n\n<p class=\"has-small-font-size\">Von Religion und Schulwesen<\/p>\n\n\n\n<p class=\"has-small-font-size\">Wer war August Karl Holsche?<\/p>\n\n\n\n<p class=\"has-small-font-size\">Was ein Lehrer alles k\u00f6nnen muss. Bewerbung um eine Schulmeisterstelle<\/p>\n\n\n\n<p class=\"has-small-font-size\">Bericht an die K\u00f6nigliche Regierung zu Lingen, die Beschaffenheit des Landschulwesens in der Inspektion Lienen (in der Grafschaft Tecklenburg) betreffend<\/p>\n\n\n\n<p class=\"has-small-font-size\">Ein Schulinventar gibt Einblick in die Vergangenheit des Lienener Schulwesens<\/p>\n\n\n\n<p class=\"has-small-font-size\">\u00c4ltestes Protokollbuch des Lehrervereins Tecklenburg-S\u00fcd wiederentdeckt!<\/p>\n\n\n\n<p class=\"has-small-font-size\">Schulferien &#8211; Auszug aus den Akten der Schule in Lienen Holzhausen<\/p>\n\n\n\n<p class=\"has-small-font-size\">Dorffeste in Lienen<\/p>\n\n\n\n<p class=\"has-small-font-size\">Schulchronik Westerbeck (Gemeinde Lienen) von 1897<\/p>\n\n\n\n<p class=\"has-small-font-size\">Die Deutsche Schrift<\/p>\n\n\n\n<p class=\"has-small-font-size\">In\u2019n Winter mit Holsken&nbsp; &#8211;&nbsp; in\u2019n Suemer mit bawesken F\u00f6\u00fcten<\/p>\n\n\n\n<p class=\"has-small-font-size\">Do you speak English?<\/p>\n\n\n\n<p class=\"has-small-font-size\">Lienener in \u00dcbersee<\/p>\n\n\n\n<p class=\"has-small-font-size\">Familie Fartmeyer in Hagen und Lienen &#8211; Spurensuche \u00fcber die Grenze<\/p>\n\n\n\n<h4 class=\"wp-block-heading\"><strong>Fundst\u00fccke<\/strong><\/h4>\n\n\n\n<p class=\"has-small-font-size\">Zufallsfunde im Staatsarchiv Osnabr\u00fcck Lienen betreffend<\/p>\n\n\n\n<p class=\"has-small-font-size\">Weitere Archivfunde Lienen betreffend<\/p>\n\n\n\n<p class=\"has-small-font-size\">Lienener in Ortsfamilienb\u00fcchern<\/p>\n\n\n\n<p class=\"has-small-font-size\">Schwarze Schafe<\/p>\n\n\n\n<h4 class=\"wp-block-heading\"><strong>Forschungshilfen<\/strong><\/h4>\n\n\n\n<p class=\"has-small-font-size\">Literatur<\/p>\n\n\n\n<p class=\"has-small-font-size\">Namensverzeichnis<\/p>\n\n\n\n<figure class=\"wp-block-image size-large\"><img loading=\"lazy\" decoding=\"async\" width=\"601\" height=\"1024\" src=\"https:\/\/familienforschung-tecklenburger-land.de\/wp-content\/uploads\/2023\/03\/Simon-von-Tecklenburg-601x1024.jpg\" alt=\"\" class=\"wp-image-832\" srcset=\"https:\/\/familienforschung-tecklenburger-land.de\/wp-content\/uploads\/2023\/03\/Simon-von-Tecklenburg-601x1024.jpg 601w, https:\/\/familienforschung-tecklenburger-land.de\/wp-content\/uploads\/2023\/03\/Simon-von-Tecklenburg-176x300.jpg 176w, https:\/\/familienforschung-tecklenburger-land.de\/wp-content\/uploads\/2023\/03\/Simon-von-Tecklenburg-768x1310.jpg 768w, https:\/\/familienforschung-tecklenburger-land.de\/wp-content\/uploads\/2023\/03\/Simon-von-Tecklenburg.jpg 787w\" sizes=\"auto, (max-width: 601px) 100vw, 601px\" \/><\/figure>\n\n\n\n<p><\/p>\n\n\n\n<figure class=\"wp-block-image size-full\"><img loading=\"lazy\" decoding=\"async\" width=\"978\" height=\"638\" src=\"https:\/\/familienforschung-tecklenburger-land.de\/wp-content\/uploads\/2023\/03\/Lehrerbuch.jpg\" alt=\"\" class=\"wp-image-833\" srcset=\"https:\/\/familienforschung-tecklenburger-land.de\/wp-content\/uploads\/2023\/03\/Lehrerbuch.jpg 978w, https:\/\/familienforschung-tecklenburger-land.de\/wp-content\/uploads\/2023\/03\/Lehrerbuch-300x196.jpg 300w, https:\/\/familienforschung-tecklenburger-land.de\/wp-content\/uploads\/2023\/03\/Lehrerbuch-768x501.jpg 768w\" sizes=\"auto, (max-width: 978px) 100vw, 978px\" \/><\/figure>\n\n\n\n<p><\/p>\n\n\n\n<figure class=\"wp-block-image size-full\"><img loading=\"lazy\" decoding=\"async\" width=\"630\" height=\"746\" src=\"https:\/\/familienforschung-tecklenburger-land.de\/wp-content\/uploads\/2023\/03\/Schulheft-H.Schmedt.jpg\" alt=\"\" class=\"wp-image-834\" srcset=\"https:\/\/familienforschung-tecklenburger-land.de\/wp-content\/uploads\/2023\/03\/Schulheft-H.Schmedt.jpg 630w, https:\/\/familienforschung-tecklenburger-land.de\/wp-content\/uploads\/2023\/03\/Schulheft-H.Schmedt-253x300.jpg 253w\" sizes=\"auto, (max-width: 630px) 100vw, 630px\" \/><\/figure>\n\n\n\n<p><\/p>\n\n\n\n<figure class=\"wp-block-image size-full\"><img loading=\"lazy\" decoding=\"async\" width=\"392\" height=\"389\" src=\"https:\/\/familienforschung-tecklenburger-land.de\/wp-content\/uploads\/2023\/03\/Dorffest.jpg\" alt=\"\" class=\"wp-image-835\" srcset=\"https:\/\/familienforschung-tecklenburger-land.de\/wp-content\/uploads\/2023\/03\/Dorffest.jpg 392w, https:\/\/familienforschung-tecklenburger-land.de\/wp-content\/uploads\/2023\/03\/Dorffest-300x298.jpg 300w, https:\/\/familienforschung-tecklenburger-land.de\/wp-content\/uploads\/2023\/03\/Dorffest-150x150.jpg 150w\" sizes=\"auto, (max-width: 392px) 100vw, 392px\" \/><\/figure>\n\n\n\n<p><\/p>\n\n\n\n<figure class=\"wp-block-image size-full\"><img loading=\"lazy\" decoding=\"async\" width=\"961\" height=\"627\" src=\"https:\/\/familienforschung-tecklenburger-land.de\/wp-content\/uploads\/2023\/03\/Hanna-mit-Buch.jpg\" alt=\"\" class=\"wp-image-836\" srcset=\"https:\/\/familienforschung-tecklenburger-land.de\/wp-content\/uploads\/2023\/03\/Hanna-mit-Buch.jpg 961w, https:\/\/familienforschung-tecklenburger-land.de\/wp-content\/uploads\/2023\/03\/Hanna-mit-Buch-300x196.jpg 300w, https:\/\/familienforschung-tecklenburger-land.de\/wp-content\/uploads\/2023\/03\/Hanna-mit-Buch-768x501.jpg 768w\" sizes=\"auto, (max-width: 961px) 100vw, 961px\" \/><\/figure>\n<\/div>\n\n\n\n<div class=\"wp-block-column is-layout-flow wp-block-column-is-layout-flow\" style=\"flex-basis:66.66%\">\n<h2 class=\"wp-block-heading\">Heft 1 \/ 2012<\/h2>\n\n\n\n<h4 class=\"wp-block-heading\">Schulwesen in fr\u00fcherer Zeit<\/h4>\n\n\n\n<p><strong>Das Heft kostet 5,- Euro und kann in unserer Bibliothek eingesehen werden. Wenn noch Exemplare vorhanden sind, k\u00f6nnen Sie sie dort kaufen.<\/strong><\/p>\n\n\n\n<p class=\"has-small-font-size\">Auch diese Ausgabe unserer \u201eSpurensuche \u2013 Familienforschung im Tecklenburger Land\u201c mit dem Schwerpunkt Lienen haben wir wieder mit viel Freude f\u00fcr Sie zusammen gestellt.<\/p>\n\n\n\n<p class=\"has-small-font-size\">Die F\u00fclle an Materialien und Dokumenten in Bibliotheken, privaten und \u00f6ffentlichen Archiven &#8211; vor allem zum Schulwesen in Lienen &#8211; hat uns \u00fcberrascht und beinahe erschlagen. Die Auswahl fiel unglaublich schwer, und einige Artikel konnten wir aus Platzmangel leider nicht mehr unterbringen. Diese werden aber unter Umst\u00e4nden in der n\u00e4chsten Zeit hier online erscheinen.<\/p>\n\n\n\n<p class=\"has-small-font-size\">Suchanfragen sollen in den n\u00e4chsten Ausgaben unserer Zeitschrift wieder ver\u00f6ffentlicht werden. Sie k\u00f6nnen aber auch unsere vereinseigene <a href=\"http:\/\/list.genealogy.net\/mm\/listinfo\/tefam-l\">offene Mailingliste<\/a> nutzen und dort kostenlos Ihre Fragen stellen.<\/p>\n\n\n\n<p class=\"has-small-font-size\">Die aktuellen Vortragsthemen und Termine unserer Treffen (jeweils am ersten Samstag im Monat um 14.00 Uhr im Hotel \u201eBismarckh\u00f6he\u201c in Tecklenburg) entnehmen Sie bitte unseren Terminflyern, der \u00f6rtlichen Tagespresse oder unserer Homepage. Die Homepage unseres Vereins wird zur Zeit neu gestaltet und geht in K\u00fcrze online \u2013 lassen Sie sich \u00fcberraschen!<\/p>\n\n\n\n<p class=\"has-small-font-size\">An dieser Stelle m\u00f6chten wir nicht vers\u00e4umen, uns ganz herzlich bei allen Mitgliedern, Freunden und F\u00f6rderern unseres Vereins zu bedanken, die mit Artikeln, Hinweisen und Hilfen sowie mit ihrer finanziellen Unterst\u00fctzung einen ganz erheblichen Anteil am Erfolg unserer \u201eSpurensuche\u201c haben.<\/p>\n\n\n\n<p class=\"has-small-font-size\">&nbsp;Wir hoffen, dass die abgedruckten Beitr\u00e4ge lesenswert und die enthaltenen Informationen f\u00fcr Ihre Forschungen hilfreich sind!<\/p>\n\n\n\n<h4 class=\"wp-block-heading\">Das bislang \u00e4lteste Protokollbuch des Lehrerverbandes Tecklenburg \u2013 S\u00fcd wiederentdeckt!<\/h4>\n\n\n\n<p class=\"has-small-font-size\">Hanna Schmedt entdeckte dieses einzigartige Dokument zur Schulgeschichte des Tecklen-burger Landes im Archiv ihres Mannes, des ehemaligen Kreisheimatpflegers und Rektors der Hauptschule in Lienen, Friedrich Schmedt. Die 95 Protokolle der Jahre 1863 bis 1901, geschrieben in Deutscher Schrift, geben interessante Einblicke in die Lehrmethoden und Lerninhalte vor 150 Jahren. Namen und Aufgaben einzelner Lehrer machen das Protokollbuch auch f\u00fcr Familienforscher zur spannenden Lekt\u00fcre.<\/p>\n\n\n\n<h3 class=\"wp-block-heading\">Verzeichnis der im Lienener Heft vorkommenden Namen:<\/h3>\n\n\n\n<h5 class=\"wp-block-heading\">A<\/h5>\n\n\n\n<p class=\"has-small-font-size\">Ahmann, Alberts, Alcken, Aldrup, Allendorps, Alteholz, Althoff, Aman, Asmus, Assmann, A\u00dfmann, Auerdalhoff, Auerdalhoues, Austermeyer, Austrup<\/p>\n\n\n\n<h5 class=\"wp-block-heading\">B<\/h5>\n\n\n\n<p class=\"has-small-font-size\">B(V)onnegut, Bardelmeijer, Barthels, Basedow, Bauer, Baumeister, Baumstark, Beccard, Becker, Beckhaus, Beckmann, Beineke, Beneke, Bensmann, Berelmann, Bergmann, Berkemeyer, Berlemann, Bertiling, Bielefeldt, Bischof, Bischoff, Bl\u00f6mcken, Blomendahl, Bl\u00f6mker, Blumenthal, B\u00f6ker, Bolle, Bollmann, Borgelt, B\u00f6rger, Brandes, Breue, Brewe, Brinkmann, Brockschmidt, Br\u00fcner, Br\u00fcning, Br\u00fcnink, Bruns, Brunsmann, Brunswick, Bruseke, B\u00fccker, B\u00fcnecker, B\u00fcneker, Bunte, B\u00fcren, B\u00fcscher, Butke<\/p>\n\n\n\n<h5 class=\"wp-block-heading\">C<\/h5>\n\n\n\n<p class=\"has-small-font-size\">Caldemeyer, Caldwell, Christoffer, Comenius, Creutzhinke, Cruse, Cr\u00fctzehecker<\/p>\n\n\n\n<h5 class=\"wp-block-heading\">D<\/h5>\n\n\n\n<p class=\"has-small-font-size\">Dahlhoff, Danebroeck, Dauthagen, Denter, Determann, Dieckmann, Diekmeier, Dierker, Dirck, Doe, Doethagen, Dolhagen, D\u00f6lling, Dorenbrock, Dothage, Dozen, Dransmann, Driemeier, Driemeyer<\/p>\n\n\n\n<h5 class=\"wp-block-heading\">E<\/h5>\n\n\n\n<p class=\"has-small-font-size\">Elixmann, Ellebracht, El\u00dfmeier, Everskotte<\/p>\n\n\n\n<h5 class=\"wp-block-heading\">F<\/h5>\n\n\n\n<p class=\"has-small-font-size\">Fach, Fartmann, Fartmeyer, Figge, Fl\u00fcchter, Focke, Frei, Frye, f\u00fcr den Hagen, f\u00fcr der Marcke<\/p>\n\n\n\n<h5 class=\"wp-block-heading\">G<\/h5>\n\n\n\n<p class=\"has-small-font-size\">Gerdt, Gerling, Gerserker, Giese, G\u00f6rz, Graeler, Grimensholt, Grundmann<\/p>\n\n\n\n<h5 class=\"wp-block-heading\">H<\/h5>\n\n\n\n<p class=\"has-small-font-size\">Hake, Hanenbrinck, Harde, Harden, Hassmann, Hausbrandt, Hecker, Heeman, Hehemann, Hemmelreich, Hemmelrik, Hempelmann, Henschen, Hergem\u00f6ller, Hersmann, Her\u00dfman, Heyer, Hierlaender, Hilgemann, Hillige, Hilligeman, Hilligman, Hobbelmann, Hoeinghaus, Hoelscher, Hoetmar, Hoffmann, Hoge, Hogen, Hogepeter, Hollenberg, Holsche, H\u00f6lscher, Holtgrewe, Holthues, Holthus, Hooge, Hoogen, Horstebroeck, Horstebroick, Horstmann, Horstmeier, H\u00f6wermann, Huckedy, H\u00fclsmann, Huneke, Hunsche<\/p>\n\n\n\n<h5 class=\"wp-block-heading\">I<\/h5>\n\n\n\n<p class=\"has-small-font-size\">Ibershoff, Im Dornebroeck, In dem Wege\/Wie, Ittig<\/p>\n\n\n\n<h5 class=\"wp-block-heading\">J<\/h5>\n\n\n\n<p class=\"has-small-font-size\">Jacob<\/p>\n\n\n\n<h5 class=\"wp-block-heading\">K<\/h5>\n\n\n\n<p class=\"has-small-font-size\">Kappel, Kasselmann, Kattmann, Keiser, Keller, Kersten, Kettelkamp, Keur, Kibbe, Kinke, Kipp, Klare, Klausmeyer, Klinge, Klingemeier, Klostermann, Knaphee, Knapheen, Kock, Koek, Koelling, Koepgerd, K\u00f6nig, K\u00f6nigkr\u00e4mer, Konninge, Korte, K\u00f6ster, Krampe, Kremer, Kriege, Krumme, Kruse, Kuck, Kuem\u00f6ller, Kybbe<\/p>\n\n\n\n<h5 class=\"wp-block-heading\">L<\/h5>\n\n\n\n<p class=\"has-small-font-size\">Lambers, Lammert, Laumann, Lenhart, Lenzing, Liede, L\u00fcbbering, L\u00fcbberman, Luedemann<\/p>\n\n\n\n<h5 class=\"wp-block-heading\">M<\/h5>\n\n\n\n<p class=\"has-small-font-size\">Manz, Mast, Meerhof, Meier, Meyer, Menke, Merten, Middelberg, Middendorp, Mindrup, Minnecker, Mitenkatte, M\u00f6ller, Muermann, Mytenkotte<\/p>\n\n\n\n<h5 class=\"wp-block-heading\">N<\/h5>\n\n\n\n<p class=\"has-small-font-size\">Nederdalmeyger, Niehaus, Niemann, Niem\u00f6ller, Nierman<\/p>\n\n\n\n<h5 class=\"wp-block-heading\">O<\/h5>\n\n\n\n<p class=\"has-small-font-size\">Oberhellmann, Oberth\u00fcr, Oesterbuhr, Oldendorp, Ollendorp, Ollentrup, Ostendorp, Ostrup, Otte, Overberg<\/p>\n\n\n\n<h5 class=\"wp-block-heading\">P<\/h5>\n\n\n\n<p class=\"has-small-font-size\">Paaschen, Papenbrock, Peeck, Peters, Piccard<\/p>\n\n\n\n<h5 class=\"wp-block-heading\">R<\/h5>\n\n\n\n<p class=\"has-small-font-size\">Reiman, Reninckman, Reyman, Richards, Ridder, Rogge, Rohlmann, R\u00f6kener, Roleman, Rolevinckman, Rotten, R\u00fchwien, R\u00fcter<\/p>\n\n\n\n<h5 class=\"wp-block-heading\">S<\/h5>\n\n\n\n<p class=\"has-small-font-size\">Saatkamp, Sack, Saetman, Schaan, Sch\u00e4chter, Sch\u00e4perclaus, Scharlach, Scheventorf, Schlueter, Schmedt, Schmidt, Schmitt, Schnabel, Schnieders, Schomberg, Schonder, Schotte, Schove, Schulte, Schulte Ufflage, Schulte Varwig, Schulte Vfflage, Schulze, Sch\u00fcrmann, Schuster, Sellemeier, Siebeking, Snethlage, Snieders, Sprengelmeyer, Sprick, Staggemeyer, Stapenhorst, Stegemann, Steinigeweg, Steinwege, Steube, Stille, Stroetman, Stuckenberg, Suhr, Sundermann<\/p>\n\n\n\n<h5 class=\"wp-block-heading\">T<\/h5>\n\n\n\n<p class=\"has-small-font-size\">Tacke, Take, Teckemeier, Teckenbrock, Teescke, Tepe, Teske, Thiel, Tiemann, Tigman, T\u00f6njes, Tonnies vor dem Berge, Twiehaus<\/p>\n\n\n\n<h5 class=\"wp-block-heading\">U<\/h5>\n\n\n\n<p class=\"has-small-font-size\">Ufelage, Upmeyer, Utlaut<\/p>\n\n\n\n<h5 class=\"wp-block-heading\">V<\/h5>\n\n\n\n<p class=\"has-small-font-size\">Vaartmeyer, Veltheffs, Veltmeier, vff dem Kattenvenne, vff der Beecke, vffe Hee, Vinckenfenger, Vogelsang, V\u00f6ller, von Felbiger, von Korff, von Morsey, von Wedel, vor den Hagen, vor der Marck, Voss, Vphoff, Vphoues<\/p>\n\n\n\n<h5 class=\"wp-block-heading\">W<\/h5>\n\n\n\n<p class=\"has-small-font-size\">Weber, Wede, Wedek\u00e4mper, Wesselman, Westmann, Wie, Wiemann, Windm\u00f6ller, Windm\u00fcller, Winnem\u00f6ller, Winzer, Witte, Wittenbrock, Wolf, Wortman, W\u00fcller, Wyttinckman<\/p>\n\n\n\n<h5 class=\"wp-block-heading\">Y<\/h5>\n\n\n\n<p class=\"has-small-font-size\">Ypershoff<\/p>\n\n\n\n<h5 class=\"wp-block-heading\">Z<\/h5>\n\n\n\n<p class=\"has-small-font-size\">zu Ostenfelde, zur Halle, zur Hee, Zurhey, zur Horst<\/p>\n<\/div>\n<\/div>\n","protected":false},"excerpt":{"rendered":"<p>Inhaltsverzeichnis Wissenswertes Einige wichtige Ereignisse in der Geschichte Lienens Orts- und Familiengeschichten Der Alltag der Bewohner Lienens vor 400 Jahren Kleine Geschichte des deutschen Volksschulwesens Von Religion und Schulwesen Wer war August Karl Holsche? Was ein Lehrer alles k\u00f6nnen muss. Bewerbung um eine Schulmeisterstelle Bericht an die K\u00f6nigliche Regierung zu Lingen, die Beschaffenheit des Landschulwesens&#8230;<\/p>\n","protected":false},"author":4,"featured_media":0,"parent":0,"menu_order":7,"comment_status":"closed","ping_status":"closed","template":"","meta":{"_coblocks_attr":"","_coblocks_dimensions":"","_coblocks_responsive_height":"","_coblocks_accordion_ie_support":"","footnotes":""},"class_list":["post-825","page","type-page","status-publish","hentry"],"_links":{"self":[{"href":"https:\/\/familienforschung-tecklenburger-land.de\/index.php?rest_route=\/wp\/v2\/pages\/825","targetHints":{"allow":["GET"]}}],"collection":[{"href":"https:\/\/familienforschung-tecklenburger-land.de\/index.php?rest_route=\/wp\/v2\/pages"}],"about":[{"href":"https:\/\/familienforschung-tecklenburger-land.de\/index.php?rest_route=\/wp\/v2\/types\/page"}],"author":[{"embeddable":true,"href":"https:\/\/familienforschung-tecklenburger-land.de\/index.php?rest_route=\/wp\/v2\/users\/4"}],"replies":[{"embeddable":true,"href":"https:\/\/familienforschung-tecklenburger-land.de\/index.php?rest_route=%2Fwp%2Fv2%2Fcomments&post=825"}],"version-history":[{"count":6,"href":"https:\/\/familienforschung-tecklenburger-land.de\/index.php?rest_route=\/wp\/v2\/pages\/825\/revisions"}],"predecessor-version":[{"id":1005,"href":"https:\/\/familienforschung-tecklenburger-land.de\/index.php?rest_route=\/wp\/v2\/pages\/825\/revisions\/1005"}],"wp:attachment":[{"href":"https:\/\/familienforschung-tecklenburger-land.de\/index.php?rest_route=%2Fwp%2Fv2%2Fmedia&parent=825"}],"curies":[{"name":"wp","href":"https:\/\/api.w.org\/{rel}","templated":true}]}}