{"id":799,"date":"2023-03-01T17:55:06","date_gmt":"2023-03-01T16:55:06","guid":{"rendered":"https:\/\/familienforschung-tecklenburger-land.de\/?page_id=799"},"modified":"2023-03-03T17:26:58","modified_gmt":"2023-03-03T16:26:58","slug":"spurensuche-lengerich","status":"publish","type":"page","link":"https:\/\/familienforschung-tecklenburger-land.de\/?page_id=799","title":{"rendered":"Spurensuche Lengerich"},"content":{"rendered":"\n<div class=\"wp-block-columns is-layout-flex wp-container-core-columns-is-layout-9d6595d7 wp-block-columns-is-layout-flex\">\n<div class=\"wp-block-column is-layout-flow wp-block-column-is-layout-flow\" style=\"flex-basis:33.33%\">\n<figure class=\"wp-block-image size-large\"><img loading=\"lazy\" decoding=\"async\" width=\"713\" height=\"1024\" src=\"https:\/\/familienforschung-tecklenburger-land.de\/wp-content\/uploads\/2023\/03\/Titelseite-fertig-Lengerich_KLEIN-1-713x1024.jpg\" alt=\"\" class=\"wp-image-806\" srcset=\"https:\/\/familienforschung-tecklenburger-land.de\/wp-content\/uploads\/2023\/03\/Titelseite-fertig-Lengerich_KLEIN-1-713x1024.jpg 713w, https:\/\/familienforschung-tecklenburger-land.de\/wp-content\/uploads\/2023\/03\/Titelseite-fertig-Lengerich_KLEIN-1-209x300.jpg 209w, https:\/\/familienforschung-tecklenburger-land.de\/wp-content\/uploads\/2023\/03\/Titelseite-fertig-Lengerich_KLEIN-1-768x1103.jpg 768w, https:\/\/familienforschung-tecklenburger-land.de\/wp-content\/uploads\/2023\/03\/Titelseite-fertig-Lengerich_KLEIN-1-1070x1536.jpg 1070w, https:\/\/familienforschung-tecklenburger-land.de\/wp-content\/uploads\/2023\/03\/Titelseite-fertig-Lengerich_KLEIN-1.jpg 1262w\" sizes=\"auto, (max-width: 713px) 100vw, 713px\" \/><\/figure>\n\n\n\n<h3 class=\"wp-block-heading\">Inhaltsverzeichnis:<\/h3>\n\n\n\n<h4 class=\"wp-block-heading\">Wissenswertes<\/h4>\n\n\n\n<p class=\"has-small-font-size\">Kirchspiel und Stadt Lengerich \u2013 Landesherrschaft<\/p>\n\n\n\n<p class=\"has-small-font-size\">Einige wichtige Ereignisse in der Geschichte des Kirchspiels<\/p>\n\n\n\n<p class=\"has-small-font-size\">H\u00f6fe und deren Grundherren 1755<\/p>\n\n\n\n<p class=\"has-small-font-size\">Erbesqualit\u00e4t der H\u00f6fe 1616 &#8211; 1648<\/p>\n\n\n\n<p class=\"has-small-font-size\">Hofnamen in Westfalen<\/p>\n\n\n\n<h4 class=\"wp-block-heading\">Orts- und Familiengeschichten<\/h4>\n\n\n\n<p class=\"has-small-font-size\">Schweinezucht in fr\u00fcherer Zeit in Lengerich<\/p>\n\n\n\n<p class=\"has-small-font-size\">Der Alltag der Bewohner Lengerichs vor 400 Jahren<\/p>\n\n\n\n<p class=\"has-small-font-size\">&#8222;Anno 1730 [&#8230;] haben Mich die Soldaten Weg genommen [&#8230;]&#8220;<\/p>\n\n\n\n<p class=\"has-small-font-size\">Nachricht von einer hysterischen Jungfrau, die es mit dem Teufel zu thun haben will<\/p>\n\n\n\n<p class=\"has-small-font-size\">Verein zur Unterbringung verwahrloster Kinder<\/p>\n\n\n\n<p class=\"has-small-font-size\">Der Versuch der Eigengebung des Lengericher Kammerfreien Johann Hinrich Christoffer 1786\/87<\/p>\n\n\n\n<p class=\"has-small-font-size\">Die franz\u00f6sische Konskription &#8211; Einzug zur Milit\u00e4rpflicht<\/p>\n\n\n\n<p class=\"has-small-font-size\">Lengericher Auswanderer<\/p>\n\n\n\n<p class=\"has-small-font-size\">Die j\u00fcdische Bev\u00f6lkerung in Lengerich<\/p>\n\n\n\n<h4 class=\"wp-block-heading\">Fundst\u00fccke<\/h4>\n\n\n\n<p class=\"has-small-font-size\">Zufallsfunde aus dem Landesarchiv NRW<\/p>\n\n\n\n<p class=\"has-small-font-size\">Funde aus dem Beerdigungsbuch Lengerich<\/p>\n\n\n\n<p class=\"has-small-font-size\">Milit\u00e4rangeh\u00f6rige aus dem Beerdigungsbuch Lengerich 1751 bis 1799<\/p>\n\n\n\n<p class=\"has-small-font-size\">Lengericher im Kirchenbuch der Gemeinde Leeden<\/p>\n\n\n\n<p class=\"has-small-font-size\">Weitere Zufallsfunde<\/p>\n\n\n\n<p class=\"has-small-font-size\">Schwarze Schafe<\/p>\n\n\n\n<p class=\"has-small-font-size\">Private genealogische Homepages<\/p>\n\n\n\n<p class=\"has-small-font-size\">Verwandtschaftsverh\u00e4ltnisse 1873<\/p>\n\n\n\n<figure class=\"wp-block-image size-large\"><img loading=\"lazy\" decoding=\"async\" width=\"749\" height=\"1024\" src=\"https:\/\/familienforschung-tecklenburger-land.de\/wp-content\/uploads\/2023\/03\/300dpi-Schwager-Titel-749x1024.jpg\" alt=\"\" class=\"wp-image-807\" srcset=\"https:\/\/familienforschung-tecklenburger-land.de\/wp-content\/uploads\/2023\/03\/300dpi-Schwager-Titel-749x1024.jpg 749w, https:\/\/familienforschung-tecklenburger-land.de\/wp-content\/uploads\/2023\/03\/300dpi-Schwager-Titel-220x300.jpg 220w, https:\/\/familienforschung-tecklenburger-land.de\/wp-content\/uploads\/2023\/03\/300dpi-Schwager-Titel-768x1049.jpg 768w, https:\/\/familienforschung-tecklenburger-land.de\/wp-content\/uploads\/2023\/03\/300dpi-Schwager-Titel.jpg 972w\" sizes=\"auto, (max-width: 749px) 100vw, 749px\" \/><\/figure>\n\n\n\n<p><\/p>\n\n\n\n<figure class=\"wp-block-image size-full\"><img loading=\"lazy\" decoding=\"async\" width=\"974\" height=\"499\" src=\"https:\/\/familienforschung-tecklenburger-land.de\/wp-content\/uploads\/2023\/03\/Inschrift.jpg\" alt=\"\" class=\"wp-image-808\" srcset=\"https:\/\/familienforschung-tecklenburger-land.de\/wp-content\/uploads\/2023\/03\/Inschrift.jpg 974w, https:\/\/familienforschung-tecklenburger-land.de\/wp-content\/uploads\/2023\/03\/Inschrift-300x154.jpg 300w, https:\/\/familienforschung-tecklenburger-land.de\/wp-content\/uploads\/2023\/03\/Inschrift-768x393.jpg 768w\" sizes=\"auto, (max-width: 974px) 100vw, 974px\" \/><\/figure>\n\n\n\n<p><\/p>\n\n\n\n<figure class=\"wp-block-image size-large\"><img loading=\"lazy\" decoding=\"async\" width=\"1020\" height=\"1024\" src=\"https:\/\/familienforschung-tecklenburger-land.de\/wp-content\/uploads\/2023\/03\/Medaillen-7-1020x1024.jpg\" alt=\"\" class=\"wp-image-809\" srcset=\"https:\/\/familienforschung-tecklenburger-land.de\/wp-content\/uploads\/2023\/03\/Medaillen-7-1020x1024.jpg 1020w, https:\/\/familienforschung-tecklenburger-land.de\/wp-content\/uploads\/2023\/03\/Medaillen-7-300x300.jpg 300w, https:\/\/familienforschung-tecklenburger-land.de\/wp-content\/uploads\/2023\/03\/Medaillen-7-150x150.jpg 150w, https:\/\/familienforschung-tecklenburger-land.de\/wp-content\/uploads\/2023\/03\/Medaillen-7-768x771.jpg 768w, https:\/\/familienforschung-tecklenburger-land.de\/wp-content\/uploads\/2023\/03\/Medaillen-7.jpg 1098w\" sizes=\"auto, (max-width: 1020px) 100vw, 1020px\" \/><\/figure>\n\n\n\n<p><\/p>\n\n\n\n<figure class=\"wp-block-image size-full\"><img loading=\"lazy\" decoding=\"async\" width=\"968\" height=\"815\" src=\"https:\/\/familienforschung-tecklenburger-land.de\/wp-content\/uploads\/2023\/03\/stolperstein-synagoge.jpg\" alt=\"\" class=\"wp-image-810\" srcset=\"https:\/\/familienforschung-tecklenburger-land.de\/wp-content\/uploads\/2023\/03\/stolperstein-synagoge.jpg 968w, https:\/\/familienforschung-tecklenburger-land.de\/wp-content\/uploads\/2023\/03\/stolperstein-synagoge-300x253.jpg 300w, https:\/\/familienforschung-tecklenburger-land.de\/wp-content\/uploads\/2023\/03\/stolperstein-synagoge-768x647.jpg 768w\" sizes=\"auto, (max-width: 968px) 100vw, 968px\" \/><\/figure>\n\n\n\n<p><\/p>\n\n\n\n<figure class=\"wp-block-image size-large\"><img loading=\"lazy\" decoding=\"async\" width=\"944\" height=\"1024\" src=\"https:\/\/familienforschung-tecklenburger-land.de\/wp-content\/uploads\/2023\/03\/Roemer-von-hinten-944x1024.jpg\" alt=\"\" class=\"wp-image-811\" srcset=\"https:\/\/familienforschung-tecklenburger-land.de\/wp-content\/uploads\/2023\/03\/Roemer-von-hinten-944x1024.jpg 944w, https:\/\/familienforschung-tecklenburger-land.de\/wp-content\/uploads\/2023\/03\/Roemer-von-hinten-276x300.jpg 276w, https:\/\/familienforschung-tecklenburger-land.de\/wp-content\/uploads\/2023\/03\/Roemer-von-hinten-768x833.jpg 768w, https:\/\/familienforschung-tecklenburger-land.de\/wp-content\/uploads\/2023\/03\/Roemer-von-hinten.jpg 974w\" sizes=\"auto, (max-width: 944px) 100vw, 944px\" \/><\/figure>\n\n\n\n<p><\/p>\n\n\n\n<figure class=\"wp-block-image size-full\"><img loading=\"lazy\" decoding=\"async\" width=\"400\" height=\"307\" src=\"https:\/\/familienforschung-tecklenburger-land.de\/wp-content\/uploads\/2023\/03\/teufel_pakt_fluch.jpg\" alt=\"\" class=\"wp-image-812\" srcset=\"https:\/\/familienforschung-tecklenburger-land.de\/wp-content\/uploads\/2023\/03\/teufel_pakt_fluch.jpg 400w, https:\/\/familienforschung-tecklenburger-land.de\/wp-content\/uploads\/2023\/03\/teufel_pakt_fluch-300x230.jpg 300w\" sizes=\"auto, (max-width: 400px) 100vw, 400px\" \/><\/figure>\n\n\n\n<p><\/p>\n\n\n\n<figure class=\"wp-block-image size-full\"><img loading=\"lazy\" decoding=\"async\" width=\"509\" height=\"261\" src=\"https:\/\/familienforschung-tecklenburger-land.de\/wp-content\/uploads\/2023\/03\/Bild9j.jpg\" alt=\"\" class=\"wp-image-813\" srcset=\"https:\/\/familienforschung-tecklenburger-land.de\/wp-content\/uploads\/2023\/03\/Bild9j.jpg 509w, https:\/\/familienforschung-tecklenburger-land.de\/wp-content\/uploads\/2023\/03\/Bild9j-300x154.jpg 300w\" sizes=\"auto, (max-width: 509px) 100vw, 509px\" \/><\/figure>\n<\/div>\n\n\n\n<div class=\"wp-block-column is-layout-flow wp-block-column-is-layout-flow\" style=\"flex-basis:66.66%\">\n<h2 class=\"wp-block-heading\">Heft 1 \/ 2011<\/h2>\n\n\n\n<h4 class=\"wp-block-heading\">Die Geschichte und Geschichten rund um die Stadt und ihre Familien.<\/h4>\n\n\n\n<p><strong>Das Heft kostet 5,- Euro und kann in unserer Bibliothek eingesehen werden. Wenn noch Exemplare vorhanden sind, k\u00f6nnen Sie sie dort kaufen.<\/strong><\/p>\n\n\n\n<p class=\"has-small-font-size\">Auf 56 Seiten findet sich eine F\u00fclle von Informationen zu den Lebensumst\u00e4nden unserer Vorfahren in dieser Stadt. Wissenswertes zur Geschichte des Kirchspiels wie z. B. H\u00f6fe und deren Grundherren, Ausz\u00fcge aus dem Br\u00fcchtenregister von 1611, das Schicksal eines Lengericher Bauern vor 200 Jahren nach Berichten aus seinem Tagebuch, Informationen zu Conscribierten, Deserteuren und vermissten Soldaten aus Lengerich, Aufs\u00e4tze zur Auswanderung und zur j\u00fcdischen Bev\u00f6lkerung, aber auch Kurioses wie die Geschichte der \u201ehysterischen Jungfrau in Lengerich, die es mit dem Teufel zu thun haben will\u201c sowie Zufallsfunde in Zeitungen und Archiven versprechen interessante und manchmal auch am\u00fcsante Lesestunden.<br><br>Eine umfassende Literaturauswahl zum Kirchspiel Lengerich, die sowohl selbst\u00e4ndige Ver\u00f6ffentlichungen, als auch Aufs\u00e4tze z. B. in Heimatjahrb\u00fcchern und vor allem die h\u00e4ufig weniger beachteten Festschriften enth\u00e4lt, soll Hilfe und Anregung f\u00fcr weitere Forschungen sein. Das Namensverzeichnis am Schluss mit mehr als 550 Namen, die allein in dieser Ausgabe genannt werden, vereinfacht die Suche nach den eigenen Vorfahren in der \u201eSpurensuche \u2013 Familienforschung im Tecklenburger Land\u201c.<\/p>\n\n\n\n<h3 class=\"wp-block-heading\">Verzeichnis der im Lengericher Heft vorkommenden Namen:<\/h3>\n\n\n\n<h5 class=\"wp-block-heading\">A<\/h5>\n\n\n\n<p class=\"has-small-font-size\">Aakolck, Abrahamsohn, Ahlert, Ahmeyer, Akolck, Alteholz, Altmann, Antowil, Arelman, Arend zu Aldrup, Arge, Arlemann, Arndt, Aschebrock, Auberesch, Auerbach, auf der Heide, Averesch<\/p>\n\n\n\n<h5 class=\"wp-block-heading\">B<\/h5>\n\n\n\n<p class=\"has-small-font-size\">Balcke, Banning, B\u00e4umer, Baumkamp, Baumker, B\u00e4umker, Beccard, Becker, Beckmann, Beineke, Belper, Benjamin, Berellmann, Berend, Bergjohann, Bergmeier, Berkemeyer, Berlemann, Bick, Billmann, Bischof, Bocker, Bodeker, B\u00f6gel, B\u00f6hmer, Bolle, B\u00f6ltken, B\u00f6mker, Borbeck, Bosse, Bossemeyer, Brackmann, Brandt, Brewe, Brinkmann, Brinksteffen, Brinkwessel, Brockl\u00e4nder, Brockmann, Brokmeier, Br\u00f6nstrup, Brun, Br\u00fcn, Brunait, Brunder, Brundiek, Brune, Brunemeyer, Br\u00fcnemeyer, Brunet, Br\u00fcning, Br\u00fcningmeyer, Brunsmann, Buchthau\u00df, B\u00fccker, Buddemeyer, Buddenkuhl, Budke, Bueker, B\u00fcgen, Busch, B\u00fcscher<\/p>\n\n\n\n<h5 class=\"wp-block-heading\">C<\/h5>\n\n\n\n<p class=\"has-small-font-size\">Cahn, Caldemeier, Christoffer, Clau\u00df<\/p>\n\n\n\n<h5 class=\"wp-block-heading\">D<\/h5>\n\n\n\n<p class=\"has-small-font-size\">Dabeke, Daemann, Damann, Damme, Dauweke, Daweke, de Beck, Delbr\u00fcgge, Denter, Determan, Determann, Diekmann, Diekmeyer, Diersmann, Doe, Dohe, Dohmann, D\u00f6lling, Domann, Dove, Drees, Drei\u00df, Drochelmann, Drockelmann, Drokur, Drymeyer, Duesberg, D\u00fcinck, Duing, Dyckerhoff<\/p>\n\n\n\n<h5 class=\"wp-block-heading\">E<\/h5>\n\n\n\n<p class=\"has-small-font-size\">Egbert, Egelsheide, Ehman, Ehmann, Eichholtz, Eickhold, Ephraim, Erpenbeck, Etgeton, Everskotte, Eversmeier, Eversmeyer<\/p>\n\n\n\n<h5 class=\"wp-block-heading\">F<\/h5>\n\n\n\n<p class=\"has-small-font-size\">Fangmeier, Faste, Feibe, Feldkamp, Feldtmeier, Fengener, Fiegenbaum, Finke, Finkener, Fischbek, Fleddermann, Focke, Freese, Friccius<\/p>\n\n\n\n<h5 class=\"wp-block-heading\">G<\/h5>\n\n\n\n<p class=\"has-small-font-size\">Gempt, Gerking, Geselbracht, Geselbrecht, Gible, Gildemeister, Gosling, Graue, Grone, Gr\u00f6ninger, Grothaus, G\u00fcnnemann, Gyse<\/p>\n\n\n\n<h5 class=\"wp-block-heading\">H<\/h5>\n\n\n\n<p class=\"has-small-font-size\">Hahnemeier, Hakmann, Hanemeyer, Hannaum, Hasenkamp, Hasselmann, Hassmann, Heemann, Heilbronn, Hemmer, Henlein, Henning, Hergem\u00f6ller, Hildebrand, Hilge, Hilgediek, Hilgemann, Hillebrand, Hinnans, Hirsch, Hoecker, Hoffbauer, Hoge, H\u00f6ker, Holke, Hollenberg, Hollmann, Holsche, H\u00f6lscher, Hoye, Huckriede, Hullmann, H\u00fcllmann, H\u00fclsmeyer, Hunsche, H\u00fcrkamp, H\u00fcrlender<\/p>\n\n\n\n<h5 class=\"wp-block-heading\">I<\/h5>\n\n\n\n<p class=\"has-small-font-size\">Iburg, Ickers, Imhof, Itzig<\/p>\n\n\n\n<h5 class=\"wp-block-heading\">J<\/h5>\n\n\n\n<p>J\u00e4ger, J\u00e4gerskotte, Jasper, Johannemann<\/p>\n\n\n\n<h5 class=\"wp-block-heading\">K<\/h5>\n\n\n\n<p class=\"has-small-font-size\">Kaldemeyer, Kalthof, Kamp, K\u00e4mper, Karrenbrock, Karte, Kaufmann, Keller, Kemmerich, Kemper, Ker\u00dfemeier, Kerstein, Kesekamp, Kettelkamp, Keusch, Kienemann, Kipp, Kisker, Klarenmeyer, Klein, Kleinschmidts, Klepker, Klinckert, Klinker, Kloot, Kloppmeyer, Klote, Kneem\u00f6ller, Kniepmeyer, Knippenberg, Kn\u00f6epker, Knop, K\u00f6elle, Koldemeier, Kolkmeier, Kolle, Konerman, Konninck, Kordspeter, Korspeter, Korte, K\u00f6ster, K\u00f6tterheinrich, Kottkamp, Kr\u00e4mer, Kreggemeier, Krewinghaus, Kreymeyer, Kriege, Krivinghaus, Kroner, Kr\u00f6ner, Kuck, K\u00fcck, Kuckhermann<\/p>\n\n\n\n<h5 class=\"wp-block-heading\">L<\/h5>\n\n\n\n<p class=\"has-small-font-size\">Lagemann, Lambert, Lammer, Lammers, Lammerts, Landwehr, Lapkamp, Leinmann, Levedag, Lewaldt, Lewedag, Lienen Clau\u00df, Lienenklaus, Lindemann, L\u00f6llmann, Lomann, Loose, Lot, L\u00f6wenberg, L\u00f6wenfels, L\u00f6wenstein, L\u00fcbbeke, Lubbers, L\u00fcbke, L\u00fcckemeyer, Lutterbey, L\u00fcttkem\u00f6ller<\/p>\n\n\n\n<h5 class=\"wp-block-heading\">M<\/h5>\n\n\n\n<p class=\"has-small-font-size\">Manasses, Manecke, Maneke, Massing, Meinermann, Meinershagen, Menke, Mersch, Merschmann, Mersmann, Metger, Meyer, Meyerinchsche,&nbsp; Michael, Michel, Michels, Middelkamp, Middendorf, Mintrup, Molius, M\u00f6ller, Mues, M\u00fcge, M\u00fcller, Mutert<\/p>\n\n\n\n<h5 class=\"wp-block-heading\">N<\/h5>\n\n\n\n<p class=\"has-small-font-size\">Na\u00df, Neseker, Neubauer, Neufeld, Niederhellmann, Niehel, Niemann, Niemeyer, Niermann, Nierm\u00f6ller, Nietied, Nietydt, Niggemann<\/p>\n\n\n\n<h5 class=\"wp-block-heading\">O<\/h5>\n\n\n\n<p class=\"has-small-font-size\">Oberesch, Oberhellmann, \u00d6elge, Oeljeklaus, Ohm, Olie, Oppermann, Oslage, Osterkamp, Otte, Ottermann<\/p>\n\n\n\n<h5 class=\"wp-block-heading\">P<\/h5>\n\n\n\n<p class=\"has-small-font-size\">Pagenberg, Pasche, Paus, Pequart, Peter, Piepmeyer, Pins, Plegge, Posener, Potker, P\u00f6tker, Pott, Pottbrenner, P\u00f6tter, Prigge<\/p>\n\n\n\n<h5 class=\"wp-block-heading\">R<\/h5>\n\n\n\n<p class=\"has-small-font-size\">Raberg, Rahe, Rahmeyer, Ramemann, Rauhmeyer, Reborst, Recker, Redeker, Reegelmeier, Regemann, Regmann, Rehorst, Reimann, Reinhaus, Reitmeier, Repper, Rethmeier, Riedbrock, Riemeier, Riersmann, Riesenbeck, Rietbrock, Rogge, Roloff, Romberg, Rootert, Rosenbusch, Rosenthal, Rotger, R\u00f6ttger, R\u00fchle, R\u00fchrwiem, R\u00fchrwien, Ruitschilling<\/p>\n\n\n\n<h5 class=\"wp-block-heading\">S<\/h5>\n\n\n\n<p class=\"has-small-font-size\">Saatjohann, Saatkamp, Sander, Sch\u00e4fer, Schallenberg, Sch\u00e4per, Sch\u00e4perklaus, Sch\u00e4perk\u00f6tter, Sch\u00e4perskotte, Scheper, Schilling, Schircken, Schlamann, Schl\u00e4mann, Schlatmann, Schl\u00e4utker, Schlitter, Schlottmann, Schmedt, Schmidt, Schmiemann, Schmitte, Schmittker, Schnatbaum, Schnellen, Schnetlage, Scholten, Sch\u00f6pker, Schoppe, Schoppenhorst, Schortemeier, Sch\u00f6rtemeier, Schove, Schr\u00f6der, Schr\u00f6er, Schulte auf der Reste, Schulte Beyering, Schulte Herkentrup, Schulte up der Rest, Schulte zu Aldrup, Schulte zu Hohne, Schulte zu Intrup, Schulte zu Ollendorff, Schulte zu Ringel, Schulten, Schulten zu Ollentrups, Schultze, Schultze zu Ringel, Schumann, Sch\u00fcrmann, Schwager, Schweer, Schwehr, Schwie, Settel, Smelz, Smend, Snatbaum, Soest, Sommer, Sommermann, Soost, Sparenberg, Staggemeyer, Staljohanns, Stall, Stapenhorst, Steinberg, Steiner, Steinigewegs, Steinwehr, Stienecker, Stifft, Stille, Stockdiek, Stolte, St\u00f6pelkotte, Stoppelkotte, Storck, Str\u00e4tker, Strietelmeyer, Strodtman, Str\u00f6etker, Strothkotte, Strothmann zu Wechte, Str\u00f6tker, Str\u00fcbbe, Struwe, Str\u00fcwe, Stute, Suhre, Suhrkamp, Sutro<\/p>\n\n\n\n<h5 class=\"wp-block-heading\">T<\/h5>\n\n\n\n<p class=\"has-small-font-size\">Teelmann, Tekemeier, Teleker, Telemann, Tepe, Tiemann, Tiggeman, Tiggemann, to Settel, Tor Strick, Torhorg, Torhorst, Trennepohl, Tr\u00f6mmel, Tryne, T\u00fcchter, Twente<\/p>\n\n\n\n<h5 class=\"wp-block-heading\">U<\/h5>\n\n\n\n<p class=\"has-small-font-size\">Upmann, Upmeyer<\/p>\n\n\n\n<h5 class=\"wp-block-heading\">V<\/h5>\n\n\n\n<p class=\"has-small-font-size\">Vaengener, van der Ente, Vast, Vaste, Veld, Vierdtmeyer, Vogelsang, von Bessel, Von Blomberg, von der Marck, von Druffel, von Keller, von Koppen, von Vahrendorf<\/p>\n\n\n\n<h5 class=\"wp-block-heading\">W<\/h5>\n\n\n\n<p class=\"has-small-font-size\">Wahlbrick, Wahle, Webbeler, Webeler, Weber, Wegmann, Wehrmeier, Wellemeier, Welp, Welphermann, Wenneker, Werlmann, Werne, Werneker, Wernemann, Werrelmann, Werter, Weseler, Westerholt, Westhoff, Wibker, Wieneke, Wiepker, Wiethoff, Wilkiens, Wilkinus, Windm\u00f6ller, Winkel, Wischel, Wi\u00dfmann, Wittenschr\u00f6er, Wittkamp, Worpenbeck, Worpenberg<\/p>\n<\/div>\n<\/div>\n","protected":false},"excerpt":{"rendered":"<p>Inhaltsverzeichnis: Wissenswertes Kirchspiel und Stadt Lengerich \u2013 Landesherrschaft Einige wichtige Ereignisse in der Geschichte des Kirchspiels H\u00f6fe und deren Grundherren 1755 Erbesqualit\u00e4t der H\u00f6fe 1616 &#8211; 1648 Hofnamen in Westfalen Orts- und Familiengeschichten Schweinezucht in fr\u00fcherer Zeit in Lengerich Der Alltag der Bewohner Lengerichs vor 400 Jahren &#8222;Anno 1730 [&#8230;] haben Mich die Soldaten Weg&#8230;<\/p>\n","protected":false},"author":4,"featured_media":0,"parent":0,"menu_order":6,"comment_status":"closed","ping_status":"closed","template":"","meta":{"_coblocks_attr":"","_coblocks_dimensions":"","_coblocks_responsive_height":"","_coblocks_accordion_ie_support":"","footnotes":""},"class_list":["post-799","page","type-page","status-publish","hentry"],"_links":{"self":[{"href":"https:\/\/familienforschung-tecklenburger-land.de\/index.php?rest_route=\/wp\/v2\/pages\/799","targetHints":{"allow":["GET"]}}],"collection":[{"href":"https:\/\/familienforschung-tecklenburger-land.de\/index.php?rest_route=\/wp\/v2\/pages"}],"about":[{"href":"https:\/\/familienforschung-tecklenburger-land.de\/index.php?rest_route=\/wp\/v2\/types\/page"}],"author":[{"embeddable":true,"href":"https:\/\/familienforschung-tecklenburger-land.de\/index.php?rest_route=\/wp\/v2\/users\/4"}],"replies":[{"embeddable":true,"href":"https:\/\/familienforschung-tecklenburger-land.de\/index.php?rest_route=%2Fwp%2Fv2%2Fcomments&post=799"}],"version-history":[{"count":4,"href":"https:\/\/familienforschung-tecklenburger-land.de\/index.php?rest_route=\/wp\/v2\/pages\/799\/revisions"}],"predecessor-version":[{"id":1004,"href":"https:\/\/familienforschung-tecklenburger-land.de\/index.php?rest_route=\/wp\/v2\/pages\/799\/revisions\/1004"}],"wp:attachment":[{"href":"https:\/\/familienforschung-tecklenburger-land.de\/index.php?rest_route=%2Fwp%2Fv2%2Fmedia&parent=799"}],"curies":[{"name":"wp","href":"https:\/\/api.w.org\/{rel}","templated":true}]}}