{"id":57,"date":"2023-02-24T17:19:56","date_gmt":"2023-02-24T16:19:56","guid":{"rendered":"https:\/\/familienforschung-tecklenburger-land.de\/?page_id=57"},"modified":"2023-02-26T17:21:33","modified_gmt":"2023-02-26T16:21:33","slug":"artland","status":"publish","type":"page","link":"https:\/\/familienforschung-tecklenburger-land.de\/?page_id=57","title":{"rendered":"Artland"},"content":{"rendered":"\n<div class=\"wp-block-columns is-layout-flex wp-container-core-columns-is-layout-9d6595d7 wp-block-columns-is-layout-flex\">\n<div class=\"wp-block-column is-layout-flow wp-block-column-is-layout-flow\" style=\"flex-basis:25%\">\n<p class=\"has-small-font-size\"><a href=\"http:\/\/www.khb-bsb.de\/index.html\">Kreisheimatbund Bersenbr\u00fcck<\/a>: viele interessante Ver\u00f6ffentlichungen, Termine und Angebote<\/p>\n\n\n\n<h4 class=\"wp-block-heading\">Ausfl\u00fcge in die Geschichte:<\/h4>\n\n\n\n<p class=\"has-small-font-size\"><a href=\"http:\/\/www.osnabruecker-land.de\/staticsite\/staticsite.php?menuid=118&amp;topmenu=3\">Die Artland-Rad-Tour<\/a>: auf dem Fahrrad durch die Kulturlandschaft Artland<\/p>\n\n\n\n<figure class=\"wp-block-image size-full has-lightbox\"><img loading=\"lazy\" decoding=\"async\" width=\"522\" height=\"599\" src=\"https:\/\/familienforschung-tecklenburger-land.de\/wp-content\/uploads\/2023\/02\/Artland-Karte1.jpg\" alt=\"\" class=\"wp-image-241\" srcset=\"https:\/\/familienforschung-tecklenburger-land.de\/wp-content\/uploads\/2023\/02\/Artland-Karte1.jpg 522w, https:\/\/familienforschung-tecklenburger-land.de\/wp-content\/uploads\/2023\/02\/Artland-Karte1-261x300.jpg 261w\" sizes=\"auto, (max-width: 522px) 100vw, 522px\" \/><\/figure>\n\n\n\n<figure class=\"wp-block-image size-full has-lightbox\"><img loading=\"lazy\" decoding=\"async\" width=\"754\" height=\"472\" src=\"https:\/\/familienforschung-tecklenburger-land.de\/wp-content\/uploads\/2023\/02\/Artland-Karte2.jpg\" alt=\"\" class=\"wp-image-242\" srcset=\"https:\/\/familienforschung-tecklenburger-land.de\/wp-content\/uploads\/2023\/02\/Artland-Karte2.jpg 754w, https:\/\/familienforschung-tecklenburger-land.de\/wp-content\/uploads\/2023\/02\/Artland-Karte2-300x188.jpg 300w, https:\/\/familienforschung-tecklenburger-land.de\/wp-content\/uploads\/2023\/02\/Artland-Karte2-150x95.jpg 150w, https:\/\/familienforschung-tecklenburger-land.de\/wp-content\/uploads\/2023\/02\/Artland-Karte2-400x250.jpg 400w\" sizes=\"auto, (max-width: 754px) 100vw, 754px\" \/><\/figure>\n\n\n\n<h2 class=\"wp-block-heading\">Literatur<\/h2>\n\n\n\n<p class=\"has-small-font-size\">Kreisheimatbund Bersenbr\u00fcck e.V.: Am heimatlichen Herd &#8211; Heimatblatt &#8211; Nachdruck der Zeitungsbeilagen von 1950-1960<\/p>\n\n\n\n<p class=\"has-small-font-size\">Kreisheimatbund Bersenbr\u00fcck e.V.: Am heimatlichen Herd: Heimatblatt &#8211; Nachdruck der Zeitungsbeilagen von 1991 &#8211; 2010<\/p>\n\n\n\n<p class=\"has-small-font-size\">Maria von Borries: Euer Name lebt &#8211; Zur Geschichte der Juden in der Region Bersenbr\u00fcck. Rasch, 1997<\/p>\n\n\n\n<p class=\"has-small-font-size\">O. zu Hoene, Wirtschaftsgeschichte des Osnabr\u00fccker Nordlandes, Industrie-Handel-Gewerbe, in: Der Altkreis Bersenbr\u00fcck, Teil IV, Quakenbr\u00fcck 1980.<\/p>\n\n\n\n<p class=\"has-small-font-size\">Hopf-Droste, M.-L.: Das b\u00e4uerliche Tagebuch, Fest und Alltag auf einem Artl\u00e4nder Bauernhof, Materialien zur Volkskultur nordwestliches Niedersachsen, Heft 3, 2. Aufl. Cloppenburg 1982<\/p>\n\n\n\n<p class=\"has-small-font-size\">Berner: Siedlungs-, Wirtschafts-und Sozialgeschichte des Artlandes. Schriftenreihe Kreisheimatbund Bersenbr\u00fcck,9 (1965).<\/p>\n\n\n\n<p class=\"has-small-font-size\">Ottenjann, Helmut; Wiegelmann, G\u00fcnter: Alte Tageb\u00fccher und Anschreibeb\u00fccher. Darin: Buchf\u00fchrungssysteme l\u00e4ndlicher Werkst\u00e4tten. Zum Biedermeiertrend in der M\u00f6belkultur des Osnabr\u00fccker Artlandes. (S. 151)<\/p>\n\n\n\n<p class=\"has-small-font-size\">Werner Dobelmann: Der Altkreis Bersenbr\u00fcck: Der Altkreis Bersenbr\u00fcck III. Geschichte und Entwicklung des Osnabr\u00fccker Nordlandes. Kreisheimatbund Bersenbr\u00fcck e.V., 1998<\/p>\n\n\n\n<p class=\"has-small-font-size\">Werner Dobelmann\/Franz Buitmann: Der Altkreis Bersenbr\u00fcck Teil VI &#8211; Schulgeschichte des Osnabr\u00fccker Nordlandes. Kreisheimatbund Bersenbr\u00fcck e.V., 1986<\/p>\n\n\n\n<figure class=\"wp-block-image size-full\"><img loading=\"lazy\" decoding=\"async\" width=\"230\" height=\"328\" src=\"https:\/\/familienforschung-tecklenburger-land.de\/wp-content\/uploads\/2023\/02\/Heimatbuch.jpg\" alt=\"\" class=\"wp-image-247\" srcset=\"https:\/\/familienforschung-tecklenburger-land.de\/wp-content\/uploads\/2023\/02\/Heimatbuch.jpg 230w, https:\/\/familienforschung-tecklenburger-land.de\/wp-content\/uploads\/2023\/02\/Heimatbuch-210x300.jpg 210w\" sizes=\"auto, (max-width: 230px) 100vw, 230px\" \/><\/figure>\n<\/div>\n\n\n\n<div class=\"wp-block-column is-layout-flow wp-block-column-is-layout-flow\" style=\"flex-basis:50%\">\n<h2 class=\"wp-block-heading\">Zur Geschichte<\/h2>\n\n\n\n<p class=\"has-small-font-size\">Durch angeschwemmten Sand im \u201eQuakenbr\u00fccker Becken&#8220; war das Land in diesem Gebiet sehr fruchtbar, was dazu f\u00fchrte, dass sich schon fr\u00fch Landwirtschaft ansiedelte. So wurde neben der im ganzen Osnabr\u00fccker Land bis zum Drei\u00dfigj\u00e4hrigen Krieg vorherrschenden Viehzucht im Artland seit jeher Ackerbau betrieben. Dieser ertragreiche Ackerboden, der im Unterschied zum oft an Getreidemangel leidenden \u00fcbrigen Osnabr\u00fccker Land stand, f\u00fchrte in der \u201eKornkammer des Hochstifts Osnabr\u00fcck\u201c zur Herausbildung einer wohlhabenden l\u00e4ndlichen Oberschicht mit zahlreichen Einzelhofanlagen.<\/p>\n\n\n\n<p class=\"has-small-font-size\"><strong>1309:<\/strong> der Begriff &#8222;Artland&#8220; taucht erstmalig auf. Zu Herkunft des Wortes gibt es drei Thesen: Ableitung vom lateinischen &#8222;arare&#8220;, was &#8222;Ackerland&#8220; bedeutet, vom plattdeutschen &#8222;Aortland&#8220; (den Ortstein oder Raseneisenstein gab es hier) oder vom altgermanischen Namen &#8222;Ortland&#8220; (Name der ersten Siedler).<\/p>\n\n\n\n<p class=\"has-small-font-size\"><strong>1972:<\/strong> Bildung der Samtgemeinde Artland, die die Orte Badbergen, Menslage, Nortrup und Quakenbr\u00fcck. Vorher der Name &#8222;Artland&#8220; keine politische Einheit, sondern eine sich \u00fcber die Jahrhunderte auch hinsichtlich ihrer Ausdehnung ver\u00e4ndernde kulturhistorische Region.<\/p>\n\n\n\n<h3 class=\"wp-block-heading\">Aufteilung des Landkreises Bersenbr\u00fcck:<\/h3>\n\n\n\n<p class=\"has-small-font-size\"><strong>Bereich I:<\/strong> Stift B\u00f6rstel, Berge, Grafeld, Orthe, Bippen, Vechtel, H\u00f6ne, F\u00fcrstenau, Schwagstorf, Settrup, Bleiburg, Hollenstede, Merzen, Ueffeln, Voltlage, Neuenkirchen und Vinte<\/p>\n\n\n\n<p class=\"has-small-font-size\"><strong>Bereich II:<\/strong> Menslage, Gr. Mimmelage, Quakenbr\u00fcck, Badbergen, Vehs, Nortrup, Hekese, D\u00f6then, Bersenbr\u00fcck, Ankum und Alfhausen.<\/p>\n\n\n\n<p class=\"has-small-font-size\"><strong>Bereich III:<\/strong> Gehrde<\/p>\n\n\n\n<p class=\"has-small-font-size\"><strong>Bereich IV:<\/strong> Holdorf, Neuenkirchen, Damme.<\/p>\n\n\n\n<p class=\"has-small-font-size\"><strong>Bereich V:<\/strong> Rieste, V\u00f6rden, Campemoor, Malgarten, Hesepe, Barenau, Bramsche, Engter<\/p>\n\n\n\n<p class=\"has-small-font-size\"><strong>Altes Amt V\u00f6rden:<\/strong> Bereich III, IV,V von 1350-1817<br><strong>Amt F\u00fcrstenau:<\/strong> Bereich I von 1817-1885<br><strong>Amt V\u00f6rden:<\/strong> IV von 1817-1885.<br><br>Der Bereich V wurde 1817 an Oldenburg abgetreten. V\u00f6rden folgte 1972 im Zuge der Gebietsreform zum Leidwesen seiner B\u00fcrger, die schwer im die Zugeh\u00f6rigkeit in das Osnabr\u00fccker Land gek\u00e4mpft haben.<br><br><strong>Seit 1972 Teilt es sich wie folgt auf:<\/strong><\/p>\n\n\n\n<p class=\"has-small-font-size\">Samtgemeinde Artland. Einheitsgemeinden: Badbergen, Menslage, Nortrup und Stadt Quakenbr\u00fcck<\/p>\n\n\n\n<p class=\"has-small-font-size\">Samtgemeinde Bersenbr\u00fcck. Einheitsgemeinden: Alfhausen, Ankum, Stadt Bersenbr\u00fcck, Eggerm\u00fchlen, Gehrde, Kettenkamp, Rieste<\/p>\n\n\n\n<p class=\"has-small-font-size\">Stadt Bramsche<\/p>\n\n\n\n<p class=\"has-small-font-size\">Samtgemeinde F\u00fcrstenau. Einheitsgemeinden: Berge, Bippen, Stadt F\u00fcrstenau<\/p>\n\n\n\n<p class=\"has-small-font-size\">Samtgemeinde Neuenkirchen. Einheitsgemeinden: Merzen, Neuenkirchen, Voltlage<\/p>\n\n\n\n<h2 class=\"wp-block-heading\">Literatur<\/h2>\n\n\n\n<p class=\"has-small-font-size\">Siehe auch in der Literaturliste \u00fcber Osnabr\u00fcck Nord.<\/p>\n\n\n\n<p class=\"has-small-font-size\"><a href=\"http:\/\/www.khb-bsb.de\/html\/bucher_fur_sie.html\">Ver\u00f6ffentlichungen<\/a> des Kreisheimatbundes Bersenbr\u00fcck<\/p>\n\n\n\n<h4 class=\"wp-block-heading\">Heimatkalender f\u00fcr den Kreis Bersenbr\u00fcck<\/h4>\n\n\n\n<p class=\"has-small-font-size\"><strong>1954:<\/strong> Von Vollerben und Halberben. W. Dobelmann, S. 146<\/p>\n\n\n\n<p class=\"has-small-font-size\"><strong>1955:<\/strong> Opfergang. eine Bramscher Erz\u00e4hlung aus dem 30j\u00e4hrigen Kriege. Werner Dobelmann, S. 130<\/p>\n\n\n\n<p class=\"has-small-font-size\"><strong>1957:<\/strong> Die erste christliche Weihnacht im Artland. Dr. A. Schr\u00f6der, S. 83<\/p>\n\n\n\n<p class=\"has-small-font-size\"><strong>1957:<\/strong> Ein Artl\u00e4nder Liederbuch. Wilh. Wallrabenstein, S. 119<\/p>\n\n\n\n<p class=\"has-small-font-size\"><strong>1959:<\/strong> Die Flachsverarbeitung im Artland in vergangener Zeit. Gretchen Velmelage, S. 83<\/p>\n\n\n\n<p class=\"has-small-font-size\"><strong>1959:<\/strong> Die Giebelzierde auf unseren Bauernh\u00e4usern. D. Korfhage, S. 194<\/p>\n\n\n\n<p class=\"has-small-font-size\"><strong>1960:<\/strong> Notzeiten vor 100 und mehr Jahren, S. 209<\/p>\n\n\n\n<p class=\"has-small-font-size\"><strong>1961:<\/strong> Artl\u00e4nder Zettelwerfer. Eine einzigartige Neujahrssitte in der Provinz Hannover. Diedrich Steilen, S. 131<\/p>\n\n\n\n<p class=\"has-small-font-size\"><strong>1962:<\/strong> Erntefest und Erntearbeit im Artland. D. Kerfhage, S. 74<\/p>\n\n\n\n<p class=\"has-small-font-size\"><strong>1963:<\/strong> Alte Artl\u00e4nder Bauern. Ernst Broking, S. 143<\/p>\n\n\n\n<p class=\"has-small-font-size\"><strong>1964:<\/strong> Wir und die Wehlburg. K. All\u00f6der, S. 81<\/p>\n\n\n\n<h3 class=\"wp-block-heading\">In: Heimatjahrbuch Osnabr\u00fccker Land<\/h3>\n\n\n\n<p class=\"has-small-font-size\"><strong>1974: <\/strong>Die Herkunft des Namens &#8222;Artland&#8220; (Dr. A. Kohnen), S. 49<\/p>\n\n\n\n<p class=\"has-small-font-size\"><strong>1975:<\/strong> Samtgemeinde Artland. Zusammenstellung von der Samtgemeindeverwaltung. S. 13<\/p>\n\n\n\n<p class=\"has-small-font-size\"><strong>1975:<\/strong> Vor 80 Jahren: Hagelunwetter \u00fcber dem Artland am 10. Juni 1895 (M. Grelle), S. 125<\/p>\n\n\n\n<p class=\"has-small-font-size\"><strong>1975:<\/strong> Vor 70 Jahren: 25000 Besucher beim Artl\u00e4nder Trachtenfest (H. Schulte), S. 127<\/p>\n\n\n\n<p class=\"has-small-font-size\"><strong>1976<\/strong>: Pietisten und Herrnhuter (Werner Dobelmann), S. 33<\/p>\n\n\n\n<p class=\"has-small-font-size\"><strong>1977<\/strong>: Tausend Jahre (Werner Dobelmann), S. 136<\/p>\n\n\n\n<p class=\"has-small-font-size\"><strong>1977<\/strong>: Die Kaiserurkunde vom 29. Oktober 977 (Dr. August Schr\u00f6der), S. 165<\/p>\n\n\n\n<p class=\"has-small-font-size\"><strong>1977<\/strong>: Vor 150 Jahren: Bauernhochzeit im Artland (Dr. H. Poppe-Marquard), S. 116<\/p>\n\n\n\n<p class=\"has-small-font-size\"><strong>1977<\/strong>: Artl\u00e4nder Trachtenbund (Manfred Fennemann), S. 122<\/p>\n\n\n\n<p class=\"has-small-font-size\"><strong>1982<\/strong>: Ein Artl\u00e4nder Neujahrsbrief aus dem Jahre 1710 (H. Dettmer), S. 120<\/p>\n\n\n\n<p class=\"has-small-font-size\"><strong>1982<\/strong>: Genealogie im Artland (Dr. O. Oldenhage), S. 265<\/p>\n\n\n\n<p class=\"has-small-font-size\"><strong>1983<\/strong>: Artl\u00e4nder Bauernh\u00e4user ziehen um (Dr. O. Oldenhage), S.&nbsp; 111<\/p>\n\n\n\n<p class=\"has-small-font-size\"><strong>1983<\/strong>: Der Klapphut (Johanne Nieberg), S. 149<\/p>\n\n\n\n<p class=\"has-small-font-size\"><strong>1983<\/strong>: Die volkst\u00fcmlichen M\u00f6bel des Artlands (H. Dettmer), S. 171<\/p>\n\n\n\n<p class=\"has-small-font-size\"><strong>1986<\/strong>: Wilhelm Wallrabenstein &#8211; ein Pionier der Heimatarbeit (H. Bockstiegel), S. 244<\/p>\n\n\n\n<p class=\"has-small-font-size\"><strong>1989<\/strong>: Die beste Stube im Artland (J\u00fcrgen Espenhorst), S. 244<\/p>\n\n\n\n<p class=\"has-small-font-size\"><strong>2000<\/strong>: Reisewege ins Artland (Heinrich B\u00f6ning), S. 21<\/p>\n\n\n\n<p class=\"has-small-font-size\"><strong>2001<\/strong>: Der Mann, der aus dem Dunkel kam (Artland) (J\u00fcrgen Espenhorst), S. 163<\/p>\n\n\n\n<p class=\"has-small-font-size\"><strong>2002<\/strong>: Das Artland &#8211; Eine besondere Region im Osnabr\u00fccker Land. Artland &#8211; was ist das eigentlich? (Heinrich B\u00f6ning), S. 12<\/p>\n\n\n\n<p class=\"has-small-font-size\"><strong>2002<\/strong>: Zukunft STARTLAND &#8211; Neue Chancen f\u00fcr alte H\u00f6fe (Florian Birk und Rolf Westheider), S. 16<\/p>\n\n\n\n<p class=\"has-small-font-size\"><strong>2002<\/strong>: F\u00fcnf Jahre aus dem Leben eines ukrainischen Zwangsarbeiters im Artland (J\u00fcrgen Espenhorst), S. 75<\/p>\n\n\n\n<p class=\"has-small-font-size\"><strong>2007<\/strong>: Erntebr\u00e4uche im Artland (Arnold Beuke), S. 18<\/p>\n\n\n\n<p class=\"has-small-font-size\"><strong>2011<\/strong>: \u201eWeil wir ihm nicht dienen wollten\u201c (Artland) (Herbert Schuckmann), S. 122<\/p>\n\n\n\n<p class=\"has-small-font-size\">2013: &#8222;Allen voran&#8220; &#8211; eine Miszelle zum Radfahren im Artland (Marten Pelzer), S. 86)<\/p>\n<\/div>\n\n\n\n<div class=\"wp-block-column is-layout-flow wp-block-column-is-layout-flow\" style=\"flex-basis:25%\">\n<figure class=\"wp-block-image size-large has-lightbox\"><img loading=\"lazy\" decoding=\"async\" width=\"886\" height=\"1024\" src=\"https:\/\/familienforschung-tecklenburger-land.de\/wp-content\/uploads\/2023\/02\/Karte-Grafschaften-886x1024.jpg\" alt=\"\" class=\"wp-image-243\" srcset=\"https:\/\/familienforschung-tecklenburger-land.de\/wp-content\/uploads\/2023\/02\/Karte-Grafschaften-886x1024.jpg 886w, https:\/\/familienforschung-tecklenburger-land.de\/wp-content\/uploads\/2023\/02\/Karte-Grafschaften-260x300.jpg 260w, https:\/\/familienforschung-tecklenburger-land.de\/wp-content\/uploads\/2023\/02\/Karte-Grafschaften-768x887.jpg 768w, https:\/\/familienforschung-tecklenburger-land.de\/wp-content\/uploads\/2023\/02\/Karte-Grafschaften-1330x1536.jpg 1330w, https:\/\/familienforschung-tecklenburger-land.de\/wp-content\/uploads\/2023\/02\/Karte-Grafschaften-1773x2048.jpg 1773w, https:\/\/familienforschung-tecklenburger-land.de\/wp-content\/uploads\/2023\/02\/Karte-Grafschaften.jpg 1971w\" sizes=\"auto, (max-width: 886px) 100vw, 886px\" \/><figcaption class=\"wp-element-caption\">Das F\u00fcrstbistum Osnabr\u00fcck mit dem Artland<\/figcaption><\/figure>\n\n\n\n<figure class=\"wp-block-image size-full\"><img loading=\"lazy\" decoding=\"async\" width=\"230\" height=\"264\" src=\"https:\/\/familienforschung-tecklenburger-land.de\/wp-content\/uploads\/2023\/02\/Artland-Wappen.jpg\" alt=\"\" class=\"wp-image-244\"\/><\/figure>\n\n\n\n<figure class=\"wp-block-image size-full\"><img loading=\"lazy\" decoding=\"async\" width=\"800\" height=\"860\" src=\"https:\/\/familienforschung-tecklenburger-land.de\/wp-content\/uploads\/2023\/02\/Landkreis-Bersenbrueck-1972.jpg\" alt=\"\" class=\"wp-image-245\" srcset=\"https:\/\/familienforschung-tecklenburger-land.de\/wp-content\/uploads\/2023\/02\/Landkreis-Bersenbrueck-1972.jpg 800w, https:\/\/familienforschung-tecklenburger-land.de\/wp-content\/uploads\/2023\/02\/Landkreis-Bersenbrueck-1972-279x300.jpg 279w, https:\/\/familienforschung-tecklenburger-land.de\/wp-content\/uploads\/2023\/02\/Landkreis-Bersenbrueck-1972-768x826.jpg 768w\" sizes=\"auto, (max-width: 800px) 100vw, 800px\" \/><figcaption class=\"wp-element-caption\">Der Landkreis Bersenbr\u00fcck bis 1972<\/figcaption><\/figure>\n\n\n\n<h3 class=\"wp-block-heading\">Heimatjahrbuch Osnabr\u00fcck Stadt und Land:<\/h3>\n\n\n\n<p class=\"has-small-font-size\"><strong>1973: <\/strong>Der Artl\u00e4nder Drache. Eigenartiges Zeugnis heimischer Baukunst. Von Heinz B\u00f6ning (S. 77)<\/p>\n\n\n\n<p class=\"has-small-font-size\"><strong>1977:<\/strong> Altkreis Bersenbr\u00fcck (Wolfgang Th\u00e4sler), S. 76<\/p>\n\n\n\n<p class=\"has-small-font-size\"><strong>1977:<\/strong> Vor tausend Jahren (Dr. August Schr\u00f6der), S. 82<\/p>\n\n\n\n<p class=\"has-small-font-size\"><strong>1978:<\/strong> &#8220; &#8230; de herlichkeit awer twe kerspele&#8220; (Werner Dobelmann), S. 123<\/p>\n\n\n\n<p class=\"has-small-font-size\"><strong>1979:<\/strong> Die Gaue im Altkreis Bersenbr\u00fcck (Prof. Dr. E. Ostendorff), S. 64<\/p>\n\n\n\n<p class=\"has-small-font-size\"><strong>1982:<\/strong> Kreismuseum Bersenbr\u00fcck (Otto zu Hoene), S. 56<\/p>\n\n\n\n<p class=\"has-small-font-size\"><strong>1989:<\/strong> Visitation auf der Kommende Lage (Otto zu Hoene), S. 114<\/p>\n\n\n\n<p class=\"has-small-font-size\"><strong>1990:<\/strong> Der Hof der Kommende Lage an der Hasestra\u00dfe in Osnabr\u00fcck (Otto zu Hoene), S. 63<\/p>\n\n\n\n<p class=\"has-small-font-size\"><strong>1997:<\/strong> Episoden aus der Zeit der Kontinentalsperre Napoleons (Otto zu Hoene), S. 82<\/p>\n\n\n\n<p class=\"has-small-font-size\"><strong>1998:<\/strong> Der Drei\u00dfigj\u00e4hrige Krieg in Berichten aus dem Raume Bersenbr\u00fcck (Otto zu Hoene), S. 93<\/p>\n\n\n\n<p class=\"has-small-font-size\"><strong>1999:<\/strong> Bersenbr\u00fcck: Ein Beitrag zur Geschichte des Forstwesens im Nordkreis (Otto zu Hoene), S. 91<\/p>\n\n\n\n<p class=\"has-small-font-size\"><strong>1984:<\/strong> Das Artland (Otto zu Hoene), S. 50<\/p>\n\n\n\n<p class=\"has-small-font-size\"><strong>1984:<\/strong> Alter Rittersitz Lonne im Osnabr\u00fccker Nordland (Dr. August Schr\u00f6der), S. 83<\/p>\n\n\n\n<p class=\"has-small-font-size\"><strong>1985:<\/strong> Altjahrsabend -B\u00f6kerabend im Artland (Anne Buschmann), S. 122<\/p>\n\n\n\n<p class=\"has-small-font-size\"><strong>2003:<\/strong> Das Artland und seine Entwicklung (G\u00fcnter Hindersmann), S. 76<\/p>\n\n\n\n<figure class=\"wp-block-image size-full\"><img loading=\"lazy\" decoding=\"async\" width=\"230\" height=\"379\" src=\"https:\/\/familienforschung-tecklenburger-land.de\/wp-content\/uploads\/2023\/02\/Heimatkal-Bersenbr-1952-1.jpg\" alt=\"\" class=\"wp-image-246\" srcset=\"https:\/\/familienforschung-tecklenburger-land.de\/wp-content\/uploads\/2023\/02\/Heimatkal-Bersenbr-1952-1.jpg 230w, https:\/\/familienforschung-tecklenburger-land.de\/wp-content\/uploads\/2023\/02\/Heimatkal-Bersenbr-1952-1-182x300.jpg 182w\" sizes=\"auto, (max-width: 230px) 100vw, 230px\" \/><\/figure>\n<\/div>\n<\/div>\n","protected":false},"excerpt":{"rendered":"<p>Kreisheimatbund Bersenbr\u00fcck: viele interessante Ver\u00f6ffentlichungen, Termine und Angebote Ausfl\u00fcge in die Geschichte: Die Artland-Rad-Tour: auf dem Fahrrad durch die Kulturlandschaft Artland Literatur Kreisheimatbund Bersenbr\u00fcck e.V.: Am heimatlichen Herd &#8211; Heimatblatt &#8211; Nachdruck der Zeitungsbeilagen von 1950-1960 Kreisheimatbund Bersenbr\u00fcck e.V.: Am heimatlichen Herd: Heimatblatt &#8211; Nachdruck der Zeitungsbeilagen von 1991 &#8211; 2010 Maria von Borries: Euer&#8230;<\/p>\n","protected":false},"author":4,"featured_media":0,"parent":0,"menu_order":85,"comment_status":"closed","ping_status":"closed","template":"","meta":{"_coblocks_attr":"","_coblocks_dimensions":"","_coblocks_responsive_height":"","_coblocks_accordion_ie_support":"","footnotes":""},"class_list":["post-57","page","type-page","status-publish","hentry"],"_links":{"self":[{"href":"https:\/\/familienforschung-tecklenburger-land.de\/index.php?rest_route=\/wp\/v2\/pages\/57","targetHints":{"allow":["GET"]}}],"collection":[{"href":"https:\/\/familienforschung-tecklenburger-land.de\/index.php?rest_route=\/wp\/v2\/pages"}],"about":[{"href":"https:\/\/familienforschung-tecklenburger-land.de\/index.php?rest_route=\/wp\/v2\/types\/page"}],"author":[{"embeddable":true,"href":"https:\/\/familienforschung-tecklenburger-land.de\/index.php?rest_route=\/wp\/v2\/users\/4"}],"replies":[{"embeddable":true,"href":"https:\/\/familienforschung-tecklenburger-land.de\/index.php?rest_route=%2Fwp%2Fv2%2Fcomments&post=57"}],"version-history":[{"count":3,"href":"https:\/\/familienforschung-tecklenburger-land.de\/index.php?rest_route=\/wp\/v2\/pages\/57\/revisions"}],"predecessor-version":[{"id":248,"href":"https:\/\/familienforschung-tecklenburger-land.de\/index.php?rest_route=\/wp\/v2\/pages\/57\/revisions\/248"}],"wp:attachment":[{"href":"https:\/\/familienforschung-tecklenburger-land.de\/index.php?rest_route=%2Fwp%2Fv2%2Fmedia&parent=57"}],"curies":[{"name":"wp","href":"https:\/\/api.w.org\/{rel}","templated":true}]}}