{"id":52,"date":"2023-02-24T17:18:02","date_gmt":"2023-02-24T16:18:02","guid":{"rendered":"https:\/\/familienforschung-tecklenburger-land.de\/?page_id=52"},"modified":"2023-08-02T06:47:31","modified_gmt":"2023-08-02T05:47:31","slug":"unser-verein","status":"publish","type":"page","link":"https:\/\/familienforschung-tecklenburger-land.de\/?page_id=52","title":{"rendered":"Unser Verein"},"content":{"rendered":"\n<div class=\"wp-block-columns is-layout-flex wp-container-core-columns-is-layout-9d6595d7 wp-block-columns-is-layout-flex\">\n<div class=\"wp-block-column is-layout-flow wp-block-column-is-layout-flow\" style=\"flex-basis:25%\">\n<figure class=\"wp-block-image size-full\"><img loading=\"lazy\" decoding=\"async\" width=\"230\" height=\"172\" src=\"https:\/\/familienforschung-tecklenburger-land.de\/wp-content\/uploads\/2023\/02\/Treffen-TE.jpg\" alt=\"\" class=\"wp-image-613\"\/><\/figure>\n\n\n\n<h4 class=\"wp-block-heading\">Impressum<\/h4>\n\n\n\n<p class=\"has-small-font-size\"><strong>Familienforschung<\/strong><br><strong>Tecklenburger Land <\/strong><strong><br>(TEFAM) e. V.<\/strong><\/p>\n\n\n\n<p class=\"has-small-font-size\">Lienener Stra\u00dfe 100, 49525 Lengerich<br>Telefon 05407-31709<br>E-Mail: info@te-gen.de<\/p>\n\n\n\n<p class=\"has-small-font-size\"><strong>1. Vorsitzende:<\/strong> Renate Dry<br><strong>2. Vorsitzender:<\/strong> Helmut Scherer<br><strong>Schatzmeister:<\/strong> Heinz Aufderhaar<br><strong>Schriftf\u00fchrerin:<\/strong> Barbara Berkemeier<br><strong>Beisitzer:<\/strong> Menno De Lange, Ralf Gravemeier, Marion Korte-Kratz<\/p>\n\n\n\n<p class=\"has-small-font-size\"><strong>Webseite<\/strong>: Sandra Reiter<\/p>\n\n\n\n<p class=\"has-small-font-size\">Eingetragen mit der Nummer 1232 im Vereinsregister des Amtsgerichts Steinfurt als \u201eFamilienforschung Tecklenburger Land\u201c (TEFAM) e.V.<\/p>\n\n\n\n<figure class=\"wp-block-image size-full\"><img loading=\"lazy\" decoding=\"async\" width=\"230\" height=\"154\" src=\"https:\/\/familienforschung-tecklenburger-land.de\/wp-content\/uploads\/2023\/02\/00000002.jpg\" alt=\"\" class=\"wp-image-619\"\/><\/figure>\n\n\n\n<h4 class=\"wp-block-heading\">Bankverbindung:<\/h4>\n\n\n\n<p class=\"has-small-font-size\">Unser Verein ist gemeinn\u00fctzig. Wenn Sie unsere Arbeit unterst\u00fctzen m\u00f6chten, k\u00f6nnen wir auch gern eine Spendenquittung ausstellen. <a href=\"mailto:info@te-gen.de\">Mailen<\/a> Sie uns einfach, wenn Sie eine Quittung ben\u00f6tigen.<\/p>\n\n\n\n<p class=\"has-small-font-size\">Stadtsparkasse Lengerich<br>BIC: WELADED1LEN<br>IBAN: DE23 4015 4476 0003 0047 28<\/p>\n\n\n\n<p class=\"has-small-font-size\">VR-Bank Kreis Steinfurt eG<br>BIC: GENODEM1IBB<br>IBAN: DE91 4036 1906 1200 0120 00<\/p>\n\n\n\n<figure class=\"wp-block-image size-full\"><img loading=\"lazy\" decoding=\"async\" width=\"230\" height=\"174\" src=\"https:\/\/familienforschung-tecklenburger-land.de\/wp-content\/uploads\/2023\/02\/00000008-1.jpg\" alt=\"\" class=\"wp-image-620\"\/><\/figure>\n<\/div>\n\n\n\n<div class=\"wp-block-column has-small-font-size is-layout-flow wp-block-column-is-layout-flow\" style=\"flex-basis:50%\">\n<p class=\"has-small-font-size\">Im Jahre 2007 begann unsere Arbeit als Familienforscher zun\u00e4chst als lose Interessengemeinschaft mit regelm\u00e4\u00dfigen monatlichen Treffen in Tecklenburg. Im Jahre 2010 entschlossen wir uns zur Gr\u00fcndung des Vereins<\/p>\n\n\n\n<h4 class=\"wp-block-heading\"><strong>\u201eFamilienforschung Tecklenburger Land&#8220; (TEFAM) e. V.<\/strong><\/h4>\n\n\n\n<p class=\"has-small-font-size\">Wir sind gemeinn\u00fctzig t\u00e4tig, betreiben eigenst\u00e4ndige Forschungen im Bereich Genealogie, Regionalgeschichte, Heraldik sowie verwandter Wissenschaften und ver\u00f6ffentlichen deren Ergebnisse.<\/p>\n\n\n\n<h4 class=\"wp-block-heading\"><strong><strong>Unser Verein m\u00f6chte:<\/strong><\/strong><\/h4>\n\n\n\n<ul class=\"wp-block-list\">\n<li>Familienforschern (Anf\u00e4ngern, aber auch Fortgeschrittenen) Unterst\u00fctzung und Hilfestellung bei ihrem Hobby geben und den gegenseitigen genealogischen Austausch f\u00f6rdern;<\/li>\n\n\n\n<li>die genealogischen Quellen des Tecklenburger Landes erschlie\u00dfen und allen Forschern zug\u00e4nglich machen;<\/li>\n\n\n\n<li>mit landes- und regionalgeschichtlichen Vereinigungen, Heimatvereinen und anderen genealogisch interessierten Gruppen des Tecklenburger Landes und angrenzender Gebiete zusammenarbeiten.<\/li>\n<\/ul>\n\n\n\n<h4 class=\"wp-block-heading\"><strong>Wir bieten unseren Mitgliedern:<\/strong><\/h4>\n\n\n\n<ul class=\"has-small-font-size wp-block-list\">\n<li>eine regionale Homepage: www.te-gen.de<\/li>\n\n\n\n<li>eine stetig wachsende Bibliothek mit mehr als 1.000 B\u00fcchern, Chroniken, Festschriften, Kirchenbuchabschriften, Ortsfamilienb\u00fcchern und vielem mehr (Lienener Stra\u00dfe 100 in Lengerich, jeden Freitag von 14.30 bis 17 bzw. 18 Uhr)<\/li>\n\n\n\n<li>eine regionale vereinseigene <a href=\"https:\/\/discourse.genealogy.net\/c\/tecklenburger-land\" target=\"_blank\" rel=\"noreferrer noopener\">Mailingliste<\/a><\/li>\n\n\n\n<li>kostenlose Seminare\/Workshops<\/li>\n\n\n\n<li>eine halbj\u00e4hrlich erscheindende Mitgliederzeitschrift<\/li>\n\n\n\n<li>Exkursionen zu genealogischen Veranstaltungen und Archiven<\/li>\n\n\n\n<li>eine S\u00fctterlin-Schreibstube, um Sie bei der Transkription alter Dokumente zu unterst\u00fctzen<\/li>\n\n\n\n<li>unsere Tefam-Werkstatt, in der Sie ihre Akten digitalisieren oder binden lassen k\u00f6nnen.<\/li>\n<\/ul>\n\n\n\n<h4 class=\"wp-block-heading\">Pers\u00f6nliche Beratung gew\u00fcnscht?<\/h4>\n\n\n\n<p>Neben unserer Hilfestellung zu den \u00d6ffnungszeiten im Vereinshaus sowie in Vortr\u00e4gen und genealogischen Austauschnachmittagen bieten wir nun auch pers\u00f6nliche Beratungen und Hilfen im pers\u00f6nlichen Umfeld im Einzugsgebiet des Vereins an. Vorausgesetzt es gibt einen Internetanschluss bzw. W-LAN, kann ein Treffen in einem Gasthof oder auch Zuhause vereinbart werden.<\/p>\n\n\n\n<p>Bitte lassen Sie sich beraten und vereinbaren Sie einen Termin mit:<\/p>\n\n\n\n<ul class=\"wp-block-list\">\n<li><a href=\"mailto:dry@te-gen.de\">Renate Dry<\/a>, Tel.: 05407 \/ 31709<\/li>\n\n\n\n<li><a href=\"mailto:Heinrich.Gosmann@t-online.de\">Heinz Gosmann<\/a>, Tel. 05471\/9513274<\/li>\n<\/ul>\n\n\n\n<p>Kostenbeitrag: Mitglieder 5 \u20ac je Stunde, G\u00e4ste 10 \u20ac je Stunde<br>Die An- und Abfahrt wird zeitlich eingerechnet.<\/p>\n\n\n\n<h4 class=\"wp-block-heading\">Vortr\u00e4ge, Seminare, Workshops<\/h4>\n\n\n\n<p>Der Verein \u201eFamilienforschung Tecklenburger Land&#8220; (TEFAM) e.V. bietet regelm\u00e4\u00dfig Vortr\u00e4ge an, die sich mit allen Themenkomplexen der Genealogie, Regionalgeschichte und verwandter Wissenschaften befassen. Kompetente Referenten halten monatlich fachbezogene Referate mit anschlie\u00dfender Diskussion f\u00fcr das interessierte Publikum.<\/p>\n\n\n\n<p>Seminare und Workshops zu genealogischen Problem- und Fragestellungen, wie z. B. das Erlernen der Deutschen Schrift, der Umgang mit Genealogie- programmen, die wissenschaftliche Arbeit im Archiv, die Familienforschung im Internet oder das Verfassen einer eigenen Familienchronik erg\u00e4nzen in unregelm\u00e4\u00dfigen Abst\u00e4nden das Angebot des Vereins.<\/p>\n\n\n\n<p>Alle Vortr\u00e4ge, Seminare und Workshops stehen auch Nichtmitgliedern des Vereins zur Teilnahme offen.<\/p>\n<\/div>\n\n\n\n<div class=\"wp-block-column has-small-font-size is-layout-flow wp-block-column-is-layout-flow\" style=\"flex-basis:25%\">\n<figure class=\"wp-block-image size-full\"><img loading=\"lazy\" decoding=\"async\" width=\"600\" height=\"511\" src=\"https:\/\/familienforschung-tecklenburger-land.de\/wp-content\/uploads\/2023\/02\/Altenberge-2013_02-1.jpg\" alt=\"\" class=\"wp-image-616\" srcset=\"https:\/\/familienforschung-tecklenburger-land.de\/wp-content\/uploads\/2023\/02\/Altenberge-2013_02-1.jpg 600w, https:\/\/familienforschung-tecklenburger-land.de\/wp-content\/uploads\/2023\/02\/Altenberge-2013_02-1-300x256.jpg 300w\" sizes=\"auto, (max-width: 600px) 100vw, 600px\" \/><\/figure>\n\n\n\n<h4 class=\"wp-block-heading\">Downloads:<\/h4>\n\n\n\n<p class=\"has-small-font-size\"><strong><a href=\"https:\/\/familienforschung-tecklenburger-land.de\/files\/Tecklenburger-Familienforschung\/Index\/Aufnahmeantrag Stand Januar 2017.pdf\">Download<\/a> Aufnahmeantrag<\/strong><\/p>\n\n\n\n<p class=\"has-small-font-size\"><strong><a href=\"https:\/\/familienforschung-tecklenburger-land.de\/files\/Tecklenburger-Familienforschung\/Index\/Satzung TEFAM Juni 2012.pdf\">Download<\/a> Satzung<\/strong><\/p>\n\n\n\n<figure class=\"wp-block-image size-full\"><img loading=\"lazy\" decoding=\"async\" width=\"983\" height=\"689\" src=\"https:\/\/familienforschung-tecklenburger-land.de\/wp-content\/uploads\/2023\/02\/Bild7.jpg\" alt=\"\" class=\"wp-image-614\" srcset=\"https:\/\/familienforschung-tecklenburger-land.de\/wp-content\/uploads\/2023\/02\/Bild7.jpg 983w, https:\/\/familienforschung-tecklenburger-land.de\/wp-content\/uploads\/2023\/02\/Bild7-300x210.jpg 300w, https:\/\/familienforschung-tecklenburger-land.de\/wp-content\/uploads\/2023\/02\/Bild7-768x538.jpg 768w\" sizes=\"auto, (max-width: 983px) 100vw, 983px\" \/><\/figure>\n\n\n\n<h4 class=\"wp-block-heading\">Vereinszeitschrift Spurensuche:<\/h4>\n\n\n\n<p class=\"has-small-font-size\"><strong>Familienforschung im Tecklenburger Land<\/strong><br>(erscheint halbj\u00e4hrlich)<br><br>Herausgeber:<br>Familienforschung Tecklenburger Land (TEFAM) e. V.<br>Lienener Stra\u00dfe 100, 49525 Lengerich<br><br>E-Mail:<br>info@spurensuche-zeitschrift.de<br><br>Redaktion &amp; Layout:<br>Sandra Reiter, Renate Dry<br><br>V. i. S. d. P.:<br>Gesch\u00e4ftsf\u00fchrender Vorstand des Vereins &#8222;Familienforschung Tecklenburger Land<br>(TEFAM) e. V.&#8220;,<br>Amtsgericht Steinfurt, Registernummer VR 1232<\/p>\n\n\n\n<figure class=\"wp-block-image size-full\"><img loading=\"lazy\" decoding=\"async\" width=\"230\" height=\"170\" src=\"https:\/\/familienforschung-tecklenburger-land.de\/wp-content\/uploads\/2023\/02\/Generationentag2012.jpg\" alt=\"\" class=\"wp-image-617\"\/><\/figure>\n\n\n\n<h4 class=\"wp-block-heading\">Unsere S\u00fctterlin-Schreibstube:<\/h4>\n\n\n\n<p>Jeden Freitag von 14.30 &#8211; 18.00 Uhr<\/p>\n\n\n\n<p><strong>Lienener Stra\u00dfe 100 in Lengerich<\/strong><\/p>\n\n\n\n<figure class=\"wp-block-image size-full\"><img loading=\"lazy\" decoding=\"async\" width=\"778\" height=\"447\" src=\"https:\/\/familienforschung-tecklenburger-land.de\/wp-content\/uploads\/2023\/02\/Bild4.jpg\" alt=\"\" class=\"wp-image-618\" srcset=\"https:\/\/familienforschung-tecklenburger-land.de\/wp-content\/uploads\/2023\/02\/Bild4.jpg 778w, https:\/\/familienforschung-tecklenburger-land.de\/wp-content\/uploads\/2023\/02\/Bild4-300x172.jpg 300w, https:\/\/familienforschung-tecklenburger-land.de\/wp-content\/uploads\/2023\/02\/Bild4-768x441.jpg 768w\" sizes=\"auto, (max-width: 778px) 100vw, 778px\" \/><\/figure>\n<\/div>\n<\/div>\n","protected":false},"excerpt":{"rendered":"<p>Impressum FamilienforschungTecklenburger Land (TEFAM) e. V. Lienener Stra\u00dfe 100, 49525 LengerichTelefon 05407-31709E-Mail: info@te-gen.de 1. Vorsitzende: Renate Dry2. Vorsitzender: Helmut SchererSchatzmeister: Heinz AufderhaarSchriftf\u00fchrerin: Barbara BerkemeierBeisitzer: Menno De Lange, Ralf Gravemeier, Marion Korte-Kratz Webseite: Sandra Reiter Eingetragen mit der Nummer 1232 im Vereinsregister des Amtsgerichts Steinfurt als \u201eFamilienforschung Tecklenburger Land\u201c (TEFAM) e.V. Bankverbindung: Unser Verein ist gemeinn\u00fctzig&#8230;.<\/p>\n","protected":false},"author":4,"featured_media":0,"parent":0,"menu_order":92,"comment_status":"closed","ping_status":"closed","template":"","meta":{"_coblocks_attr":"","_coblocks_dimensions":"","_coblocks_responsive_height":"","_coblocks_accordion_ie_support":"","footnotes":""},"class_list":["post-52","page","type-page","status-publish","hentry"],"_links":{"self":[{"href":"https:\/\/familienforschung-tecklenburger-land.de\/index.php?rest_route=\/wp\/v2\/pages\/52","targetHints":{"allow":["GET"]}}],"collection":[{"href":"https:\/\/familienforschung-tecklenburger-land.de\/index.php?rest_route=\/wp\/v2\/pages"}],"about":[{"href":"https:\/\/familienforschung-tecklenburger-land.de\/index.php?rest_route=\/wp\/v2\/types\/page"}],"author":[{"embeddable":true,"href":"https:\/\/familienforschung-tecklenburger-land.de\/index.php?rest_route=\/wp\/v2\/users\/4"}],"replies":[{"embeddable":true,"href":"https:\/\/familienforschung-tecklenburger-land.de\/index.php?rest_route=%2Fwp%2Fv2%2Fcomments&post=52"}],"version-history":[{"count":6,"href":"https:\/\/familienforschung-tecklenburger-land.de\/index.php?rest_route=\/wp\/v2\/pages\/52\/revisions"}],"predecessor-version":[{"id":3142,"href":"https:\/\/familienforschung-tecklenburger-land.de\/index.php?rest_route=\/wp\/v2\/pages\/52\/revisions\/3142"}],"wp:attachment":[{"href":"https:\/\/familienforschung-tecklenburger-land.de\/index.php?rest_route=%2Fwp%2Fv2%2Fmedia&parent=52"}],"curies":[{"name":"wp","href":"https:\/\/api.w.org\/{rel}","templated":true}]}}