{"id":472,"date":"2023-02-26T19:15:42","date_gmt":"2023-02-26T18:15:42","guid":{"rendered":"https:\/\/familienforschung-tecklenburger-land.de\/?page_id=472"},"modified":"2023-05-31T08:54:09","modified_gmt":"2023-05-31T07:54:09","slug":"grafschaft-lingen","status":"publish","type":"page","link":"https:\/\/familienforschung-tecklenburger-land.de\/?page_id=472","title":{"rendered":"Grafschaft Lingen"},"content":{"rendered":"\n<div class=\"wp-block-columns is-layout-flex wp-container-core-columns-is-layout-9d6595d7 wp-block-columns-is-layout-flex\">\n<div class=\"wp-block-column is-layout-flow wp-block-column-is-layout-flow\" style=\"flex-basis:25%\">\n<p class=\"has-small-font-size\">Die Obergrafschaft Lingen und angrenzende Gebiete:<\/p>\n\n\n\n<figure class=\"wp-block-image size-full has-lightbox\"><img loading=\"lazy\" decoding=\"async\" width=\"681\" height=\"784\" src=\"https:\/\/familienforschung-tecklenburger-land.de\/wp-content\/uploads\/2023\/05\/Karte-Teckl-Land-1.jpg\" alt=\"\" class=\"wp-image-2507\" srcset=\"https:\/\/familienforschung-tecklenburger-land.de\/wp-content\/uploads\/2023\/05\/Karte-Teckl-Land-1.jpg 681w, https:\/\/familienforschung-tecklenburger-land.de\/wp-content\/uploads\/2023\/05\/Karte-Teckl-Land-1-261x300.jpg 261w\" sizes=\"auto, (max-width: 681px) 100vw, 681px\" \/><\/figure>\n<\/div>\n\n\n\n<div class=\"wp-block-column is-layout-flow wp-block-column-is-layout-flow\" style=\"flex-basis:50%\">\n<h3 class=\"wp-block-heading\">Zur Geschichte:<\/h3>\n\n\n\n<p class=\"has-small-font-size\"><strong>1493:<\/strong> Die Grafschaft Lingen wurde von der Grafschaft Tecklenburg abgespalten.<\/p>\n\n\n\n<p class=\"has-small-font-size\"><strong>1496:<\/strong> Nikolaus III. starb, Erbe war sein \u00e4ltester Sohn Otto III.. Er \u00fcbernahm die Grafschaft Tecklenburg und verdr\u00e4ngte seinen Bruder Nikolaus nach Lingen.<\/p>\n\n\n\n<p class=\"has-small-font-size\"><strong>1518:<\/strong> Da Graf Nikolaus IV. versuchte, sich durch \u00dcberf\u00e4lle im benachbarten Bistum M\u00fcnster zu bereichern, lie\u00df der Bischof von M\u00fcnster die Grafschaft Lingen f\u00fcr ein Jahr erobern; Nikolaus IV. musste fliehen.<\/p>\n\n\n\n<p class=\"has-small-font-size\"><strong>1526:<\/strong> Um nach seiner R\u00fcckkehr einen starken Verb\u00fcndeten zu gewinnen, brachte Graf Nikolaus IV. die einstmals unabh\u00e4ngige Grafschaft in das Herzogtum Geldern ein und lie\u00df sie sich gleichzeitig von Herzog Karl von Egmond als Lehen zur\u00fcck\u00fcbertragen.<\/p>\n\n\n\n<p class=\"has-small-font-size\">Nachdem Nikolaus unverheiratet starb, war Konrad von Tecklenburg-Schwerin, sein Neffe und Graf von Tecklenburg, der n\u00e4chste Verwandte und erbte die Grafschaft Lingen. Wie vor 1493 waren die Gebiete der Grafschaften Tecklenburg und Lingen wieder in einer Hand.<\/p>\n\n\n\n<p class=\"has-small-font-size\">Es gab jedoch noch das Lehen von 1526. Karl von Egmond hatte 1528 Kaiser Karl V. als Lehnsherrn seines Herzogtums anerkennen m\u00fcssen und war 1538 kinderlos gestorben. Als seinen Erben hatte er den Herzog von Kleve bestimmt. Der Kaiser betrachtete das Herzogtum Geldern jedoch als an ihn zur\u00fcckgefallen &#8211; und damit nach Nikolaus&#8216; Tod auch die Grafschaft Lingen.<\/p>\n\n\n\n<p class=\"has-small-font-size\"><strong>1547:<\/strong> Karl V. r\u00fcckte mit seinen Truppen heran. Konrad musste dem Kaiser Karl die Grafschaft Lingen \u00fcberlassen, damit die Acht aufgehoben wurde. Der Kaiser belehnte den siegreichen Grafen Maximilian mit dem Lingener Land.<\/p>\n\n\n\n<p class=\"has-small-font-size\"><strong>29.6.1548:<\/strong> Maximilian wurde Lehnsgraf der Grafschaft Lingen. Er verstarb aber noch im selben Jahr. Seine Erbin, Anna von Egmond, wurde nach dem Tod ihres Vaters Maximilian von Egmond Lehnsherrin.<\/p>\n\n\n\n<p class=\"has-small-font-size\">7.5.1550: Kaiser Karl V. war Lingen \u00fcbertrug das Lehen der Grafschaft Lingen an\u00a0 seine Schwester Maria von Ungarn, der Statthalterin der Niederlande. W\u00e4hrend ihrer Lehnsschaft wurde 1555 das von altersher geltende Recht zusammengefasst und als &#8222;Lingensches Landrecht&#8220; in Kraft gesetzt.<\/p>\n\n\n\n<p class=\"has-small-font-size\"><strong>1551:<\/strong> Als Anna von Egmond den Prinzen Wilhelm von Nassau-Oranien heiratete, stimmte Kaiser Karl V. dieser Heirat nur unter der Bedingung zu, dass die Grafschaft an ihn ver\u00e4u\u00dfert wird. Die Grafschaft wurde daraufhin f\u00fcr 120.000 Goldgulden an Kaiser Karl V. verkauft.<\/p>\n\n\n\n<p class=\"has-small-font-size\"><strong>1555:<\/strong> Abdankung von Karl V.. Er \u00fcbertrug die Grafschaft Lingen zusammen mit seinen habsburgischen Besitzungen und den burgundischen L\u00e4ndern auf seinen \u00e4ltesten Sohn Philipp II., der dadurch K\u00f6nig von Spanien wurde. Die Grafschaft Lingen war nun eine spanische Besitzung. Damit wurde die Grafschaft auch Gegenstand des Achtzigj\u00e4hrigen Krieges zwischen Spanien und den Niederlanden.<\/p>\n\n\n\n<p class=\"has-small-font-size\"><strong>1597:<\/strong> F\u00fcrst Moritz von Oranien eroberte die Grafschaft Lingen beim Feldzug f\u00fcr die Utrechter Union.<\/p>\n\n\n\n<p class=\"has-small-font-size\"><strong>1605:<\/strong> Die Grafschaft wurde vom spanischen Feldherren Ambrosio Spinola zur\u00fcckerobert.<\/p>\n\n\n\n<p class=\"has-small-font-size\"><strong>1605 bis 1632:<\/strong> Die Spanier hatten nochmals die Grafschaft inne, nach deren Abzug aber wieder das Nassau-Oranien.<\/p>\n\n\n\n<p class=\"has-small-font-size\"><strong>1702:<\/strong> Nach dem Tod K\u00f6nig Wilhelms III. von England erbte K\u00f6nig Friedrich I. in Preu\u00dfen die Grafschaft Lingen, die er 1707 wieder mit der k\u00e4uflich erworbenen Grafschaft Tecklenburg vereinigte.<\/p>\n\n\n\n<p class=\"has-small-font-size\"><strong>1802:<\/strong> S\u00e4kularisierung des Hochstiftes M\u00fcnsters und westliche territoriale Erweiterung der Grafschaft Lingen.<\/p>\n\n\n\n<p class=\"has-small-font-size\"><strong>1807:<\/strong> Die Grafschaft wurde von den Franzosen besetzt.<\/p>\n\n\n\n<p class=\"has-small-font-size\"><strong>1809:<\/strong> Sie wurde dem Gro\u00dfherzogtum Berg (Departement Ems) und 1810 an Frankreich (Departement Oberems) \u00fcbertragen.<\/p>\n\n\n\n<p class=\"has-small-font-size\"><strong>1814:<\/strong> Die Grafschaft fiel wieder an Preu\u00dfen, aber durch den Verzicht Preu\u00dfens auf die Niedere Grafschaft Lingen wurde 1815 Lingen Teil des auf den Wiener Kongress neugegr\u00fcndeten K\u00f6nigreiches Hannovers.<\/p>\n\n\n\n<p class=\"has-small-font-size\"><strong>25. Juni 1822:<\/strong> Durch die Kulturverordnung die rechtliche Weisung zur Simualtionsnutzung von den protestantischen Kirchen sowie der protestantischen Schulen in der Grafschaft. Diese Verordnung wurde aber schon 1827\/1830, aufgrund des nicht endenden Streites um die Kirchennutzung, wieder aufgehoben.<\/p>\n<\/div>\n\n\n\n<div class=\"wp-block-column is-layout-flow wp-block-column-is-layout-flow\" style=\"flex-basis:25%\">\n<figure class=\"wp-block-image size-full\"><img loading=\"lazy\" decoding=\"async\" width=\"230\" height=\"273\" src=\"https:\/\/familienforschung-tecklenburger-land.de\/wp-content\/uploads\/2023\/05\/grafik-2.png\" alt=\"\" class=\"wp-image-2506\"\/><\/figure>\n\n\n\n<p class=\"has-small-font-size\"><a href=\"https:\/\/wiki.genealogy.net\/Grafschaft_Lingen\" target=\"_blank\" rel=\"noreferrer noopener\">CompGen-Webseite \u00fcber die Grafschaft Lingen<\/a><\/p>\n<\/div>\n<\/div>\n\n\n\n<h2 class=\"wp-block-heading\">Literatur<\/h2>\n\n\n\n<div class=\"wp-block-columns is-layout-flex wp-container-core-columns-is-layout-9d6595d7 wp-block-columns-is-layout-flex\">\n<div class=\"wp-block-column is-layout-flow wp-block-column-is-layout-flow\" style=\"flex-basis:25%\">\n<h3 class=\"wp-block-heading\">Osnabr\u00fccker Mitteilungen:<\/h3>\n\n\n\n<p class=\"has-small-font-size\">Nr. 7, 1864, S. 346: Oscar BROSIN, Zur Topographie der Grafschaft Lingen<\/p>\n\n\n\n<p class=\"has-small-font-size\">Nr. 13, 1886, S. 184: Schriever, Die Lasten und Abgaben der Niedergrafschaft Lingen am Ausgange des Mittelalters<\/p>\n\n\n\n<p class=\"has-small-font-size\">Nr. 29, 1904, S. 71: Ludwig Sunder, Die Holtings-Instruktion der Grafschaft Lingen von 1590<\/p>\n<\/div>\n\n\n\n<div class=\"wp-block-column is-layout-flow wp-block-column-is-layout-flow\" style=\"flex-basis:50%\">\n<p class=\"has-small-font-size\">B. A. Goldschmidt: Geschichte der Grafschaft Lingen. Osnabr\u00fcck, L. Overwetter, 1850. <a href=\"http:\/\/www.amazon.de\/gp\/product\/B005BGM510\/ref=as_li_ss_tl?ie=UTF8&amp;camp=1638&amp;creative=19454&amp;creativeASIN=B005BGM510&amp;linkCode=as2&amp;tag=wwwsandralich-21&amp;l=as2&amp;o=3&amp;a=B005BGM510\">(wird tats\u00e4chlich f\u00fcr 300 Euro angeboten&#8230;)<\/a><\/p>\n\n\n\n<p class=\"has-small-font-size\">Geschichte der Grafschaft Lingen im 16. und 17. Jahrhundert besonders in wirtschaftskundlicher Hinsicht. Stalling Vlg., Oldenburg, 1940. <a href=\"http:\/\/www.amazon.de\/gp\/product\/B0076SUSCE\/ref=as_li_ss_tl?ie=UTF8&amp;camp=1638&amp;creative=19454&amp;creativeASIN=B0076SUSCE&amp;linkCode=as2&amp;tag=wwwsandralich-21&amp;l=as2&amp;o=3&amp;a=B0076SUSCE\">(weitere Informationen)<\/a><\/p>\n\n\n\n<p class=\"has-small-font-size\">Arnold N\u00f6ldeke: Die Kunstdenkm\u00e4ler der Provinz Hannover.IV.: Regierungsbezierk Osnabr\u00fcck. 4. Die Kreise Lingen und Grafschaft Bentheim. Hannover, Selbstverlag der Provinzialverwaltung, 1919. <a href=\"http:\/\/www.amazon.de\/gp\/product\/B0058XAJK0\/ref=as_li_ss_tl?ie=UTF8&amp;camp=1638&amp;creative=19454&amp;creativeASIN=B0058XAJK0&amp;linkCode=as2&amp;tag=wwwsandralich-21&amp;l=as2&amp;o=3&amp;a=B0058XAJK0\">(Ausgabe f\u00fcr 90 Euro<\/a>, oder <a href=\"http:\/\/www.amazon.de\/gp\/product\/387898135X\/ref=as_li_ss_tl?ie=UTF8&amp;camp=1638&amp;creative=19454&amp;creativeASIN=387898135X&amp;linkCode=as2&amp;tag=wwwsandralich-21&amp;l=as2&amp;o=3&amp;a=387898135X\">Ausgabe von Wenner f\u00fcr 50 Euro)<\/a><\/p>\n\n\n\n<p class=\"has-small-font-size\">v. Kamptz: Revidirter Entwurf der Partikularrechte der zur Provinz Westphalen geh\u00f6rigen Standesherrschaften und der Graffschaften Lingen und Tecklenburg bzw. des Provinzial-Rechts der Grafschaft Mark, der Stadt und Graffschaft Dortmund und der St\u00e4dte Soest und Lippstadt <a href=\"http:\/\/www.amazon.de\/gp\/product\/B004W6O49Q\/ref=as_li_ss_tl?ie=UTF8&amp;camp=1638&amp;creative=19454&amp;creativeASIN=B004W6O49Q&amp;linkCode=as2&amp;tag=wwwsandralich-21&amp;l=as2&amp;o=3&amp;a=B004W6O49Q\">(weitere Informationen)<\/a><\/p>\n\n\n\n<p class=\"has-small-font-size\">Winfried Schlepphorst: Niederstift M\u00fcnster, Grafschaften Lingen und Bentheim, Bd 1. B\u00e4renreiter, 1975. <a href=\"http:\/\/www.amazon.de\/gp\/product\/3761805144\/ref=as_li_ss_tl?ie=UTF8&amp;camp=1638&amp;creative=19454&amp;creativeASIN=3761805144&amp;linkCode=as2&amp;tag=wwwsandralich-21&amp;l=as2&amp;o=3&amp;a=3761805144\">(weitere Informationen)<\/a><\/p>\n\n\n\n<p class=\"has-small-font-size\">Karl-Eberhard Nauhaus: Das Emsland im Ablauf der Geschichte. S\u00f6gel 1984, ISBN 3-925034-00-5 <a href=\"http:\/\/www.amazon.de\/gp\/product\/3925034005\/ref=as_li_ss_tl?ie=UTF8&amp;camp=1638&amp;creative=19454&amp;creativeASIN=3925034005&amp;linkCode=as2&amp;tag=wwwsandralich-21&amp;l=as2&amp;o=3&amp;a=3925034005\">(weitere Informationen)<\/a><\/p>\n<\/div>\n\n\n\n<div class=\"wp-block-column is-layout-flow wp-block-column-is-layout-flow\" style=\"flex-basis:25%\">\n<p><p class=\"has-small-font-size\">Johann Caspar M\u00f6ller: Geschichte der vormaligen Grafschaft Lingen von den aeltesten Zeiten bis auf unsere Tage. Lingen 1879, ISBN 3-921663-07-5 (Nachdruck)<\/p><p class=\"has-small-font-size\"><\/p><p class=\"has-small-font-size\">Lehrerverein der Di\u00f6zese Osnabr\u00fcck: Der Kreis Lingen. Beitr\u00e4ge zur Heimatkunde des Regierungsbezirks Osnabr\u00fcck Heft I. Verlag R. van Acken, Lingen\/Ems 1905<\/p><p class=\"has-small-font-size\">Werner Kaemling: Atlas zur Geschichte Niedersachsens. Gerd J. Holtzmeyer Verlag, Braunschweig 1987, ISBN 3-923722-44-3<\/p><\/p>\n<\/div>\n<\/div>\n","protected":false},"excerpt":{"rendered":"<p>Die Obergrafschaft Lingen und angrenzende Gebiete: Zur Geschichte: 1493: Die Grafschaft Lingen wurde von der Grafschaft Tecklenburg abgespalten. 1496: Nikolaus III. starb, Erbe war sein \u00e4ltester Sohn Otto III.. Er \u00fcbernahm die Grafschaft Tecklenburg und verdr\u00e4ngte seinen Bruder Nikolaus nach Lingen. 1518: Da Graf Nikolaus IV. versuchte, sich durch \u00dcberf\u00e4lle im benachbarten Bistum M\u00fcnster zu&#8230;<\/p>\n","protected":false},"author":4,"featured_media":0,"parent":0,"menu_order":20,"comment_status":"closed","ping_status":"closed","template":"","meta":{"_coblocks_attr":"","_coblocks_dimensions":"","_coblocks_responsive_height":"","_coblocks_accordion_ie_support":"","footnotes":""},"class_list":["post-472","page","type-page","status-publish","hentry"],"_links":{"self":[{"href":"https:\/\/familienforschung-tecklenburger-land.de\/index.php?rest_route=\/wp\/v2\/pages\/472","targetHints":{"allow":["GET"]}}],"collection":[{"href":"https:\/\/familienforschung-tecklenburger-land.de\/index.php?rest_route=\/wp\/v2\/pages"}],"about":[{"href":"https:\/\/familienforschung-tecklenburger-land.de\/index.php?rest_route=\/wp\/v2\/types\/page"}],"author":[{"embeddable":true,"href":"https:\/\/familienforschung-tecklenburger-land.de\/index.php?rest_route=\/wp\/v2\/users\/4"}],"replies":[{"embeddable":true,"href":"https:\/\/familienforschung-tecklenburger-land.de\/index.php?rest_route=%2Fwp%2Fv2%2Fcomments&post=472"}],"version-history":[{"count":9,"href":"https:\/\/familienforschung-tecklenburger-land.de\/index.php?rest_route=\/wp\/v2\/pages\/472\/revisions"}],"predecessor-version":[{"id":3108,"href":"https:\/\/familienforschung-tecklenburger-land.de\/index.php?rest_route=\/wp\/v2\/pages\/472\/revisions\/3108"}],"wp:attachment":[{"href":"https:\/\/familienforschung-tecklenburger-land.de\/index.php?rest_route=%2Fwp%2Fv2%2Fmedia&parent=472"}],"curies":[{"name":"wp","href":"https:\/\/api.w.org\/{rel}","templated":true}]}}