{"id":47,"date":"2023-02-24T17:17:40","date_gmt":"2023-02-24T16:17:40","guid":{"rendered":"https:\/\/familienforschung-tecklenburger-land.de\/?page_id=47"},"modified":"2023-03-05T11:32:20","modified_gmt":"2023-03-05T10:32:20","slug":"startseite","status":"publish","type":"page","link":"https:\/\/familienforschung-tecklenburger-land.de\/","title":{"rendered":"Startseite"},"content":{"rendered":"\n<div class=\"wp-block-columns is-layout-flex wp-container-core-columns-is-layout-9d6595d7 wp-block-columns-is-layout-flex\">\n<div class=\"wp-block-column is-layout-flow wp-block-column-is-layout-flow\" style=\"flex-basis:25%\">\n<figure class=\"wp-block-image size-full has-lightbox\"><img loading=\"lazy\" decoding=\"async\" width=\"230\" height=\"171\" src=\"https:\/\/familienforschung-tecklenburger-land.de\/wp-content\/uploads\/2023\/02\/2015-04-18-06-1.jpg\" alt=\"\" class=\"wp-image-503\"\/><\/figure>\n\n\n\n<p><\/p>\n\n\n\n<figure class=\"wp-block-image size-full has-lightbox\"><img loading=\"lazy\" decoding=\"async\" width=\"230\" height=\"174\" src=\"https:\/\/familienforschung-tecklenburger-land.de\/wp-content\/uploads\/2023\/02\/2015-04-18-10-1.jpg\" alt=\"\" class=\"wp-image-505\"\/><\/figure>\n\n\n\n<p><\/p>\n\n\n\n<figure class=\"wp-block-image size-large has-lightbox\"><img loading=\"lazy\" decoding=\"async\" width=\"1024\" height=\"576\" src=\"https:\/\/familienforschung-tecklenburger-land.de\/wp-content\/uploads\/2023\/02\/11717305_446479492199785_5687969365661220237_o-1024x576.jpg\" alt=\"\" class=\"wp-image-507\" srcset=\"https:\/\/familienforschung-tecklenburger-land.de\/wp-content\/uploads\/2023\/02\/11717305_446479492199785_5687969365661220237_o-1024x576.jpg 1024w, https:\/\/familienforschung-tecklenburger-land.de\/wp-content\/uploads\/2023\/02\/11717305_446479492199785_5687969365661220237_o-300x169.jpg 300w, https:\/\/familienforschung-tecklenburger-land.de\/wp-content\/uploads\/2023\/02\/11717305_446479492199785_5687969365661220237_o-768x432.jpg 768w, https:\/\/familienforschung-tecklenburger-land.de\/wp-content\/uploads\/2023\/02\/11717305_446479492199785_5687969365661220237_o-1536x864.jpg 1536w, https:\/\/familienforschung-tecklenburger-land.de\/wp-content\/uploads\/2023\/02\/11717305_446479492199785_5687969365661220237_o.jpg 2048w\" sizes=\"auto, (max-width: 1024px) 100vw, 1024px\" \/><\/figure>\n\n\n\n<p><\/p>\n\n\n\n<figure class=\"wp-block-image size-full has-lightbox\"><img loading=\"lazy\" decoding=\"async\" width=\"600\" height=\"511\" src=\"https:\/\/familienforschung-tecklenburger-land.de\/wp-content\/uploads\/2023\/02\/Altenberge-2013_02.jpg\" alt=\"\" class=\"wp-image-508\" srcset=\"https:\/\/familienforschung-tecklenburger-land.de\/wp-content\/uploads\/2023\/02\/Altenberge-2013_02.jpg 600w, https:\/\/familienforschung-tecklenburger-land.de\/wp-content\/uploads\/2023\/02\/Altenberge-2013_02-300x256.jpg 300w\" sizes=\"auto, (max-width: 600px) 100vw, 600px\" \/><\/figure>\n\n\n\n<p><\/p>\n\n\n\n<figure class=\"wp-block-image size-full\"><img loading=\"lazy\" decoding=\"async\" width=\"230\" height=\"158\" src=\"https:\/\/familienforschung-tecklenburger-land.de\/wp-content\/uploads\/2023\/02\/Bildkkkkk1.jpg\" alt=\"\" class=\"wp-image-512\"\/><\/figure>\n<\/div>\n\n\n\n<div class=\"wp-block-column is-layout-flow wp-block-column-is-layout-flow\" style=\"flex-basis:50%\">\n<h2 class=\"wp-block-heading\">Herzlich Willkommen!<\/h2>\n\n\n\n<h4 class=\"wp-block-heading\">Wie finde ich die Spur meiner Ahnen?<\/h4>\n\n\n\n<p class=\"has-small-font-size\">Auch im Tecklenburger Land finden sich immer mehr Menschen, Senioren, junge Erwachsene und sogar Sch\u00fcler, die sich als \u201eFamilien-Detektive\u201c bet\u00e4tigen und bei der Suche nach den Wurzeln ihrer Familien die Spuren ihrer Ahnen auch im Altkreis Tecklenburg finden.<\/p>\n\n\n\n<p class=\"has-small-font-size\">M\u00f6chten Sie wissen, wer Ihre Vorfahren waren, wo deren Wurzeln lagen, was sie taten, wie sie lebten, oder ob Sie vielleicht sogar reiche und ber\u00fchmte Verwandte in Amerika haben? Suchen sie Hinweise, wie Sie den \u201etoten Punkt\u201c in ihrer Ahnenliste \u00fcberwinden k\u00f6nnen? Ben\u00f6tigen Sie Lesehilfe bei alten Dokumenten? Dann sind Sie bei den Tecklenburger Familienforschern genau richtig!<\/p>\n\n\n\n<p class=\"has-small-font-size\">Wir bieten Anf\u00e4ngern, aber auch Genealogen, die seit Jahrzehnten die eigene Familien- oder Ortsgeschichte erforschen, Hilfestellung bei der Ahnenforschung, Austausch von Forschungsergebnissen und Erschlie\u00dfung der Quellen im Tecklenburger Land sowie die M\u00f6glichkeit sich zu informieren und Kontakte zu Gleichgesinnten zu pflegen.<\/p>\n\n\n\n<p class=\"has-small-font-size\">Jeden Freitag in der Zeit von 14.30 \u2013 17.00 bzw. 18.00 Uhr \u00f6ffnen wir unsere Bibliothek f\u00fcr alle Interessierten. In den letzten Jahren haben wir mehr als 1.000 B\u00fccher, Chroniken, Festschriften, Kirchenbuchabschriften, Ortsfamilienb\u00fccher und vieles mehr aus dem Tecklenburger Land und dar\u00fcber hinaus zusammengetragen. Unsere umfangreiche Sammlung stellen wir nicht nur unseren Vereinsmitgliedern, sondern auch der breiten \u00d6ffentlichkeit in unserer Bibliothek zur Verf\u00fcgung. Wir helfen und unterst\u00fctzen Sie gern bei Ihren eigenen Recherchen, sei es als Familienforscher, Chronist der eigenen Vereins- oder Firmengeschichte, als Heimatforscher oder aber einfach als Interessierter.<\/p>\n\n\n\n<p class=\"has-small-font-size\">Informationen \u00fcber das Leben unserer Vorfahren finden sich auch in Vereins- und Firmenchroniken, Festschriften, heimatkundlichen Aufs\u00e4tzen und B\u00fcchern. Daher suchen wir den Kontakt zu allen Vereinen, Firmen und Privatpersonen im Tecklenburger Land und freuen uns sehr, wenn Sie uns Hinweise auf solche Ver\u00f6ffentlichungen geben k\u00f6nnen. Zahllose schriftliche Zeugnisse sind bereits im Altpapier gelandet, weil sie nicht aufhebenswert erschienen. Das ist sehr schade, denn dieses Schriftgut kann bei der Erstellung einer Orts-, Familien-, Firmen- oder Vereinschronik von unsch\u00e4tzbarem Wert sein!<\/p>\n<\/div>\n\n\n\n<div class=\"wp-block-column is-layout-flow wp-block-column-is-layout-flow\" style=\"flex-basis:25%\">\n<figure class=\"wp-block-image size-full has-lightbox\"><img loading=\"lazy\" decoding=\"async\" width=\"230\" height=\"225\" src=\"https:\/\/familienforschung-tecklenburger-land.de\/wp-content\/uploads\/2023\/02\/2015-04-18-13-1.jpg\" alt=\"\" class=\"wp-image-506\"\/><\/figure>\n\n\n\n<h3 class=\"wp-block-heading\"><\/h3>\n\n\n\n<figure class=\"wp-block-image size-full\"><img loading=\"lazy\" decoding=\"async\" width=\"230\" height=\"307\" src=\"https:\/\/familienforschung-tecklenburger-land.de\/wp-content\/uploads\/2023\/02\/2015-04-18-05.jpg\" alt=\"\" class=\"wp-image-509\" srcset=\"https:\/\/familienforschung-tecklenburger-land.de\/wp-content\/uploads\/2023\/02\/2015-04-18-05.jpg 230w, https:\/\/familienforschung-tecklenburger-land.de\/wp-content\/uploads\/2023\/02\/2015-04-18-05-225x300.jpg 225w\" sizes=\"auto, (max-width: 230px) 100vw, 230px\" \/><\/figure>\n\n\n\n<p><\/p>\n\n\n\n<figure class=\"wp-block-image size-full\"><img loading=\"lazy\" decoding=\"async\" width=\"230\" height=\"174\" src=\"https:\/\/familienforschung-tecklenburger-land.de\/wp-content\/uploads\/2023\/02\/2015-04-18-03-1.jpg\" alt=\"\" class=\"wp-image-511\"\/><\/figure>\n<\/div>\n<\/div>\n","protected":false},"excerpt":{"rendered":"<p>Herzlich Willkommen! Wie finde ich die Spur meiner Ahnen? Auch im Tecklenburger Land finden sich immer mehr Menschen, Senioren, junge Erwachsene und sogar Sch\u00fcler, die sich als \u201eFamilien-Detektive\u201c bet\u00e4tigen und bei der Suche nach den Wurzeln ihrer Familien die Spuren ihrer Ahnen auch im Altkreis Tecklenburg finden. M\u00f6chten Sie wissen, wer Ihre Vorfahren waren, wo&#8230;<\/p>\n","protected":false},"author":4,"featured_media":0,"parent":0,"menu_order":87,"comment_status":"closed","ping_status":"closed","template":"","meta":{"_coblocks_attr":"","_coblocks_dimensions":"","_coblocks_responsive_height":"","_coblocks_accordion_ie_support":"","footnotes":""},"class_list":["post-47","page","type-page","status-publish","hentry"],"_links":{"self":[{"href":"https:\/\/familienforschung-tecklenburger-land.de\/index.php?rest_route=\/wp\/v2\/pages\/47","targetHints":{"allow":["GET"]}}],"collection":[{"href":"https:\/\/familienforschung-tecklenburger-land.de\/index.php?rest_route=\/wp\/v2\/pages"}],"about":[{"href":"https:\/\/familienforschung-tecklenburger-land.de\/index.php?rest_route=\/wp\/v2\/types\/page"}],"author":[{"embeddable":true,"href":"https:\/\/familienforschung-tecklenburger-land.de\/index.php?rest_route=\/wp\/v2\/users\/4"}],"replies":[{"embeddable":true,"href":"https:\/\/familienforschung-tecklenburger-land.de\/index.php?rest_route=%2Fwp%2Fv2%2Fcomments&post=47"}],"version-history":[{"count":5,"href":"https:\/\/familienforschung-tecklenburger-land.de\/index.php?rest_route=\/wp\/v2\/pages\/47\/revisions"}],"predecessor-version":[{"id":1054,"href":"https:\/\/familienforschung-tecklenburger-land.de\/index.php?rest_route=\/wp\/v2\/pages\/47\/revisions\/1054"}],"wp:attachment":[{"href":"https:\/\/familienforschung-tecklenburger-land.de\/index.php?rest_route=%2Fwp%2Fv2%2Fmedia&parent=47"}],"curies":[{"name":"wp","href":"https:\/\/api.w.org\/{rel}","templated":true}]}}