{"id":466,"date":"2023-02-26T19:14:27","date_gmt":"2023-02-26T18:14:27","guid":{"rendered":"https:\/\/familienforschung-tecklenburger-land.de\/?page_id=466"},"modified":"2023-05-28T20:01:48","modified_gmt":"2023-05-28T19:01:48","slug":"schledehausen","status":"publish","type":"page","link":"https:\/\/familienforschung-tecklenburger-land.de\/?page_id=466","title":{"rendered":"Schledehausen"},"content":{"rendered":"\n<div class=\"wp-block-columns is-layout-flex wp-container-core-columns-is-layout-9d6595d7 wp-block-columns-is-layout-flex\">\n<div class=\"wp-block-column is-layout-flow wp-block-column-is-layout-flow\" style=\"flex-basis:25%\">\n<h3 class=\"wp-block-heading\">Weiteres vor Ort:<\/h3>\n\n\n\n<p class=\"has-small-font-size\"><a href=\"http:\/\/www.hvv-schledehausen.de\/\">Heimat- und Verkehrsverein Schledehausen e.V.<\/a><\/p>\n\n\n\n<h3 class=\"wp-block-heading\">Ausfl\u00fcge in die Geschichte:<\/h3>\n\n\n\n<p class=\"has-small-font-size\"><a href=\"http:\/\/wanderungenimosnabrueckerland.npage.de\/050-schledehausen-schelenburger-muehle.html\">Wanderung an der Schelenburg<\/a><\/p>\n\n\n\n<p class=\"has-small-font-size\"><a href=\"http:\/\/www.osnabruecker-land.de\/staticsite\/staticsite.php?menuid=68&amp;topmenu=3\">Schelenburg<\/a><\/p>\n\n\n\n<figure class=\"wp-block-image\"><img decoding=\"async\" src=\"https:\/\/familienforschung-tecklenburger-land.de\/files\/Tecklenburger-Familienforschung\/OSNABRUECK\/Schledehausen\/Schledehausen-Schelenburg_01.jpg\" alt=\"\"\/><\/figure>\n<\/div>\n\n\n\n<div class=\"wp-block-column is-layout-flow wp-block-column-is-layout-flow\" style=\"flex-basis:50%\">\n<h2 class=\"wp-block-heading\" id=\"-Geschichte\">Zur Geschichte<\/h2>\n\n\n\n<p class=\"has-small-font-size\">Die Edelherren von Sledesen, bisch\u00f6fliche Osnabr\u00fccker Ministeralien, gaben der Wasserburg und dem Ort den Namen.<\/p>\n\n\n\n<p class=\"has-small-font-size\"><strong>2. H\u00e4lfte des 13. Jhs.:<\/strong> Wahrscheinlich ist hier der Kern der heutigen evangelischen Kirche als sp\u00e4tromanische Saalkirche entstanden.<\/p>\n\n\n\n<p class=\"has-small-font-size\"><strong>1258<\/strong>: Die bisch\u00f6fliche Kaplanei Wiedenbr\u00fcck wurde nach Schledehauen verlegt.<\/p>\n\n\n\n<p class=\"has-small-font-size\"><strong>1396:<\/strong> Die Stammburg der Edelherren von Sledesen ging in den Besitz der Herren von Schele \u00fcber. Burg Sledesen wurden bald in Schelenburg umbenannt.<\/p>\n\n\n\n<p class=\"has-small-font-size\"><strong>1650<\/strong>: In der Capitulatio perpetua wurde Schledehausen als katholische Pfarre anerkannt. Der gr\u00f6\u00dfte Teil der Einwohner war jedoch protestantisch.<\/p>\n\n\n\n<p class=\"has-small-font-size\"><strong>1803<\/strong>: Die Kirche wurde simultan. Beide Konfessionen nutzten die Kirche.<\/p>\n\n\n\n<p class=\"has-small-font-size\"><strong>1890:<\/strong> Das heutige Posthotel war die Poststation in Schledehausen.<\/p>\n\n\n\n<p class=\"has-small-font-size\"><strong>1897<\/strong>: Die Katholiken ihren Anteil an der Kirche den Evangelischen und bauten eine eigene Kirche.<\/p>\n\n\n\n<p class=\"has-small-font-size\"><strong>1908:<\/strong> Gr\u00fcndung des Heimat- und Verkehrsvereines Schledehausen e.V.<\/p>\n<\/div>\n\n\n\n<div class=\"wp-block-column is-layout-flow wp-block-column-is-layout-flow\" style=\"flex-basis:25%\">\n<h3 class=\"wp-block-heading\">Bauerschaften:<\/h3>\n\n\n\n<p class=\"has-small-font-size\">Astrup, Ellerbeck, Grambergen, Jeggen, Krevinghausen, Linne, Schledehausen, Westrup, Wissingen, Wulften<\/p>\n\n\n\n<figure class=\"wp-block-image\"><img decoding=\"async\" src=\"https:\/\/familienforschung-tecklenburger-land.de\/files\/Tecklenburger-Familienforschung\/OSNABRUECK\/Schledehausen\/Schledehausen%20Wappen.jpg\" alt=\"\"\/><\/figure>\n\n\n\n<h3 class=\"wp-block-heading\">Verwaltungszugeh\u00f6rigkeit:<\/h3>\n\n\n\n<ul class=\"wp-block-list\">\n<li class=\"has-small-font-size\">bis 1807: Amt Iburg \/ Vogtei Schledehausen \/ Gogericht Osnabr\u00fcck \/ Archidiakonat Probst zu St. Johann<\/li>\n\n\n\n<li class=\"has-small-font-size\">1808-1810: Departement Weser \/ Distrikt Osnabr\u00fcck \/ Canton Schledehausen<\/li>\n\n\n\n<li class=\"has-small-font-size\">1811-1813: Departement Ober-Ems \/ Arrondissemont Osnabr\u00fcck \/ Canton Ostercappeln \/ Mairie Schledehausen<\/li>\n\n\n\n<li class=\"has-small-font-size\">1814: Amt Osnabr\u00fcck \/ Vogtei Iburg<\/li>\n\n\n\n<li class=\"has-small-font-size\">1814-1852: Amt Osnabr\u00fcck \/ Vogtei Schledehausen<\/li>\n\n\n\n<li class=\"has-small-font-size\">1853-1884: Amt Schledehausen \/ Gogericht Osnabr\u00fcck<\/li>\n\n\n\n<li class=\"has-small-font-size\">seit 1885: Kreis Osnabr\u00fcck (Land) \/ Gogericht Osnabr\u00fcck<\/li>\n<\/ul>\n\n\n\n<figure class=\"wp-block-image\"><img decoding=\"async\" src=\"https:\/\/familienforschung-tecklenburger-land.de\/files\/Tecklenburger-Familienforschung\/OSNABRUECK\/Schledehausen\/Schledehausen_1.jpg\" alt=\"\"\/><\/figure>\n<\/div>\n<\/div>\n\n\n\n<div class=\"wp-block-columns is-layout-flex wp-container-core-columns-is-layout-9d6595d7 wp-block-columns-is-layout-flex\">\n<div class=\"wp-block-column is-layout-flow wp-block-column-is-layout-flow\" style=\"flex-basis:25%\"><\/div>\n\n\n\n<div class=\"wp-block-column is-layout-flow wp-block-column-is-layout-flow\" style=\"flex-basis:50%\">\n<h2 class=\"wp-block-heading\" id=\"-Weblinks\">Weblinks<\/h2>\n<\/div>\n\n\n\n<div class=\"wp-block-column is-layout-flow wp-block-column-is-layout-flow\" style=\"flex-basis:25%\"><\/div>\n<\/div>\n\n\n\n<div class=\"wp-block-columns is-layout-flex wp-container-core-columns-is-layout-9d6595d7 wp-block-columns-is-layout-flex\">\n<div class=\"wp-block-column is-layout-flow wp-block-column-is-layout-flow\" style=\"flex-basis:25%\"><\/div>\n\n\n\n<div class=\"wp-block-column is-layout-flow wp-block-column-is-layout-flow\" style=\"flex-basis:50%\">\n<h2 class=\"wp-block-heading\" id=\"-Quellen\">Genealogische Quellen<\/h2>\n<\/div>\n\n\n\n<div class=\"wp-block-column is-layout-flow wp-block-column-is-layout-flow\" style=\"flex-basis:25%\"><\/div>\n<\/div>\n\n\n\n<div class=\"wp-block-columns is-layout-flex wp-container-core-columns-is-layout-9d6595d7 wp-block-columns-is-layout-flex\">\n<div class=\"wp-block-column is-layout-flow wp-block-column-is-layout-flow\" style=\"flex-basis:25%\">\n<h3 class=\"wp-block-heading\">Matricula<\/h3>\n\n\n\n<p class=\"has-small-font-size\">Kirchenb\u00fccher online einsehbar:<\/p>\n\n\n\n<p class=\"has-small-font-size\"><a href=\"https:\/\/data.matricula-online.eu\/de\/deutschland\/osnabrueck\/schledehausen-st-laurentius\/\">Schledehausen St. Laurentius<\/a><\/p>\n<\/div>\n\n\n\n<div class=\"wp-block-column is-layout-flow wp-block-column-is-layout-flow\" style=\"flex-basis:50%\">\n<h2 class=\"wp-block-heading\" id=\"-Fundstuecke\">Fundst\u00fccke<\/h2>\n\n\n\n<h3 class=\"wp-block-heading\">Webschule Wilhelm Birkemeyer<\/h3>\n\n\n\n<figure class=\"wp-block-image\"><img decoding=\"async\" src=\"https:\/\/familienforschung-tecklenburger-land.de\/files\/Tecklenburger-Familienforschung\/OSNABRUECK\/Schledehausen\/OS-Bildarchiv_07.jpg\" alt=\"\"\/><\/figure>\n\n\n\n<p><a href=\"http:\/\/www.medienzentrum-osnabrueck.de\/arbeitswelten-auf-dem-lande\/\"><\/a><\/p>\n\n\n\n<p class=\"has-small-font-size\">Das Foto stammt aus dem Osnabr\u00fccker Medienzentrum. Bitte auf das Bild klicken und auf der Seite ggf. herunterscrollen. Dort gibt es auch noch weitere Informationen.<\/p>\n\n\n\n<h3 class=\"wp-block-heading\">Familie Bode in Missouri<\/h3>\n\n\n\n<p class=\"has-small-font-size\">Im Archiv des &#8222;State Historical Society of Missouri&#8220; gibt es umfangreiche Akten \u00fcber die <a href=\"http:\/\/shs.umsystem.edu\/manuscripts\/invent\/3999.html\"><strong>Familie Bode<\/strong><\/a>. Hier kann man sich online eine kurze Familiengeschichte ansehen und im Findbuch st\u00f6bern. Man kann auch Kopien bestellen oder Nachforschungen anstellen lassen.<\/p>\n<\/div>\n\n\n\n<div class=\"wp-block-column is-layout-flow wp-block-column-is-layout-flow\" style=\"flex-basis:25%\">\n<h3 class=\"wp-block-heading\">Vereinigte Westf\u00e4lische Adelsarchive e.V.:<\/h3>\n\n\n\n<p class=\"has-small-font-size\"><strong>Archiv Tatenhausen, Kolonate<\/strong><br><br>92 \/ 1812 &#8211; 1837: Kolonat Sieveker, Kirchspiel Schledehausen, Bauernschaft Ellerbeck<br>374 \/ 1602 &#8211; 1818: Kolonat Sieveker im Kirchspiel Schledehausen (Bauerschaft Ellerbeck)<\/p>\n\n\n\n<figure class=\"wp-block-image\"><img decoding=\"async\" src=\"https:\/\/familienforschung-tecklenburger-land.de\/files\/Tecklenburger-Familienforschung\/OSNABRUECK\/Schledehausen\/AK-Schledehausen-Sanatorium.jpg\" alt=\"\"\/><\/figure>\n<\/div>\n<\/div>\n\n\n\n<div class=\"wp-block-columns is-layout-flex wp-container-core-columns-is-layout-9d6595d7 wp-block-columns-is-layout-flex\">\n<div class=\"wp-block-column is-layout-flow wp-block-column-is-layout-flow\" style=\"flex-basis:25%\"><\/div>\n\n\n\n<div class=\"wp-block-column is-layout-flow wp-block-column-is-layout-flow\" style=\"flex-basis:50%\">\n<h2 class=\"wp-block-heading\" id=\"-Auswanderer\">Auswanderer<\/h2>\n<\/div>\n\n\n\n<div class=\"wp-block-column is-layout-flow wp-block-column-is-layout-flow\" style=\"flex-basis:25%\"><\/div>\n<\/div>\n\n\n\n<div class=\"wp-block-columns is-layout-flex wp-container-core-columns-is-layout-9d6595d7 wp-block-columns-is-layout-flex\">\n<div class=\"wp-block-column is-layout-flow wp-block-column-is-layout-flow\" style=\"flex-basis:25%\"><\/div>\n\n\n\n<div class=\"wp-block-column is-layout-flow wp-block-column-is-layout-flow\" style=\"flex-basis:50%\">\n<h2 class=\"wp-block-heading\" id=\"-Karten\">Karten und Pl\u00e4ne<\/h2>\n<\/div>\n\n\n\n<div class=\"wp-block-column is-layout-flow wp-block-column-is-layout-flow\" style=\"flex-basis:25%\"><\/div>\n<\/div>\n\n\n\n<div class=\"wp-block-columns is-layout-flex wp-container-core-columns-is-layout-9d6595d7 wp-block-columns-is-layout-flex\">\n<div class=\"wp-block-column is-layout-flow wp-block-column-is-layout-flow\" style=\"flex-basis:25%\">\n<figure class=\"wp-block-image size-full\"><img loading=\"lazy\" decoding=\"async\" width=\"230\" height=\"160\" src=\"https:\/\/familienforschung-tecklenburger-land.de\/wp-content\/uploads\/2023\/05\/Schledehausen-Schelenburg_02.jpg\" alt=\"\" class=\"wp-image-2538\"\/><\/figure>\n<\/div>\n\n\n\n<div class=\"wp-block-column is-layout-flow wp-block-column-is-layout-flow\" style=\"flex-basis:50%\">\n<h2 class=\"wp-block-heading\" id=\"-Literatur\">Literatur<\/h2>\n\n\n\n<p class=\"has-small-font-size\">Klaus J. Bade, Horst-R\u00fcdiger Jarck, Anton Schindling (Hrsg.): Schelenburg &#8211; Kirchspiel &#8211; Landgemeinde. 900 Jahre Schledehausen. Bissendorf, 1990.<\/p>\n\n\n\n<p class=\"has-small-font-size\">In: Westf\u00e4lische Zeitschrift f\u00fcr vaterl\u00e4ndische Geschichte und Altertumskunde, Band 148 (1998): Sicherungsverwahrung westf\u00e4lischer Adliger im Jahre 1813 durch die Franzosen (u.a. Georg von Schele), S. 139<\/p>\n\n\n\n<h3 class=\"wp-block-heading\">In: Heimatjahrbuch Osnabr\u00fccker Land<\/h3>\n\n\n\n<p class=\"has-small-font-size\"><strong>1978<\/strong>: Heinrich Westerfeld, Bibliographie (Klaus Kischnick), S. 170<\/p>\n\n\n\n<p class=\"has-small-font-size\"><strong>1989<\/strong>: Aus der Geschichte der Gemeinde Schledehausen(Horst Denke), S. 15<\/p>\n\n\n\n<p class=\"has-small-font-size\"><strong>1998<\/strong>: Aus den Visitationsprotokollen des Generalvikars Albert Lucenius (1624\/25) (Dr. Wilfried Pabst), S. 37<\/p>\n\n\n\n<p class=\"has-small-font-size\"><strong>2000<\/strong>: Eine herrliche Fahrt zu den Wasserschl\u00f6ssern im s\u00fcdlichen Landkreis (Bernhard Feige), S. 14<\/p>\n\n\n\n<p class=\"has-small-font-size\"><strong>2007<\/strong>: Venne &#8211; Schledehausen &#8211; Melle (Gerd-Ulrich Piesch), S. 150<\/p>\n\n\n\n<p class=\"has-small-font-size\"><strong>2012<\/strong>: Die norddeutsche Niederungsburg &#8211; Architektur, Herrschaft und Struktur eines Idealtypus fester Pl\u00e4tze in Hoch- und Sp\u00e4tmittelalter (Simon Haupt), S. 61<\/p>\n\n\n\n<h3 class=\"wp-block-heading\">Osnabr\u00fccker Mitteilungen:<\/h3>\n\n\n\n<p class=\"has-small-font-size\">H. WESTERFELD, Kirchen- und Schulwesen im Kirchspiel Schledehausen vom westf\u00e4lischen Frieden bis zur Einf\u00fchrung des Simultaneums (1803), Nr. 36, 1911, S. 183<\/p>\n<\/div>\n\n\n\n<div class=\"wp-block-column is-layout-flow wp-block-column-is-layout-flow\" style=\"flex-basis:25%\">\n<h3 class=\"wp-block-heading\">Kislings Kalender<\/h3>\n\n\n\n<p class=\"has-small-font-size\">1971: Wechselvolles Schicksal der Schule Schledehausen. Von Heinrich L\u00fchrmann (S. 88)<\/p>\n\n\n\n<p class=\"has-small-font-size\">1972: Epitaphe aus dem F\u00fcrstentum Osnabr\u00fcck. Von Lydia Tilgner (S. 77)<\/p>\n\n\n\n<figure class=\"wp-block-image\"><img decoding=\"async\" src=\"https:\/\/familienforschung-tecklenburger-land.de\/files\/Tecklenburger-Familienforschung\/OSNABRUECK\/Schledehausen\/Schledehausen_2.jpg\" alt=\"\"\/><\/figure>\n\n\n\n<h3 class=\"wp-block-heading\">Heimatjahrbuch Osnabr\u00fcck Stadt und Land<\/h3>\n\n\n\n<p class=\"has-small-font-size\"><strong>1973<\/strong>: F\u00fcnf Fremdenverkehrs-Schwerpunkte im Altkreis Osnabr\u00fcck. Von Hanser (S. 43)<\/p>\n\n\n\n<p class=\"has-small-font-size\"><strong>1974<\/strong>: Caspar von Schele-Schelenburg, ein &#8222;Tischgenosse Martin Luthers&#8220;. Von Heinrich L\u00fchrmann (S. 59)<\/p>\n\n\n\n<p class=\"has-small-font-size\"><strong>1974<\/strong>: Die Schelenburg. Im Geschichtsbuch nachgebl\u00e4ttert.&nbsp; Von Konrad Hinze (S. 60)<\/p>\n\n\n\n<p class=\"has-small-font-size\"><strong>2005<\/strong>: Das Sanatorium auf dem Berge (Paul-W. Wahl), S. 70<\/p>\n<\/div>\n<\/div>\n\n\n\n<div class=\"wp-block-columns is-layout-flex wp-container-core-columns-is-layout-9d6595d7 wp-block-columns-is-layout-flex\">\n<div class=\"wp-block-column is-layout-flow wp-block-column-is-layout-flow\" style=\"flex-basis:25%\"><\/div>\n\n\n\n<div class=\"wp-block-column is-layout-flow wp-block-column-is-layout-flow\" style=\"flex-basis:50%\">\n<h2 class=\"wp-block-heading\" id=\"-Suchanfragen\">Suchanfragen<\/h2>\n\n\n\n<h3 class=\"wp-block-heading\">M\u00f6chten Sie auch eine Anfrage ver\u00f6ffentlichen?<\/h3>\n\n\n\n<p class=\"has-small-font-size\"><strong>Wenn jemand genealogische Kontakte kn\u00fcpfen m\u00f6chte oder Hilfe bei einem schwierigen Fall ben\u00f6tigt, ver\u00f6ffentlichen wir hier gern eine Anfrage.<\/strong><\/p>\n\n\n\n<p class=\"has-small-font-size\">Hier k\u00f6nnen Sie uns Ihre Suchanfrage \u00fcbermitteln:<\/p>\n\n\n\n<p class=\"has-small-font-size\">Sie k\u00f6nnen uns eine E-Mail mit Ihrer Suchanfrage schicken: <a href=\"mailto:admin@te-gen.de\">admin@te-gen.de<\/a> Bitte tragen Sie in die Mail ein, nach welchen Personen oder Namen Sie suchen, in welchem Ort Sie suchen, wenn Sie m\u00f6chten, Ihren Namen, welche Daten (Geburt, Heirat, Tod, andere) Ihnen vorliegen. Wenigstens ein Zeitraum w\u00e4re gut. Wir werden Ihre Anfrage dann an dieser Stelle ver\u00f6ffentlichen. Bitte beachten Sie, dass dies einige Tage dauern kann. Ihre Anfrage wird automatisch auch an unsere Mailingliste weitergeleitet.<\/p>\n<\/div>\n\n\n\n<div class=\"wp-block-column is-layout-flow wp-block-column-is-layout-flow\" style=\"flex-basis:25%\"><\/div>\n<\/div>\n","protected":false},"excerpt":{"rendered":"<p>Weiteres vor Ort: Heimat- und Verkehrsverein Schledehausen e.V. Ausfl\u00fcge in die Geschichte: Wanderung an der Schelenburg Schelenburg Zur Geschichte Die Edelherren von Sledesen, bisch\u00f6fliche Osnabr\u00fccker Ministeralien, gaben der Wasserburg und dem Ort den Namen. 2. H\u00e4lfte des 13. Jhs.: Wahrscheinlich ist hier der Kern der heutigen evangelischen Kirche als sp\u00e4tromanische Saalkirche entstanden. 1258: Die bisch\u00f6fliche&#8230;<\/p>\n","protected":false},"author":4,"featured_media":0,"parent":0,"menu_order":25,"comment_status":"closed","ping_status":"closed","template":"","meta":{"_coblocks_attr":"","_coblocks_dimensions":"","_coblocks_responsive_height":"","_coblocks_accordion_ie_support":"","footnotes":""},"class_list":["post-466","page","type-page","status-publish","hentry"],"_links":{"self":[{"href":"https:\/\/familienforschung-tecklenburger-land.de\/index.php?rest_route=\/wp\/v2\/pages\/466","targetHints":{"allow":["GET"]}}],"collection":[{"href":"https:\/\/familienforschung-tecklenburger-land.de\/index.php?rest_route=\/wp\/v2\/pages"}],"about":[{"href":"https:\/\/familienforschung-tecklenburger-land.de\/index.php?rest_route=\/wp\/v2\/types\/page"}],"author":[{"embeddable":true,"href":"https:\/\/familienforschung-tecklenburger-land.de\/index.php?rest_route=\/wp\/v2\/users\/4"}],"replies":[{"embeddable":true,"href":"https:\/\/familienforschung-tecklenburger-land.de\/index.php?rest_route=%2Fwp%2Fv2%2Fcomments&post=466"}],"version-history":[{"count":5,"href":"https:\/\/familienforschung-tecklenburger-land.de\/index.php?rest_route=\/wp\/v2\/pages\/466\/revisions"}],"predecessor-version":[{"id":3089,"href":"https:\/\/familienforschung-tecklenburger-land.de\/index.php?rest_route=\/wp\/v2\/pages\/466\/revisions\/3089"}],"wp:attachment":[{"href":"https:\/\/familienforschung-tecklenburger-land.de\/index.php?rest_route=%2Fwp%2Fv2%2Fmedia&parent=466"}],"curies":[{"name":"wp","href":"https:\/\/api.w.org\/{rel}","templated":true}]}}