{"id":454,"date":"2023-02-26T19:13:39","date_gmt":"2023-02-26T18:13:39","guid":{"rendered":"https:\/\/familienforschung-tecklenburger-land.de\/?page_id=454"},"modified":"2023-05-28T18:45:38","modified_gmt":"2023-05-28T17:45:38","slug":"buer","status":"publish","type":"page","link":"https:\/\/familienforschung-tecklenburger-land.de\/?page_id=454","title":{"rendered":"Buer"},"content":{"rendered":"\n<div class=\"wp-block-columns is-layout-flex wp-container-core-columns-is-layout-9d6595d7 wp-block-columns-is-layout-flex\">\n<div class=\"wp-block-column is-layout-flow wp-block-column-is-layout-flow\" style=\"flex-basis:25%\">\n<h3 class=\"wp-block-heading\">Ausfl\u00fcge in die Geschichte:<\/h3>\n\n\n\n<p class=\"has-small-font-size\"><strong>Traktorenmuseum Meesdorf<\/strong><br>Am Bergsiek 10, Melle-Buer<br>Museum f\u00fcr Traktoren und historische Landmaschinen.<\/p>\n\n\n\n<p class=\"has-small-font-size\"><strong>Kirchhofsburg Buer<\/strong><br>Geschlossene H\u00e4userzeile rund um die Kirche mit&nbsp; Einfahrtstor.<br>Erbaut: 1855<\/p>\n\n\n\n<p class=\"has-small-font-size\"><strong>Wasserm\u00fchlen Tittingdorf<\/strong><br>Doppelm\u00fchle: Oel- und Bokem\u00fchle\/ Mahlm\u00fchle.<br>Privatbesitz. Au\u00dfen-Besichtigung m\u00f6glich<br>Melle- Tittingdorf Niedereschweg 13<\/p>\n\n\n\n<figure class=\"wp-block-image\"><img decoding=\"async\" src=\"https:\/\/familienforschung-tecklenburger-land.de\/files\/Tecklenburger-Familienforschung\/OSNABRUECK\/Buer\/Buer_09.jpg\" alt=\"\"\/><\/figure>\n<\/div>\n\n\n\n<div class=\"wp-block-column is-layout-flow wp-block-column-is-layout-flow\" style=\"flex-basis:50%\">\n<h2 class=\"wp-block-heading\" id=\"-Geschichte\">Zur Geschichte<\/h2>\n\n\n\n<p class=\"has-small-font-size\"><strong>27 v. Chr. bis 14. n. Chr.:<\/strong> in der Gegend um Buer lebten germanische St\u00e4mme wie die Cherusker.<\/p>\n\n\n\n<p class=\"has-small-font-size\"><strong>700 n. Chr:<\/strong> im Raum um Melle breitete der heidnische Stamm der Sachsen aus und betrieb Ackerbau. Sie nannten die Gegend Graingau (heute Gr\u00f6negau).<\/p>\n\n\n\n<p class=\"has-small-font-size\"><strong>772 &#8211; 800:<\/strong> Christianisierung der Sachsen durch die Franken. In Melle wurde eine Kirche gegr\u00fcndet. Auf dem Boden des heutigen Buer sowie an sieben weiteren nahen Siedlungspl\u00e4tzen entstanden damals beherrschende Meyerh\u00f6fe.<\/p>\n\n\n\n<p class=\"has-small-font-size\"><strong>1209<\/strong>: erstmalige Erw\u00e4hnung Bures in einer Urkunde<\/p>\n\n\n\n<p class=\"has-small-font-size\"><strong>Ca. 1550:<\/strong> Buer bekannte sich zum evangelischen Glauben. Pastor war damals Samson Snethlage.<\/p>\n\n\n\n<p class=\"has-small-font-size\"><strong>1550<\/strong>: Gr\u00fcndung der Sch\u00fctzengesellschaft Buer<\/p>\n\n\n\n<p class=\"has-small-font-size\"><strong>1671:<\/strong> man begann in Buer, Kirchenb\u00fccher zu f\u00fchren.<\/p>\n\n\n\n<p class=\"has-small-font-size\"><strong>1763<\/strong>: Teilung der Buerschen Mark<\/p>\n\n\n\n<p class=\"has-small-font-size\"><strong>ab 1815:<\/strong> eine Serie von Missernten und Beginn der Auswanderungswelle<\/p>\n\n\n\n<p class=\"has-small-font-size\"><strong>ab 1818:<\/strong> der alte Friedhof in der Kirchenburg neben dem Gotteshaus wurde nicht mehr belegt, da ein neuer errichtet au\u00dferhalb wurde. In diesem Jahr wurde eine private Mittelschule errichtet.<\/p>\n\n\n\n<p class=\"has-small-font-size\"><strong>1852<\/strong>: Abbruch der gotischen Kirche und Weihung der neuen romanischen Kirche<\/p>\n\n\n\n<p class=\"has-small-font-size\"><strong>1820 &#8211; 1973:<\/strong> Buer war Sitz des evangelischen Superindendenten f\u00fcr die Kreise Melle und Wittlage.<\/p>\n\n\n\n<p class=\"has-small-font-size\"><strong>ab 1852 &#8211; 1972:<\/strong> Bestehen der Samtgemeinde Buer<\/p>\n\n\n\n<p class=\"has-small-font-size\"><strong>1866<\/strong>: die Preu\u00dfen annektieren das besiegte K\u00f6nigreich Hannover. Damit wird Buer bis zur Aufl\u00f6sung Preu\u00dfens am 25. Februar 1947 durch die Alliierten preu\u00dfisch.<\/p>\n\n\n\n<p class=\"has-small-font-size\"><strong>1972<\/strong>: Buer wird eingemeindet und geh\u00f6rt nun zu Melle.<\/p>\n<\/div>\n\n\n\n<div class=\"wp-block-column is-layout-flow wp-block-column-is-layout-flow\" style=\"flex-basis:25%\">\n<h3 class=\"wp-block-heading\">Bauerschaften:<\/h3>\n\n\n\n<p class=\"has-small-font-size\">Barkhausen, Buer, Bulsten, D\u00fcingdorf, Eiken, Holzhausen, Husst\u00e4dte, Markendorf, Meesdorf, Sehlingdorf, Wehringdorf, Wetter<\/p>\n\n\n\n<h3 class=\"wp-block-heading\">Verwaltungszugeh\u00f6rigkeit:<\/h3>\n\n\n\n<ul class=\"wp-block-list\">\n<li class=\"has-small-font-size\">bis 1807: Amt Gr\u00f6neberg \/ Vogtei Buer \/ Gogericht Melle \/ Archidiakonat Probst zu St. Johann<\/li>\n\n\n\n<li class=\"has-small-font-size\">1808-1810: Departement Weser \/ Distrikt Osnabr\u00fcck \/ Canton Buer<\/li>\n\n\n\n<li class=\"has-small-font-size\">1811-1813: Departement Ober-Ems \/ Arrondissemont Osnabr\u00fcck \/ Canton Essen \/ Mairie Buer<\/li>\n\n\n\n<li class=\"has-small-font-size\">1814-1852 : Amt Gr\u00f6neberg \/ Vogtei Buer<\/li>\n\n\n\n<li class=\"has-small-font-size\">1853-1884 : Amt Gr\u00f6neberg zu Melle \/ Gogericht Melle<\/li>\n\n\n\n<li class=\"has-small-font-size\">ab 1885: Kreis Melle \/ Gogericht Melle<\/li>\n<\/ul>\n\n\n\n<figure class=\"wp-block-image\"><img decoding=\"async\" src=\"https:\/\/familienforschung-tecklenburger-land.de\/files\/Tecklenburger-Familienforschung\/OSNABRUECK\/Buer\/Buer_10.jpg\" alt=\"\"\/><\/figure>\n<\/div>\n<\/div>\n\n\n\n<div class=\"wp-block-columns is-layout-flex wp-container-core-columns-is-layout-9d6595d7 wp-block-columns-is-layout-flex\">\n<div class=\"wp-block-column is-layout-flow wp-block-column-is-layout-flow\" style=\"flex-basis:25%\">\n<figure class=\"wp-block-image size-full\"><img loading=\"lazy\" decoding=\"async\" width=\"230\" height=\"185\" src=\"https:\/\/familienforschung-tecklenburger-land.de\/wp-content\/uploads\/2023\/05\/Buer_11.jpg\" alt=\"\" class=\"wp-image-2522\"\/><\/figure>\n<\/div>\n\n\n\n<div class=\"wp-block-column is-layout-flow wp-block-column-is-layout-flow\" style=\"flex-basis:50%\">\n<h2 class=\"wp-block-heading\" id=\"-Weblinks\">Weblinks<\/h2>\n\n\n\n<p class=\"has-small-font-size\"><a href=\"http:\/\/www.daf-melle.de\/\">Deutsch-Amerikanischer Freundeskreis Melle<\/a><\/p>\n\n\n\n<p class=\"has-small-font-size\"><a href=\"http:\/\/www.martinibuer.de\/\">Ev. luth. Martini-Kirchengemeinde Buer<\/a><\/p>\n\n\n\n<p class=\"has-small-font-size\"><a href=\"http:\/\/www.huvv-buer.de\/\">Heimat- und Versch\u00f6nerungsverein Buer e.V.<\/a><\/p>\n\n\n\n<h3 class=\"wp-block-heading\">Allgemeine Links:<\/h3>\n\n\n\n<p class=\"has-small-font-size\"><a href=\"http:\/\/wiki-de.genealogy.net\/Hauptseite\">GenWiki:<\/a> Ein Wiki f\u00fcr Ahnenforscher.<br><br><a href=\"http:\/\/www.fotoerbe.de\/\">Fotoerbe.de<\/a>: In welchen Archiven, Museen, Bibliotheken usw. sind historische Fotografien vorhanden? Hier findet man sie in einer riesigen Datenbank.<br><br><a href=\"http:\/\/www.kirchliche-archive.de\/\">Kirchliche Archive:<\/a> \u00dcbersicht \u00fcber die deutschen Kirchenbucharchive.<br><br><a href=\"http:\/\/christoph.stoepel.net\/geogen\/v3\/\">Geogen<\/a>: Auf dieser Seite kann man Landkarten \u00fcber die Verbreitung von Familiennamen in Deutschland erstellen lassen. Besonders auff\u00e4llige Konzentrationen k\u00f6nnen auf den Ursprungsort des Namens oder der Familie hindeuten.<br><a href=\"http:\/\/www.hbol.de\/\"><br>Heimatbund Osnabr\u00fccker Land:<\/a> Hier gibt es geschichtliches \u00fcber die verschiedenen Orte. Man findet auch viele Adressen und Infos \u00fcber Vereine usw.<br><br><a href=\"http:\/\/www.lwl.org\/westfaelische-geschichte\/portal\/Internet\/haupt.php?urlNeu=\">Internet-Portal &#8222;Westf\u00e4lische Geschichte&#8220;<\/a><br><br><a href=\"http:\/\/www.archive.nrw.de\/\">Internetportal der Archive in Nordrhein-Westfalen<\/a><br><br><a href=\"http:\/\/www.westfalen-adelssitze.de\" target=\"_blank\" rel=\"noreferrer noopener\">Burgen, Schl\u00f6sser und Herrensitze in Westfalen<\/a>: Interessant, wenn man wei\u00df, welchem Herr ein Hof eigenbeh\u00f6rig war.<br><br><a href=\"http:\/\/www.wggf.de\/\">Westf\u00e4lische Gesellschaft f\u00fcr Genealogie und Familienforschung (WGGF)<\/a><\/p>\n<\/div>\n\n\n\n<div class=\"wp-block-column is-layout-flow wp-block-column-is-layout-flow\" style=\"flex-basis:25%\">\n<figure class=\"wp-block-image size-full\"><img loading=\"lazy\" decoding=\"async\" width=\"230\" height=\"302\" src=\"https:\/\/familienforschung-tecklenburger-land.de\/wp-content\/uploads\/2023\/05\/Buer_01.jpg\" alt=\"\" class=\"wp-image-2523\" srcset=\"https:\/\/familienforschung-tecklenburger-land.de\/wp-content\/uploads\/2023\/05\/Buer_01.jpg 230w, https:\/\/familienforschung-tecklenburger-land.de\/wp-content\/uploads\/2023\/05\/Buer_01-228x300.jpg 228w\" sizes=\"auto, (max-width: 230px) 100vw, 230px\" \/><\/figure>\n\n\n\n<p class=\"has-small-font-size\">Die alte Kirche, die 1852 abgerissen wurde.<\/p>\n\n\n\n<figure class=\"wp-block-image size-full\"><img loading=\"lazy\" decoding=\"async\" width=\"230\" height=\"250\" src=\"https:\/\/familienforschung-tecklenburger-land.de\/wp-content\/uploads\/2023\/05\/Buer_05.jpg\" alt=\"\" class=\"wp-image-2524\"\/><\/figure>\n<\/div>\n<\/div>\n\n\n\n<div class=\"wp-block-columns is-layout-flex wp-container-core-columns-is-layout-9d6595d7 wp-block-columns-is-layout-flex\">\n<div class=\"wp-block-column is-layout-flow wp-block-column-is-layout-flow\" style=\"flex-basis:25%\"><\/div>\n\n\n\n<div class=\"wp-block-column is-layout-flow wp-block-column-is-layout-flow\" style=\"flex-basis:50%\">\n<h2 class=\"wp-block-heading\" id=\"-Quellen\">Genealogische Quellen<\/h2>\n<\/div>\n\n\n\n<div class=\"wp-block-column is-layout-flow wp-block-column-is-layout-flow\" style=\"flex-basis:25%\"><\/div>\n<\/div>\n\n\n\n<div class=\"wp-block-columns is-layout-flex wp-container-core-columns-is-layout-9d6595d7 wp-block-columns-is-layout-flex\">\n<div class=\"wp-block-column is-layout-flow wp-block-column-is-layout-flow\" style=\"flex-basis:25%\">\n<p><img loading=\"lazy\" decoding=\"async\" src=\"https:\/\/familienforschung-tecklenburger-land.de\/files\/Tecklenburger-Familienforschung\/OSNABRUECK\/Buer\/Buer_02.jpg\" alt=\"\" width=\"230\" height=\"253\"><\/p>\n\n\n\n<p class=\"has-small-font-size\">Am Kirchplatz<\/p>\n\n\n\n<h3 class=\"wp-block-heading\">Liste der USA-Auswanderer aus Buer<\/h3>\n\n\n\n<p class=\"has-small-font-size\"><a href=\"http:\/\/www.buer-us.de\/Book1a.html\">umfassende Datenbank<\/a> mit vielen Details zu den einzelnen Personen.<\/p>\n\n\n\n<p class=\"has-small-font-size\"><a href=\"http:\/\/www.daf-melle.de\/html\/auswanderung.html\">Liste mit Auswanderern aus Buer<\/a><\/p>\n\n\n\n<h3 class=\"wp-block-heading\">Buer in Amerika<\/h3>\n\n\n\n<p class=\"has-small-font-size\">Mehrere <a href=\"http:\/\/www.buer-us.de\/linkpage_D.html\">US-Familien<\/a> mit Herkunft aus Buer<\/p>\n<\/div>\n\n\n\n<div class=\"wp-block-column is-layout-flow wp-block-column-is-layout-flow\" style=\"flex-basis:50%\">\n<h2 class=\"wp-block-heading\" id=\"-Fundstuecke\">Fundst\u00fccke<\/h2>\n\n\n\n<h3 class=\"wp-block-heading\">Auswanderer<\/h3>\n\n\n\n<p class=\"has-small-font-size\"><strong>Ev. St. Johannes Gemeinde Plum Hill in Illinois<\/strong><br><strong>Kirchenbuch 1854-1876<\/strong><br>Abschrift von <a href=\"http:\/\/www.amerikanetz.de\/beitraege\/wilhelm-niermann\/abschriften-kirchenbuechern-deutscher-auswanderergemeinden-in-die-usa-datenbank\/?&amp;L=1%2C\">Wilhelm Niermann<\/a><br><br>Obermann, Christine Marie Louise, geboren den 9 Februar A. D. 1855, ist 11 M\u00e4rz<br>A. D.1855 getauft von Carl Witte, Pastor ( LS )<br>Vater: Heinrich Obermann von Kurhessen<br>Mutter: <strong>Charlotte Louise, geb. Brocksieker von Buer<\/strong> bei Melle, K\u00f6nigreich Hannover<br>Paten: Christine Bredemeyer und Marie Schnute<\/p>\n\n\n\n<h3 class=\"wp-block-heading\">Turmuhrenbauer Korfhage<\/h3>\n\n\n\n<p class=\"has-small-font-size\"><a href=\"http:\/\/www.uhrenhanse.org\/sammlerecke\/turmuhren\/portraits_turmuhrenbauer\/turmuhrenbauer1.htm\">H. Korfhage<\/a> ist ein ber\u00fchmter Turmuhrenbauer.<\/p>\n\n\n\n<h3 class=\"wp-block-heading\">Personen aus Buer in den Niederlanden<\/h3>\n\n\n\n<p class=\"has-small-font-size\"><strong>Wir bieten umfangreiche <a href=\"https:\/\/familienforschung-tecklenburger-land.de\/index.php?id=991\">Personenlisten zum Herunterladen<\/a> an:<\/strong><\/p>\n\n\n\n<ul class=\"wp-block-list\">\n<li class=\"has-small-font-size\"><a href=\"https:\/\/familienforschung-tecklenburger-land.de\/index.php?id=991\"><strong>Personen in niederl\u00e4ndischen Lidmatenregistern<\/strong><\/a>; aus Buer z.B. auf dem Brinck, Caspar Henrich; Eickmeyer, Johan Frederick; Einhus, Johann Henrich; Elsabe, Maria; Grol, Albert; Hemeyer, Casper Henrich; Kaeseman, Herman; Lutgen, Balthes Jaspersen; Meyer, Johan Henrich; Meyersieck, Joost Henrich; Niekamp, Ernst Jetil Jobst; &#8230;<\/li>\n\n\n\n<li class=\"has-small-font-size\"><a href=\"https:\/\/familienforschung-tecklenburger-land.de\/index.php?id=991\"><strong>Personen, die in der VOC gedient haben<\/strong><\/a>; aus Buer z.B. Matthijs Boekholt, Engelbertus Fraaijs, Pieter Krijger, Jan Harmensz<\/li>\n\n\n\n<li class=\"has-small-font-size\"><a href=\"https:\/\/familienforschung-tecklenburger-land.de\/index.php?id=991\"><strong>Heiraten in den Niederlanden<\/strong><\/a>; mit Personen aus Buer z.B. auf dem Kampe, Johann Friedrich; auf der Heide, Casper Hendrik; Aust, Heinrich; Bahlo, Else Anna; Bauckholt, Erna Maria; Baumeister, Wilhelm; Bienkowski, Louise; Bloch, Emma Clara; Boisman, Friedrich Wilhelm; Borowski, Margarete; Breukers, Bernard; Breukers, Johanna; Clemens, Elisabeth; de Jager, Trijntje; Dresler, Clara; &#8230;<\/li>\n<\/ul>\n<\/div>\n\n\n\n<div class=\"wp-block-column is-layout-flow wp-block-column-is-layout-flow\" style=\"flex-basis:25%\">\n<h3 class=\"wp-block-heading\">Vagabunden in Buer:<\/h3>\n\n\n\n<figure class=\"wp-block-image\"><img decoding=\"async\" src=\"https:\/\/familienforschung-tecklenburger-land.de\/files\/Tecklenburger-Familienforschung\/OSNABRUECK\/Osnabrueckische-Anzeigen-Ueberschrift.jpg\" alt=\"\"\/><\/figure>\n\n\n\n<p class=\"has-small-font-size\">2.7.1827: <strong>Ehefrau B\u00fcscher<\/strong> wurde bestraft wegen Vagabondirens mit 3 Tagen Gef\u00e4ngnis &nbsp;&nbsp; &nbsp;(Amt Gr\u00f6nenberg 458)<br><br>4.9.1827: <strong>Heinrich Degener<\/strong> wurde eingezogen wegen Bettelei und mit 24-st\u00fcndigem Gef\u00e4ngnis bestraft (Amt Gr\u00f6nenberg 599)<br><br>2.3.1827: <strong>Friedrich M\u00f6ller<\/strong> wurde bestraft wegen Vagabondirens mit 3-t\u00e4gigem Gef\u00e4ngni\u00df (Amt Gr\u00f6nenberg 140)<br><br>2.7.1827: <strong>Clare Engel M\u00f6ller<\/strong> wurde bestraft wegen Vagabondirens mit 3-t\u00e4gigem Gef\u00e4ngnis (Amt Gr\u00f6nenberg 458)<br><br>2.7.1827: <strong>Ehefrau Wittk\u00f6tter<\/strong> wurde bestraft wegen Vagabondirens mit 3-t\u00e4gigem Gef\u00e4ngnis (Amt Gr\u00f6nenberg 458)<\/p>\n\n\n\n<p class=\"has-small-font-size\">3.10.1827: <strong>Anna Maria Engelmann<\/strong> in Wehringdorf wurde bestraft wegen Bettelei mit 3-t\u00e4gigem Gef\u00e4ngnis (Amt Gr\u00f6nenberg 666)<\/p>\n\n\n\n<p class=\"has-small-font-size\"><em>Quelle: Osnabr\u00fcckische Anzeigen von allerhand Sachen deren Bekanntmachung dem gemeinen Wesen n\u00f6thig und n\u00fctzlich ist vom Jahre 1827. Ki\u00dflingsche Druckerei, Osnabr\u00fcck<\/em><\/p>\n<\/div>\n<\/div>\n\n\n\n<div class=\"wp-block-columns is-layout-flex wp-container-core-columns-is-layout-9d6595d7 wp-block-columns-is-layout-flex\">\n<div class=\"wp-block-column is-layout-flow wp-block-column-is-layout-flow\" style=\"flex-basis:25%\"><\/div>\n\n\n\n<div class=\"wp-block-column is-layout-flow wp-block-column-is-layout-flow\" style=\"flex-basis:50%\">\n<h2 class=\"wp-block-heading\" id=\"-Auswanderer\">Auswanderer<\/h2>\n<\/div>\n\n\n\n<div class=\"wp-block-column is-layout-flow wp-block-column-is-layout-flow\" style=\"flex-basis:25%\"><\/div>\n<\/div>\n\n\n\n<div class=\"wp-block-columns is-layout-flex wp-container-core-columns-is-layout-9d6595d7 wp-block-columns-is-layout-flex\">\n<div class=\"wp-block-column is-layout-flow wp-block-column-is-layout-flow\" style=\"flex-basis:25%\"><\/div>\n\n\n\n<div class=\"wp-block-column is-layout-flow wp-block-column-is-layout-flow\" style=\"flex-basis:50%\">\n<h2 class=\"wp-block-heading\" id=\"-Karten\">Karten und Pl\u00e4ne<\/h2>\n<\/div>\n\n\n\n<div class=\"wp-block-column is-layout-flow wp-block-column-is-layout-flow\" style=\"flex-basis:25%\"><\/div>\n<\/div>\n\n\n\n<div class=\"wp-block-columns is-layout-flex wp-container-core-columns-is-layout-9d6595d7 wp-block-columns-is-layout-flex\">\n<div class=\"wp-block-column is-layout-flow wp-block-column-is-layout-flow\" style=\"flex-basis:25%\"><\/div>\n\n\n\n<div class=\"wp-block-column is-layout-flow wp-block-column-is-layout-flow\" style=\"flex-basis:50%\">\n<h2 class=\"wp-block-heading\" id=\"-Literatur\">Literatur<\/h2>\n\n\n\n<p class=\"has-small-font-size\">Heimat- und Versch\u00f6nerungsverein Buer: Kirchspiel Buer Bilder aus vergangener Zeit (1982)<\/p>\n\n\n\n<p class=\"has-small-font-size\">Monika Fiegert: Die Schulen von Melle und Buer im Hochstift Osnabr\u00fcck (1992)<\/p>\n\n\n\n<p class=\"has-small-font-size\">Wido Spratte: Osnabr\u00fccker Land, Bildarchiv bis 1945 Band 3 (2002)<\/p>\n\n\n\n<p class=\"has-small-font-size\">Festschrift zum 75-j\u00e4hrigen Jubil\u00e4um der ev.-luth. Kirche zu Buer (1930)<\/p>\n\n\n\n<p class=\"has-small-font-size\">Festschrift zum 100-j\u00e4hrigen Jubil\u00e4um der ev.-luth. Kirche zu Buer (1955)<\/p>\n\n\n\n<p class=\"has-small-font-size\">Festschrift zum 125-j\u00e4hrigen Jubil\u00e4um der ev.-luth. Kirche zu Buer (1981)<\/p>\n\n\n\n<h3 class=\"wp-block-heading\">In: Heimatjahrbuch Osnabr\u00fccker Land<\/h3>\n\n\n\n<p class=\"has-small-font-size\"><strong>1979: Der letzte Redemeier der Wetterfreien (W. Fredemann), S. 191<\/strong><\/p>\n\n\n\n<p class=\"has-small-font-size\"><strong>1986: Alte Familienbande &#8211; neue Freunde? (H. Langenberg), S. 250<\/strong><\/p>\n\n\n\n<p class=\"has-small-font-size\"><strong>1991:<\/strong> Von der Dorfschule zum Schulzentrum. Geschichte des Schulzentrums Buer von 1537 &#8211; 1990 (A. Fryen), S. 94<\/p>\n\n\n\n<p class=\"has-small-font-size\">2006: Die Martinikirche in Buer (Hartmut Langenberg), S. 145<\/p>\n\n\n\n<h3 class=\"wp-block-heading\">Heimatjahrbuch Osnabr\u00fcck Stadt und Land:<\/h3>\n\n\n\n<p class=\"has-small-font-size\">1979: Das Kirchspiel Buer vor 200 Jahren &nbsp;&nbsp; &nbsp; Paul Burhoff &nbsp;&nbsp; &nbsp; 76<\/p>\n<\/div>\n\n\n\n<div class=\"wp-block-column is-layout-flow wp-block-column-is-layout-flow\" style=\"flex-basis:25%\">\n<figure class=\"wp-block-image\"><img decoding=\"async\" src=\"https:\/\/familienforschung-tecklenburger-land.de\/files\/Tecklenburger-Familienforschung\/OSNABRUECK\/Buer\/Buer_03.jpg\" alt=\"\"\/><\/figure>\n\n\n\n<h3 class=\"wp-block-heading\">Osnabr\u00fccker Mitteilungen:<\/h3>\n\n\n\n<p class=\"has-small-font-size\">C. Seitz, Die Feste im Kirchspiel Buer, Nr. 6, 1860, S. 241, Kirchspielsbeschreibungen. Aus den Papieren des historischen Vereins, Nr. 6, 1860, S. 243<br>E. B\u00d6HME; K. KRETER, Die Rodenbrocksche Armenstiftung in Buer 1823-1872. Armenpflege und Geldgesch\u00e4ft im Osnabr\u00fccker Land in der Periode von Pauperismus und Fr\u00fchindustrialisierung, Nr. 95, 1990, S. 179-244<\/p>\n<\/div>\n<\/div>\n\n\n\n<div class=\"wp-block-columns is-layout-flex wp-container-core-columns-is-layout-9d6595d7 wp-block-columns-is-layout-flex\">\n<div class=\"wp-block-column is-layout-flow wp-block-column-is-layout-flow\" style=\"flex-basis:25%\">\n<h3 class=\"wp-block-heading\">P\u00f6hse\/Poese<\/h3>\n\n\n\n<p class=\"has-small-font-size\">Ich suche f\u00fcr eine amerikanische Ahnenforscherin die Eltern (oder Vorfahren) von <strong>Florentine Elisabeth P\u00f6hse\/Poese<\/strong> die am <strong>15. M\u00e4rz 1818<\/strong> in Buer\/Melle\/Amt Gr\u00f6neberg geboren wurde. Sie ist ca. 1842 in die USA ausgewandert. (<a href=\"mailto:mailbox@f-0.de\">Kontakt<\/a>)<\/p>\n\n\n\n<figure class=\"wp-block-image\"><img decoding=\"async\" src=\"https:\/\/familienforschung-tecklenburger-land.de\/files\/Tecklenburger-Familienforschung\/OSNABRUECK\/Buer\/Buer_06.jpg\" alt=\"\"\/><\/figure>\n<\/div>\n\n\n\n<div class=\"wp-block-column is-layout-flow wp-block-column-is-layout-flow\" style=\"flex-basis:50%\">\n<h2 class=\"wp-block-heading\" id=\"-Suchanfragen\">Suchanfragen<\/h2>\n\n\n\n<h3 class=\"wp-block-heading\">M\u00f6chten Sie auch eine Anfrage ver\u00f6ffentlichen?<\/h3>\n\n\n\n<p class=\"has-small-font-size\"><strong>Wenn jemand genealogische Kontakte kn\u00fcpfen m\u00f6chte oder Hilfe bei einem schwierigen Fall ben\u00f6tigt, ver\u00f6ffentlichen wir hier gern eine Anfrage.<\/strong><\/p>\n\n\n\n<p class=\"has-small-font-size\">Hier k\u00f6nnen Sie uns Ihre Suchanfrage \u00fcbermitteln:<\/p>\n\n\n\n<p class=\"has-small-font-size\">Sie k\u00f6nnen uns eine E-Mail mit Ihrer Suchanfrage schicken: <a href=\"mailto:admin@te-gen.de\">admin@te-gen.de<\/a> Bitte tragen Sie in die Mail ein, nach welchen Personen oder Namen Sie suchen, in welchem Ort Sie suchen, wenn Sie m\u00f6chten, Ihren Namen, welche Daten (Geburt, Heirat, Tod, andere) Ihnen vorliegen. Wenigstens ein Zeitraum w\u00e4re gut. Wir werden Ihre Anfrage dann an dieser Stelle ver\u00f6ffentlichen. Bitte beachten Sie, dass dies einige Tage dauern kann. Ihre Anfrage wird automatisch auch an unsere Mailingliste weitergeleitet.<\/p>\n<\/div>\n\n\n\n<div class=\"wp-block-column is-layout-flow wp-block-column-is-layout-flow\" style=\"flex-basis:25%\">\n<figure class=\"wp-block-image size-full\"><img loading=\"lazy\" decoding=\"async\" width=\"230\" height=\"203\" src=\"https:\/\/familienforschung-tecklenburger-land.de\/wp-content\/uploads\/2023\/05\/Buer_04.jpg\" alt=\"\" class=\"wp-image-2525\"\/><\/figure>\n\n\n\n<h3 class=\"wp-block-heading\">Telgheder, Schlichtemeyer, Vortmeyer &amp; Gerker<\/h3>\n\n\n\n<p class=\"has-small-font-size\">Ich suche Angaben zu folgenden Personen:<\/p>\n\n\n\n<p class=\"has-small-font-size\"><strong>Marie Elisabeth Telgheder<\/strong>, geb. am 3.8.1828 in <strong>Markendorf<\/strong> und ihren Eltern Franz Heinrich (Gerhard Rudolf) Telgheder und <strong>Margarethe Marie Schlichtemeyer<\/strong> (vermutlich nach USA ausgewandert), <strong>Johann Heinrich Vortmeyer<\/strong>, sp\u00e4ter Landwehrmeyer, geb. 1.7.1817 in <strong>Eggendorf<\/strong>, und seinen Eltern Konrad Heinrich Vortmeyer und <strong>Marie Ilsabein Gerker<\/strong> F\u00fcr alle Hinweise w\u00e4re ich sehr dankbar. (<a href=\"mailto:Martin.Dawson@web.de\">Kontakt<\/a>)<\/p>\n\n\n\n<figure class=\"wp-block-image\"><img decoding=\"async\" src=\"https:\/\/familienforschung-tecklenburger-land.de\/files\/Tecklenburger-Familienforschung\/OSNABRUECK\/Buer\/Buer_09.jpg\" alt=\"\"\/><\/figure>\n<\/div>\n<\/div>\n","protected":false},"excerpt":{"rendered":"<p>Ausfl\u00fcge in die Geschichte: Traktorenmuseum MeesdorfAm Bergsiek 10, Melle-BuerMuseum f\u00fcr Traktoren und historische Landmaschinen. Kirchhofsburg BuerGeschlossene H\u00e4userzeile rund um die Kirche mit&nbsp; Einfahrtstor.Erbaut: 1855 Wasserm\u00fchlen TittingdorfDoppelm\u00fchle: Oel- und Bokem\u00fchle\/ Mahlm\u00fchle.Privatbesitz. Au\u00dfen-Besichtigung m\u00f6glichMelle- Tittingdorf Niedereschweg 13 Zur Geschichte 27 v. Chr. bis 14. n. Chr.: in der Gegend um Buer lebten germanische St\u00e4mme wie die Cherusker&#8230;.<\/p>\n","protected":false},"author":4,"featured_media":0,"parent":0,"menu_order":22,"comment_status":"closed","ping_status":"closed","template":"","meta":{"_coblocks_attr":"","_coblocks_dimensions":"","_coblocks_responsive_height":"","_coblocks_accordion_ie_support":"","footnotes":""},"class_list":["post-454","page","type-page","status-publish","hentry"],"_links":{"self":[{"href":"https:\/\/familienforschung-tecklenburger-land.de\/index.php?rest_route=\/wp\/v2\/pages\/454","targetHints":{"allow":["GET"]}}],"collection":[{"href":"https:\/\/familienforschung-tecklenburger-land.de\/index.php?rest_route=\/wp\/v2\/pages"}],"about":[{"href":"https:\/\/familienforschung-tecklenburger-land.de\/index.php?rest_route=\/wp\/v2\/types\/page"}],"author":[{"embeddable":true,"href":"https:\/\/familienforschung-tecklenburger-land.de\/index.php?rest_route=\/wp\/v2\/users\/4"}],"replies":[{"embeddable":true,"href":"https:\/\/familienforschung-tecklenburger-land.de\/index.php?rest_route=%2Fwp%2Fv2%2Fcomments&post=454"}],"version-history":[{"count":5,"href":"https:\/\/familienforschung-tecklenburger-land.de\/index.php?rest_route=\/wp\/v2\/pages\/454\/revisions"}],"predecessor-version":[{"id":3084,"href":"https:\/\/familienforschung-tecklenburger-land.de\/index.php?rest_route=\/wp\/v2\/pages\/454\/revisions\/3084"}],"wp:attachment":[{"href":"https:\/\/familienforschung-tecklenburger-land.de\/index.php?rest_route=%2Fwp%2Fv2%2Fmedia&parent=454"}],"curies":[{"name":"wp","href":"https:\/\/api.w.org\/{rel}","templated":true}]}}