{"id":451,"date":"2023-02-26T19:13:19","date_gmt":"2023-02-26T18:13:19","guid":{"rendered":"https:\/\/familienforschung-tecklenburger-land.de\/?page_id=451"},"modified":"2023-05-10T16:09:13","modified_gmt":"2023-05-10T15:09:13","slug":"melle-umkreis","status":"publish","type":"page","link":"https:\/\/familienforschung-tecklenburger-land.de\/?page_id=451","title":{"rendered":"Melle &#038; Umkreis"},"content":{"rendered":"\n<div class=\"wp-block-columns is-layout-flex wp-container-core-columns-is-layout-9d6595d7 wp-block-columns-is-layout-flex\">\n<div class=\"wp-block-column is-layout-flow wp-block-column-is-layout-flow\" style=\"flex-basis:25%\">\n<figure class=\"wp-block-image\"><img decoding=\"async\" src=\"https:\/\/familienforschung-tecklenburger-land.de\/files\/Tecklenburger-Familienforschung\/Karten\/Osnabrueck-1794.jpg\" alt=\"\"\/><\/figure>\n\n\n\n<p><strong><a href=\"http:\/\/commons.wikimedia.org\/wiki\/File:Reilly_277.jpg\">Das Hochstift Osnabr\u00fcck<\/a><\/strong>. Nro. 277. Franz Johann Joseph von Reilly, 1794\/95<\/p>\n\n\n\n<figure class=\"wp-block-image size-full\"><img loading=\"lazy\" decoding=\"async\" width=\"600\" height=\"404\" src=\"https:\/\/familienforschung-tecklenburger-land.de\/wp-content\/uploads\/2023\/05\/Siedlungsgaue.jpg\" alt=\"\" class=\"wp-image-2550\" srcset=\"https:\/\/familienforschung-tecklenburger-land.de\/wp-content\/uploads\/2023\/05\/Siedlungsgaue.jpg 600w, https:\/\/familienforschung-tecklenburger-land.de\/wp-content\/uploads\/2023\/05\/Siedlungsgaue-300x202.jpg 300w\" sizes=\"auto, (max-width: 600px) 100vw, 600px\" \/><\/figure>\n\n\n\n<p><a href=\"https:\/\/familienforschung-tecklenburger-land.de\/files\/Tecklenburger-Familienforschung\/OSNABRUECK\/Siedlungsgaue.jpg\"><\/a><\/p>\n\n\n\n<p>Die Siedlungsgaue der Germanen im Osnabr\u00fccker Raum<\/p>\n<\/div>\n\n\n\n<div class=\"wp-block-column is-layout-flow wp-block-column-is-layout-flow\" style=\"flex-basis:50%\">\n<h2 class=\"wp-block-heading\">Zur Geschichte des Gr\u00f6negaus<\/h2>\n\n\n\n<p>Der Gr\u00f6negau (auch Graingau) ist die historische Gemarkungsbezeichnung f\u00fcr einen der bis heute \u00fcberlieferten s\u00e4chsischen Gaue und ist weitgehend deckungsgleich mit dem Gebiet der heutigen Stadt Melle.<br>Gau war die Bezeichnung f\u00fcr eine landschaftlich geschlossene und von nat\u00fcrlichen Grenzen bestimmte politische Siedlungsgemeinschaft der Germanen.<br>Erstmal erw\u00e4hnt wurde das Gebiet 852 in einer Schenkungsurkunde des Kaisers Ludwig des Deutschen.<br><br>Das Amt Gr\u00f6neberg wurde erstmals 1360 urkundlich erw\u00e4hnt. Diesem geh\u00f6ren Teile des fr\u00fchmittelalterlichen Gr\u00f6negaus, darunter Halle, Borgholzhausen und Borgloh, nicht mehr an.<br>1402-1404, bei der Aufteilung der \u00c4mter, erhielt die Gr\u00f6nenburg einen eigenen Amtssitz. Gegen Minden und Ravensburg war das Amt Gr\u00f6nenburg h\u00e4ufig in kriegerische Handlungen verwickelt. (15. Jhdt)<br><br>1756 &#8211; 1763: 7-j\u00e4hriger Krieg.<br><br>Im Jahre 1803 r\u00fcckten die Franzosen ein. Aufhebung des selbst\u00e4ndigen Hochstiftes Osnabr\u00fcck durch Napoleon Bonaparte. Melle wurde in das Kurf\u00fcrstentum Braunschweig-L\u00fcneburg eingegliedert.<br><br>1806: Eingliederung Melles in das K\u00f6nigreich Westphalen<br><br>Nach Napoleons Ende im Jahr 1814 wurde das Amt Gr\u00f6nenberg wieder dem K\u00f6nigreich Hannover zugewiesen.<br><br>Ab 1852 fanden keine Grenzverschiebungen mehr statt, die Ausdehnung des Amtes Gr\u00f6nenberg ist ab diesem Datum mit der des sp\u00e4teren Kreises Melle und schlie\u00dflich ab 1972 der der Stadt Melle identisch.<br><br>1866 wurde die Gegend preu\u00dfisch und es entstand mit den \u00c4mtern Iburg, Gr\u00f6nenberg und der Stadt Melle der neue Kreis Melle.<br><br>Am 1.4.1885 erhielt der Landkreis Melle (heute Stadt Melle) Dank der hannoverschen Kreisverordnung seine jetzige Form und den heutigen Namen.<\/p>\n\n\n\n<h2 class=\"wp-block-heading\">Literatur<\/h2>\n\n\n\n<p><\/p>\n\n\n\n<p>Rolf Wandhoff: Der Gr\u00f6negau zu Wittekinds Zeiten. Hrsg. Heimatverein Melle e. V. In: Gr\u00f6nenberger Heimathefte Heft 17. Melle 1987, S. 21<\/p>\n\n\n\n<p>Fritz-Gerd Mittelst\u00e4dt: Der Gr\u00f6negau: Amt Gr\u00f6nenberg &#8211; Kreis Melle &#8211; Stadt Melle. Hrsg. Fritz-Gerd Mittelst\u00e4dt, Ernst-Heinrich Noth. In: Der Gr\u00f6negau. Meller Jahrbuch 1983. Band 1. Melle 1982, S. 10 ff.<\/p>\n\n\n\n<h3 class=\"wp-block-heading\">In: Heimat-Jahrbuch Osnabr\u00fccker Land:<\/h3>\n\n\n\n<p>1983: Aus der Zeit der Eigenbeh\u00f6rigkeit im Amt Gr\u00f6neberg (H. Westerfeld), S. 100<\/p>\n\n\n\n<p>1986: Die Ortsnamen im Kreise Melle (T. Baader), S. 194<\/p>\n\n\n\n<p>1987: Wassernamen im Kreise Melle (Theodor Baader\/ Klaus Kischnick), S. 164<\/p>\n\n\n\n<p>1995: Wilhelm Fredemann &#8211; Schriftsteller aus dem Gr\u00f6negau (Gerhard Stechmann), S. 173<\/p>\n\n\n\n<p>1997: Wilhelm Fredemann und die deutsche Libert\u00e4t. Gedanken und Erinnerungen zum 100. Geburtstag (1897-1997) des Schriftstellers, Historikers und P\u00e4dagogen aus dem Gr\u00f6negau im Osnabr\u00fccker Land (Phil. Heinrich Koch), S. 246<\/p>\n\n\n\n<p>2000: Kunststreit im Gr\u00f6negau &#8211; die &#8222;Lektion&#8220;. Eine Skulptur des Malers und Bildhauers Dr. Erich Engelbrecht (Gerhard Stechmann), S. 47<\/p>\n\n\n\n<p>2008: Marken und Holzgerichte im Gr\u00f6negau (Wilhelm Knigge), S. 134<\/p>\n\n\n\n<p>1985: Vor 100 Jahren: Brandinferno im Gr\u00f6negau (Gerhard Stechmann), S. 59<\/p>\n\n\n\n<h3 class=\"wp-block-heading\">Gr\u00f6nenberger Heimathefte<\/h3>\n\n\n\n<p><strong>Nr. 01:<\/strong> Sagen des Gr\u00f6negaus<br><strong>Nr. 02:<\/strong> Vom Werden und Wachsen der Bauernh\u00f6fe im Gr\u00f6negau<br><strong>Nr. 03:<\/strong> Land und Landschaft des Gr\u00f6negaus<br><strong>Nr. 09:<\/strong> Aus alter Zeit (Erinnerungen eines im Gr\u00f6negau geborenen Schweizer B\u00fcrgers)<br><strong>Nr. 10:<\/strong> Geschichte des Amtes Gr\u00f6nenberg<br><strong>Nr. 11:<\/strong> Rittersitze und Edelh\u00f6fe im Gr\u00f6negau<br><strong>Nr. 15:<\/strong> 300 Jahre Flachs im Gr\u00f6negau<br><strong>Nr. 17:<\/strong> Der Gr\u00f6negau zu Wittekinds Zeiten<\/p>\n\n\n\n<p>Die Hefte sind <a href=\"http:\/\/www.heimatvereine-melle.de\/heimatverein\/groenenberger-heimathefte.php\">hier <\/a>erh\u00e4ltlich.<\/p>\n\n\n\n<h3 class=\"wp-block-heading\">Osnabr\u00fccker Mitteilungen:<\/h3>\n\n\n\n<p>H. Jellinghaus, Nachrichten \u00fcber die Marken und Landwehren des Amtes Gr\u00f6nenberg im 17. und 18. Jahrhundert, Nr. 29, 1904, S. 48<\/p>\n\n\n\n<p>H. Jellinghaus, Die Erbe des Amtes Gr\u00f6nenberg und ihre Grundherren im 16. Jahrhundert, Nr. 29, 1904, S. 113<\/p>\n\n\n\n<p>H. Jellinghaus, Die Ostgrenze des fr\u00fcheren Bistums Osnabr\u00fcck und der Forstbann vom Jahre 965, Nr. 30, 1905, S. 161<\/p>\n\n\n\n<p>O. Merker, Das Werden des Territorialstaates am Beispiel des Amtes Gr\u00f6nenberg, Nr. 74, 1967, S. 1<\/p>\n\n\n\n<h3 class=\"wp-block-heading\">In: Westfalen. Hefte f\u00fcr Geschichte, Kunst und Volkskunde<\/h3>\n\n\n\n<p>1962: Die Osning-Grafschaft Ravensberg. Gustav Engel (S. 59)<\/p>\n\n\n\n<h3 class=\"wp-block-heading\">Der Gr\u00f6negau \/ Meller Jahrbuch<\/h3>\n\n\n\n<p>2006, Bd. 24, S. 182 &#8211; 188: Johann heinrich Volkening. Pfarrer und F\u00f6rderer einer sich \u00fcberregional ausbreitenden &#8222;geistlichen Erweckungsbwegung&#8220;. Pietismus im Minden-Ravensberger Land war auch im Gr\u00f6negau sp\u00fcrbar (G. Stechmann)<\/p>\n\n\n\n<h3 class=\"wp-block-heading\">Heimatjahrbuch Osnabr\u00fcck Stadt und Land:<\/h3>\n\n\n\n<p>1973: Mit der Else durch den Gr\u00f6negau. Von H. L\u00fchrmann (S. 81)<\/p>\n\n\n\n<p>1978: Zinngie\u00dfereien im Amte Gr\u00f6nenberg im 18. Jahrhundert (Heinrich L\u00fchrmann), S. 45<\/p>\n\n\n\n<p>1978: Gr\u00f6negau war einst ein Leinenweberland (Josefa Uhlen), S. 74<\/p>\n\n\n\n<p>1979: &#8222;Ich fasse den Teufel, wo ich ihn kriegen kann!&#8220; (Josefa Uhlen), S. 78<\/p>\n\n\n\n<p>1979: Hitlers Flucht in die Meller Berge (Wilhelm Fredemann), S. 116<\/p>\n\n\n\n<p>1979: Abschied von der Dietrichsburg (Wilhelm Fredemann), S. 119<\/p>\n\n\n\n<p>1981: Leichenbiere im Gr\u00f6negau (Heinrich L\u00fchrmann), S. 117<\/p>\n\n\n\n<p>1988: Die Diedrichsburg in den Meller Bergen (Doris Horst), S. 82<\/p>\n\n\n\n<p>1992: Wasserschlo\u00df K\u00f6nigsbr\u00fcck (Gerhard Stechmann), S. 87<\/p>\n\n\n\n<p>1992: Die Westhoyeler Windm\u00fchle &#8211; ein Wahrzeichen des Gr\u00f6negaus (J\u00fcrgen Kr\u00e4mer), S. 90<\/p>\n\n\n\n<p>1994: Das Leben vor der Freiz\u00fcgigkeit (Johannes Bramkamp), S. 109<\/p>\n<\/div>\n\n\n\n<div class=\"wp-block-column is-layout-flow wp-block-column-is-layout-flow\" style=\"flex-basis:25%\">\n<p><a href=\"https:\/\/familienforschung-tecklenburger-land.de\/files\/Tecklenburger-Familienforschung\/OSNABRUECK\/Melle\/Gemeinden%20des%20Landkreises%20Melle.jpg\"><\/a><\/p>\n\n\n\n<figure class=\"wp-block-image size-full\"><img loading=\"lazy\" decoding=\"async\" width=\"700\" height=\"631\" src=\"https:\/\/familienforschung-tecklenburger-land.de\/wp-content\/uploads\/2023\/05\/Gemeinden-des-Landkreises-Melle-1.jpg\" alt=\"\" class=\"wp-image-2551\" srcset=\"https:\/\/familienforschung-tecklenburger-land.de\/wp-content\/uploads\/2023\/05\/Gemeinden-des-Landkreises-Melle-1.jpg 700w, https:\/\/familienforschung-tecklenburger-land.de\/wp-content\/uploads\/2023\/05\/Gemeinden-des-Landkreises-Melle-1-300x270.jpg 300w\" sizes=\"auto, (max-width: 700px) 100vw, 700px\" \/><\/figure>\n\n\n\n<p>Gemeinden des Landkreises Melle bis 1970<\/p>\n\n\n\n<figure class=\"wp-block-image size-large\"><img loading=\"lazy\" decoding=\"async\" width=\"886\" height=\"1024\" src=\"https:\/\/familienforschung-tecklenburger-land.de\/wp-content\/uploads\/2023\/05\/Karte-Grafschaften-886x1024.jpg\" alt=\"\" class=\"wp-image-2552\" srcset=\"https:\/\/familienforschung-tecklenburger-land.de\/wp-content\/uploads\/2023\/05\/Karte-Grafschaften-886x1024.jpg 886w, https:\/\/familienforschung-tecklenburger-land.de\/wp-content\/uploads\/2023\/05\/Karte-Grafschaften-260x300.jpg 260w, https:\/\/familienforschung-tecklenburger-land.de\/wp-content\/uploads\/2023\/05\/Karte-Grafschaften-768x887.jpg 768w, https:\/\/familienforschung-tecklenburger-land.de\/wp-content\/uploads\/2023\/05\/Karte-Grafschaften-1330x1536.jpg 1330w, https:\/\/familienforschung-tecklenburger-land.de\/wp-content\/uploads\/2023\/05\/Karte-Grafschaften-1773x2048.jpg 1773w, https:\/\/familienforschung-tecklenburger-land.de\/wp-content\/uploads\/2023\/05\/Karte-Grafschaften.jpg 1971w\" sizes=\"auto, (max-width: 886px) 100vw, 886px\" \/><\/figure>\n\n\n\n<p><a href=\"https:\/\/familienforschung-tecklenburger-land.de\/files\/Tecklenburger-Familienforschung\/OSNABRUECK\/Fuerstentum%20Osnabrueck-Karte.jpg\"><\/a><\/p>\n\n\n\n<p>Das F\u00fcrstbistum Osnabr\u00fcck mit dem Kreis Melle (ein Klick auf die Karte vergr\u00f6\u00dfert sie)<\/p>\n\n\n\n<p><img loading=\"lazy\" decoding=\"async\" src=\"https:\/\/familienforschung-tecklenburger-land.de\/files\/Tecklenburger-Familienforschung\/OSNABRUECK\/Melle\/Wappen-Landkreis-Melle.jpg\" alt=\"\" width=\"230\" height=\"247\"><\/p>\n\n\n\n<p>Wappen des Landkreises Melle<\/p>\n<\/div>\n<\/div>\n","protected":false},"excerpt":{"rendered":"<p>Das Hochstift Osnabr\u00fcck. Nro. 277. Franz Johann Joseph von Reilly, 1794\/95 Die Siedlungsgaue der Germanen im Osnabr\u00fccker Raum Zur Geschichte des Gr\u00f6negaus Der Gr\u00f6negau (auch Graingau) ist die historische Gemarkungsbezeichnung f\u00fcr einen der bis heute \u00fcberlieferten s\u00e4chsischen Gaue und ist weitgehend deckungsgleich mit dem Gebiet der heutigen Stadt Melle.Gau war die Bezeichnung f\u00fcr eine landschaftlich&#8230;<\/p>\n","protected":false},"author":4,"featured_media":0,"parent":0,"menu_order":27,"comment_status":"closed","ping_status":"closed","template":"","meta":{"_coblocks_attr":"","_coblocks_dimensions":"","_coblocks_responsive_height":"","_coblocks_accordion_ie_support":"","footnotes":""},"class_list":["post-451","page","type-page","status-publish","hentry"],"_links":{"self":[{"href":"https:\/\/familienforschung-tecklenburger-land.de\/index.php?rest_route=\/wp\/v2\/pages\/451","targetHints":{"allow":["GET"]}}],"collection":[{"href":"https:\/\/familienforschung-tecklenburger-land.de\/index.php?rest_route=\/wp\/v2\/pages"}],"about":[{"href":"https:\/\/familienforschung-tecklenburger-land.de\/index.php?rest_route=\/wp\/v2\/types\/page"}],"author":[{"embeddable":true,"href":"https:\/\/familienforschung-tecklenburger-land.de\/index.php?rest_route=\/wp\/v2\/users\/4"}],"replies":[{"embeddable":true,"href":"https:\/\/familienforschung-tecklenburger-land.de\/index.php?rest_route=%2Fwp%2Fv2%2Fcomments&post=451"}],"version-history":[{"count":3,"href":"https:\/\/familienforschung-tecklenburger-land.de\/index.php?rest_route=\/wp\/v2\/pages\/451\/revisions"}],"predecessor-version":[{"id":2553,"href":"https:\/\/familienforschung-tecklenburger-land.de\/index.php?rest_route=\/wp\/v2\/pages\/451\/revisions\/2553"}],"wp:attachment":[{"href":"https:\/\/familienforschung-tecklenburger-land.de\/index.php?rest_route=%2Fwp%2Fv2%2Fmedia&parent=451"}],"curies":[{"name":"wp","href":"https:\/\/api.w.org\/{rel}","templated":true}]}}