{"id":448,"date":"2023-02-26T19:12:59","date_gmt":"2023-02-26T18:12:59","guid":{"rendered":"https:\/\/familienforschung-tecklenburger-land.de\/?page_id=448"},"modified":"2023-05-12T06:01:30","modified_gmt":"2023-05-12T05:01:30","slug":"sutthausen","status":"publish","type":"page","link":"https:\/\/familienforschung-tecklenburger-land.de\/?page_id=448","title":{"rendered":"Sutthausen"},"content":{"rendered":"\n<div class=\"wp-block-columns is-layout-flex wp-container-core-columns-is-layout-9d6595d7 wp-block-columns-is-layout-flex\">\n<div class=\"wp-block-column is-layout-flow wp-block-column-is-layout-flow\" style=\"flex-basis:25%\">\n<h3 class=\"wp-block-heading\">Weiteres vor Ort:<\/h3>\n\n\n\n<p><a href=\"http:\/\/www.hbol.de\/\">Heimatbund Osnabr\u00fccker Land<\/a><\/p>\n\n\n\n<h3 class=\"wp-block-heading\">Ausfl\u00fcge in die Geschichte:<\/h3>\n\n\n\n<p id=\"h2_title\"><a href=\"https:\/\/www.bbs-marienheim.de\/marienheim\/gut-sutthausen\">Gut Sutthausen<\/a><\/p>\n<\/div>\n\n\n\n<div class=\"wp-block-column is-layout-flow wp-block-column-is-layout-flow\" style=\"flex-basis:50%\">\n<h2 class=\"wp-block-heading\" id=\"-Geschichte\">Zur Geschichte<\/h2>\n\n\n\n<p><strong>1147<\/strong>: Erste urkundliche Erw\u00e4hnung des Gutes Wulften<\/p>\n\n\n\n<p><strong>1250<\/strong>: erstmalige Erw\u00e4hnung des Hofes Hausw\u00f6hrmann im Kirchenbuch St. Johann<\/p>\n\n\n\n<p><strong>1280<\/strong> ist der Ritter Eberhardt v. Varendorf im Besitz von Sutthausen und errichtete dort eine befestigte Burg.<\/p>\n\n\n\n<p><strong>1282<\/strong>: Erste urkundliche Erw\u00e4hnung des Gutes Sutthausen<\/p>\n\n\n\n<p><strong>Um 1300<\/strong>: Bau des Wulfter Turmes w\u00e4hrend der Errichtung der Osnabr\u00fccker Landwehr.<\/p>\n\n\n\n<p><strong>1400<\/strong> wird der mittlerweile sehr gro\u00dfe Besitz unter den Br\u00fcdern Johan und Amelung v. Varendorf geteilt.<br><br><strong>1444<\/strong> verkauft Joh. v. Varendorf, wegen Verschuldung, seinen Besitz an den Knappen, Wilhelm von Stael.<br><br><strong>1446<\/strong> will Joh. v. Varendorf wieder vom Kaufvertrag zur\u00fccktreten.<br><br><strong>1448<\/strong> einigt man sich darauf, dass Wilh. v. Stael den von Joh. v. Varendorf erworbenen Teil beh\u00e4lt, diesem jedoch die Vorburg und die halbe M\u00fchle, welche er von Amelung v. Varendorf erworben hatte, unter Vorbehalt des Mahlrechtes verkauft. Von da an gab es zwei G\u00fcter in Sutthausen, die sp\u00e4ter beide landtagsf\u00e4hig wurden.<\/p>\n\n\n\n<p><strong>1589<\/strong>: Bau der M\u00fchle am Gut Sutthausen<\/p>\n\n\n\n<p><strong>1622<\/strong>: Dietrich von Korff kaufte die Burg Sutthausen.<\/p>\n\n\n\n<p><strong>1697<\/strong>: Theodor Ludwig von Korff, der Probst von St. Johann in Osnabr\u00fcck, baute anstelle der Burg ein zweist\u00f6ckiges Schloss.<\/p>\n\n\n\n<p><strong>1893<\/strong>: Bau der Schlosskapelle am Gut Sutthausen<\/p>\n\n\n\n<p><strong>1929<\/strong>: Die Stadt Osnabr\u00fcck kaufte das Gut Wulften. Bis 1936 war dort die einklassige katholische Schule untergebracht.<\/p>\n\n\n\n<p><strong>1930<\/strong>: Die Bauernvereinigung Berlin kaufte das Sutthauser Schloss und richtete dort eine Bauernschule ein.<\/p>\n\n\n\n<p><strong>1935<\/strong>: Das Guthausen ging an die Thuiner Schwestern des Franziskanerordens \u00fcber.<\/p>\n\n\n\n<p><strong>1956 \/ 1957<\/strong>: Bau der katholischen Kirche Maria K\u00f6nigin des Friedens<\/p>\n\n\n\n<p><strong>1962<\/strong>: Emil Krone baute das Gut Wulften, das nach dem krieg stark besch\u00e4digt war, wieder auf. Heute umfasst das Geb\u00e4ude 20 Wohnungen und ein Gesch\u00e4ft f\u00fcr englische Antiquit\u00e4ten.<\/p>\n\n\n\n<p><strong>1970<\/strong>: Eingemeindung nach Osnabr\u00fcck. Bis dahin war Sutthausen Teil der gemeinde Holzhausen.<\/p>\n<\/div>\n\n\n\n<div class=\"wp-block-column is-layout-flow wp-block-column-is-layout-flow\" style=\"flex-basis:25%\">\n<p><img loading=\"lazy\" decoding=\"async\" src=\"https:\/\/familienforschung-tecklenburger-land.de\/files\/Tecklenburger-Familienforschung\/OSNABRUECK\/Osnabrueck%20Stadt\/Sutthausen\/Sutthausen-Lage-OS.jpg\" alt=\"\" width=\"230\" height=\"198\"><\/p>\n\n\n\n<p>Lage Sutthausens in Osnabr\u00fcck (Bild: Wikipedia)<\/p>\n\n\n\n<figure class=\"wp-block-image size-full\"><img loading=\"lazy\" decoding=\"async\" width=\"230\" height=\"156\" src=\"https:\/\/familienforschung-tecklenburger-land.de\/wp-content\/uploads\/2023\/05\/Sutthausen_1.jpg\" alt=\"\" class=\"wp-image-2589\"\/><\/figure>\n<\/div>\n<\/div>\n\n\n\n<div class=\"wp-block-columns is-layout-flex wp-container-core-columns-is-layout-9d6595d7 wp-block-columns-is-layout-flex\">\n<div class=\"wp-block-column is-layout-flow wp-block-column-is-layout-flow\" style=\"flex-basis:25%\">\n<p><img loading=\"lazy\" decoding=\"async\" src=\"https:\/\/familienforschung-tecklenburger-land.de\/files\/Tecklenburger-Familienforschung\/OSNABRUECK\/Osnabrueck%20Stadt\/Sutthausen\/Sutthausen-Muehle.jpg\" alt=\"\" width=\"230\" height=\"173\"><\/p>\n\n\n\n<p>Die M\u00fchle<\/p>\n<\/div>\n\n\n\n<div class=\"wp-block-column is-layout-flow wp-block-column-is-layout-flow\" style=\"flex-basis:50%\">\n<h2 class=\"wp-block-heading\" id=\"-Weblinks\">Weblinks<\/h2>\n\n\n\n<p><a href=\"https:\/\/www.bbs-marienheim.de\/marienheim\/gut-sutthausen\">Chronik des Marienheims im Gut Sutthausen<\/a><\/p>\n\n\n\n<p><a href=\"http:\/\/de.wikipedia.org\/wiki\/Sutthausen\">Wikipedia-Artikel \u00fcber Sutthausen<\/a><\/p>\n\n\n\n<p>NOZ-Artikel: <a href=\"https:\/\/www.noz.de\/archiv\/vermischtes\/artikel\/176659\/strassenkunde-heinrich-gerdom-grundete-die-heilpadagogische-hilfe#gallery&amp;0&amp;0&amp;176659\">Stra\u00dfenkunde: Heinrich Gerdom gr\u00fcndete die Heilp\u00e4dagogische Hilfe<\/a><\/p>\n\n\n\n<p><a href=\"http:\/\/www.mgv-saengerlust-sutthausen.de\/\">MGV &#8222;S\u00c4NGERLUST&#8220; SUTTHAUSEN<\/a><\/p>\n\n\n\n<p><a href=\"http:\/\/www.osnabahn.de\/bahnhof-sutthausen\/\">Bahnhof Sutthausen<\/a><\/p>\n\n\n\n<p><a href=\"https:\/\/apostelkirche-os.wir-e.de\/ueber-uns\">Ev.-luth Apostelkirchengemeinde Sutthausen<\/a><\/p>\n\n\n\n<p><a href=\"http:\/\/www.maislabyrinth-osnabrueck.de\/der-hof\">Hof Hausw\u00f6rmann<\/a><\/p>\n\n\n\n<p><a href=\"https:\/\/hbol.de\/heimat-und-kultur\/gueter\/schloss-sutthauser\">\u00dcber das Sutthauser Schloss von Korff<\/a><\/p>\n\n\n\n<p>Seite der Nieders\u00e4chsischen Gesellschaft zur Erhaltung historischer G\u00e4rten e.V. <a href=\"http:\/\/historische-gaerten-niedersachsen.net\/gut-sutthausen\">\u00fcber das Gut Sutthausen<\/a><\/p>\n\n\n\n<p><a href=\"http:\/\/www.stael-von-holstein.de\/Stammbaum%201.1.htm\">Genealogische Webseite der Familie Stael von Holstein<\/a><\/p>\n\n\n\n<h3 class=\"wp-block-heading\">Allgemeine Links:<\/h3>\n\n\n\n<p><a href=\"http:\/\/wiki-de.genealogy.net\/Hauptseite\">GenWiki:<\/a> Ein Wiki f\u00fcr Ahnenforscher.<br><br><a href=\"http:\/\/www.fotoerbe.de\/\">Fotoerbe.de<\/a>: In welchen Archiven, Museen, Bibliotheken usw. sind historische Fotografien vorhanden? Hier findet man sie in einer riesigen Datenbank.<br><br><a href=\"http:\/\/www.kirchliche-archive.de\/\">Kirchliche Archive:<\/a> \u00dcbersicht \u00fcber die deutschen Kirchenbucharchive.<br><br><a href=\"http:\/\/christoph.stoepel.net\/geogen\/v3\/\">Geogen<\/a>: Auf dieser Seite kann man Landkarten \u00fcber die Verbreitung von Familiennamen in Deutschland erstellen lassen. Besonders auff\u00e4llige Konzentrationen k\u00f6nnen auf den Ursprungsort des Namens oder der Familie hindeuten.<br><a href=\"http:\/\/www.hbol.de\/\"><br>Heimatbund Osnabr\u00fccker Land:<\/a> Hier gibt es geschichtliches \u00fcber die verschiedenen Orte. Man findet auch viele Adressen und Infos \u00fcber Vereine usw.<br><br><a href=\"http:\/\/www.lwl.org\/westfaelische-geschichte\/portal\/Internet\/haupt.php?urlNeu=\">Internet-Portal &#8222;Westf\u00e4lische Geschichte&#8220;<\/a><br><br><a href=\"http:\/\/www.archive.nrw.de\/\">Internetportal der Archive in Nordrhein-Westfalen<\/a><br><br><a href=\"http:\/\/www.westfalen-adelssitze.de\" target=\"_blank\" rel=\"noreferrer noopener\">Burgen, Schl\u00f6sser und Herrensitze in Westfalen<\/a>: Interessant, wenn man wei\u00df, welchem Herr ein Hof eigenbeh\u00f6rig war.<br><br><a href=\"http:\/\/www.wggf.de\/\">Westf\u00e4lische Gesellschaft f\u00fcr Genealogie und Familienforschung (WGGF)<\/a><\/p>\n<\/div>\n\n\n\n<div class=\"wp-block-column is-layout-flow wp-block-column-is-layout-flow\" style=\"flex-basis:25%\">\n<p><img loading=\"lazy\" decoding=\"async\" src=\"https:\/\/familienforschung-tecklenburger-land.de\/files\/Tecklenburger-Familienforschung\/OSNABRUECK\/Osnabrueck%20Stadt\/Sutthausen\/Sutthausen-Magdalenenkapelle.jpg\" alt=\"\" width=\"230\" height=\"381\"><\/p>\n\n\n\n<p>Die Magdalenenkapelle<\/p>\n\n\n\n<p><img loading=\"lazy\" decoding=\"async\" src=\"https:\/\/familienforschung-tecklenburger-land.de\/files\/Tecklenburger-Familienforschung\/OSNABRUECK\/Osnabrueck%20Stadt\/Sutthausen\/Gut-Sutthausen-heute.jpg\" alt=\"\" width=\"230\" height=\"180\"><\/p>\n\n\n\n<p>Das Gut Sutthausen<\/p>\n<\/div>\n<\/div>\n\n\n\n<div class=\"wp-block-columns is-layout-flex wp-container-core-columns-is-layout-9d6595d7 wp-block-columns-is-layout-flex\">\n<div class=\"wp-block-column is-layout-flow wp-block-column-is-layout-flow\" style=\"flex-basis:25%\">\n<p><img loading=\"lazy\" decoding=\"async\" src=\"https:\/\/familienforschung-tecklenburger-land.de\/files\/Tecklenburger-Familienforschung\/OSNABRUECK\/Osnabrueck%20Stadt\/Sutthausen\/Kirche-Maria%20Koenigin%20Frieden.jpg\" alt=\"\" width=\"230\" height=\"185\"><\/p>\n\n\n\n<p>Katholische Kirche Maria K\u00f6nigin des Friedens<\/p>\n<\/div>\n\n\n\n<div class=\"wp-block-column is-layout-flow wp-block-column-is-layout-flow\" style=\"flex-basis:50%\">\n<h2 class=\"wp-block-heading\" id=\"-Quellen\">Genealogische Quellen<\/h2>\n\n\n\n<h3 class=\"wp-block-heading\">Staatsarchiv Osnabr\u00fcck:<\/h3>\n\n\n\n<p>Dep 3 b IV Nr. 5097: Stael zu Sutthausen .\/. s\u00e4mtliche Laischaften wegen Viehtrift (1766 &#8211; 1770)<\/p>\n\n\n\n<p>Dep 41 b Nr. 11: Pachtbuch des Hauses Sutthausen (1612 &#8211; 1664)<\/p>\n\n\n\n<p>Dep 41 b Nr. 16: Register der Heuerleute vom Gute Sutthausen (1808 &#8211; 1810)<\/p>\n\n\n\n<p>Erw B 4 Nr. 305: Einnahme von Eigenbeh\u00f6rigen des Gutes Sutthausen (1648 &#8211; 1654)<\/p>\n\n\n\n<p>Erw B 4 Nr. 305 &#8211; 308 (siehe Findbuch)&nbsp;&nbsp; &nbsp;Staatsarchiv Osnabr\u00fcck: Sonderfindb\u00fccher; Einnahme von Eigenbeh\u00f6rigen des Guts Sutthausen (1648 &#8211; 1798)<\/p>\n\n\n\n<p>Erw B 4 Nr. 306: Einnahme von Eigenbeh\u00f6rigen des Gutes Sutthausen (1653 &#8211; 1679)<\/p>\n\n\n\n<p>Erw B 4 Nr. 307: Einnahme von Eigenbeh\u00f6rigen des Gutes Sutthausen (1728 &#8211; 1798)<\/p>\n\n\n\n<p>Erw B 4 Nr. 308: Einnahme von Eigenbeh\u00f6rigen des Gutes Sutthausen (1735 &#8211; 1784)<\/p>\n\n\n\n<p>Erw B 4 Nr. 341: Hebungsregister f\u00fcr Sutthausen, Schleppenburg und Osthoff (1703 &#8211; 1883)<\/p>\n\n\n\n<h3 class=\"wp-block-heading\">Karten und Pl\u00e4ne im Staatsarchiv Osnabr\u00fcck:<\/h3>\n\n\n\n<p>K 100 Nr. 1 H (R) IV&nbsp;&nbsp; &nbsp;Landesaufnahme des F\u00fcrstbistums Osnabr\u00fcck: Bl. 17 a &#8211; b (in Bl. 20), Kirchspiel: St. Johann, Feldmarken: Wulften, Holzhausen, Ortschaften: Wulften, Holzhausen, Sutthausen (1784 &#8211; 1790)<\/p>\n\n\n\n<p><img loading=\"lazy\" decoding=\"async\" src=\"https:\/\/familienforschung-tecklenburger-land.de\/assets\/images\/7\/Museum%20Kulturgesch%2002-61fe24e7.jpg\" alt=\"\" width=\"480\" height=\"241\"><\/p>\n\n\n\n<p>Kaminsturz vom Gut Wulften im Museum f\u00fcr Kulturgeschichte<\/p>\n<\/div>\n\n\n\n<div class=\"wp-block-column is-layout-flow wp-block-column-is-layout-flow\" style=\"flex-basis:25%\">\n<h3 class=\"wp-block-heading\">Archive:<\/h3>\n\n\n\n<p><strong><a href=\"http:\/\/www.bistum-osnabrueck.de\/kultur\/dioezesanarchiv.html\">Di\u00f6zesanarchiv in Osnabr\u00fcck<\/a><\/strong><br>Gro\u00dfe Domsfreiheit 10<br>49074 Osnabr\u00fcck<br>Anmeldung erforderlich:<br>Telefon: 0541\/318-416<br>(<a href=\"mailto:kulturundarchiv@bistum-os.de\">Maria Rehnen<\/a>)<br>\u00d6ffnungszeiten f\u00fcr Familienforschung: mittwochs von 8.00 \u2013 12.30 Uhr und 13.30 bis 18.00 sowie auf Anfrage<br><br><a href=\"http:\/\/www.kirchenkreis-osnabrueck.de\/kirchenkreis\/kirchenamt.html\">Ev.-luth. Kirchenbuchamt Osnabr\u00fcck<\/a><br>Eversburger Str. 32<br>49090 Osnabr\u00fcck<br>Anmeldung erforderlich:<br><a href=\"mailto:linda.klingspohn@evlka.de\">Linda Klingspohn<\/a><br>T: 0541 \/ 94049-435<br>Das Kirchenbuchamt ist Di u. Do von 8:30 Uhr bis 13:30 Uhr ge\u00f6ffnet.<br><br>Die <strong>Standesamtsregister<\/strong><em>(ab 1874 &#8211; gesch\u00fctzt sind die Geburtsregister der letzten 110 Jahre, Heiratsregister der letzten 80 Jahre und Sterberegister der letzten 30 Jahre)<\/em> finden Sie im <a href=\"http:\/\/www.nla.niedersachsen.de\/landesarchiv\/gliederung\/standort_osnabrueck\/standort-osnabrueck-85969.html\" target=\"_blank\" rel=\"noreferrer noopener\">Staatsarchiv Osnabr\u00fcck<\/a>, Schlo\u00dfstr.29, 49074 Osnabr\u00fcck,<br>Tel.: 0541\/33162-0.<br><br><strong><a href=\"http:\/\/www.kgverband-meppen.de\/familienforschung.html\">Katholische Familienforschungsstelle in Meppen<\/a><\/strong><br>Haus d. Sozialen Dienste, Domhof 18, 49716 Meppen<br><strong>Anmeldung erforderlich:<\/strong><br>Kath. Propsteigemeinde St. Vitus, Kuhstra\u00dfe 44, 49716 Meppen<br>Telefon: 0 59 31\/1 24 44 \/ Telefax: 0 59 31\/97 03 44, <a href=\"mailto:fam.archive@kgverband-meppen.de\">E-Mail<\/a><br><strong>\u00d6ffnungszeiten f\u00fcr Familienforscher: <\/strong>Do &amp; Fr 8.30 \u2013 12.30 Uhr und 13.30 \u2013 16.00 Uhr<br>sowie an jedem ersten Samstag eines Monats von 8.30 \u2013 12.30 Uhr<br>und an jedem Freitag vor dem ersten Samstag eines Monats von 8.30 \u2013 12.30 Uhr und 13.30 \u2013 18.00 Uhr<br><br><strong>LAV Staats- und Personenstandsarchiv Detmold<\/strong><br>Willi-Hofmann-Stra\u00dfe 2, 32756 Detmold<br>Tel.: 05231\/7660<br>www.archive.nrw.de<br><br><strong>Vereinigte Westf\u00e4lische Adelsarchive e.V.<\/strong><br>Jahnstr. 26, 48147 M\u00fcnster<br>Tel.: 0251-5913890<br>adelsarchive@lwl.org<\/p>\n<\/div>\n<\/div>\n\n\n\n<div class=\"wp-block-columns is-layout-flex wp-container-core-columns-is-layout-9d6595d7 wp-block-columns-is-layout-flex\">\n<div class=\"wp-block-column is-layout-flow wp-block-column-is-layout-flow\" style=\"flex-basis:25%\"><\/div>\n\n\n\n<div class=\"wp-block-column is-layout-flow wp-block-column-is-layout-flow\" style=\"flex-basis:50%\">\n<h2 class=\"wp-block-heading\" id=\"-Fundstuecke\">Fundst\u00fccke<\/h2>\n\n\n\n<p>Dep 3 b IX Nr. 846: Tegeler in sutthausen .\/. F\u00e4rbermeister Wahrenburg, wegen Forderung (1784 &#8211; 1789)<\/p>\n\n\n\n<p>Dep 3 b IX Nr. 514 &amp; 515: Kammerherr von Korff zu Sutthausen .\/. Witwe P\u00f6king wegen Herausgabe von Kaufgeldern, die ihr verstorbener Ehemann erhalten hatte Bd. 1 (1771 &#8211; 1777)<\/p>\n\n\n\n<p>Dep 3 b IX Nr. 814: Von Stael zu Sutthausen .\/. Zimmermeister Heuer, wegen Bezahlung von Holz (1794 &#8211; 1796)<\/p>\n\n\n\n<p>Dep 3 b IX Nr. 846: Tegeler in sutthausen .\/. F\u00e4rbermeister Wahrenburg, wegen Forderung (1784 &#8211; 1789)<\/p>\n\n\n\n<p>Dep 41 b Nr. 207: Verhandlungen \u00fcber die Belehnung mit dem L\u00fctken Hof zu Sutthausen (mit allgemeinen Er\u00f6rterungen \u00fcber die von Stael&#8217;schen Lehn v. G. H. Chr. v. Stael) (1658 &#8211; 1794)<\/p>\n\n\n\n<p>Erw B 4 Nr. 159: Hebungsregister auf K\u00f6hnes Schafstall zu Sutthausen (1827 &#8211; 1883)<\/p>\n\n\n\n<p>Rep 921 Nr. 361: Kolonen Stertenbrink und Brinkmeyer gegen den Kammerherrn von Korff zu Sutthausen wegen Spanndiensten (1801 &#8211; 1802)<\/p>\n<\/div>\n\n\n\n<div class=\"wp-block-column is-layout-flow wp-block-column-is-layout-flow\" style=\"flex-basis:25%\">\n<p><img loading=\"lazy\" decoding=\"async\" src=\"https:\/\/familienforschung-tecklenburger-land.de\/files\/Tecklenburger-Familienforschung\/OSNABRUECK\/Osnabrueck%20Stadt\/Sutthausen\/Sutthausen-Gut-Wulften.jpg\" alt=\"\" width=\"230\" height=\"220\"><\/p>\n\n\n\n<p>Das Gut Wulften (Carl Ludwig Alpers, 1880)<\/p>\n\n\n\n<h3 class=\"wp-block-heading\">Sutthauser in den Niederlanden<\/h3>\n\n\n\n<p><strong>Wir bieten umfangreiche <a href=\"https:\/\/familienforschung-tecklenburger-land.de\/index.php?id=991\">Personenlisten zum Herunterladen<\/a> an:<\/strong><\/p>\n\n\n\n<ul class=\"wp-block-list\">\n<li><a href=\"https:\/\/familienforschung-tecklenburger-land.de\/index.php?id=991\"><strong>Heiraten in den Niederlanden<\/strong><\/a>; mit Personen aus Sutthausen z.B. Wesselmann, Julius Ludwig August Heinrich<\/li>\n<\/ul>\n<\/div>\n<\/div>\n\n\n\n<div class=\"wp-block-columns is-layout-flex wp-container-core-columns-is-layout-9d6595d7 wp-block-columns-is-layout-flex\">\n<div class=\"wp-block-column is-layout-flow wp-block-column-is-layout-flow\" style=\"flex-basis:25%\"><\/div>\n\n\n\n<div class=\"wp-block-column is-layout-flow wp-block-column-is-layout-flow\" style=\"flex-basis:50%\">\n<h2 class=\"wp-block-heading\" id=\"-Auswanderer\">Auswanderer<\/h2>\n<\/div>\n\n\n\n<div class=\"wp-block-column is-layout-flow wp-block-column-is-layout-flow\" style=\"flex-basis:25%\"><\/div>\n<\/div>\n\n\n\n<div class=\"wp-block-columns is-layout-flex wp-container-core-columns-is-layout-9d6595d7 wp-block-columns-is-layout-flex\">\n<div class=\"wp-block-column is-layout-flow wp-block-column-is-layout-flow\" style=\"flex-basis:25%\"><\/div>\n\n\n\n<div class=\"wp-block-column is-layout-flow wp-block-column-is-layout-flow\" style=\"flex-basis:50%\">\n<h2 class=\"wp-block-heading\" id=\"-Karten\">Karten und Pl\u00e4ne<\/h2>\n<\/div>\n\n\n\n<div class=\"wp-block-column is-layout-flow wp-block-column-is-layout-flow\" style=\"flex-basis:25%\"><\/div>\n<\/div>\n\n\n\n<div class=\"wp-block-columns is-layout-flex wp-container-core-columns-is-layout-9d6595d7 wp-block-columns-is-layout-flex\">\n<div class=\"wp-block-column is-layout-flow wp-block-column-is-layout-flow\" style=\"flex-basis:25%\">\n<h3 class=\"wp-block-heading\">Heimatjahrbuch Osnabr\u00fcck Stadt und Land<\/h3>\n\n\n\n<p><strong>1977<\/strong>: Der Brinkhof am Sutthauser Geh\u00f6lz (Dr. Heinrich Koch), S. 45<\/p>\n<\/div>\n\n\n\n<div class=\"wp-block-column is-layout-flow wp-block-column-is-layout-flow\" style=\"flex-basis:50%\">\n<h2 class=\"wp-block-heading\" id=\"-Literatur\">Literatur<\/h2>\n\n\n\n<p>Geschichten aus Sutthausen &#8211; Chronik eines Stadtteils, herausgegeben von der Geschichtswerkstatt Sutthausen<\/p>\n\n\n\n<p>Die Rittersitze des F\u00fcrstentums Osnabr\u00fcck, Rudolf v. Bruch, zweiter Neudruck der Ausgabe von 1930, H. Th. Wenner, Osnabr\u00fcck, 1982<\/p>\n\n\n\n<p>Von W\u00e4llen und Gr\u00e4ben, herausgegeben von der Stadt Osnabr\u00fcck, Secolo Verlag, Osnabr\u00fcck, 1999<\/p>\n\n\n\n<p><a href=\"http:\/\/www.liekam-historikerin.de\/index.php\/alte-zeiten\">Liekam, Carina: Zeitschrift &#8222;Alte Zeiten in Stadt und Land Osnabr\u00fcck&#8220;<\/a>, Ausgabe 1, darin: <em>Grundschule Sutthausen &#8211; Erinnerungen aus 75 Jahren Schulleben; Fr\u00fcher konnte man sich eben nicht immer aussuchen, was man von Beruf werden wollte! &#8211; Meine Ausbildung zum Friseur (1958-1961); Obermeyer, eine Friseurgeschichte aus Sutthausen; Wo kauften die Sutthauser ihre Milch, als es noch keinen Supermarkt gab? Und wer lieferte fr\u00fcher in Sutthausen die Schulmilch?<\/em><\/p>\n\n\n\n<h3 class=\"wp-block-heading\">In: Heimatjahrbuch Osnabr\u00fccker Land<\/h3>\n\n\n\n<p><strong>1982<\/strong>: Sutthausen in der Vergangenheit (Wilhelm Eggert), S. 97<\/p>\n\n\n\n<p><strong>1994<\/strong>: Kapelle Gut Sutthausen 100 Jahre seit dem Neubau (Prof. Dr. Karl H. Neufeld), S. 84<\/p>\n\n\n\n<p><strong>1998<\/strong>: Des Schlo\u00df Sutthausen als fr\u00fcherer Sitz der Adelsfamilie von Korff und deren Besitznahme vom Ledenhof in Osnabr\u00fcck zur Zeit des Drei\u00dfigj\u00e4hrigen Krieges (1618 &#8211; 1648) (Dr. Heinrich Koch), S. 83<\/p>\n\n\n\n<p><strong>1998<\/strong>: Sutthausen und der Westf\u00e4lische Friede (Prof. Dr. Karl Heinz Neufeld), S. 127<\/p>\n\n\n\n<p><strong>2004<\/strong>: Schlo\u00df, Kapelle und M\u00fchle in Sutthausen &#8211; ein harmonischer Dreiklang (Bernhard Feige), S. 179<br><\/p>\n\n\n\n<h3 class=\"wp-block-heading\">Osnabr\u00fccker Mitteilungen:<\/h3>\n\n\n\n<p>Berlage, Die Kapelle in Sutthausen, Nr. 34, 1909, S. 390<\/p>\n\n\n\n<p>Rhotert, Zum Proze\u00df der Herrn von Moltke zu Wulften gegen Sutthausen, Nr. 34, 1909, S. 384<\/p>\n<\/div>\n\n\n\n<div class=\"wp-block-column is-layout-flow wp-block-column-is-layout-flow\" style=\"flex-basis:25%\">\n<p><img loading=\"lazy\" decoding=\"async\" src=\"https:\/\/familienforschung-tecklenburger-land.de\/files\/Tecklenburger-Familienforschung\/OSNABRUECK\/Osnabrueck%20Stadt\/Sutthausen\/Sutthausen-Sutthauser-Muehle-6.jpg\" alt=\"\" width=\"230\" height=\"154\"><\/p>\n\n\n\n<p>An der Sutthauser M\u00fchle<\/p>\n<\/div>\n<\/div>\n\n\n\n<div class=\"wp-block-columns is-layout-flex wp-container-core-columns-is-layout-9d6595d7 wp-block-columns-is-layout-flex\">\n<div class=\"wp-block-column is-layout-flow wp-block-column-is-layout-flow\" style=\"flex-basis:25%\"><\/div>\n\n\n\n<div class=\"wp-block-column is-layout-flow wp-block-column-is-layout-flow\" style=\"flex-basis:50%\">\n<h2 class=\"wp-block-heading\" id=\"-Suchanfragen\">Suchanfragen<\/h2>\n\n\n\n<h3 class=\"wp-block-heading\">M\u00f6chten Sie auch eine Anfrage ver\u00f6ffentlichen?<\/h3>\n\n\n\n<p class=\"has-small-font-size\"><strong>Wenn jemand genealogische Kontakte kn\u00fcpfen m\u00f6chte oder Hilfe bei einem schwierigen Fall ben\u00f6tigt, ver\u00f6ffentlichen wir hier gern eine Anfrage.<\/strong><\/p>\n\n\n\n<p class=\"has-small-font-size\">Hier k\u00f6nnen Sie uns Ihre Suchanfrage \u00fcbermitteln:<\/p>\n\n\n\n<p class=\"has-small-font-size\">Sie k\u00f6nnen uns eine E-Mail mit Ihrer Suchanfrage schicken: <a href=\"mailto:admin@te-gen.de\">admin@te-gen.de<\/a> Bitte tragen Sie in die Mail ein, nach welchen Personen oder Namen Sie suchen, in welchem Ort Sie suchen, wenn Sie m\u00f6chten, Ihren Namen, welche Daten (Geburt, Heirat, Tod, andere) Ihnen vorliegen. Wenigstens ein Zeitraum w\u00e4re gut. Wir werden Ihre Anfrage dann an dieser Stelle ver\u00f6ffentlichen. Bitte beachten Sie, dass dies einige Tage dauern kann. Ihre Anfrage wird automatisch auch an unsere Mailingliste weitergeleitet.<\/p>\n<\/div>\n\n\n\n<div class=\"wp-block-column is-layout-flow wp-block-column-is-layout-flow\" style=\"flex-basis:25%\">\n<p><img loading=\"lazy\" decoding=\"async\" src=\"https:\/\/familienforschung-tecklenburger-land.de\/files\/Tecklenburger-Familienforschung\/OSNABRUECK\/Osnabrueck%20Stadt\/Sutthausen\/Sutthausen-Sutthauser-Muehlengebaeude.jpg\" alt=\"\" width=\"230\" height=\"299\"><\/p>\n\n\n\n<p>M\u00fchlengeb\u00e4ude<\/p>\n<\/div>\n<\/div>\n","protected":false},"excerpt":{"rendered":"<p>Weiteres vor Ort: Heimatbund Osnabr\u00fccker Land Ausfl\u00fcge in die Geschichte: Gut Sutthausen Zur Geschichte 1147: Erste urkundliche Erw\u00e4hnung des Gutes Wulften 1250: erstmalige Erw\u00e4hnung des Hofes Hausw\u00f6hrmann im Kirchenbuch St. Johann 1280 ist der Ritter Eberhardt v. Varendorf im Besitz von Sutthausen und errichtete dort eine befestigte Burg. 1282: Erste urkundliche Erw\u00e4hnung des Gutes Sutthausen&#8230;<\/p>\n","protected":false},"author":4,"featured_media":0,"parent":0,"menu_order":38,"comment_status":"closed","ping_status":"closed","template":"","meta":{"_coblocks_attr":"","_coblocks_dimensions":"","_coblocks_responsive_height":"","_coblocks_accordion_ie_support":"","footnotes":""},"class_list":["post-448","page","type-page","status-publish","hentry"],"_links":{"self":[{"href":"https:\/\/familienforschung-tecklenburger-land.de\/index.php?rest_route=\/wp\/v2\/pages\/448","targetHints":{"allow":["GET"]}}],"collection":[{"href":"https:\/\/familienforschung-tecklenburger-land.de\/index.php?rest_route=\/wp\/v2\/pages"}],"about":[{"href":"https:\/\/familienforschung-tecklenburger-land.de\/index.php?rest_route=\/wp\/v2\/types\/page"}],"author":[{"embeddable":true,"href":"https:\/\/familienforschung-tecklenburger-land.de\/index.php?rest_route=\/wp\/v2\/users\/4"}],"replies":[{"embeddable":true,"href":"https:\/\/familienforschung-tecklenburger-land.de\/index.php?rest_route=%2Fwp%2Fv2%2Fcomments&post=448"}],"version-history":[{"count":4,"href":"https:\/\/familienforschung-tecklenburger-land.de\/index.php?rest_route=\/wp\/v2\/pages\/448\/revisions"}],"predecessor-version":[{"id":2590,"href":"https:\/\/familienforschung-tecklenburger-land.de\/index.php?rest_route=\/wp\/v2\/pages\/448\/revisions\/2590"}],"wp:attachment":[{"href":"https:\/\/familienforschung-tecklenburger-land.de\/index.php?rest_route=%2Fwp%2Fv2%2Fmedia&parent=448"}],"curies":[{"name":"wp","href":"https:\/\/api.w.org\/{rel}","templated":true}]}}