{"id":436,"date":"2023-02-26T19:11:30","date_gmt":"2023-02-26T18:11:30","guid":{"rendered":"https:\/\/familienforschung-tecklenburger-land.de\/?page_id=436"},"modified":"2023-05-10T16:38:16","modified_gmt":"2023-05-10T15:38:16","slug":"nahne","status":"publish","type":"page","link":"https:\/\/familienforschung-tecklenburger-land.de\/?page_id=436","title":{"rendered":"Nahne"},"content":{"rendered":"\n<div class=\"wp-block-columns is-layout-flex wp-container-core-columns-is-layout-9d6595d7 wp-block-columns-is-layout-flex\">\n<div class=\"wp-block-column is-layout-flow wp-block-column-is-layout-flow\" style=\"flex-basis:25%\">\n<h3 class=\"wp-block-heading\">Weiteres vor Ort:<\/h3>\n\n\n\n<p><a href=\"http:\/\/www.osnabrueck.de\/mas\/393.asp\">Museum am Sch\u00f6lerberg<\/a><\/p>\n<\/div>\n\n\n\n<div class=\"wp-block-column is-layout-flow wp-block-column-is-layout-flow\" style=\"flex-basis:50%\">\n<h2 class=\"wp-block-heading\" id=\"-Geschichte\">Zur Geschichte<\/h2>\n\n\n\n<p><strong>1147: <\/strong>Nahne wird vom Domkirchspiel in das Kirchspiel St. Johann umgepfarrt. Hierzu geh\u00f6rte es bis 1917.<\/p>\n\n\n\n<p><strong>1653:<\/strong> Gr\u00fcndung des Sch\u00fctzenvereins Nahne e.V. (fr\u00fcher Sch\u00fctzenverein St. Johann)<\/p>\n\n\n\n<p><strong>Mitte 19. Jh.:<\/strong> Das Gasthaus Schumla erhielt seinen Namen: Bulgarische Soldaten lagerten f\u00fcr l\u00e4ngere Zeit im Gasthaus. Diese kamen aus dem Ort Schumla.<\/p>\n\n\n\n<p><strong>1903:<\/strong> Nahne hatte 700 Einwohner<\/p>\n\n\n\n<p><strong>1909:<\/strong> in Nahne wurde eine Schule gebaut. Vorher gingen die Kinder in die Stadt oder nach Harderberg zur Schule.<\/p>\n\n\n\n<p><strong>1917:<\/strong> Nahne wurde dem neugebildeten Seelsorgbezirk St. Joseph zugewiesen<\/p>\n\n\n\n<p><strong>1920:<\/strong> Zwischen August und November lehrte Erich Maria Remarque als Volksschullehrer in Nahne.<\/p>\n\n\n\n<p><strong>bis 1934:<\/strong> Bis zu diesem Jahr war Nahne erheblich gr\u00f6\u00dfer und reichte im Norden bis an den Stadtteil Fledder heran.<\/p>\n\n\n\n<p><strong>1961:<\/strong> Gr\u00fcndung des Sportverein TUS Nahne e.V.<\/p>\n\n\n\n<p><strong>1964\/65:<\/strong> Bau der St. Ansgar-Kirche<\/p>\n\n\n\n<p><strong>1966:<\/strong> Nahne wurde eine eigenst\u00e4ndige Pfarrei (katholisch) und von St. Johann abgepfarrt.<\/p>\n\n\n\n<p><strong>1972:<\/strong> Nahne wurde in die Stadt Osnabr\u00fcck eingemeindet.<\/p>\n\n\n\n<h3 class=\"wp-block-heading\">Johanneskirche \/ St. Johann<\/h3>\n\n\n\n<p>Die St.-Johann-Kirche ist neben dem Dom, St. Marien und St. Katharinen eine der vier mittelalterlichen Innenstadtkirchen in Osnabr\u00fcck und gilt als eine der fr\u00fchesten gro\u00dfen gotischen Hallenkirchen Deutschlands. Das ehemalige Stift Sankt Johann wurde im Jahre 1011 von Bischof Dietmar gegr\u00fcndet. Um das Stift und seine Lateinschule herum entwickelte sich die Neustadt, die bis 1306 getrennt von der Altstadt verwaltet wurde. 1256 legte Bischof Bruno den Grundstein f\u00fcr den Neubau der zweiten Stifts- und Pfarrkirche. Diese steht heute noch und ist ein fr\u00fchgotisches Bauwerk, dessen hoher lichter Innenraum beeindruckt. Die Osnabr\u00fccker Patrizierfamilie von Bar stiftete Anfang des 14. Jahrhunderts die Andachtskapelle, die auch Kreuzkapelle genannt wird.<\/p>\n<\/div>\n\n\n\n<div class=\"wp-block-column is-layout-flow wp-block-column-is-layout-flow\" style=\"flex-basis:25%\">\n<p>Die Bauernschaft Nahne ist aus 4 alts\u00e4chsischen Siedlungen zusammengesetzt: H\u00f6fe um N\u00f6nker, H\u00f6fe um Entrup und Spiegelburg, H\u00f6fe um Br\u00f6ker (zu dem vielleicht Wedinghaus und Hausw\u00f6rmann geh\u00f6ren).<br><\/p>\n\n\n\n<p><img loading=\"lazy\" decoding=\"async\" src=\"https:\/\/familienforschung-tecklenburger-land.de\/files\/Tecklenburger-Familienforschung\/OSNABRUECK\/Osnabrueck%20Stadt\/Nahne\/Nahne-Lageplan.jpg\" alt=\"\" width=\"230\" height=\"184\"><\/p>\n\n\n\n<p>Die Lage Nahnes in Osnabr\u00fcck (Bild: Wikipedia)<\/p>\n\n\n\n<figure class=\"wp-block-image\"><img decoding=\"async\" src=\"https:\/\/familienforschung-tecklenburger-land.de\/assets\/images\/d\/Nahne-Grenzen-OS-9cf5baed.jpg\" alt=\"\"\/><\/figure>\n\n\n\n<p><a href=\"https:\/\/familienforschung-tecklenburger-land.de\/files\/Tecklenburger-Familienforschung\/OSNABRUECK\/Osnabrueck%20Stadt\/Nahne\/Nahne-Grenzen-OS.jpg\"><\/a><\/p>\n\n\n\n<p><img loading=\"lazy\" decoding=\"async\" src=\"https:\/\/familienforschung-tecklenburger-land.de\/files\/Tecklenburger-Familienforschung\/OSNABRUECK\/Osnabrueck%20Stadt\/OS-Johanneskirche\/St-Johann-heute.jpg\" alt=\"\" width=\"230\" height=\"307\"><\/p>\n\n\n\n<p>St. Johann (Bild: J\u00f6rg Kanngie\u00dfer)<\/p>\n<\/div>\n<\/div>\n\n\n\n<div class=\"wp-block-columns is-layout-flex wp-container-core-columns-is-layout-9d6595d7 wp-block-columns-is-layout-flex\">\n<div class=\"wp-block-column is-layout-flow wp-block-column-is-layout-flow\" style=\"flex-basis:25%\"><\/div>\n\n\n\n<div class=\"wp-block-column is-layout-flow wp-block-column-is-layout-flow\" style=\"flex-basis:50%\">\n<h2 class=\"wp-block-heading\" id=\"-Weblinks\">Weblinks<\/h2>\n\n\n\n<p><a href=\"http:\/\/de.wikipedia.org\/wiki\/Nahne\">Wikipedia-Artikel \u00fcber Nahne<\/a><\/p>\n\n\n\n<p><a href=\"http:\/\/www.tusnahne.de\/index.php\/verein\">Webseite des TUS Nahne e.V.<\/a><\/p>\n\n\n\n<p><a href=\"http:\/\/www.sv-nahne.de\/Frames\/Frame%20Chronik.html\">Sch\u00fctzenverein Nahne e.V. von 1653<\/a><\/p>\n\n\n\n<p>NOZ-Artikel: <a href=\"http:\/\/www.noz.de\/lokales\/65874396\/im-osnabruecker-stadtteil-nahne-trifft-land-idylle-auf-stadtverkehr\">Im Osnabr\u00fccker Stadtteil Nahne trifft Land-Idylle auf Stadtverkehr<\/a><\/p>\n\n\n\n<p>NOZ-Artikel: <a href=\"http:\/\/www.noz.de\/lokales\/65918609\/straenkunde-in-osnabrueck-buergermeister-bernhard-avermann-foerderte-kirchenbau-und-vereine\">Stra\u00dfenkunde in Osnabr\u00fcck: B\u00fcrgermeister Bernhard Avermann f\u00f6rderte Kirchenbau und Vereine<\/a><\/p>\n\n\n\n<p><a href=\"http:\/\/www.os-nachbarn.de\/Magazin\/Osnabrueck_-_Nahne\/Artikel\/12825\/Das_unbekannte_Foto_Das_Hotel_Am_Himmelreich\">Das Hotel Am Himmelreich<\/a><\/p>\n\n\n\n<p><a href=\"http:\/\/www.bildindex.de\/obj20689237.html#|home\">Alte Bilder eines Hofes in Nahne<\/a><\/p>\n\n\n\n<h3 class=\"wp-block-heading\">Allgemeine Links:<\/h3>\n\n\n\n<p><a href=\"http:\/\/wiki-de.genealogy.net\/Hauptseite\">GenWiki:<\/a> Ein Wiki f\u00fcr Ahnenforscher.<br><br><a href=\"http:\/\/www.fotoerbe.de\/\">Fotoerbe.de<\/a>: In welchen Archiven, Museen, Bibliotheken usw. sind historische Fotografien vorhanden? Hier findet man sie in einer riesigen Datenbank.<br><br><a href=\"http:\/\/www.kirchliche-archive.de\/\">Kirchliche Archive:<\/a> \u00dcbersicht \u00fcber die deutschen Kirchenbucharchive.<br><br><a href=\"http:\/\/christoph.stoepel.net\/geogen\/v3\/\">Geogen<\/a>: Auf dieser Seite kann man Landkarten \u00fcber die Verbreitung von Familiennamen in Deutschland erstellen lassen. Besonders auff\u00e4llige Konzentrationen k\u00f6nnen auf den Ursprungsort des Namens oder der Familie hindeuten.<br><a href=\"http:\/\/www.hbol.de\/\"><br>Heimatbund Osnabr\u00fccker Land:<\/a> Hier gibt es geschichtliches \u00fcber die verschiedenen Orte. Man findet auch viele Adressen und Infos \u00fcber Vereine usw.<br><br><a href=\"http:\/\/www.lwl.org\/westfaelische-geschichte\/portal\/Internet\/haupt.php?urlNeu=\">Internet-Portal &#8222;Westf\u00e4lische Geschichte&#8220;<\/a><br><br><a href=\"http:\/\/www.archive.nrw.de\/\">Internetportal der Archive in Nordrhein-Westfalen<\/a><br><br><a href=\"http:\/\/www.westfalen-adelssitze.de\" target=\"_blank\" rel=\"noreferrer noopener\">Burgen, Schl\u00f6sser und Herrensitze in Westfalen<\/a>: Interessant, wenn man wei\u00df, welchem Herr ein Hof eigenbeh\u00f6rig war.<br><br><a href=\"http:\/\/www.wggf.de\/\">Westf\u00e4lische Gesellschaft f\u00fcr Genealogie und Familienforschung (WGGF)<\/a><\/p>\n<\/div>\n\n\n\n<div class=\"wp-block-column is-layout-flow wp-block-column-is-layout-flow\" style=\"flex-basis:25%\">\n<p><img loading=\"lazy\" decoding=\"async\" src=\"https:\/\/familienforschung-tecklenburger-land.de\/files\/Tecklenburger-Familienforschung\/OSNABRUECK\/Osnabrueck%20Stadt\/Nahne\/St-Ansgar-Kirche.jpg\" alt=\"\" width=\"230\" height=\"181\"><\/p>\n\n\n\n<p>St. Ansgar-Kirche (Bild: Wikipedia)<\/p>\n\n\n\n<p><img loading=\"lazy\" decoding=\"async\" src=\"https:\/\/familienforschung-tecklenburger-land.de\/files\/Tecklenburger-Familienforschung\/OSNABRUECK\/Osnabrueck%20Stadt\/Nahne\/Iburger-Strasse.jpg\" alt=\"\" width=\"230\" height=\"187\"><\/p>\n\n\n\n<p>Die Iburger Stra\u00dfe<\/p>\n<\/div>\n<\/div>\n\n\n\n<div class=\"wp-block-columns is-layout-flex wp-container-core-columns-is-layout-9d6595d7 wp-block-columns-is-layout-flex\">\n<div class=\"wp-block-column is-layout-flow wp-block-column-is-layout-flow\" style=\"flex-basis:25%\"><\/div>\n\n\n\n<div class=\"wp-block-column is-layout-flow wp-block-column-is-layout-flow\" style=\"flex-basis:50%\">\n<h2 class=\"wp-block-heading\" id=\"-Quellen\">Genealogische Quellen<\/h2>\n\n\n\n<h3 class=\"wp-block-heading\">Matricula<\/h3>\n\n\n\n<p>Kirchenb\u00fccher online einsehbar:<\/p>\n\n\n\n<p><a href=\"https:\/\/data.matricula-online.eu\/de\/deutschland\/osnabrueck\/osnabruck-st-joseph-scholerberg\/\">Osnabr\u00fcck St. Joseph &#8211; Sch\u00f6lerberg<\/a><\/p>\n\n\n\n<h3 class=\"wp-block-heading\">Katholische Kirchenb\u00fccher einsehbar:<\/h3>\n\n\n\n<p>im <a href=\"http:\/\/www.bistum-osnabrueck.de\/kultur\/dioezesanarchiv.html\">Di\u00f6zesanarchiv in Osnabr\u00fcck<\/a><\/p>\n\n\n\n<p>Taufregister ab 1628<br>Heiratsregister ab 1628 (L\u00fccke 1694 &#8211; 1704)<br>Sterberegister ab 1651 (L\u00fccke 1694 &#8211; 1704)<\/p>\n\n\n\n<h3 class=\"wp-block-heading\">Staatsarchiv Osnabr\u00fcck:<\/h3>\n\n\n\n<p>Dep 130 Akz. 2011\/105 Nr. 14: Verzeichnis der Mitglieder der ev.-ref. Gemeinde zu Osnabr\u00fcck, u.a. Nahne (1894)<\/p>\n\n\n\n<p>Rep 350 Osn Nr. 985: H\u00e4userliste der Gemeinde Nahne (1819 &#8211; 1888)<\/p>\n\n\n\n<p>Rep 956 II Nr. 404: Hypothekenbuch mit alphabetischem Register der Hypothekenbesteller der Gemeinde Nahne (1830 &#8211; 1865)<\/p>\n\n\n\n<p>Rep 956 II Nr. 467: Hypothekenbuch f\u00fcr Hausbesitzer des Kirchspiels St. Johann, Band II Gemeinden Nahne, Hettlich und Voxtrup (1866 &#8211; 1885)<\/p>\n\n\n\n<h3 class=\"wp-block-heading\">Karten und Pl\u00e4ne im Staatsarchiv Osnabr\u00fcck:<\/h3>\n\n\n\n<p>K 100 Nr. 1 H (R) IV: Landesaufnahme des F\u00fcrstbistums Osnabr\u00fcck, u.a. Nahne (1784 &#8211; 1790)<\/p>\n\n\n\n<p>K 100 Nr. 1 H IV Bl. 18 a &amp; b: Landesaufnahme des F\u00fcrstbistums Osnabr\u00fcck, u.a. Nahne (1784 &#8211; 1790)<\/p>\n<\/div>\n\n\n\n<div class=\"wp-block-column is-layout-flow wp-block-column-is-layout-flow\" style=\"flex-basis:25%\">\n<h3 class=\"wp-block-heading\">Archive:<\/h3>\n\n\n\n<p><strong><a href=\"http:\/\/www.bistum-osnabrueck.de\/kultur\/dioezesanarchiv.html\">Di\u00f6zesanarchiv in Osnabr\u00fcck<\/a><\/strong><br>Gro\u00dfe Domsfreiheit 10<br>49074 Osnabr\u00fcck<br>Anmeldung erforderlich:<br>Telefon: 0541\/318-416<br>(<a href=\"mailto:kulturundarchiv@bistum-os.de\">Maria Rehnen<\/a>)<br>\u00d6ffnungszeiten f\u00fcr Familienforschung: mittwochs von 8.00 \u2013 12.30 Uhr und 13.30 bis 18.00 sowie auf Anfrage<br><br><a href=\"http:\/\/www.kirchenkreis-osnabrueck.de\/kirchenkreis\/kirchenamt.html\">Ev.-luth. Kirchenbuchamt Osnabr\u00fcck<\/a><br>Eversburger Str. 32<br>49090 Osnabr\u00fcck<br>Anmeldung erforderlich:<br><a href=\"mailto:linda.klingspohn@evlka.de\">Linda Klingspohn<\/a><br>T: 0541 \/ 94049-435<br>Das Kirchenbuchamt ist Di u. Do von 8:30 Uhr bis 13:30 Uhr ge\u00f6ffnet.<br><br>Die <strong>Standesamtsregister<\/strong><em>(ab 1874 &#8211; gesch\u00fctzt sind die Geburtsregister der letzten 110 Jahre, Heiratsregister der letzten 80 Jahre und Sterberegister der letzten 30 Jahre)<\/em> finden Sie im <a href=\"http:\/\/www.nla.niedersachsen.de\/landesarchiv\/gliederung\/standort_osnabrueck\/standort-osnabrueck-85969.html\" target=\"_blank\" rel=\"noreferrer noopener\">Staatsarchiv Osnabr\u00fcck<\/a>, Schlo\u00dfstr.29, 49074 Osnabr\u00fcck,<br>Tel.: 0541\/33162-0.<br><br><strong><a href=\"http:\/\/www.kgverband-meppen.de\/familienforschung.html\">Katholische Familienforschungsstelle in Meppen<\/a><\/strong><br>Haus d. Sozialen Dienste, Domhof 18, 49716 Meppen<br><strong>Anmeldung erforderlich:<\/strong><br>Kath. Propsteigemeinde St. Vitus, Kuhstra\u00dfe 44, 49716 Meppen<br>Telefon: 0 59 31\/1 24 44 \/ Telefax: 0 59 31\/97 03 44, <a href=\"mailto:fam.archive@kgverband-meppen.de\">E-Mail<\/a><br><strong>\u00d6ffnungszeiten f\u00fcr Familienforscher: <\/strong>Do &amp; Fr 8.30 \u2013 12.30 Uhr und 13.30 \u2013 16.00 Uhr<br>sowie an jedem ersten Samstag eines Monats von 8.30 \u2013 12.30 Uhr<br>und an jedem Freitag vor dem ersten Samstag eines Monats von 8.30 \u2013 12.30 Uhr und 13.30 \u2013 18.00 Uhr<br><br><strong>LAV Staats- und Personenstandsarchiv Detmold<\/strong><br>Willi-Hofmann-Stra\u00dfe 2, 32756 Detmold<br>Tel.: 05231\/7660<br>www.archive.nrw.de<br><br><strong>Vereinigte Westf\u00e4lische Adelsarchive e.V.<\/strong><br>Jahnstr. 26, 48147 M\u00fcnster<br>Tel.: 0251-5913890<br>adelsarchive@lwl.org<\/p>\n<\/div>\n<\/div>\n\n\n\n<div class=\"wp-block-columns is-layout-flex wp-container-core-columns-is-layout-9d6595d7 wp-block-columns-is-layout-flex\">\n<div class=\"wp-block-column is-layout-flow wp-block-column-is-layout-flow\" style=\"flex-basis:25%\">\n<p><img loading=\"lazy\" decoding=\"async\" src=\"https:\/\/familienforschung-tecklenburger-land.de\/files\/Tecklenburger-Familienforschung\/OSNABRUECK\/Osnabrueck%20Stadt\/Nahne\/Restaurant-zur-Erholung.jpg\" alt=\"\" width=\"230\" height=\"222\"><\/p>\n\n\n\n<p>Restaurant &#8222;Zur Erholung&#8220;<\/p>\n<\/div>\n\n\n\n<div class=\"wp-block-column is-layout-flow wp-block-column-is-layout-flow\" style=\"flex-basis:50%\">\n<h2 class=\"wp-block-heading\" id=\"-Fundstuecke\">Fundst\u00fccke<\/h2>\n\n\n\n<h3 class=\"wp-block-heading\">Staatsarchiv Osnabr\u00fcck<\/h3>\n\n\n\n<p>Dep 3 b IV Nr. 1551: Ankauf eines zum Meierhof in Nahne geh\u00f6rigen, am Sch\u00f6lerberg gelegenen Holzteiles zur Herstellung \u00f6ffentlicher Anlagen und Aufforstung des Sch\u00f6lerbergs (1885 &#8211; 1913)<\/p>\n\n\n\n<p>Dep 3 b IV Nr. 5200: Johannislaischaft .\/. Gut Lage bei Nahne wegen der Viehweide auf den Lager Wiesen (1795 &#8211; 1808)<\/p>\n\n\n\n<p>Dep 3 b IV Nr. 6167: Verkauf eines Teils der Landwehr an M\u00fcnnich zu Nahne (1816 &#8211; 1818<\/p>\n\n\n\n<p>Dep 3 b IX Nr. 378 &amp; 379: Hermann Ebrecht als Erbe der Witwe Neunkens .\/. Niemeyer zu Nahne wegen Forderung (1752 &#8211; 1761)<\/p>\n\n\n\n<p>Dep 3 b VI Nr. 252: Marie Engel Linnemann, geb. H\u00f6hne in Nahne .\/. J\u00fcrgen Heinrich Runge, wegen Eheversprechens und Alimenten (1822 &#8211; 1830)<\/p>\n\n\n\n<p>Erw B 11 Nr. 5: Abfindung des Huxm\u00fcllers bei der Teilung der Nahner Mark (1828 &#8211; 1833)<\/p>\n\n\n\n<p>Rep 335 Nr. 5182: Verpachtung und Verkauf von Grundst\u00fccken des zu den milden Stiftungen zu St. Johann geh\u00f6renden Meyerhofes zu Nahne. Enth\u00e4lt u.a.: \u00dcbersicht \u00fcber die Vermessungsdaten der vom Kolon Meyer zu Nahne an den Erbp\u00e4chter M\u00f6llmann verpachteten L\u00e4ndereien; Kaufvertrag zwischen dem Kolon Johann Casper Meyer und dem Erbp\u00e4chter Johann Rudolph M\u00f6llmann zu Nahne (1824 &#8211; 1830)<\/p>\n\n\n\n<p>Rep 335 Nr. 15000: u.a. Handzeichnungen von einem Teil der in der Grundsteuermutterrolle eingetragenen Liegenschaften des Halberben Ferdinand Matthias Niemann aus Nahne (1894)<\/p>\n\n\n\n<p>Rep 350 Osn Nr. 1831: Ermittlung der Abfindung von Hetligs St\u00e4tte zu Nahne zur Sache Hetlig .\/. Hetlig (1853 &#8211; 1855)<\/p>\n\n\n\n<p>Rep 350 Osn Nr. 1831 a: Sterbefall, Auffahrt und Auffahrtkonsens mit dem Kolon Entrup zu Nahne (1819 &#8211; 1828)<\/p>\n\n\n\n<p>Rep 350 Osn Nr. 2033: Abl\u00f6sungssache Kirchenvorstand zu St. Johann .\/. Erben Niemann zu Nahne und Genossen wegen Abl\u00f6sung von Roggengarben und Eiern (1878 &#8211; 1880)<\/p>\n\n\n\n<p>Rep 556 Nr. 210: Thiesing-St\u00e4tte zu Nahne, dienstpflichtig an das Stift St. Johann (1817 &#8211; 1870)<\/p>\n<\/div>\n\n\n\n<div class=\"wp-block-column is-layout-flow wp-block-column-is-layout-flow\" style=\"flex-basis:25%\">\n<p><img loading=\"lazy\" decoding=\"async\" src=\"https:\/\/familienforschung-tecklenburger-land.de\/files\/Tecklenburger-Familienforschung\/OSNABRUECK\/Osnabrueck%20Stadt\/Nahne\/Kaffeehaus-Schumla.jpg\" alt=\"\" width=\"230\" height=\"206\"><\/p>\n\n\n\n<p>Kaffeehaus Schumla<\/p>\n\n\n\n<h3 class=\"wp-block-heading\">Aus dem Osnabr\u00fccker Adressbuch von 1868:<\/h3>\n\n\n\n<figure class=\"wp-block-image\"><img decoding=\"async\" src=\"https:\/\/familienforschung-tecklenburger-land.de\/files\/Tecklenburger-Familienforschung\/OSNABRUECK\/OS-Haeuserverzeichnis-1868.jpg\" alt=\"\"\/><\/figure>\n\n\n\n<figure class=\"wp-block-image\"><img decoding=\"async\" src=\"https:\/\/familienforschung-tecklenburger-land.de\/files\/Tecklenburger-Familienforschung\/OSNABRUECK\/Osnabrueck%20Stadt\/Nahne\/Nahne_OS-Haeuserverzeichnis-1868.jpg\" alt=\"\"\/><\/figure>\n<\/div>\n<\/div>\n\n\n\n<div class=\"wp-block-columns is-layout-flex wp-container-core-columns-is-layout-9d6595d7 wp-block-columns-is-layout-flex\">\n<div class=\"wp-block-column is-layout-flow wp-block-column-is-layout-flow\" style=\"flex-basis:25%\"><\/div>\n\n\n\n<div class=\"wp-block-column is-layout-flow wp-block-column-is-layout-flow\" style=\"flex-basis:50%\">\n<h2 class=\"wp-block-heading\" id=\"-Auswanderer\">Auswanderer<\/h2>\n<\/div>\n\n\n\n<div class=\"wp-block-column is-layout-flow wp-block-column-is-layout-flow\" style=\"flex-basis:25%\"><\/div>\n<\/div>\n\n\n\n<div class=\"wp-block-columns is-layout-flex wp-container-core-columns-is-layout-9d6595d7 wp-block-columns-is-layout-flex\">\n<div class=\"wp-block-column is-layout-flow wp-block-column-is-layout-flow\" style=\"flex-basis:25%\"><\/div>\n\n\n\n<div class=\"wp-block-column is-layout-flow wp-block-column-is-layout-flow\" style=\"flex-basis:50%\">\n<h2 class=\"wp-block-heading\" id=\"-Karten\">Karten und Pl\u00e4ne<\/h2>\n<\/div>\n\n\n\n<div class=\"wp-block-column is-layout-flow wp-block-column-is-layout-flow\" style=\"flex-basis:25%\"><\/div>\n<\/div>\n\n\n\n<div class=\"wp-block-columns is-layout-flex wp-container-core-columns-is-layout-9d6595d7 wp-block-columns-is-layout-flex\">\n<div class=\"wp-block-column is-layout-flow wp-block-column-is-layout-flow\" style=\"flex-basis:25%\"><\/div>\n\n\n\n<div class=\"wp-block-column is-layout-flow wp-block-column-is-layout-flow\" style=\"flex-basis:50%\">\n<h2 class=\"wp-block-heading\" id=\"-Literatur\">Literatur<\/h2>\n\n\n\n<p>Friedrich Imeyer, G\u00fcnther Wrede: Die Bauerschaft Nahne. Verein f. Geschichte u. Landeskunde (1951)<\/p>\n\n\n\n<p>Tus Nahne e. V. feiert Jubil\u00e4um &#8230; 25 Jahre Tennispl\u00e4tze, Hrsg. Tus Nahne e. V.,&nbsp; September 2008<\/p>\n\n\n\n<h3 class=\"wp-block-heading\">\u00dcber die Johanniskirche:<\/h3>\n\n\n\n<p>Dehio, Georg; Wei\u00df, Gerd: Handbuch der Deutschen Kunstdenkm\u00e4ler. Bremen, Niedersachsen, 2. neubearb. stark erw. Auflage, M\u00fcnchen 1992.<br><br>Karrenbrock, Reinhard: Evert van Roden: der Meister des Hochaltars der Osnabr\u00fccker Johanniskirche. Ein Beitrag zur westf\u00e4lischen Skulptur der Sp\u00e4tgotik, Osnabr\u00fcck 1992; aus der Schriftenreihe: Osnabr\u00fccker Geschichtsquellen und Forschungen. Herausgegeben vom Verein f\u00fcr Geschichte und Landeskunde von Osnabr\u00fcck, Bd. 31. Erschienen bei Wenner; ISBN 3-87898-332-8.<br><br>Poppe, Hermann: Die Baugeschichte der Johanniskirche in Osnabr\u00fcck. Ein Beitrag zur Erforschung mittelalterlicher Baukunst im nieders\u00e4chsisch-westf\u00e4lischen Raum, Osnabr\u00fcck 1936. Erschienen bei Obermeyer.<br><br>Poppe, Roswitha; Klimek, Lothar: Osnabr\u00fcck, M\u00fcnchen und Berlin 1972; S. 33\u201337; aus der Schriftenreihe: Deutsche Lande, deutsche Kunst. Erschienen beim Deutschen Kunstverlag; ISBN 3-422-00085-2.<br><br>Poppe, Roswitha: Die mittelalterlichen Kirchen Osnabr\u00fccks, in: F\u00fchrer zu vor- und fr\u00fchgeschichtlichen Denkm\u00e4lern 43, Mainz 1979, S. 44\u201398. Herausgegeben vom R\u00f6misch-Germanischen Zentralmuseum.<br><br>Dr. Poppe-Marquard, Hermann: Sankt Johann in Osnabr\u00fcck mit seinen Kunstsch\u00e4tzen, Osnabr\u00fcck 1983. Herausgegeben von der Katholischen Kirchengemeinde St. Johann.<br><br>Dr. Poppe-Marquardt, Hermann: Osnabr\u00fccker Kirchenchronik: Baugeschichte und Kunstwerke aller Osnabr\u00fccker Kirchen der gro\u00dfen Konfessionen, Osnabr\u00fcck ca. 1990. Erschienen bei Meinders &amp; Elstermann; ISBN 3-88926-890-0.<\/p>\n<\/div>\n\n\n\n<div class=\"wp-block-column is-layout-flow wp-block-column-is-layout-flow\" style=\"flex-basis:25%\">\n<h3 class=\"wp-block-heading\">In: Heimatjahrbuch Osnabr\u00fccker Land<\/h3>\n\n\n\n<p><strong>1975:<\/strong> Der Ausbau der &#8222;Frankfurter Heerstra\u00dfe&#8220; (G. Scholte), S. 103<\/p>\n\n\n\n<p><strong>1994:<\/strong> Die Bauernschaften im Kirchspiel St. Johann, Osnabr\u00fcck (Alexander Himmermann), S. 31<\/p>\n\n\n\n<p><strong>1996:<\/strong> Die Schulmeister in den Bauerschaftsschulen des Kirchspiels St. Johann zu Osnabr\u00fcck (Alexander Himmermann), S. 260<\/p>\n\n\n\n<p><strong>2000:<\/strong> Geschichte von Nahne (Carl M\u00f6ller), S. 124<\/p>\n\n\n\n<p><strong>1977:<\/strong> Von der Iburger Stra\u00dfe zur B 51 (G\u00fcnter Schotte), S. 17<\/p>\n\n\n\n<h3 class=\"wp-block-heading\">Heimatjahrbuch Osnabr\u00fcck Stadt und Land:<\/h3>\n\n\n\n<p><strong>1977:<\/strong> Sachsengr\u00e4ber im Sch\u00f6lerberg (G\u00fcnter Flake), S. 38<\/p>\n\n\n\n<p><strong>1991:<\/strong> Restaurierung der Br\u00fcningsquelle (Udo Bartholom\u00e4us), S. 47<\/p>\n\n\n\n<p><strong>1995<\/strong>: Rund um die Ziegelei am Herrenrest (Horst Grebing), S. 94<\/p>\n<\/div>\n<\/div>\n\n\n\n<div class=\"wp-block-columns is-layout-flex wp-container-core-columns-is-layout-9d6595d7 wp-block-columns-is-layout-flex\">\n<div class=\"wp-block-column is-layout-flow wp-block-column-is-layout-flow\" style=\"flex-basis:25%\"><\/div>\n\n\n\n<div class=\"wp-block-column is-layout-flow wp-block-column-is-layout-flow\" style=\"flex-basis:50%\">\n<h2 class=\"wp-block-heading\" id=\"-Suchanfragen\">Suchanfragen<\/h2>\n\n\n\n<h3 class=\"wp-block-heading\">M\u00f6chten Sie auch eine Anfrage ver\u00f6ffentlichen?<\/h3>\n\n\n\n<p class=\"has-small-font-size\"><strong>Wenn jemand genealogische Kontakte kn\u00fcpfen m\u00f6chte oder Hilfe bei einem schwierigen Fall ben\u00f6tigt, ver\u00f6ffentlichen wir hier gern eine Anfrage.<\/strong><\/p>\n\n\n\n<p class=\"has-small-font-size\">Hier k\u00f6nnen Sie uns Ihre Suchanfrage \u00fcbermitteln:<\/p>\n\n\n\n<p class=\"has-small-font-size\">Sie k\u00f6nnen uns eine E-Mail mit Ihrer Suchanfrage schicken: <a href=\"mailto:admin@te-gen.de\">admin@te-gen.de<\/a> Bitte tragen Sie in die Mail ein, nach welchen Personen oder Namen Sie suchen, in welchem Ort Sie suchen, wenn Sie m\u00f6chten, Ihren Namen, welche Daten (Geburt, Heirat, Tod, andere) Ihnen vorliegen. Wenigstens ein Zeitraum w\u00e4re gut. Wir werden Ihre Anfrage dann an dieser Stelle ver\u00f6ffentlichen. Bitte beachten Sie, dass dies einige Tage dauern kann. Ihre Anfrage wird automatisch auch an unsere Mailingliste weitergeleitet.<\/p>\n<\/div>\n\n\n\n<div class=\"wp-block-column is-layout-flow wp-block-column-is-layout-flow\" style=\"flex-basis:25%\">\n<p><img loading=\"lazy\" decoding=\"async\" src=\"https:\/\/familienforschung-tecklenburger-land.de\/files\/Tecklenburger-Familienforschung\/OSNABRUECK\/Osnabrueck%20Stadt\/Nahne\/Gaststaette-Paradies.jpg\" alt=\"\" width=\"230\" height=\"228\"><\/p>\n\n\n\n<p>Die Gastst\u00e4tte Paradies<\/p>\n\n\n\n<p><img loading=\"lazy\" decoding=\"async\" src=\"https:\/\/familienforschung-tecklenburger-land.de\/files\/Tecklenburger-Familienforschung\/OSNABRUECK\/Osnabrueck%20Stadt\/Nahne\/Nahne-Kriegerdenkmal.jpg\" alt=\"\" width=\"230\" height=\"217\"><\/p>\n\n\n\n<p>Kriegerdenkmal<\/p>\n<\/div>\n<\/div>\n","protected":false},"excerpt":{"rendered":"<p>Weiteres vor Ort: Museum am Sch\u00f6lerberg Zur Geschichte 1147: Nahne wird vom Domkirchspiel in das Kirchspiel St. Johann umgepfarrt. Hierzu geh\u00f6rte es bis 1917. 1653: Gr\u00fcndung des Sch\u00fctzenvereins Nahne e.V. (fr\u00fcher Sch\u00fctzenverein St. Johann) Mitte 19. Jh.: Das Gasthaus Schumla erhielt seinen Namen: Bulgarische Soldaten lagerten f\u00fcr l\u00e4ngere Zeit im Gasthaus. Diese kamen aus dem&#8230;<\/p>\n","protected":false},"author":4,"featured_media":0,"parent":0,"menu_order":34,"comment_status":"closed","ping_status":"closed","template":"","meta":{"_coblocks_attr":"","_coblocks_dimensions":"","_coblocks_responsive_height":"","_coblocks_accordion_ie_support":"","footnotes":""},"class_list":["post-436","page","type-page","status-publish","hentry"],"_links":{"self":[{"href":"https:\/\/familienforschung-tecklenburger-land.de\/index.php?rest_route=\/wp\/v2\/pages\/436","targetHints":{"allow":["GET"]}}],"collection":[{"href":"https:\/\/familienforschung-tecklenburger-land.de\/index.php?rest_route=\/wp\/v2\/pages"}],"about":[{"href":"https:\/\/familienforschung-tecklenburger-land.de\/index.php?rest_route=\/wp\/v2\/types\/page"}],"author":[{"embeddable":true,"href":"https:\/\/familienforschung-tecklenburger-land.de\/index.php?rest_route=\/wp\/v2\/users\/4"}],"replies":[{"embeddable":true,"href":"https:\/\/familienforschung-tecklenburger-land.de\/index.php?rest_route=%2Fwp%2Fv2%2Fcomments&post=436"}],"version-history":[{"count":4,"href":"https:\/\/familienforschung-tecklenburger-land.de\/index.php?rest_route=\/wp\/v2\/pages\/436\/revisions"}],"predecessor-version":[{"id":2573,"href":"https:\/\/familienforschung-tecklenburger-land.de\/index.php?rest_route=\/wp\/v2\/pages\/436\/revisions\/2573"}],"wp:attachment":[{"href":"https:\/\/familienforschung-tecklenburger-land.de\/index.php?rest_route=%2Fwp%2Fv2%2Fmedia&parent=436"}],"curies":[{"name":"wp","href":"https:\/\/api.w.org\/{rel}","templated":true}]}}