{"id":421,"date":"2023-02-26T19:10:20","date_gmt":"2023-02-26T18:10:20","guid":{"rendered":"https:\/\/familienforschung-tecklenburger-land.de\/?page_id=421"},"modified":"2023-05-10T16:18:34","modified_gmt":"2023-05-10T15:18:34","slug":"dodesheide","status":"publish","type":"page","link":"https:\/\/familienforschung-tecklenburger-land.de\/?page_id=421","title":{"rendered":"Dodesheide"},"content":{"rendered":"\n<div class=\"wp-block-columns is-layout-flex wp-container-core-columns-is-layout-9d6595d7 wp-block-columns-is-layout-flex\">\n<div class=\"wp-block-column is-layout-flow wp-block-column-is-layout-flow\" style=\"flex-basis:25%\"><\/div>\n\n\n\n<div class=\"wp-block-column is-layout-flow wp-block-column-is-layout-flow\" style=\"flex-basis:50%\">\n<h2 class=\"wp-block-heading\" id=\"-Geschichte\">Zur Geschichte<\/h2>\n\n\n\n<p><strong>Ende des 16. Jahrhunderts<\/strong>: Bau des Gutes Gartlage<\/p>\n\n\n\n<p><strong>Ca. 1675<\/strong>: Das Gut Gartlage wurde an den Hildesheimer Domherrn Nikolaus Eberhard von Snetlage zu Wulften verkauft.<\/p>\n\n\n\n<p><strong>1683<\/strong>: Der Domherr Nikolaus Eberhard von Snetlage zu Wulften schenkte das Gut Gartlage dem Gymnasium Carolinum.<\/p>\n\n\n\n<p><strong>19. Jahrhundert<\/strong>: Das Gut Gartlage diente als Kaffeehaus.<\/p>\n\n\n\n<p><strong>1945<\/strong>: Das Gut Gartlage wurde ausgebombt. In der Dodesheide wurden russische Zwangsarbeiter in ger\u00e4umten H\u00e4usern einquartiert.<\/p>\n\n\n\n<p><strong>1950er Jahre<\/strong>: Bau der Siedlung Dodeshaus, in der haupts\u00e4chlich Bungalows stehen.<\/p>\n\n\n\n<p><strong>1970er Jahre<\/strong>: Bau des zweitgr\u00f6\u00dften Studentenwohnheims an der Mecklenburger Stra\u00dfe<\/p>\n\n\n\n<p><strong>2009<\/strong>: Abzug der britischen Truppen, die zu einem gro\u00dfen Teil in der Dodesheide gelebt haben<\/p>\n<\/div>\n\n\n\n<div class=\"wp-block-column is-layout-flow wp-block-column-is-layout-flow\" style=\"flex-basis:25%\">\n<p><img loading=\"lazy\" decoding=\"async\" src=\"https:\/\/familienforschung-tecklenburger-land.de\/files\/Tecklenburger-Familienforschung\/OSNABRUECK\/Osnabrueck%20Stadt\/Dodesheide\/Dodesheide-Lage-OS.jpg\" alt=\"\" width=\"230\" height=\"183\"><\/p>\n\n\n\n<p>Die Lage Dodesheides in Osnabr\u00fcck<\/p>\n\n\n\n<figure class=\"wp-block-image\"><img decoding=\"async\" src=\"https:\/\/familienforschung-tecklenburger-land.de\/assets\/images\/b\/Dodesheide-Grenzen-OS-27fa3b0b.jpg\" alt=\"\"\/><\/figure>\n\n\n\n<p><a href=\"https:\/\/familienforschung-tecklenburger-land.de\/files\/Tecklenburger-Familienforschung\/OSNABRUECK\/Osnabrueck%20Stadt\/Dodesheide\/Dodesheide-Grenzen-OS.jpg\"><\/a><\/p>\n\n\n\n<h3 class=\"wp-block-heading\">Ausfl\u00fcge in die Geschichte:<\/h3>\n\n\n\n<p>Wanderung: <a href=\"http:\/\/wanderungenimosnabrueckerland.npage.de\/rund-um-den-sonnenhuegel.html\">Rund um den Sonnenh\u00fcgel<\/a><\/p>\n<\/div>\n<\/div>\n\n\n\n<div class=\"wp-block-columns is-layout-flex wp-container-core-columns-is-layout-9d6595d7 wp-block-columns-is-layout-flex\">\n<div class=\"wp-block-column is-layout-flow wp-block-column-is-layout-flow\" style=\"flex-basis:25%\"><\/div>\n\n\n\n<div class=\"wp-block-column is-layout-flow wp-block-column-is-layout-flow\" style=\"flex-basis:50%\">\n<h2 class=\"wp-block-heading\" id=\"-Weblinks\">Weblinks<\/h2>\n\n\n\n<p>NOZ-Artikel: <a href=\"http:\/\/www.noz.de\/lokales\/67087225\/mein-lieblingsplatz-karin-jabs-kiesler-wei-die-landwehr-zu-schaetzen\">Mein Lieblingsplatz: Karin Jabs-Kiesler wei\u00df die Landwehr zu sch\u00e4tzen<\/a><\/p>\n\n\n\n<p>\u00dcber die <a href=\"http:\/\/www.osnabrueck.de\/konversion\/23600.asp\">Kaserne am Limberg<\/a> (ehemals Mercer- and Imphal-Barracks)<\/p>\n\n\n\n<p>\u00dcber eine <a href=\"http:\/\/www.el-nachbarn.de\/Magazin\/Osnabrueck_-_Dodesheide\/Artikel\/9055\/Stadtteilwanderung_Os_-Gartlage-Dodesheide_mit_dem_VWO\">Stadtteilwanderung in Osnabr\u00fcck-Gartlage-Dodesheide mit dem VWO<\/a><\/p>\n\n\n\n<h3 class=\"wp-block-heading\">Allgemeine Links:<\/h3>\n\n\n\n<p><a href=\"http:\/\/wiki-de.genealogy.net\/Hauptseite\">GenWiki:<\/a> Ein Wiki f\u00fcr Ahnenforscher.<br><br><a href=\"http:\/\/www.fotoerbe.de\/\">Fotoerbe.de<\/a>: In welchen Archiven, Museen, Bibliotheken usw. sind historische Fotografien vorhanden? Hier findet man sie in einer riesigen Datenbank.<br><br><a href=\"http:\/\/www.kirchliche-archive.de\/\">Kirchliche Archive:<\/a> \u00dcbersicht \u00fcber die deutschen Kirchenbucharchive.<br><br><a href=\"http:\/\/christoph.stoepel.net\/geogen\/v3\/\">Geogen<\/a>: Auf dieser Seite kann man Landkarten \u00fcber die Verbreitung von Familiennamen in Deutschland erstellen lassen. Besonders auff\u00e4llige Konzentrationen k\u00f6nnen auf den Ursprungsort des Namens oder der Familie hindeuten.<br><a href=\"http:\/\/www.hbol.de\/\"><br>Heimatbund Osnabr\u00fccker Land:<\/a> Hier gibt es geschichtliches \u00fcber die verschiedenen Orte. Man findet auch viele Adressen und Infos \u00fcber Vereine usw.<br><br><a href=\"http:\/\/www.lwl.org\/westfaelische-geschichte\/portal\/Internet\/haupt.php?urlNeu=\">Internet-Portal &#8222;Westf\u00e4lische Geschichte&#8220;<\/a><br><br><a href=\"http:\/\/www.archive.nrw.de\/\">Internetportal der Archive in Nordrhein-Westfalen<\/a><br><br><a href=\"http:\/\/www.westfalen-adelssitze.de\" target=\"_blank\" rel=\"noreferrer noopener\">Burgen, Schl\u00f6sser und Herrensitze in Westfalen<\/a>: Interessant, wenn man wei\u00df, welchem Herr ein Hof eigenbeh\u00f6rig war.<br><br><a href=\"http:\/\/www.wggf.de\/\">Westf\u00e4lische Gesellschaft f\u00fcr Genealogie und Familienforschung (WGGF)<\/a><\/p>\n<\/div>\n\n\n\n<div class=\"wp-block-column is-layout-flow wp-block-column-is-layout-flow\" style=\"flex-basis:25%\">\n<p><img loading=\"lazy\" decoding=\"async\" src=\"https:\/\/familienforschung-tecklenburger-land.de\/files\/Tecklenburger-Familienforschung\/OSNABRUECK\/Osnabrueck%20Stadt\/Dodesheide\/Dodesheide-Adressbuch-1937-Amselweg.jpg\" alt=\"\" width=\"230\" height=\"410\"><\/p>\n\n\n\n<p>Aus dem Osnabr\u00fccker Adressbuch von 1937<\/p>\n<\/div>\n<\/div>\n\n\n\n<div class=\"wp-block-columns is-layout-flex wp-container-core-columns-is-layout-9d6595d7 wp-block-columns-is-layout-flex\">\n<div class=\"wp-block-column is-layout-flow wp-block-column-is-layout-flow\" style=\"flex-basis:25%\">\n<figure class=\"wp-block-image size-full\"><img loading=\"lazy\" decoding=\"async\" width=\"230\" height=\"160\" src=\"https:\/\/familienforschung-tecklenburger-land.de\/wp-content\/uploads\/2023\/05\/Dodesheide-Gut-Gartlage_01.jpg\" alt=\"\" class=\"wp-image-2558\"\/><\/figure>\n\n\n\n<p>Haus Gartlage<\/p>\n<\/div>\n\n\n\n<div class=\"wp-block-column is-layout-flow wp-block-column-is-layout-flow\" style=\"flex-basis:50%\">\n<h2 class=\"wp-block-heading\" id=\"-Quellen\">Genealogische Quellen<\/h2>\n<\/div>\n\n\n\n<div class=\"wp-block-column is-layout-flow wp-block-column-is-layout-flow\" style=\"flex-basis:25%\">\n<h3 class=\"wp-block-heading\">Archive:<\/h3>\n\n\n\n<p><strong><a href=\"http:\/\/www.bistum-osnabrueck.de\/kultur\/dioezesanarchiv.html\">Di\u00f6zesanarchiv in Osnabr\u00fcck<\/a><\/strong><br>Gro\u00dfe Domsfreiheit 10, 49074 Osnabr\u00fcck<br>Anmeldung erforderlich: Telefon: 0541\/318-416 (Frau <a href=\"mailto:kulturundarchiv@bistum-os.de\">Maria Rehnen<\/a>)<br>\u00d6ffnungszeiten f\u00fcr Familienforschung: mittwochs von 8.00 \u2013 12.30 Uhr und 13.30 bis 18.00 sowie auf Anfrage<\/p>\n\n\n\n<p><strong><a href=\"http:\/\/www.kgverband-meppen.de\/familienforschung.html\">Katholische Familienforschungsstelle in Meppen<\/a><\/strong><br>Haus d. Sozialen Dienste, Domhof 18, 49716 Meppen<br><strong>Anmeldung erforderlich:<\/strong><br>Kath. Propsteigemeinde St. Vitus, Kuhstra\u00dfe 44, 49716 Meppen<br>Telefon: 0 59 31\/1 24 44 \/ Telefax: 0 59 31\/97 03 44, <a href=\"mailto:fam.archive@kgverband-meppen.de\">E-Mail<\/a><br><strong>\u00d6ffnungszeiten f\u00fcr Familienforscher: <\/strong>Do &amp; Fr 8.30 \u2013 12.30 Uhr und 13.30 \u2013 16.00 Uhr<br>sowie an jedem ersten Samstag eines Monats von 8.30 \u2013 12.30 Uhr<br>und an jedem Freitag vor dem ersten Samstag eines Monats von 8.30 \u2013 12.30 Uhr und 13.30 \u2013 18.00 Uhr<\/p>\n\n\n\n<p><strong>Landesarchiv NRW<\/strong><br><strong>Abteilung Ostwestfalen-Lippe<\/strong><br>Willi-Hofmann-Str. 2, 32756 Detmold<br>Telefon: 05231-766-0<br>owl@lav.nrw.de<br><br><strong>LAV Staats- und Personenstandsarchiv Detmold<\/strong><br>Willi-Hofmann-Stra\u00dfe 2, 32756 Detmold<br>Tel.: 05231\/7660<br>www.archive.nrw.de<\/p>\n\n\n\n<p><strong>Vereinigte Westf\u00e4lische Adelsarchive e.V.<\/strong><br>Jahnstr. 26, 48147 M\u00fcnster<br>Tel.: 0251-5913890<br>adelsarchive@lwl.org<\/p>\n\n\n\n<p><strong>Bistumsarchiv M\u00fcnster<\/strong><br>Georgskommende 19, 48143 M\u00fcnster<br>Telefon: 0251\/495-518<br>bistumsarchiv@bistum-muenster.de<br>www.archive.nrw.de<\/p>\n<\/div>\n<\/div>\n\n\n\n<div class=\"wp-block-columns is-layout-flex wp-container-core-columns-is-layout-9d6595d7 wp-block-columns-is-layout-flex\">\n<div class=\"wp-block-column is-layout-flow wp-block-column-is-layout-flow\" style=\"flex-basis:25%\"><\/div>\n\n\n\n<div class=\"wp-block-column is-layout-flow wp-block-column-is-layout-flow\" style=\"flex-basis:50%\">\n<h2 class=\"wp-block-heading\" id=\"-Fundstuecke\">Fundst\u00fccke<\/h2>\n<\/div>\n\n\n\n<div class=\"wp-block-column is-layout-flow wp-block-column-is-layout-flow\" style=\"flex-basis:25%\"><\/div>\n<\/div>\n\n\n\n<div class=\"wp-block-columns is-layout-flex wp-container-core-columns-is-layout-9d6595d7 wp-block-columns-is-layout-flex\">\n<div class=\"wp-block-column is-layout-flow wp-block-column-is-layout-flow\" style=\"flex-basis:25%\"><\/div>\n\n\n\n<div class=\"wp-block-column is-layout-flow wp-block-column-is-layout-flow\" style=\"flex-basis:50%\">\n<h2 class=\"wp-block-heading\" id=\"-Auswanderer\">Auswanderer<\/h2>\n<\/div>\n\n\n\n<div class=\"wp-block-column is-layout-flow wp-block-column-is-layout-flow\" style=\"flex-basis:25%\"><\/div>\n<\/div>\n\n\n\n<div class=\"wp-block-columns is-layout-flex wp-container-core-columns-is-layout-9d6595d7 wp-block-columns-is-layout-flex\">\n<div class=\"wp-block-column is-layout-flow wp-block-column-is-layout-flow\" style=\"flex-basis:25%\"><\/div>\n\n\n\n<div class=\"wp-block-column is-layout-flow wp-block-column-is-layout-flow\" style=\"flex-basis:50%\">\n<h2 class=\"wp-block-heading\" id=\"-Karten\">Karten und Pl\u00e4ne<\/h2>\n\n\n\n<p>\u00dcber die <a href=\"http:\/\/www.osnabrueck.de\/gruenumwelt\/64209.asp\">D\u00fcte mit ihren Nebenb\u00e4chen<\/a> (mit drei detaillierten Karten)<\/p>\n\n\n\n<h6 class=\"wp-block-heading\">Im Staatsarchiv Osnabr\u00fcck:<\/h6>\n\n\n\n<p>K 300 Nr. 23 H Bl. 149: Luftbildaufnahmen aus dem Regierungsbezirk Osnabr\u00fcck. Bl. 1492 Dodesheide&nbsp; (1935 &#8211; 1953)<\/p>\n\n\n\n<p>K 72 Honeburg Nr. 1 H: &#8222;Charte von den privativen Jagdgrenzen des &#8230; adel. Gutes Honeburg&#8220; (Mitte 19. Jh.) An den Grenzen feldrissm\u00e4\u00dfgie Darstellung mit Flurnamen, Wegen und dgl. Drei Nebenzeichnungen (Haster Esch, Oestringer Esch, Dodesheide)<\/p>\n\n\n\n<p>K 72 Rulle Nr. 12 H &amp; 13 H: &#8222;Forstinspektion Palsterkamp. Ruller Klosterforst&#8220;: Betriebskarten (7 Teilzeichnungen), u.a. Dodesheide (1854 &#8211; 1860)<\/p>\n\n\n\n<p>K 72 Schinkel Nr. 2 H: &#8222;Karte Nr. &#8230; von der Schinkler Mark&#8220; &#8211; Teilungskarte (um 1830), u.a. Bl. 1: Dodesheide, Hohestr., Doedeshaus-Masch, Vogelpohl, Hinter den H\u00f6fen, Bl. 2: Dodesheide, Klosterteiche, M\u00f6nkedieksteich<\/p>\n\n\n\n<p>K Akz. 2005\/018 Nr. 5 H: Karte Nr. 1 von der Haster Mark; Reviere: Dodesheide, Vogelpohl und Rosterberg (1831 &#8211; 1833)<\/p>\n\n\n\n<p>K Akz. 52\/1999 Nr. 116 H: Teilung der Haster Mark; Karte Nr. I von der Haster Mark: Reviere Dodesheide, Vogelpohl und Plosterberg (1831 &#8211; 1833)<\/p>\n\n\n\n<p>K Akz. 52\/1999 Nr. 195 H: Teilung von Schinkel: Karte No 1 von der Schinkeler Mark; Reviere: Unter dem Postwege, hinter den H\u00f6fen, Vogelpohl, Hohestra\u00dfe, Dodesheide, Klosterteiche, Dodeshaus, M\u00f6nkedieks und Luurmanns Masch<\/p>\n\n\n\n<p>Karten Osnabr\u00fcck Nr. 52 i Rulle 2 pg: Forstorte Rullehorn, Limberg, Schinkler Zuschlag, Dodesheide und Dodeshaus (1878)<\/p>\n\n\n\n<p>Mappe Nr. 930: Man\u00f6ver vom 21. &#8211; 29. September 1853 in den verschiedensten Gegenden des K\u00f6nigreichs Hannover: u.a. Dodesheide (1853)<\/p>\n<\/div>\n\n\n\n<div class=\"wp-block-column is-layout-flow wp-block-column-is-layout-flow\" style=\"flex-basis:25%\"><\/div>\n<\/div>\n\n\n\n<div class=\"wp-block-columns is-layout-flex wp-container-core-columns-is-layout-9d6595d7 wp-block-columns-is-layout-flex\">\n<div class=\"wp-block-column is-layout-flow wp-block-column-is-layout-flow\" style=\"flex-basis:25%\"><\/div>\n\n\n\n<div class=\"wp-block-column is-layout-flow wp-block-column-is-layout-flow\" style=\"flex-basis:50%\">\n<h2 class=\"wp-block-heading\" id=\"-Literatur\">Literatur<\/h2>\n\n\n\n<p>Wido Spratte: Alt-Osnabr\u00fcck. Bildarchiv fotografischer Aufnahmen bis 1945, Band 3, Seite 265 (Gut Gartlage)<\/p>\n\n\n\n<p>Wido Spratte: Alt-Osnabr\u00fcck. Bildarchiv fotografischer Aufnahmen bis 1945, Band 2, Seite 229 (Gut Gartlage), Seite 234 (Osnabr\u00fccker Kupfer- und Drahtwerk)<\/p>\n\n\n\n<p>Wido Spratte: Alt-Osnabr\u00fcck. Bildarchiv fotografischer Aufnahmen bis 1945, Band 1, Seite 341 (Lange Wand), Seite 349 (Forsthaus vom Gut Gartlage)<\/p>\n\n\n\n<h3 class=\"wp-block-heading\">Heimatjahrbuch Osnabr\u00fcck Stadt und Land<\/h3>\n\n\n\n<p><strong>1977<\/strong>: Steingr\u00e4ber im Nettetal (Hanns-Gerd Rabe), S. 48<\/p>\n\n\n\n<p><strong>1978<\/strong>: Das Schlo\u00df in der Gartlage (Hanns-Gerd Rabe), S. 66<\/p>\n\n\n\n<h3 class=\"wp-block-heading\">Heimatjahrbuch Osnabr\u00fccker Land<\/h3>\n\n\n\n<p><strong>1977<\/strong>: Der Gesellenaufstand auf der Gartlage von 1801 (Prof. Dr. Otto zu Hoene), S. 42<\/p>\n\n\n\n<p><strong>2005<\/strong>: Herrenhaus und Kaffeehaus &#8211; Die Gartlage in Osnabr\u00fcck (Hartmut Peuker), S. 200<\/p>\n<\/div>\n\n\n\n<div class=\"wp-block-column is-layout-flow wp-block-column-is-layout-flow\" style=\"flex-basis:25%\">\n<p><a href=\"https:\/\/familienforschung-tecklenburger-land.de\/files\/Tecklenburger-Familienforschung\/OSNABRUECK\/Osnabrueck%20Stadt\/Dodesheide\/Luftbild-1956.jpg\"><\/a><\/p>\n\n\n\n<figure class=\"wp-block-image size-full\"><img loading=\"lazy\" decoding=\"async\" width=\"392\" height=\"393\" src=\"https:\/\/familienforschung-tecklenburger-land.de\/wp-content\/uploads\/2023\/05\/Luftbild-1956.jpg\" alt=\"\" class=\"wp-image-2559\" srcset=\"https:\/\/familienforschung-tecklenburger-land.de\/wp-content\/uploads\/2023\/05\/Luftbild-1956.jpg 392w, https:\/\/familienforschung-tecklenburger-land.de\/wp-content\/uploads\/2023\/05\/Luftbild-1956-300x300.jpg 300w, https:\/\/familienforschung-tecklenburger-land.de\/wp-content\/uploads\/2023\/05\/Luftbild-1956-150x150.jpg 150w\" sizes=\"auto, (max-width: 392px) 100vw, 392px\" \/><\/figure>\n\n\n\n<p>Luftbild aus den 50er Jahren<\/p>\n\n\n\n<h3 class=\"wp-block-heading\">Osnabr\u00fccker Mitteilungen:<\/h3>\n\n\n\n<p>O. Merx, Der Aufstand der Handwerksgesellen auf den Gartlage bei Osnabr\u00fcck am 13. Juli 1801, Nr. 26, 1901, S. 168<\/p>\n<\/div>\n<\/div>\n\n\n\n<div class=\"wp-block-columns is-layout-flex wp-container-core-columns-is-layout-9d6595d7 wp-block-columns-is-layout-flex\">\n<div class=\"wp-block-column is-layout-flow wp-block-column-is-layout-flow\" style=\"flex-basis:25%\"><\/div>\n\n\n\n<div class=\"wp-block-column is-layout-flow wp-block-column-is-layout-flow\" style=\"flex-basis:50%\">\n<h2 class=\"wp-block-heading\" id=\"-Suchanfragen\">Suchanfragen<\/h2>\n\n\n\n<h3 class=\"wp-block-heading\">M\u00f6chten Sie auch eine Anfrage ver\u00f6ffentlichen?<\/h3>\n\n\n\n<p class=\"has-small-font-size\"><strong>Wenn jemand genealogische Kontakte kn\u00fcpfen m\u00f6chte oder Hilfe bei einem schwierigen Fall ben\u00f6tigt, ver\u00f6ffentlichen wir hier gern eine Anfrage.<\/strong><\/p>\n\n\n\n<p class=\"has-small-font-size\">Hier k\u00f6nnen Sie uns Ihre Suchanfrage \u00fcbermitteln:<\/p>\n\n\n\n<p class=\"has-small-font-size\">Sie k\u00f6nnen uns eine E-Mail mit Ihrer Suchanfrage schicken: <a href=\"mailto:admin@te-gen.de\">admin@te-gen.de<\/a> Bitte tragen Sie in die Mail ein, nach welchen Personen oder Namen Sie suchen, in welchem Ort Sie suchen, wenn Sie m\u00f6chten, Ihren Namen, welche Daten (Geburt, Heirat, Tod, andere) Ihnen vorliegen. Wenigstens ein Zeitraum w\u00e4re gut. Wir werden Ihre Anfrage dann an dieser Stelle ver\u00f6ffentlichen. Bitte beachten Sie, dass dies einige Tage dauern kann. Ihre Anfrage wird automatisch auch an unsere Mailingliste weitergeleitet.<\/p>\n<\/div>\n\n\n\n<div class=\"wp-block-column is-layout-flow wp-block-column-is-layout-flow\" style=\"flex-basis:25%\">\n<p><img loading=\"lazy\" decoding=\"async\" src=\"https:\/\/familienforschung-tecklenburger-land.de\/files\/Tecklenburger-Familienforschung\/OSNABRUECK\/Osnabrueck%20Stadt\/Dodesheide\/Dodesheide-Erloeserkirche01.jpg\" alt=\"\" width=\"230\" height=\"368\"><\/p>\n\n\n\n<p>Die Erl\u00f6serkirche<\/p>\n<\/div>\n<\/div>\n","protected":false},"excerpt":{"rendered":"<p>Zur Geschichte Ende des 16. Jahrhunderts: Bau des Gutes Gartlage Ca. 1675: Das Gut Gartlage wurde an den Hildesheimer Domherrn Nikolaus Eberhard von Snetlage zu Wulften verkauft. 1683: Der Domherr Nikolaus Eberhard von Snetlage zu Wulften schenkte das Gut Gartlage dem Gymnasium Carolinum. 19. Jahrhundert: Das Gut Gartlage diente als Kaffeehaus. 1945: Das Gut Gartlage&#8230;<\/p>\n","protected":false},"author":4,"featured_media":0,"parent":0,"menu_order":29,"comment_status":"closed","ping_status":"closed","template":"","meta":{"_coblocks_attr":"","_coblocks_dimensions":"","_coblocks_responsive_height":"","_coblocks_accordion_ie_support":"","footnotes":""},"class_list":["post-421","page","type-page","status-publish","hentry"],"_links":{"self":[{"href":"https:\/\/familienforschung-tecklenburger-land.de\/index.php?rest_route=\/wp\/v2\/pages\/421","targetHints":{"allow":["GET"]}}],"collection":[{"href":"https:\/\/familienforschung-tecklenburger-land.de\/index.php?rest_route=\/wp\/v2\/pages"}],"about":[{"href":"https:\/\/familienforschung-tecklenburger-land.de\/index.php?rest_route=\/wp\/v2\/types\/page"}],"author":[{"embeddable":true,"href":"https:\/\/familienforschung-tecklenburger-land.de\/index.php?rest_route=\/wp\/v2\/users\/4"}],"replies":[{"embeddable":true,"href":"https:\/\/familienforschung-tecklenburger-land.de\/index.php?rest_route=%2Fwp%2Fv2%2Fcomments&post=421"}],"version-history":[{"count":4,"href":"https:\/\/familienforschung-tecklenburger-land.de\/index.php?rest_route=\/wp\/v2\/pages\/421\/revisions"}],"predecessor-version":[{"id":2560,"href":"https:\/\/familienforschung-tecklenburger-land.de\/index.php?rest_route=\/wp\/v2\/pages\/421\/revisions\/2560"}],"wp:attachment":[{"href":"https:\/\/familienforschung-tecklenburger-land.de\/index.php?rest_route=%2Fwp%2Fv2%2Fmedia&parent=421"}],"curies":[{"name":"wp","href":"https:\/\/api.w.org\/{rel}","templated":true}]}}