{"id":413,"date":"2023-02-26T19:09:03","date_gmt":"2023-02-26T18:09:03","guid":{"rendered":"https:\/\/familienforschung-tecklenburger-land.de\/?page_id=413"},"modified":"2023-05-10T16:14:49","modified_gmt":"2023-05-10T15:14:49","slug":"atter","status":"publish","type":"page","link":"https:\/\/familienforschung-tecklenburger-land.de\/?page_id=413","title":{"rendered":"Atter"},"content":{"rendered":"\n<div class=\"wp-block-columns is-layout-flex wp-container-core-columns-is-layout-9d6595d7 wp-block-columns-is-layout-flex\">\n<div class=\"wp-block-column is-layout-flow wp-block-column-is-layout-flow\" style=\"flex-basis:25%\">\n<h3 class=\"wp-block-heading\">Ausfl\u00fcge in die Geschichte:<\/h3>\n\n\n\n<p id=\"h2_title\"><a href=\"http:\/\/www.heimatkenner.de\/markers\/view\/5029123d-cba4-4273-a93d-74535dbbea27\">Gut Leye<\/a><\/p>\n<\/div>\n\n\n\n<div class=\"wp-block-column is-layout-flow wp-block-column-is-layout-flow\" style=\"flex-basis:50%\">\n<h2 class=\"wp-block-heading\" id=\"-Geschichte\">Zur Geschichte<\/h2>\n\n\n\n<figure class=\"wp-block-image\"><img decoding=\"async\" src=\"https:\/\/familienforschung-tecklenburger-land.de\/files\/Tecklenburger-Familienforschung\/OSNABRUECK\/Osnabrueck%20Stadt\/Atter\/Spaziergang-Atter-4.jpg\" alt=\"\"\/><\/figure>\n\n\n\n<p><strong>26. September 1679:<\/strong> Johann Adolf Graf von Tecklenburg verkaufte das landwirtschaftliche Gebiet \u201eLeye\u201c an den Domkapitular Otto Heinrich von Oer und dessen Bruder Oberst Hermann Philipp von Oer, der Stadtkommandant in Osnabr\u00fcck war.<\/p>\n\n\n\n<p><strong>1680:<\/strong> Hermann Philipp von Oer verkaufte die Leye an Franz Ostman, den geheimen Rat vom F\u00fcrstbischof in Osnabr\u00fcck und Vizekanzler.<\/p>\n\n\n\n<p><strong>1703:<\/strong> Franz Ostman baute auf Leye das Herrenhaus.<\/p>\n\n\n\n<p><strong>1913:<\/strong> Anlegung des Atter Friedhofs im Leyer Holz<\/p>\n\n\n\n<p><strong>1945\/46:<\/strong> Besetzung des Gutes Leye durch britische Truppen<\/p>\n\n\n\n<p><strong>1955:<\/strong> Gr\u00fcndung des Flugplatzes Atterheide<\/p>\n\n\n\n<p><strong>1972:<\/strong> Eingemeindung nach Osnabr\u00fcck<\/p>\n\n\n\n<p><strong>2008:<\/strong> Atter hatte 4135 Einwohner. Aufgabe der Quebec Barracks (Kasernen, die von den Engl\u00e4ndern genutzt wurden)<\/p>\n<\/div>\n\n\n\n<div class=\"wp-block-column is-layout-flow wp-block-column-is-layout-flow\" style=\"flex-basis:25%\">\n<p><img loading=\"lazy\" decoding=\"async\" src=\"https:\/\/familienforschung-tecklenburger-land.de\/files\/Tecklenburger-Familienforschung\/OSNABRUECK\/Osnabrueck%20Stadt\/Atter\/Lage-Atters-OS.jpg\" alt=\"\" width=\"230\" height=\"180\"><\/p>\n\n\n\n<p>Die Lage Atters in Osnabr\u00fcck<\/p>\n\n\n\n<figure class=\"wp-block-image size-full\"><img loading=\"lazy\" decoding=\"async\" width=\"729\" height=\"647\" src=\"https:\/\/familienforschung-tecklenburger-land.de\/wp-content\/uploads\/2023\/05\/Atter-Grenzen-OS.jpg\" alt=\"\" class=\"wp-image-2555\" srcset=\"https:\/\/familienforschung-tecklenburger-land.de\/wp-content\/uploads\/2023\/05\/Atter-Grenzen-OS.jpg 729w, https:\/\/familienforschung-tecklenburger-land.de\/wp-content\/uploads\/2023\/05\/Atter-Grenzen-OS-300x266.jpg 300w\" sizes=\"auto, (max-width: 729px) 100vw, 729px\" \/><\/figure>\n<\/div>\n<\/div>\n\n\n\n<div class=\"wp-block-columns is-layout-flex wp-container-core-columns-is-layout-9d6595d7 wp-block-columns-is-layout-flex\">\n<div class=\"wp-block-column is-layout-flow wp-block-column-is-layout-flow\" style=\"flex-basis:25%\"><\/div>\n\n\n\n<div class=\"wp-block-column is-layout-flow wp-block-column-is-layout-flow\" style=\"flex-basis:50%\">\n<h2 class=\"wp-block-heading\" id=\"-Weblinks\">Weblinks<\/h2>\n\n\n\n<p><a href=\"http:\/\/www.schuetzenverein-atter.de\/index.php?option=com_content&amp;view=article&amp;id=58&amp;Itemid=61\">Sch\u00fctzenverein Atter von 1854 e.V.<\/a><\/p>\n\n\n\n<p><a href=\"http:\/\/wellmann-baeckerei.de\/unternehmenskultur\/familientradition-fortschritt\/\">B\u00e4ckerei Wellmann<\/a><\/p>\n\n\n\n<p><a href=\"http:\/\/de.wikipedia.org\/wiki\/Atter\">Wikipedia-Artikel \u00fcber Atter<\/a><\/p>\n\n\n\n<p><a href=\"http:\/\/de.wikipedia.org\/wiki\/Gut_Leye\">Wikipedia-Artikel \u00fcberdas Gut Leye<\/a><\/p>\n\n\n\n<p><a href=\"http:\/\/de.wikipedia.org\/wiki\/Ostman_von_der_Leye\">Wikipedia-Artikel \u00fcber die Familie Ostman von der Leye<\/a><\/p>\n\n\n\n<p><a href=\"http:\/\/forum.ahnenforschung.net\/showthread.php?p=640781\">Beitrag im Forum Ahnenforschung.net \u00fcber Meyer zu Atter<\/a><\/p>\n\n\n\n<h3 class=\"wp-block-heading\">Allgemeine Links:<\/h3>\n\n\n\n<p><a href=\"http:\/\/wiki-de.genealogy.net\/Hauptseite\">GenWiki:<\/a> Ein Wiki f\u00fcr Ahnenforscher.<br><br><a href=\"http:\/\/www.fotoerbe.de\/\">Fotoerbe.de<\/a>: In welchen Archiven, Museen, Bibliotheken usw. sind historische Fotografien vorhanden? Hier findet man sie in einer riesigen Datenbank.<br><br><a href=\"http:\/\/www.kirchliche-archive.de\/\">Kirchliche Archive:<\/a> \u00dcbersicht \u00fcber die deutschen Kirchenbucharchive.<br><br><a href=\"http:\/\/christoph.stoepel.net\/geogen\/v3\/\">Geogen<\/a>: Auf dieser Seite kann man Landkarten \u00fcber die Verbreitung von Familiennamen in Deutschland erstellen lassen. Besonders auff\u00e4llige Konzentrationen k\u00f6nnen auf den Ursprungsort des Namens oder der Familie hindeuten.<br><a href=\"http:\/\/www.hbol.de\/\"><br>Heimatbund Osnabr\u00fccker Land:<\/a> Hier gibt es geschichtliches \u00fcber die verschiedenen Orte. Man findet auch viele Adressen und Infos \u00fcber Vereine usw.<br><br><a href=\"http:\/\/www.lwl.org\/westfaelische-geschichte\/portal\/Internet\/haupt.php?urlNeu=\">Internet-Portal &#8222;Westf\u00e4lische Geschichte&#8220;<\/a><br><br><a href=\"http:\/\/www.archive.nrw.de\/\">Internetportal der Archive in Nordrhein-Westfalen<\/a><br><br><a href=\"http:\/\/www.westfalen-adelssitze.de\" target=\"_blank\" rel=\"noreferrer noopener\">Burgen, Schl\u00f6sser und Herrensitze in Westfalen<\/a>: Interessant, wenn man wei\u00df, welchem Herr ein Hof eigenbeh\u00f6rig war.<br><br><a href=\"http:\/\/www.wggf.de\/\">Westf\u00e4lische Gesellschaft f\u00fcr Genealogie und Familienforschung (WGGF)<\/a><\/p>\n<\/div>\n\n\n\n<div class=\"wp-block-column is-layout-flow wp-block-column-is-layout-flow\" style=\"flex-basis:25%\">\n<p><img loading=\"lazy\" decoding=\"async\" src=\"https:\/\/familienforschung-tecklenburger-land.de\/files\/Tecklenburger-Familienforschung\/OSNABRUECK\/Osnabrueck%20Stadt\/Atter\/Atter-Bahnhofstr.jpg\" alt=\"\" width=\"230\" height=\"204\"><\/p>\n\n\n\n<p>An der Bahnhofstra\u00dfe<\/p>\n\n\n\n<p><img loading=\"lazy\" decoding=\"async\" src=\"https:\/\/familienforschung-tecklenburger-land.de\/files\/Tecklenburger-Familienforschung\/OSNABRUECK\/Osnabrueck%20Stadt\/Atter\/Atter-ehemalige-Muehle.jpg\" alt=\"\" width=\"230\" height=\"242\"><\/p>\n\n\n\n<p>Ehemalige M\u00fchle<\/p>\n<\/div>\n<\/div>\n\n\n\n<div class=\"wp-block-columns is-layout-flex wp-container-core-columns-is-layout-9d6595d7 wp-block-columns-is-layout-flex\">\n<div class=\"wp-block-column is-layout-flow wp-block-column-is-layout-flow\" style=\"flex-basis:25%\"><\/div>\n\n\n\n<div class=\"wp-block-column is-layout-flow wp-block-column-is-layout-flow\" style=\"flex-basis:50%\">\n<h2 class=\"wp-block-heading\" id=\"-Quellen\">Genealogische Quellen<\/h2>\n\n\n\n<h3 class=\"wp-block-heading\">Staatsarchiv Osnabr\u00fcck:<\/h3>\n\n\n\n<p>Dep 130 Akz. 2011\/105 Nr. 12: Verzeichnis der Gemeindeglieder aus verschiedenen Jahren Enth\u00e4lt u.a.: Atter (1889 &#8211; 1957)<\/p>\n\n\n\n<p>Dep 3 b IV Nr. 5265: Teilung der Atter Mark (1830 &#8211; 1831)<\/p>\n\n\n\n<p>Rep 350 Osn Nr. 1889: Zwischen den Eingesessenen von Atter und dem Kirchspiel Wersen wegen der rechtswidrig angelegten Zuschl\u00e4ge entstandene Differenzen (1817 &#8211; 1818)<\/p>\n\n\n\n<p>Rep 956 II Nr. 377: Hypothekenbuch mit alphabetischem Register der Hypothekenbesteller der Gemeinde Atter (1828 &#8211; 1865)<\/p>\n\n\n\n<p>Rep 956 II Nr. 473: Hypothekenbuch f\u00fcr Hausbesitzer des Land-Kirchspiels St. Marien Gemeinden Atter, Gaste, Hellern (1866 &#8211; 1884)<\/p>\n\n\n\n<p>Rep 956 II Nr. 474: Hypothekenbuch f\u00fcr Nicht-Hausbesitzer des Land-Kirchspiels St. Marien Gemeinden Atter, Gaste, Hellern (1866 &#8211; 1884)<\/p>\n\n\n\n<h3 class=\"wp-block-heading\">Karten und Pl\u00e4ne im Staatsarchiv Osnabr\u00fcck:<\/h3>\n\n\n\n<p>K 100 Nr. 1 H (R) IV: Landesaufnahme des F\u00fcrstbistums Osnabr\u00fcck; Kirchspiel: St. Marien, Feldmark: Atter, Ortschaften: Atter, Leye (1784 &#8211; 1790)<\/p>\n\n\n\n<p>K 103 Nr. 2 H: Charte von der streitigen Grenze zwischen dem Hochstifte und F\u00fcrstenthume Osnabr\u00fcck und den Grafschaften Tekelnburg und Lingen; Bl. 3 = &#8222;Lit. C&#8220; Von der Hase bis zu H\u00fcrl\u00e4nders Kotten in Linen. (K 72 Atter Nr. 7 H) (1778 &#8211; 1782)<\/p>\n\n\n\n<p>K 300 Nr. 1 M: Topographische Karte der Landdrostei Osnabr\u00fcck; Bl. 37: Atter (1834 &#8211; 1852)<\/p>\n\n\n\n<p>K Akz. 52\/1999 Nr. 88 H: Teilung der von der westseits der D\u00fcte belegenen ATTER Markweichung oder dem sogenannten Atterschen Felde und der Escherheide; Karte von der westseits der D\u00fcthe belegenen Weisung der Atter Mark, das Attersche Feld und die Eschers Haide enthaltend (1856 &#8211; 1858)<\/p>\n\n\n\n<p>K Akz. 52\/1999 Nr. 91 H: Teilung des mehreren Kolonen zu ATTER geh\u00f6renden Weidegrundes; Karte der dem Kolonen Holthaus und Genossen zu Atter sowie den Kolonen Kolkmeyer und Pohlkotte zu Hellern (1856 &#8211; 1858)<\/p>\n\n\n\n<p>K Akz. 52\/1999 Nr. 122 H &amp; 130 H: Teilung der ATTER Mark; Karte Nr. II von der ostteils des D\u00fctheflusses belegenen Weisung der Atter Mark, Reviere: H\u00fcgel, Hollr\u00fcschen, Aufm Saale, Lappwiese, Vorm Haidkampe bei der Schule (1829 &#8211; 1831)<\/p>\n\n\n\n<p>K Akz. 52\/1999 Nr. 147 H &amp; 148 H: Teilung der ATTER Mark; Karte Nr. 1 von der ostseits des D\u00fcteflusses belegenen Weisung der Atter Mark, Reviere: Schevenriede, auf&#8217;m Portwege, an den Moork\u00e4mpen, Kleeriede, gro\u00dfe und kleine Moor, die Stroht, Externburg, gro\u00dfe Haide, Broxtriede, K\u00fcnningkuhle (1829 &#8211; 1831)<\/p>\n<\/div>\n\n\n\n<div class=\"wp-block-column is-layout-flow wp-block-column-is-layout-flow\" style=\"flex-basis:25%\">\n<h3 class=\"wp-block-heading\">Archive:<\/h3>\n\n\n\n<p><strong><a href=\"http:\/\/www.bistum-osnabrueck.de\/kultur\/dioezesanarchiv.html\">Di\u00f6zesanarchiv in Osnabr\u00fcck<\/a><\/strong><br>Gro\u00dfe Domsfreiheit 10<br>49074 Osnabr\u00fcck<br>Anmeldung erforderlich:<br>Telefon: 0541\/318-416<br>(<a href=\"mailto:kulturundarchiv@bistum-os.de\">Maria Rehnen<\/a>)<br>\u00d6ffnungszeiten f\u00fcr Familienforschung: mittwochs von 8.00 \u2013 12.30 Uhr und 13.30 bis 18.00 sowie auf Anfrage<br><br><a href=\"http:\/\/www.kirchenkreis-osnabrueck.de\/kirchenkreis\/kirchenamt.html\">Ev.-luth. Kirchenbuchamt Osnabr\u00fcck<\/a><br>Eversburger Str. 32<br>49090 Osnabr\u00fcck<br>Anmeldung erforderlich:<br><a href=\"mailto:linda.klingspohn@evlka.de\">Linda Klingspohn<\/a><br>T: 0541 \/ 94049-435<br>Das Kirchenbuchamt ist Di u. Do von 8:30 Uhr bis 13:30 Uhr ge\u00f6ffnet.<br><br>Die <strong>Standesamtsregister<\/strong><em>(ab 1874 &#8211; gesch\u00fctzt sind die Geburtsregister der letzten 110 Jahre, Heiratsregister der letzten 80 Jahre und Sterberegister der letzten 30 Jahre)<\/em> finden Sie im <a href=\"http:\/\/www.nla.niedersachsen.de\/landesarchiv\/gliederung\/standort_osnabrueck\/standort-osnabrueck-85969.html\" target=\"_blank\" rel=\"noreferrer noopener\">Staatsarchiv Osnabr\u00fcck<\/a>, Schlo\u00dfstr.29, 49074 Osnabr\u00fcck,<br>Tel.: 0541\/33162-0.<br><br><strong><a href=\"http:\/\/www.kgverband-meppen.de\/familienforschung.html\">Katholische Familienforschungsstelle in Meppen<\/a><\/strong><br>Haus d. Sozialen Dienste, Domhof 18, 49716 Meppen<br><strong>Anmeldung erforderlich:<\/strong><br>Kath. Propsteigemeinde St. Vitus, Kuhstra\u00dfe 44, 49716 Meppen<br>Telefon: 0 59 31\/1 24 44 \/ Telefax: 0 59 31\/97 03 44, <a href=\"mailto:fam.archive@kgverband-meppen.de\">E-Mail<\/a><br><strong>\u00d6ffnungszeiten f\u00fcr Familienforscher: <\/strong>Do &amp; Fr 8.30 \u2013 12.30 Uhr und 13.30 \u2013 16.00 Uhr<br>sowie an jedem ersten Samstag eines Monats von 8.30 \u2013 12.30 Uhr<br>und an jedem Freitag vor dem ersten Samstag eines Monats von 8.30 \u2013 12.30 Uhr und 13.30 \u2013 18.00 Uhr<br><br><strong>LAV Staats- und Personenstandsarchiv Detmold<\/strong><br>Willi-Hofmann-Stra\u00dfe 2, 32756 Detmold<br>Tel.: 05231\/7660<br>www.archive.nrw.de<br><br><strong>Vereinigte Westf\u00e4lische Adelsarchive e.V.<\/strong><br>Jahnstr. 26, 48147 M\u00fcnster<br>Tel.: 0251-5913890<br>adelsarchive@lwl.org<\/p>\n<\/div>\n<\/div>\n\n\n\n<div class=\"wp-block-columns is-layout-flex wp-container-core-columns-is-layout-9d6595d7 wp-block-columns-is-layout-flex\">\n<div class=\"wp-block-column is-layout-flow wp-block-column-is-layout-flow\" style=\"flex-basis:25%\"><\/div>\n\n\n\n<div class=\"wp-block-column is-layout-flow wp-block-column-is-layout-flow\" style=\"flex-basis:50%\">\n<h2 class=\"wp-block-heading\" id=\"-Fundstuecke\">Fundst\u00fccke<\/h2>\n\n\n\n<h3 class=\"wp-block-heading\">Staatsarchiv Osnabr\u00fcck:<\/h3>\n\n\n\n<p>Dep 3 b IV Nr. 5554: He\u00dfelmeyer zu Atter, gen. (1707 &#8211; 1858)<\/p>\n\n\n\n<p>Dep 3 b IV Nr. 6220: Verkauf der Atterschen Markengr\u00fcnde in der Stroth von den Kolonen Holthaus, Kalkmann, L\u00fcrmann, Hesselmeyer zu Atter (1856 &#8211; 1870)<\/p>\n\n\n\n<p>Dep 3 b IV Nr. 6285: Ankauf von Land am Atterschen Wege von der Witwe des Oberkirchenrats Weber geb. Buch (1855 &#8211; 1866)<\/p>\n\n\n\n<p>Dep 3 b IV Nr. 6294: Ankauf eines Morgens Land am Atterschen Wege von dem Backamtsmeister H. Westerkamp (1856 &#8211; 1874)<\/p>\n\n\n\n<p>Dep 3 b IV Nr. 6295: Aquisition der Ausschachtungen in den Atterschen Markenteilen von L\u00fcrmann, Kalkmann und Hetlage in Betreff Besteinung der Rampen an der Landwehr (1856 &#8211; 1876)<\/p>\n\n\n\n<p>Dep 3 b IV Nr. 6300: Ankauf der Niemanschen Erbpacht zu Atter (1857 &#8211; 1878)<\/p>\n\n\n\n<p>Dep 3 b VI Nr. 233: Christine Marie Wilhelmine Kassling von Atter .\/. Friedrich Minnig von Icker, wegen Eheversprechens (1846 &#8211; 1856)<\/p>\n\n\n\n<p>Dep 3 b VI Nr. 266: Catharine Elisabeth Meyer, Atter .\/. Anton Wessel, wegen Eheversprechens und Schw\u00e4ngerung (1822 &#8211; 1830)<\/p>\n\n\n\n<p>Rep 335 Nr. 4967: Marken im Amtsbezirk Hasel\u00fcnne und deren Nutzung; u.a. Beschwerde der Kolonen K\u00e4mpken, Torm\u00f6hlen und Ahlert der Bauerschaft Atter gegen die Interessenten der Lotter Mark in der Grafschaft Tecklenburg \u00fcber die Einschr\u00e4nkung des Weiderechts in der Lotter Mark (1810 &#8211; 1841)<\/p>\n\n\n\n<p>Rep 350 Gr\u00f6 Nr. 2109: Heranziehung der Dom\u00e4nenkammer zu den Kommunallasten der Stadt Melle Enth\u00e4lt: auch: Abl\u00f6sungsrezesse f\u00fcr die Kolonen Heckmann zu Natbergen und Holthaus zu Atter 1855\/56 (1855 &#8211; 1869)<\/p>\n\n\n\n<p>Rep 350 Osn Nr. 1589: Stauanlage des Kolon Meyer zu H\u00fcningen zu Atter (1876 &#8211; 1877)<\/p>\n\n\n\n<p>Rep 350 Osn Nr. 1890: Spezialteilung der den Kolonen Holthaus, Hesselmeyer und Kalkmann, resp. den Neubauer Schmied Greiwe zu Atter gemeinschaftlich geh\u00f6renden, in der Atter Feldmark belegenen Weidereviere, als der Fang, das Atter\u00b4sche Kalkbruch, der Kalkschoppen und die Sutheide, sowie des den Kolonen Kolkmeyer und Pahlkotte zu Hellern zustehenden Anteils des in der Hellerner Mark belegenen Kalkbruchs (1826 &#8211; 1839)<\/p>\n\n\n\n<p>Rep 350 Osn Nr. 1891: Von Seiten des Kolon Meyer zu Hettlage als Genosse der Atter\u00b4schen Mark ausgetragene Teilung eines von der Nordseite des D\u00fcteflusses belegenen Markendistrikts (1828 &#8211; 1845)<\/p>\n\n\n\n<p>Rep 350 Osn Nr. 2039: Abl\u00f6sungssache Kolkmeyer, Atter .\/. Wilhelm Feldmann, Hellern (1888 &#8211; 1890)<\/p>\n\n\n\n<p>Rep 925 Nr. 209: Kolon L\u00fchrmann zu Atter .\/. Frau Bergerhoff zu Atter wegen Wegegerechtsamen (1860 &#8211; 1861)<\/p>\n<\/div>\n\n\n\n<div class=\"wp-block-column is-layout-flow wp-block-column-is-layout-flow\" style=\"flex-basis:25%\">\n<h3 class=\"wp-block-heading\">Aus dem Osnabr\u00fccker Adressbuch von 1868:<\/h3>\n\n\n\n<figure class=\"wp-block-image\"><img decoding=\"async\" src=\"https:\/\/familienforschung-tecklenburger-land.de\/files\/Tecklenburger-Familienforschung\/OSNABRUECK\/OS-Haeuserverzeichnis-1868.jpg\" alt=\"\"\/><\/figure>\n\n\n\n<figure class=\"wp-block-image\"><img decoding=\"async\" src=\"https:\/\/familienforschung-tecklenburger-land.de\/files\/Tecklenburger-Familienforschung\/OSNABRUECK\/Osnabrueck%20Stadt\/Atter\/Atter_OS-Haeuserverzeichnis-1868.jpg\" alt=\"\"\/><\/figure>\n<\/div>\n<\/div>\n\n\n\n<div class=\"wp-block-columns is-layout-flex wp-container-core-columns-is-layout-9d6595d7 wp-block-columns-is-layout-flex\">\n<div class=\"wp-block-column is-layout-flow wp-block-column-is-layout-flow\" style=\"flex-basis:25%\"><\/div>\n\n\n\n<div class=\"wp-block-column is-layout-flow wp-block-column-is-layout-flow\" style=\"flex-basis:50%\">\n<h2 class=\"wp-block-heading\" id=\"-Auswanderer\">Auswanderer<\/h2>\n<\/div>\n\n\n\n<div class=\"wp-block-column is-layout-flow wp-block-column-is-layout-flow\" style=\"flex-basis:25%\"><\/div>\n<\/div>\n\n\n\n<div class=\"wp-block-columns is-layout-flex wp-container-core-columns-is-layout-9d6595d7 wp-block-columns-is-layout-flex\">\n<div class=\"wp-block-column is-layout-flow wp-block-column-is-layout-flow\" style=\"flex-basis:25%\"><\/div>\n\n\n\n<div class=\"wp-block-column is-layout-flow wp-block-column-is-layout-flow\" style=\"flex-basis:50%\">\n<h2 class=\"wp-block-heading\" id=\"-Karten\">Karten und Pl\u00e4ne<\/h2>\n<\/div>\n\n\n\n<div class=\"wp-block-column is-layout-flow wp-block-column-is-layout-flow\" style=\"flex-basis:25%\"><\/div>\n<\/div>\n\n\n\n<div class=\"wp-block-columns is-layout-flex wp-container-core-columns-is-layout-9d6595d7 wp-block-columns-is-layout-flex\">\n<div class=\"wp-block-column is-layout-flow wp-block-column-is-layout-flow\" style=\"flex-basis:25%\"><\/div>\n\n\n\n<div class=\"wp-block-column is-layout-flow wp-block-column-is-layout-flow\" style=\"flex-basis:50%\">\n<h2 class=\"wp-block-heading\" id=\"-Literatur\">Literatur<\/h2>\n\n\n\n<p>150 Jahre Sch\u00fctzenfest Osnabr\u00fcck Atter 1854 &#8211; 2004<\/p>\n\n\n\n<p>Spratte, Wido: Alt-Osnabr\u00fcck. Bildarchiv fotografischer Aufnahmen bis 1945 &#8211; Band 2, Seite 362<\/p>\n\n\n\n<p>Spratte, Wido: Alt-Osnabr\u00fcck. Bildarchiv fotografischer Aufnahmen bis 1945 &#8211; Band 3, Seite 360<\/p>\n\n\n\n<p>Wolfgang Caesar: Vom armen Heuerling bis zum Superintendenten. Die Vorfahren des Theologen Martin Niem\u00f6ller. S. 612-631. In: <a href=\"http:\/\/www.genealogie-zeitschriften.de\/genealogie-frueher-familie-und-volk\/einzelne-hefte\/genealogie-heft-4-2015.php\">Genealogie, Heft 4 (2015)<\/a><\/p>\n\n\n\n<h3 class=\"wp-block-heading\">Heimatjahrbuch Osnabr\u00fcck Stadt und Land<\/h3>\n\n\n\n<p><strong>1986:<\/strong> Kriegsgefangenenlager Netter Heide (Georg Kruezmann), S. 104<\/p>\n\n\n\n<p><strong>1983<\/strong>: Die Atterheide mit der damaligen Sch\u00e4ferromantik (Wilhelm Eggert), S. 52<\/p>\n\n\n\n<h3 class=\"wp-block-heading\">In: Heimatjahrbuch Osnabr\u00fccker Land<\/h3>\n\n\n\n<p>1995: Flugplatz Netter Heide &#8211; Osnabr\u00fccks 1 . Verkehrsflugplatz (Martin Frauenheim), S. 117<\/p>\n\n\n\n<p>1999: Auf dem Flugplatz Atterheide! (Berhard Feige), S. 26<\/p>\n<\/div>\n\n\n\n<div class=\"wp-block-column is-layout-flow wp-block-column-is-layout-flow\" style=\"flex-basis:25%\">\n<p><img loading=\"lazy\" decoding=\"async\" src=\"https:\/\/familienforschung-tecklenburger-land.de\/files\/Tecklenburger-Familienforschung\/OSNABRUECK\/Osnabrueck%20Stadt\/Atter\/Atter-Kapelle-Gut-Leye.jpg\" alt=\"\" width=\"230\" height=\"309\"><\/p>\n\n\n\n<p>Kapelle am Gut Leye<\/p>\n<\/div>\n<\/div>\n\n\n\n<div class=\"wp-block-columns is-layout-flex wp-container-core-columns-is-layout-9d6595d7 wp-block-columns-is-layout-flex\">\n<div class=\"wp-block-column is-layout-flow wp-block-column-is-layout-flow\" style=\"flex-basis:25%\"><\/div>\n\n\n\n<div class=\"wp-block-column is-layout-flow wp-block-column-is-layout-flow\" style=\"flex-basis:50%\">\n<h2 class=\"wp-block-heading\" id=\"-Suchanfragen\">Suchanfragen<\/h2>\n\n\n\n<h3 class=\"wp-block-heading\">M\u00f6chten Sie auch eine Anfrage ver\u00f6ffentlichen?<\/h3>\n\n\n\n<p class=\"has-small-font-size\"><strong>Wenn jemand genealogische Kontakte kn\u00fcpfen m\u00f6chte oder Hilfe bei einem schwierigen Fall ben\u00f6tigt, ver\u00f6ffentlichen wir hier gern eine Anfrage.<\/strong><\/p>\n\n\n\n<p class=\"has-small-font-size\">Hier k\u00f6nnen Sie uns Ihre Suchanfrage \u00fcbermitteln:<\/p>\n\n\n\n<p class=\"has-small-font-size\">Sie k\u00f6nnen uns eine E-Mail mit Ihrer Suchanfrage schicken: <a href=\"mailto:admin@te-gen.de\">admin@te-gen.de<\/a> Bitte tragen Sie in die Mail ein, nach welchen Personen oder Namen Sie suchen, in welchem Ort Sie suchen, wenn Sie m\u00f6chten, Ihren Namen, welche Daten (Geburt, Heirat, Tod, andere) Ihnen vorliegen. Wenigstens ein Zeitraum w\u00e4re gut. Wir werden Ihre Anfrage dann an dieser Stelle ver\u00f6ffentlichen. Bitte beachten Sie, dass dies einige Tage dauern kann. Ihre Anfrage wird automatisch auch an unsere Mailingliste weitergeleitet.<\/p>\n<\/div>\n\n\n\n<div class=\"wp-block-column is-layout-flow wp-block-column-is-layout-flow\" style=\"flex-basis:25%\">\n<p><img loading=\"lazy\" decoding=\"async\" src=\"https:\/\/familienforschung-tecklenburger-land.de\/files\/Tecklenburger-Familienforschung\/OSNABRUECK\/Osnabrueck%20Stadt\/Atter\/Atter-Gut-Leye.jpg\" alt=\"\" width=\"230\" height=\"186\"><\/p>\n\n\n\n<p>Gut Leye<\/p>\n\n\n\n<h3 class=\"wp-block-heading\">Geist &amp; Kleinm\u00fcller<\/h3>\n\n\n\n<p>Wir suchen Johann Heinrich GEIST, geboren 1808 in Hellern. Er wanderte 1854 mit seiner Familie nach Nordamerika aus. Seine Ehefrau war Sophia Maria Elizabeth KLEINMUELLER, geboren 1820. Die 5 Kinder wurden in Hellern 1838 &#8211; 1851 geboren. Wir moechten vor allem verifizieren, dass Johann Heinrich GEIST tatsaechlich 1808 in Hellern geboren wurde &#8211; und falls sich dies bestaetigt, mehr ueber diese Familie recherchieren. Wir sind fuer jede Hilfe dankbar. Herzlichen Dank &amp; Viele Gruesse, Ute Mehlhorn (email: <a href=\"mailto:ute@tgac-us.com\">ute@tgac-us.com<\/a>)<\/p>\n<\/div>\n<\/div>\n","protected":false},"excerpt":{"rendered":"<p>Ausfl\u00fcge in die Geschichte: Gut Leye Zur Geschichte 26. September 1679: Johann Adolf Graf von Tecklenburg verkaufte das landwirtschaftliche Gebiet \u201eLeye\u201c an den Domkapitular Otto Heinrich von Oer und dessen Bruder Oberst Hermann Philipp von Oer, der Stadtkommandant in Osnabr\u00fcck war. 1680: Hermann Philipp von Oer verkaufte die Leye an Franz Ostman, den geheimen Rat&#8230;<\/p>\n","protected":false},"author":4,"featured_media":0,"parent":0,"menu_order":28,"comment_status":"closed","ping_status":"closed","template":"","meta":{"_coblocks_attr":"","_coblocks_dimensions":"","_coblocks_responsive_height":"","_coblocks_accordion_ie_support":"","footnotes":""},"class_list":["post-413","page","type-page","status-publish","hentry"],"_links":{"self":[{"href":"https:\/\/familienforschung-tecklenburger-land.de\/index.php?rest_route=\/wp\/v2\/pages\/413","targetHints":{"allow":["GET"]}}],"collection":[{"href":"https:\/\/familienforschung-tecklenburger-land.de\/index.php?rest_route=\/wp\/v2\/pages"}],"about":[{"href":"https:\/\/familienforschung-tecklenburger-land.de\/index.php?rest_route=\/wp\/v2\/types\/page"}],"author":[{"embeddable":true,"href":"https:\/\/familienforschung-tecklenburger-land.de\/index.php?rest_route=\/wp\/v2\/users\/4"}],"replies":[{"embeddable":true,"href":"https:\/\/familienforschung-tecklenburger-land.de\/index.php?rest_route=%2Fwp%2Fv2%2Fcomments&post=413"}],"version-history":[{"count":4,"href":"https:\/\/familienforschung-tecklenburger-land.de\/index.php?rest_route=\/wp\/v2\/pages\/413\/revisions"}],"predecessor-version":[{"id":2556,"href":"https:\/\/familienforschung-tecklenburger-land.de\/index.php?rest_route=\/wp\/v2\/pages\/413\/revisions\/2556"}],"wp:attachment":[{"href":"https:\/\/familienforschung-tecklenburger-land.de\/index.php?rest_route=%2Fwp%2Fv2%2Fmedia&parent=413"}],"curies":[{"name":"wp","href":"https:\/\/api.w.org\/{rel}","templated":true}]}}