{"id":383,"date":"2023-02-26T19:06:56","date_gmt":"2023-02-26T18:06:56","guid":{"rendered":"https:\/\/familienforschung-tecklenburger-land.de\/?page_id=383"},"modified":"2023-05-31T08:42:41","modified_gmt":"2023-05-31T07:42:41","slug":"osnabrueck-sued","status":"publish","type":"page","link":"https:\/\/familienforschung-tecklenburger-land.de\/?page_id=383","title":{"rendered":"Osnabr\u00fcck S\u00fcd"},"content":{"rendered":"\n<div class=\"wp-block-columns is-layout-flex wp-container-core-columns-is-layout-9d6595d7 wp-block-columns-is-layout-flex\">\n<div class=\"wp-block-column is-layout-flow wp-block-column-is-layout-flow\" style=\"flex-basis:25%\">\n<h3 class=\"wp-block-heading\">Ausfl\u00fcge in die Geschichte:<\/h3>\n\n\n\n<p class=\"has-small-font-size\"><a href=\"http:\/\/www.osnabruecker-land.de\/staticsite\/staticsite.php?menuid=119&amp;topmenu=3\">Die Nieders\u00e4chsische M\u00fchlen-Tour<\/a>: an der 365 km langen Strecke liegen historische M\u00fchlen.<\/p>\n\n\n\n<p class=\"has-small-font-size\"><a href=\"http:\/\/www.osnabruecker-land.de\/staticsite\/staticsite.php?menuid=125&amp;topmenu=3\">Die Schl\u00f6sser-Tour<\/a>: f\u00fchrt durch das \u00f6stliche Osnabr\u00fccker Land<\/p>\n\n\n\n<p class=\"has-small-font-size\"><a href=\"http:\/\/www.osnabruecker-land.de\/staticsite\/staticsite.php?menuid=130&amp;topmenu=3\">Die Friedensroute Osnabr\u00fcck-M\u00fcnster<\/a>: mit dem Fahrrad auf historischen Reiterpfaden<\/p>\n\n\n\n<p class=\"has-small-font-size\"><a href=\"http:\/\/www.osnabruecker-land.de\/staticsite\/staticsite.php?menuid=208&amp;topmenu=3\">Die Grenzg\u00e4ngerroute<\/a>: man passiert Kreis- und Gemeindegrenzen, Konfessionsgrenzen, Landesgrenzen.<\/p>\n\n\n\n<p class=\"has-small-font-size\"><a href=\"http:\/\/www.osnabruecker-land.de\/staticsite\/staticsite.php?menuid=144&amp;topmenu=3\">Der H\u00fcnenweg<\/a>: 208 km entlang vieler Megalithgr\u00e4ber<\/p>\n\n\n\n<p class=\"has-small-font-size\"><a href=\"http:\/\/www.osnabruecker-land.de\/staticsite\/staticsite.php?menuid=145&amp;topmenu=3\">Der M\u00fchlenweg<\/a>: durch Wersen, Engter, Venne, Ostercappeln, Vehrte, Belm, Rulle, Lechtingen, Wallenhorst und Hollage.<\/p>\n\n\n\n<p class=\"has-small-font-size\"><a href=\"http:\/\/www.handelsweg.com\/\">Der Handelsweg<\/a>: Wandern im deutsch-niederl\u00e4ndischen Grenzgebiet, von Osnabr\u00fcck nach Deventer auf den Spuren reisender H\u00e4ndler.<\/p>\n\n\n\n<p class=\"has-small-font-size\">Historische Eisenbahnfahrten mit dem <a href=\"http:\/\/www.eisenbahn-tradition.de\/Start-Deutsch.htm\">Haller Willem<\/a><\/p>\n\n\n\n<figure class=\"wp-block-image\"><img decoding=\"async\" src=\"https:\/\/familienforschung-tecklenburger-land.de\/assets\/images\/5\/Osnabrueck-1794-32abc055.jpg\" alt=\"\"\/><\/figure>\n\n\n\n<p class=\"has-small-font-size\"><strong><a href=\"http:\/\/commons.wikimedia.org\/wiki\/File:Reilly_277.jpg\">Das Hochstift Osnabr\u00fcck<\/a><\/strong>. Nro. 277. Franz Johann Joseph von Reilly, 1794\/95<\/p>\n<\/div>\n\n\n\n<div class=\"wp-block-column is-layout-flow wp-block-column-is-layout-flow\" style=\"flex-basis:50%\">\n<p class=\"has-small-font-size\">Eine Fernhandelsstra\u00dfe durchquerte die Hase an einer Furt, durch die auch die Ochsen der Bauern getrieben wurden. Sp\u00e4ter wurde an nahe gelegener Stelle eine Br\u00fccke gebaut. Der Name entstand dabei aus einer Verbindung der niederdeutschen W\u00f6rter \u201eOssen\u201c (Ochse) und \u201eBr\u00fcgge\u201c (Br\u00fccke) als \u201eOssenbr\u00fcgge\u201c, das sp\u00e4ter zu Osnabr\u00fcck wurde. Nach einer anderen Deutung soll sich der Name vom germanischen Namen der Hase herleiten, germanisch \u201eOsna\u201c oder \u201eOsen\u201c: Br\u00fccke \u00fcber die Hase.<\/p>\n\n\n\n<p class=\"has-small-font-size\">Osnabr\u00fcck entwickelte sich als Markt um den 780 von Karl dem Gro\u00dfen gegr\u00fcndeten Bischofssitz. Im Heiligen R\u00f6mischen Reich geh\u00f6rte Osnabr\u00fcck bis 1803 zum gleichnamigen Hochstift. Die \u00e4lteste Stadtverfassung, die Sate, stammt von 1348. Zu dieser Zeit entstanden auch die Laischaften, von denen die Heger Laischaft und die Herrenteichslaischaft bis heute existieren.<\/p>\n\n\n\n<p class=\"has-small-font-size\">In der Zeit um 1640 bem\u00fchte sich die Stadt vergeblich mehrfach um den Status einer reichsfreien Stadt. Die Regelung \u201eCuius regio, eius religio\u201c, (lateinisch, im damaligen Sprachgebrauc: wes der F\u00fcrst, des der Glaub&#8216;) wurde in Osnabr\u00fcck als Sonderfall gehandhabt. Bis zur S\u00e4kularisierung wechselte jeweils nach dem Tode des Amtsinhabers die Konfessionszugeh\u00f6rigkeit des F\u00fcrstbischofs. Somit l\u00f6sten sich katholische und evangelische F\u00fcrstbisch\u00f6fe als Herrscher ab. Die Konfessionszugeh\u00f6rigkeit der Untertanen blieb davon unber\u00fchrt.<\/p>\n\n\n\n<p class=\"has-small-font-size\">Am 18. Juni 1815 nahmen etwa 400 Osnabr\u00fccker Soldaten an der Schlacht bei Waterloo teil. Zu Ehren dieser Krieger stiftete Gerhard Friedrich von G\u00fclich das Waterloo-Tor am Heger Tor mit der Inschrift: \u201eDen Osnabr\u00fcckischen Kriegern, die bei Waterloo den 18. Juni 1815 deutschen Muth bewiesen, widmet dieses Denkmal G. F. v. G\u00fclich D.R.D.R.\u201c.<br><br>Mit dem K\u00f6nigreich Hannover kam Osnabr\u00fcck 1866 zum K\u00f6nigreich Preu\u00dfen und wurde 1885 Sitz des Regierungsbezirks Osnabr\u00fcck. Diesen Status verlor es erst 1977 bei der Gebietsreform, als der Regierungsbezirk Weser-Ems geschaffen wurde, f\u00fcr den Oldenburg als Sitz bestimmt wurde, wobei jedoch in Osnabr\u00fcck eine Au\u00dfenstelle der Bezirksregierung verblieb. 2004 wurde der Regierungsbezirk Weser-Ems aufgel\u00f6st. Ferner ist die Stadt Osnabr\u00fcck der Sitz des Landkreises Osnabr\u00fcck.<\/p>\n\n\n\n<p class=\"has-small-font-size\">Lesen Sie die Geschichte, wie <a href=\"http:\/\/www.heimatkunde-iburg.de\/mythen-sagen\/wie-die-riesen-kalzibod-und-silibod-den-teutoburger-wald-erbauten\/\">die Riesen Kalzibod und Silibod den Teutoburger Wald erbauten<\/a>.<\/p>\n\n\n\n<h3 class=\"wp-block-heading\">\u00c4mter:<\/h3>\n\n\n\n<p class=\"has-small-font-size\">Das Hochstift war in die \u00c4mter<\/p>\n\n\n\n<ul class=\"wp-block-list\">\n<li class=\"has-small-font-size\">F\u00fcrstenau,<\/li>\n\n\n\n<li class=\"has-small-font-size\">Iburg,<\/li>\n\n\n\n<li class=\"has-small-font-size\">Gr\u00f6nenberg,<\/li>\n\n\n\n<li class=\"has-small-font-size\">V\u00f6rden,<\/li>\n\n\n\n<li class=\"has-small-font-size\">Wittlage,<\/li>\n\n\n\n<li class=\"has-small-font-size\">Hunteburg,<\/li>\n\n\n\n<li class=\"has-small-font-size\">Reckenberg<\/li>\n\n\n\n<li class=\"has-small-font-size\">und die autonome Landstadt Osnabr\u00fcck unterteilt.<\/li>\n<\/ul>\n<\/div>\n\n\n\n<div class=\"wp-block-column is-layout-flow wp-block-column-is-layout-flow\" style=\"flex-basis:25%\">\n<p><img loading=\"lazy\" decoding=\"async\" src=\"https:\/\/familienforschung-tecklenburger-land.de\/assets\/images\/6\/Fuerstbistum-OS-Wappen-0fb5e356.png\" alt=\"\" width=\"230\" height=\"302\"><\/p>\n\n\n\n<p class=\"has-small-font-size\">Wappen des Hochstifts Osnabr\u00fcck<\/p>\n\n\n\n<h3 class=\"wp-block-heading\">Verwaltungszugeh\u00f6rigkeit des Hochstifts Osnabr\u00fcck:<\/h3>\n\n\n\n<p class=\"has-small-font-size\"><strong>4.11.1802-1806:<\/strong><br>Kurf\u00fcrstentum Hannover<br><strong>14.11.1806-1807:<\/strong><br>Administrationskollegium M\u00fcnster<br><strong>18.8.1807-1808:<\/strong><br>K\u00f6nigreich Westphalen<br><strong>18.4.1808-1811:<\/strong><br>Departement der Weser<br><strong>4.7.1811-1813:<\/strong><br>Departement der Oberems<br><strong>9.11.1813-1823:<\/strong><br>Provinzialregierung Osnabr\u00fcck<br><strong>15.5.1823-1867:<\/strong><br>Landdrostei Osnabr\u00fcck<\/p>\n\n\n\n<figure class=\"wp-block-image size-large has-lightbox\"><img loading=\"lazy\" decoding=\"async\" width=\"886\" height=\"1024\" src=\"https:\/\/familienforschung-tecklenburger-land.de\/wp-content\/uploads\/2023\/05\/Karte-Grafschaften-1-886x1024.jpg\" alt=\"\" class=\"wp-image-2664\" srcset=\"https:\/\/familienforschung-tecklenburger-land.de\/wp-content\/uploads\/2023\/05\/Karte-Grafschaften-1-886x1024.jpg 886w, https:\/\/familienforschung-tecklenburger-land.de\/wp-content\/uploads\/2023\/05\/Karte-Grafschaften-1-260x300.jpg 260w, https:\/\/familienforschung-tecklenburger-land.de\/wp-content\/uploads\/2023\/05\/Karte-Grafschaften-1-768x887.jpg 768w, https:\/\/familienforschung-tecklenburger-land.de\/wp-content\/uploads\/2023\/05\/Karte-Grafschaften-1-1330x1536.jpg 1330w, https:\/\/familienforschung-tecklenburger-land.de\/wp-content\/uploads\/2023\/05\/Karte-Grafschaften-1-1773x2048.jpg 1773w, https:\/\/familienforschung-tecklenburger-land.de\/wp-content\/uploads\/2023\/05\/Karte-Grafschaften-1.jpg 1971w\" sizes=\"auto, (max-width: 886px) 100vw, 886px\" \/><\/figure>\n\n\n\n<p class=\"has-small-font-size\">Das F\u00fcrstbistum Osnabr\u00fcck (ein Klick auf die Karte vergr\u00f6\u00dfert sie)<\/p>\n<\/div>\n<\/div>\n","protected":false},"excerpt":{"rendered":"<p>Ausfl\u00fcge in die Geschichte: Die Nieders\u00e4chsische M\u00fchlen-Tour: an der 365 km langen Strecke liegen historische M\u00fchlen. Die Schl\u00f6sser-Tour: f\u00fchrt durch das \u00f6stliche Osnabr\u00fccker Land Die Friedensroute Osnabr\u00fcck-M\u00fcnster: mit dem Fahrrad auf historischen Reiterpfaden Die Grenzg\u00e4ngerroute: man passiert Kreis- und Gemeindegrenzen, Konfessionsgrenzen, Landesgrenzen. Der H\u00fcnenweg: 208 km entlang vieler Megalithgr\u00e4ber Der M\u00fchlenweg: durch Wersen, Engter, Venne,&#8230;<\/p>\n","protected":false},"author":4,"featured_media":0,"parent":0,"menu_order":51,"comment_status":"closed","ping_status":"closed","template":"","meta":{"_coblocks_attr":"","_coblocks_dimensions":"","_coblocks_responsive_height":"","_coblocks_accordion_ie_support":"","footnotes":""},"class_list":["post-383","page","type-page","status-publish","hentry"],"_links":{"self":[{"href":"https:\/\/familienforschung-tecklenburger-land.de\/index.php?rest_route=\/wp\/v2\/pages\/383","targetHints":{"allow":["GET"]}}],"collection":[{"href":"https:\/\/familienforschung-tecklenburger-land.de\/index.php?rest_route=\/wp\/v2\/pages"}],"about":[{"href":"https:\/\/familienforschung-tecklenburger-land.de\/index.php?rest_route=\/wp\/v2\/types\/page"}],"author":[{"embeddable":true,"href":"https:\/\/familienforschung-tecklenburger-land.de\/index.php?rest_route=\/wp\/v2\/users\/4"}],"replies":[{"embeddable":true,"href":"https:\/\/familienforschung-tecklenburger-land.de\/index.php?rest_route=%2Fwp%2Fv2%2Fcomments&post=383"}],"version-history":[{"count":4,"href":"https:\/\/familienforschung-tecklenburger-land.de\/index.php?rest_route=\/wp\/v2\/pages\/383\/revisions"}],"predecessor-version":[{"id":3103,"href":"https:\/\/familienforschung-tecklenburger-land.de\/index.php?rest_route=\/wp\/v2\/pages\/383\/revisions\/3103"}],"wp:attachment":[{"href":"https:\/\/familienforschung-tecklenburger-land.de\/index.php?rest_route=%2Fwp%2Fv2%2Fmedia&parent=383"}],"curies":[{"name":"wp","href":"https:\/\/api.w.org\/{rel}","templated":true}]}}