{"id":258,"date":"2023-02-26T17:28:02","date_gmt":"2023-02-26T16:28:02","guid":{"rendered":"https:\/\/familienforschung-tecklenburger-land.de\/?page_id=258"},"modified":"2023-03-05T11:37:47","modified_gmt":"2023-03-05T10:37:47","slug":"projekte-und-arbeitsgruppen","status":"publish","type":"page","link":"https:\/\/familienforschung-tecklenburger-land.de\/?page_id=258","title":{"rendered":"Projekte und Arbeitsgruppen"},"content":{"rendered":"\n<div class=\"wp-block-columns is-layout-flex wp-container-core-columns-is-layout-9d6595d7 wp-block-columns-is-layout-flex\">\n<div class=\"wp-block-column is-layout-flow wp-block-column-is-layout-flow\" style=\"flex-basis:25%\">\n<figure class=\"wp-block-image size-full\"><img loading=\"lazy\" decoding=\"async\" width=\"230\" height=\"184\" src=\"https:\/\/familienforschung-tecklenburger-land.de\/wp-content\/uploads\/2023\/02\/Feldpostbrief.jpg\" alt=\"\" class=\"wp-image-637\"\/><\/figure>\n\n\n\n<h4 class=\"wp-block-heading\">Feldpostbriefe<\/h4>\n\n\n\n<p class=\"has-small-font-size\">\u2013 schriftliche Zeugnisse, die uns oft tiefe Einblicke in das Leben der Menschen im Feld und in der Heimat gew\u00e4hren, sind f\u00fcr Familienforscher und Historiker von unsch\u00e4tzbarem Wert. Nur wenige andere Schriftst\u00fccke lassen uns so nah an den Familienund Lebensumst\u00e4nden unserer Vorfahren teilhaben wie diese Briefe.<\/p>\n\n\n\n<p class=\"has-small-font-size\">Wir, der Verein \u201eFamilienforschung Tecklenburger Land (TEFAM) e. V.\u201c, sammeln, scannen und dokumentieren diese Zeugnisse der Vergangenheit.<\/p>\n\n\n\n<p class=\"has-small-font-size\">Wenn auch Sie Feldpostbriefe oder -karten zu Hause haben und sich vielleicht Gedanken machen, was einmal mit diesen geschieht \u2013 bitte wenden Sie sich an uns \u2013 wir k\u00fcmmern uns darum, dass sie nicht f\u00fcr immer verloren gehen!<\/p>\n\n\n\n<p class=\"has-small-font-size\">Ansprechpartner:<br><a href=\"mailto:werner-bohnenkamp@freenet.de\">Werner Bohnenkamp<\/a><br>Tel.: 0541 \u2013 5 93 98<\/p>\n\n\n\n<figure class=\"wp-block-image size-full\"><img loading=\"lazy\" decoding=\"async\" width=\"230\" height=\"326\" src=\"https:\/\/familienforschung-tecklenburger-land.de\/wp-content\/uploads\/2023\/02\/Projekte-Gefallenendenkmal.jpg\" alt=\"\" class=\"wp-image-639\" srcset=\"https:\/\/familienforschung-tecklenburger-land.de\/wp-content\/uploads\/2023\/02\/Projekte-Gefallenendenkmal.jpg 230w, https:\/\/familienforschung-tecklenburger-land.de\/wp-content\/uploads\/2023\/02\/Projekte-Gefallenendenkmal-212x300.jpg 212w\" sizes=\"auto, (max-width: 230px) 100vw, 230px\" \/><\/figure>\n\n\n\n<h4 class=\"wp-block-heading\">Das Gefallenendenkmal in und um Osnabr\u00fcck<\/h4>\n\n\n\n<p class=\"has-small-font-size\">Ein verein\u00fcbergreifendes Projekt, denn ins Leben gerufen wurde es von Mitgliedern des Vereins &#8222;Osnabr\u00fccker genealogischer Forschungskreis e.V<a rel=\"noreferrer noopener\" href=\"http:\/\/151.12.58.151\/frank\/index.php?de\/116\/gefallenendenkmler\" target=\"_blank\">.<\/a>&#8222;. Hierf\u00fcr sammeln sie Fotografien von Gefallenendenkm\u00e4lern im Osnabr\u00fccker Land. Der Verein hat zu diesem Zwecke schon einige tausend Bilder von Grabst\u00e4tten zusammengetragen und ver\u00f6ffentlicht die Ergebnisse in einem zweimal j\u00e4hrlich erscheinen Heft.<br><br>Ansprechpartner:<br><a href=\"mailto:wolfgang.hofmeister@osnanet.de\">Wolfgang Hofmeister<\/a><br>Tel.: 0541 \u2013 5 93 98<\/p>\n<\/div>\n\n\n\n<div class=\"wp-block-column is-layout-flow wp-block-column-is-layout-flow\" style=\"flex-basis:50%\">\n<p class=\"has-small-font-size\">Nat\u00fcrlich kennen auch wir die \u00fcber hundert &#8222;Baustellen&#8220;, die die Arbeit eines Ahnen- und Heimatforschers nie langweilig werden lassen. Aber wir haben auch einige gr\u00f6\u00dfere Projekte, die wir auf diesen Seiten vorstellen m\u00f6chten. Wir haben zu diesem Zweck Arbeitsgruppen gebildet, die zur Zeit flei\u00dfig Material zusammentragen und auswerten. Da wir auch hier besonders an Quellen und Informationen interessiert sind, die bisher noch nicht ver\u00f6ffentlicht wurden, freuen wir uns \u00fcber Ihre Mitarbeit:<\/p>\n\n\n\n<p class=\"has-small-font-size\">B<strong>esitzen Sie alte Fotos, Zeichnungen, Bilder oder auch Gegenst\u00e4nde, die f\u00fcr unsere Vorhaben interessant sein k\u00f6nnten?<\/strong><\/p>\n\n\n\n<p class=\"has-small-font-size\"><strong>Liegen Ihnen alte Akten, Schriften, Aufzeichnungen, B\u00fccher usw. vor, die Sie uns zu einem Thema zeigen w\u00fcrden?<\/strong><\/p>\n\n\n\n<p class=\"has-small-font-size\"><strong>Haben Sie etwas zu erz\u00e4hlen, aus der Erinnerung, oder etwas, das Sie vom H\u00f6rensagen wissen?<\/strong><\/p>\n\n\n\n<p class=\"has-small-font-size\">Wir freuen uns \u00fcber wirklich jeden Beitrag, so klein er erscheinen mag. Oft ist eine vermeintliche Kleinigkeit ein wichtiges Puzzleteil f\u00fcr das Gesamtwerk.<\/p>\n\n\n\n<h4 class=\"wp-block-heading\">Historische Kneipentour<\/h4>\n\n\n<div class=\"wp-block-image\">\n<figure class=\"alignleft\"><img decoding=\"async\" src=\"https:\/\/familienforschung-tecklenburger-land.de\/files\/Tecklenburger-Familienforschung\/Index\/Projekte-alt-Lengerich.jpg\" alt=\"\"\/><\/figure>\n<\/div>\n\n\n<p class=\"has-small-font-size\"><strong>Gastst\u00e4tten und Wirtsh\u00e4user im Tecklenburger Land. Geschichte und Geschichten rund um die Gasth\u00e4user, ihre Besitzer, P\u00e4chter und G\u00e4ste<\/strong><\/p>\n\n\n\n<p class=\"has-small-font-size\">Jedes Dorf im Tecklenburger Land hatte fr\u00fcher meist eine ganze Reihe von Gasth\u00e4usern. Hier traf man sich zum gem\u00fctlichen Beisammensein nach Feierabend, zu gro\u00dfen Familienfeierlichkeiten oder auch zu den Dorf- oder Vereinsfesten.<\/p>\n\n\n\n<p class=\"has-small-font-size\">Heute gibt es viele dieser Wirtsh\u00e4user, die einmal wie die Kirche im Ort aus dem Dorfleben nicht wegzudenken waren, nicht mehr. Die Geb\u00e4ude stehen leer, haben m\u00f6glicherweise einer anderen Nutzung Platz gemacht oder sind sogar ganz verschwunden.<\/p>\n\n\n\n<p class=\"has-small-font-size\">Wir m\u00f6chten die Geschichte und Geschichten dieser Wirtsh\u00e4user und Gastst\u00e4tten im Tecklenburger Land, die auch Teil der Orts- und Familiengeschichte sind, festhalten und aufschreiben.<\/p>\n\n\n\n<p class=\"has-small-font-size\">Dazu kann jeder beitragen, der etwas zu einzelnen Wirtsh\u00e4usern sagen kann, alte Fotos besitzt oder von Feierlichkeiten oder Anekdoten erz\u00e4hlen kann.<\/p>\n\n\n\n<p class=\"has-small-font-size\">Wir werden dann in einer Arbeitsgruppe die zusammengetragenen Ergebnisse unserer Forschungen bearbeiten und in loser Folge als Zeitschrift herausgeben.<\/p>\n\n\n\n<p class=\"has-small-font-size\">Beginnen wollen wir mit der gro\u00dfen Anzahl von Gasth\u00e4usern in Lengerich.<\/p>\n\n\n\n<p class=\"has-small-font-size\"><strong>Wir freuen uns auf viele Beitr\u00e4ge zu \u201eIhrem Wirtshaus\u201c \u2013 sei es ein altes Bild des Geb\u00e4udes oder ein Foto einer Feier im Saal, Geschichten und auch Anekdoten \u00fcber (Stamm-)G\u00e4ste oder die Wirtsleute \u2013 jede Information ist willkommen!<\/strong><\/p>\n\n\n\n<p class=\"has-small-font-size\"><strong>Ansprechpartner:<br><a href=\"mailto:alan-renatedry@osnanet.de\">Renate Dry<\/a><\/strong><\/p>\n<\/div>\n\n\n\n<div class=\"wp-block-column is-layout-flow wp-block-column-is-layout-flow\" style=\"flex-basis:25%\">\n<p class=\"has-small-font-size\"><strong>\u00d6ffnungszeit: <\/strong>jeden Freitag von 14.30 bis 17.00 Uhr<\/p>\n\n\n\n<p class=\"has-small-font-size\"><strong>Lienener Stra\u00dfe 100 in Lengerich<\/strong><\/p>\n\n\n\n<figure class=\"wp-block-image size-full\"><img loading=\"lazy\" decoding=\"async\" width=\"230\" height=\"153\" src=\"https:\/\/familienforschung-tecklenburger-land.de\/wp-content\/uploads\/2023\/02\/Projekte-Zeitungen.jpg\" alt=\"\" class=\"wp-image-642\"\/><\/figure>\n\n\n\n<h4 class=\"wp-block-heading\">Tecklenburger Landbote<\/h4>\n\n\n\n<p class=\"has-small-font-size\">Uns liegt eine sehr umfangreiche Sammlung von Zeitungsausschnitten und kompletten Zeitungen des Tecklenburger Landboten vor. Diese werden zur Zeit geordnet und katalogisiert. F\u00fcr die einfachere Recherche in der Artikelsammlung wird gerade ein Schlagwortverzeichnis erstellt, in dem man sp\u00e4ter nach Namen, Orten und Themen suchen kann.<\/p>\n\n\n\n<p class=\"has-small-font-size\">Ansprechpartner:<br><a href=\"mailto:alan-renatedry@osnanet.de\">Renate Dry<\/a><\/p>\n\n\n\n<h4 class=\"wp-block-heading\">Genealogien, Ahnentafeln und Aufzeichnungen zu Ladberger Familien<\/h4>\n\n\n\n<p class=\"has-small-font-size\">Eine gro\u00dfe Zahl von Genealogien, Ahnentafeln und Aufzeichnungen zu Ladberger Familien sowie unz\u00e4hlige alte Dokumente einzelner Familien wurden uns zur Verf\u00fcgung gestellt. All diese Dokumente m\u00fcssen nun transkribiert sowie im PC gespeichert werden, damit sie zuk\u00fcnftig in unserem Archiv f\u00fcr alle Forscher nutzbar sein werden. Hierf\u00fcr suchen wir noch Helfer!&nbsp;<\/p>\n\n\n\n<p class=\"has-small-font-size\">Ansprechpartner:<br><a href=\"mailto:alan-renatedry@osnanet.de\">Renate Dry<\/a><\/p>\n\n\n\n<figure class=\"wp-block-image size-full\"><img loading=\"lazy\" decoding=\"async\" width=\"230\" height=\"176\" src=\"https:\/\/familienforschung-tecklenburger-land.de\/wp-content\/uploads\/2023\/02\/Projekte-gen-Aufzeichnungen.jpg\" alt=\"\" class=\"wp-image-641\"\/><\/figure>\n<\/div>\n<\/div>\n","protected":false},"excerpt":{"rendered":"<p>Feldpostbriefe \u2013 schriftliche Zeugnisse, die uns oft tiefe Einblicke in das Leben der Menschen im Feld und in der Heimat gew\u00e4hren, sind f\u00fcr Familienforscher und Historiker von unsch\u00e4tzbarem Wert. Nur wenige andere Schriftst\u00fccke lassen uns so nah an den Familienund Lebensumst\u00e4nden unserer Vorfahren teilhaben wie diese Briefe. Wir, der Verein \u201eFamilienforschung Tecklenburger Land (TEFAM) e&#8230;.<\/p>\n","protected":false},"author":4,"featured_media":0,"parent":0,"menu_order":96,"comment_status":"closed","ping_status":"closed","template":"","meta":{"_coblocks_attr":"","_coblocks_dimensions":"","_coblocks_responsive_height":"","_coblocks_accordion_ie_support":"","footnotes":""},"class_list":["post-258","page","type-page","status-publish","hentry"],"_links":{"self":[{"href":"https:\/\/familienforschung-tecklenburger-land.de\/index.php?rest_route=\/wp\/v2\/pages\/258","targetHints":{"allow":["GET"]}}],"collection":[{"href":"https:\/\/familienforschung-tecklenburger-land.de\/index.php?rest_route=\/wp\/v2\/pages"}],"about":[{"href":"https:\/\/familienforschung-tecklenburger-land.de\/index.php?rest_route=\/wp\/v2\/types\/page"}],"author":[{"embeddable":true,"href":"https:\/\/familienforschung-tecklenburger-land.de\/index.php?rest_route=\/wp\/v2\/users\/4"}],"replies":[{"embeddable":true,"href":"https:\/\/familienforschung-tecklenburger-land.de\/index.php?rest_route=%2Fwp%2Fv2%2Fcomments&post=258"}],"version-history":[{"count":6,"href":"https:\/\/familienforschung-tecklenburger-land.de\/index.php?rest_route=\/wp\/v2\/pages\/258\/revisions"}],"predecessor-version":[{"id":1059,"href":"https:\/\/familienforschung-tecklenburger-land.de\/index.php?rest_route=\/wp\/v2\/pages\/258\/revisions\/1059"}],"wp:attachment":[{"href":"https:\/\/familienforschung-tecklenburger-land.de\/index.php?rest_route=%2Fwp%2Fv2%2Fmedia&parent=258"}],"curies":[{"name":"wp","href":"https:\/\/api.w.org\/{rel}","templated":true}]}}