{"id":153,"date":"2023-02-25T08:09:29","date_gmt":"2023-02-25T07:09:29","guid":{"rendered":"https:\/\/familienforschung-tecklenburger-land.de\/?page_id=153"},"modified":"2023-03-05T11:51:38","modified_gmt":"2023-03-05T10:51:38","slug":"regionen","status":"publish","type":"page","link":"https:\/\/familienforschung-tecklenburger-land.de\/?page_id=153","title":{"rendered":"Regionen"},"content":{"rendered":"\n<div class=\"wp-block-columns is-layout-flex wp-container-core-columns-is-layout-9d6595d7 wp-block-columns-is-layout-flex\">\n<div class=\"wp-block-column is-layout-flow wp-block-column-is-layout-flow\" style=\"flex-basis:25%\">\n<figure class=\"wp-block-image size-full has-lightbox\"><img loading=\"lazy\" decoding=\"async\" width=\"681\" height=\"784\" src=\"https:\/\/familienforschung-tecklenburger-land.de\/wp-content\/uploads\/2023\/02\/Karte-Teckl-Land.jpg\" alt=\"\" class=\"wp-image-268\" srcset=\"https:\/\/familienforschung-tecklenburger-land.de\/wp-content\/uploads\/2023\/02\/Karte-Teckl-Land.jpg 681w, https:\/\/familienforschung-tecklenburger-land.de\/wp-content\/uploads\/2023\/02\/Karte-Teckl-Land-261x300.jpg 261w\" sizes=\"auto, (max-width: 681px) 100vw, 681px\" \/><figcaption class=\"wp-element-caption\">Das Tecklenburger Land<\/figcaption><\/figure>\n\n\n\n<figure class=\"wp-block-image size-full has-lightbox\"><img loading=\"lazy\" decoding=\"async\" width=\"792\" height=\"812\" src=\"https:\/\/familienforschung-tecklenburger-land.de\/wp-content\/uploads\/2023\/02\/1750.jpg\" alt=\"\" class=\"wp-image-269\" srcset=\"https:\/\/familienforschung-tecklenburger-land.de\/wp-content\/uploads\/2023\/02\/1750.jpg 792w, https:\/\/familienforschung-tecklenburger-land.de\/wp-content\/uploads\/2023\/02\/1750-293x300.jpg 293w, https:\/\/familienforschung-tecklenburger-land.de\/wp-content\/uploads\/2023\/02\/1750-768x787.jpg 768w\" sizes=\"auto, (max-width: 792px) 100vw, 792px\" \/><figcaption class=\"wp-element-caption\">Die Kreise um 1900<\/figcaption><\/figure>\n\n\n\n<figure class=\"wp-block-image size-full has-lightbox\"><img loading=\"lazy\" decoding=\"async\" width=\"600\" height=\"404\" src=\"https:\/\/familienforschung-tecklenburger-land.de\/wp-content\/uploads\/2023\/02\/Siedlungsgaue.jpg\" alt=\"\" class=\"wp-image-270\" srcset=\"https:\/\/familienforschung-tecklenburger-land.de\/wp-content\/uploads\/2023\/02\/Siedlungsgaue.jpg 600w, https:\/\/familienforschung-tecklenburger-land.de\/wp-content\/uploads\/2023\/02\/Siedlungsgaue-300x202.jpg 300w\" sizes=\"auto, (max-width: 600px) 100vw, 600px\" \/><figcaption class=\"wp-element-caption\">Die Siedlungsgaue der Germanen im Osnabr\u00fccker Raum<\/figcaption><\/figure>\n<\/div>\n\n\n\n<div class=\"wp-block-column is-layout-flow wp-block-column-is-layout-flow\" style=\"flex-basis:50%\">\n<h4 class=\"wp-block-heading\">Die Regionen in unserer Gegend<\/h4>\n\n\n\n<p class=\"has-small-font-size\"><strong>Die \u00dcbersicht \u00fcber unsere Seiten hilft bei der Suche, wenn Sie nicht genau wissen, in welcher Region ein Ort zu finden ist.<\/strong><\/p>\n\n\n\n<h4 class=\"wp-block-heading\">Tecklenburger Land<\/h4>\n\n\n\n<p class=\"has-small-font-size\"><a href=\"https:\/\/familienforschung-tecklenburger-land.de\/index.php?id=152\">Hier<\/a> finden Sie Karten und Pl\u00e4ne, eine Literaturlis<a href=\"https:\/\/familienforschung-tecklenburger-land.de\/index.php?id=505\">te<\/a> und <a href=\"https:\/\/familienforschung-tecklenburger-land.de\/index.php?id=504\">Weblinks<\/a> \u00fcber die Region sowie umfangreiche genealogische Informationen \u00fcber die folgenden Orte: <a href=\"https:\/\/familienforschung-tecklenburger-land.de\/index.php?id=153\">Ladbergen<\/a>, <a href=\"https:\/\/familienforschung-tecklenburger-land.de\/index.php?id=162\">Ledde<\/a>, <a href=\"https:\/\/familienforschung-tecklenburger-land.de\/index.php?id=156\">Leeden<\/a>, <a href=\"https:\/\/familienforschung-tecklenburger-land.de\/index.php?id=154\">Lengerich<\/a>, <a href=\"https:\/\/familienforschung-tecklenburger-land.de\/index.php?id=155\">Lienen<\/a>, <a href=\"https:\/\/familienforschung-tecklenburger-land.de\/index.php?id=160\">Lotte<\/a>, <a href=\"https:\/\/familienforschung-tecklenburger-land.de\/index.php?id=157\">Schale<\/a>, <a href=\"https:\/\/familienforschung-tecklenburger-land.de\/index.php?id=159\">Tecklenburg<\/a>, <a href=\"https:\/\/familienforschung-tecklenburger-land.de\/index.php?id=161\">Wersen <\/a>und <a href=\"https:\/\/familienforschung-tecklenburger-land.de\/index.php?id=158\">Westerkappeln<\/a>. Von der Startseite jedes Ortes gelangen Sie zu genealogischen Quellen, Literaturlisten, Fundst\u00fccken, Weblinks, Suchanfragen und Karten &amp; Pl\u00e4nen.<\/p>\n\n\n\n<h4 class=\"wp-block-heading\">Osnabr\u00fccker Land<\/h4>\n\n\n\n<p class=\"has-small-font-size\">Obwohl unser Verein im Tecklenburger Land ans\u00e4ssig ist, kommen viele unserer Mitglieder aus dem Osnabr\u00fccker Raum. Auch dieser Bereich wird hoffentlich nach und nach wachsen. Sie finden schon eine F\u00fclle von Informationen in den Regionen &#8222;<a href=\"https:\/\/familienforschung-tecklenburger-land.de\/index.php?id=581\">Artland<\/a>&#8222;, &#8222;<a href=\"https:\/\/familienforschung-tecklenburger-land.de\/index.php?id=604\">Osnabr\u00fcck Nord<\/a>&#8222;,&nbsp; &#8222;<a href=\"https:\/\/familienforschung-tecklenburger-land.de\/index.php?id=605\">Osnabr\u00fcck S\u00fcd<\/a>&#8222;, &#8222;<a href=\"https:\/\/familienforschung-tecklenburger-land.de\/index.php?id=589\">Melle und Umkreis<\/a>&#8220; und &#8222;<a href=\"https:\/\/familienforschung-tecklenburger-land.de\/index.php?id=169\">Osnabr\u00fccker Stadtteile<\/a>&#8222;. Wir nehmen gern Aufs\u00e4tze, Links, Suchanfragen und alles andere entgegen!<\/p>\n\n\n\n<h4 class=\"wp-block-heading\">Grafschaft Lingen<\/h4>\n\n\n\n<p class=\"has-small-font-size\">Diese Seiten sind noch im Aufbau und werden in der n\u00e4chsten Zeit nach und nach ver\u00f6ffentlicht. Es gibt schon zahlreiche Informationen \u00fcber <a href=\"https:\/\/familienforschung-tecklenburger-land.de\/index.php?id=293\">Ibbenb\u00fcren<\/a>, <a href=\"https:\/\/familienforschung-tecklenburger-land.de\/index.php?id=287\">Brochterbeck<\/a> und <a href=\"https:\/\/familienforschung-tecklenburger-land.de\/index.php?id=375\">Mettingen<\/a>. Ich nehme sehr gern weiteres Material an und freue mich \u00fcber Erg\u00e4nzungen, Anregungen oder Korrekturen.<\/p>\n\n\n\n<h4 class=\"wp-block-heading\">M\u00fcnsterland<\/h4>\n\n\n\n<p class=\"has-small-font-size\">Auch unsere im M\u00fcnsterland ans\u00e4ssigen Vereinsmitglieder haben genealogisches Material zur Verf\u00fcgung gestellt, das wir hier nach und nach pr\u00e4sentieren m\u00f6chten. Wir nehmen gern Aufs\u00e4tze, Links, Suchanfragen und alles andere entgegen!<\/p>\n<\/div>\n\n\n\n<div class=\"wp-block-column is-layout-flow wp-block-column-is-layout-flow\" style=\"flex-basis:25%\">\n<h4 class=\"wp-block-heading\">Nicht auf das Tecklenburger Land festgelegt<\/h4>\n\n\n\n<p class=\"has-small-font-size\">Haupts\u00e4chlich besch\u00e4ftigen wir uns nat\u00fcrlich mit dem Tecklenburger Land. Aber auch aus den umliegenden Gebieten haben wir schon umfangreiches Material gesammelt, das wir auf diesen Internetseiten pr\u00e4sentieren m\u00f6chten.<\/p>\n<\/div>\n<\/div>\n","protected":false},"excerpt":{"rendered":"<p>Die Regionen in unserer Gegend Die \u00dcbersicht \u00fcber unsere Seiten hilft bei der Suche, wenn Sie nicht genau wissen, in welcher Region ein Ort zu finden ist. Tecklenburger Land Hier finden Sie Karten und Pl\u00e4ne, eine Literaturliste und Weblinks \u00fcber die Region sowie umfangreiche genealogische Informationen \u00fcber die folgenden Orte: Ladbergen, Ledde, Leeden, Lengerich, Lienen,&#8230;<\/p>\n","protected":false},"author":4,"featured_media":0,"parent":0,"menu_order":86,"comment_status":"closed","ping_status":"closed","template":"","meta":{"_coblocks_attr":"","_coblocks_dimensions":"","_coblocks_responsive_height":"","_coblocks_accordion_ie_support":"","footnotes":""},"class_list":["post-153","page","type-page","status-publish","hentry"],"_links":{"self":[{"href":"https:\/\/familienforschung-tecklenburger-land.de\/index.php?rest_route=\/wp\/v2\/pages\/153","targetHints":{"allow":["GET"]}}],"collection":[{"href":"https:\/\/familienforschung-tecklenburger-land.de\/index.php?rest_route=\/wp\/v2\/pages"}],"about":[{"href":"https:\/\/familienforschung-tecklenburger-land.de\/index.php?rest_route=\/wp\/v2\/types\/page"}],"author":[{"embeddable":true,"href":"https:\/\/familienforschung-tecklenburger-land.de\/index.php?rest_route=\/wp\/v2\/users\/4"}],"replies":[{"embeddable":true,"href":"https:\/\/familienforschung-tecklenburger-land.de\/index.php?rest_route=%2Fwp%2Fv2%2Fcomments&post=153"}],"version-history":[{"count":3,"href":"https:\/\/familienforschung-tecklenburger-land.de\/index.php?rest_route=\/wp\/v2\/pages\/153\/revisions"}],"predecessor-version":[{"id":1063,"href":"https:\/\/familienforschung-tecklenburger-land.de\/index.php?rest_route=\/wp\/v2\/pages\/153\/revisions\/1063"}],"wp:attachment":[{"href":"https:\/\/familienforschung-tecklenburger-land.de\/index.php?rest_route=%2Fwp%2Fv2%2Fmedia&parent=153"}],"curies":[{"name":"wp","href":"https:\/\/api.w.org\/{rel}","templated":true}]}}