{"id":125,"date":"2023-02-24T18:13:32","date_gmt":"2023-02-24T17:13:32","guid":{"rendered":"https:\/\/familienforschung-tecklenburger-land.de\/?page_id=125"},"modified":"2023-03-11T16:49:26","modified_gmt":"2023-03-11T15:49:26","slug":"zeitschrift-spurensuche","status":"publish","type":"page","link":"https:\/\/familienforschung-tecklenburger-land.de\/?page_id=125","title":{"rendered":"Zeitschrift &#8222;Spurensuche&#8220;"},"content":{"rendered":"\n<div class=\"wp-block-columns is-layout-flex wp-container-core-columns-is-layout-9d6595d7 wp-block-columns-is-layout-flex\">\n<div class=\"wp-block-column is-layout-flow wp-block-column-is-layout-flow\" style=\"flex-basis:25%\">\n<figure class=\"wp-block-image size-full\"><img loading=\"lazy\" decoding=\"async\" width=\"983\" height=\"689\" src=\"https:\/\/familienforschung-tecklenburger-land.de\/wp-content\/uploads\/2023\/03\/Bild7-1.jpg\" alt=\"\" class=\"wp-image-972\" srcset=\"https:\/\/familienforschung-tecklenburger-land.de\/wp-content\/uploads\/2023\/03\/Bild7-1.jpg 983w, https:\/\/familienforschung-tecklenburger-land.de\/wp-content\/uploads\/2023\/03\/Bild7-1-300x210.jpg 300w, https:\/\/familienforschung-tecklenburger-land.de\/wp-content\/uploads\/2023\/03\/Bild7-1-768x538.jpg 768w\" sizes=\"auto, (max-width: 983px) 100vw, 983px\" \/><figcaption class=\"wp-element-caption\">Zwei Leser unserer Vereinszeitschrift<\/figcaption><\/figure>\n\n\n\n<h3 class=\"wp-block-heading\">Festschriften &amp; Jahrb\u00fccher gesucht<\/h3>\n\n\n\n<p class=\"has-small-font-size\">In jeder unserer Zeitschriften finden Sie eine umfangreiche Literaturliste \u00fcber den jeweiligen Ort. Damit diese Literaturliste m\u00f6glichst umfassend ist, f\u00fchren wir auch <strong>Festschriften<\/strong> von z.B. Schulen, Unternehmen und Vereinen auf. Diese sind (gerade, wenn sie schon \u00e4lter sind) f\u00fcr Familien- und Heimatforscher sehr interessant.<\/p>\n\n\n\n<p class=\"has-small-font-size\">Wenn Sie solche B\u00fccher oder Hefte besitzen oder von ihnen wissen, w\u00fcrden wir uns freuen, wenn Sie uns dies kurz <a href=\"mailto:info@te-gen.de\">mitteilen<\/a> w\u00fcrden, damit wir sie in unsere Literaturliste \u00fcber Lotte aufnehmen k\u00f6nnen. Jedes noch so kleine &#8222;Bl\u00e4ttchen&#8220; k\u00f6nnte von Interesse sein.<\/p>\n<\/div>\n\n\n\n<div class=\"wp-block-column is-layout-flow wp-block-column-is-layout-flow\" style=\"flex-basis:50%\">\n<p class=\"has-small-font-size\"><strong>Von unserem Verein erscheint regelm\u00e4\u00dfig die Zeitschrift \u201eSpurensuche \u2013 Familienforschung im Tecklenburger Land\u201c. <\/strong><\/p>\n\n\n\n<p><strong>Das Heft kostet 5,- Euro und kann in unserer Bibliothek eingesehen werden. Wenn noch Exemplare vorhanden sind, k\u00f6nnen Sie sie dort kaufen.<\/strong><\/p>\n\n\n\n<p class=\"has-small-font-size\"><strong>Alle Hefte bekommen Sie auch bei folgenden Stellen:<\/strong><\/p>\n\n\n\n<p class=\"has-small-font-size\">Buchhandlung Howe, Markt 8, 49545 Tecklenburg<\/p>\n\n\n\n<p class=\"has-small-font-size\">Touristeninformation im Lengericher Rathaus<\/p>\n\n\n\n<p class=\"has-small-font-size\">Tefam-Vereinsheim in Lengerich<\/p>\n\n\n\n<p class=\"has-small-font-size\">Herausgeber: Familienforschung Tecklenburger Land (TEFAM) e. V.<br>Lienener Stra\u00dfe 100, 49525 Lengerich<\/p>\n\n\n\n<p class=\"has-small-font-size\"><strong>Redaktion &amp; Layout:<\/strong> Sandra Reiter, Renate Dry<\/p>\n<\/div>\n\n\n\n<div class=\"wp-block-column is-layout-flow wp-block-column-is-layout-flow\" style=\"flex-basis:25%\">\n<figure class=\"wp-block-image size-large\"><img loading=\"lazy\" decoding=\"async\" width=\"714\" height=\"1024\" src=\"https:\/\/familienforschung-tecklenburger-land.de\/wp-content\/uploads\/2023\/03\/Titelseite-LEDDE-714x1024.jpg\" alt=\"\" class=\"wp-image-916\" srcset=\"https:\/\/familienforschung-tecklenburger-land.de\/wp-content\/uploads\/2023\/03\/Titelseite-LEDDE-714x1024.jpg 714w, https:\/\/familienforschung-tecklenburger-land.de\/wp-content\/uploads\/2023\/03\/Titelseite-LEDDE-209x300.jpg 209w, https:\/\/familienforschung-tecklenburger-land.de\/wp-content\/uploads\/2023\/03\/Titelseite-LEDDE-768x1102.jpg 768w, https:\/\/familienforschung-tecklenburger-land.de\/wp-content\/uploads\/2023\/03\/Titelseite-LEDDE-1070x1536.jpg 1070w, https:\/\/familienforschung-tecklenburger-land.de\/wp-content\/uploads\/2023\/03\/Titelseite-LEDDE-1427x2048.jpg 1427w, https:\/\/familienforschung-tecklenburger-land.de\/wp-content\/uploads\/2023\/03\/Titelseite-LEDDE-scaled.jpg 1784w\" sizes=\"auto, (max-width: 714px) 100vw, 714px\" \/><\/figure>\n\n\n\n<p><\/p>\n\n\n\n<figure class=\"wp-block-image size-full\"><img loading=\"lazy\" decoding=\"async\" width=\"480\" height=\"689\" src=\"https:\/\/familienforschung-tecklenburger-land.de\/wp-content\/uploads\/2023\/03\/Titelseite-fertig-Kriminalfaelle-480px-3.jpg\" alt=\"\" class=\"wp-image-1113\" srcset=\"https:\/\/familienforschung-tecklenburger-land.de\/wp-content\/uploads\/2023\/03\/Titelseite-fertig-Kriminalfaelle-480px-3.jpg 480w, https:\/\/familienforschung-tecklenburger-land.de\/wp-content\/uploads\/2023\/03\/Titelseite-fertig-Kriminalfaelle-480px-3-209x300.jpg 209w\" sizes=\"auto, (max-width: 480px) 100vw, 480px\" \/><\/figure>\n\n\n\n<p><\/p>\n\n\n\n<figure class=\"wp-block-image size-large\"><img loading=\"lazy\" decoding=\"async\" width=\"714\" height=\"1024\" src=\"https:\/\/familienforschung-tecklenburger-land.de\/wp-content\/uploads\/2023\/03\/Titelseite-TECKLENBURG-fertig-2-1-714x1024.jpg\" alt=\"\" class=\"wp-image-1117\" srcset=\"https:\/\/familienforschung-tecklenburger-land.de\/wp-content\/uploads\/2023\/03\/Titelseite-TECKLENBURG-fertig-2-1-714x1024.jpg 714w, https:\/\/familienforschung-tecklenburger-land.de\/wp-content\/uploads\/2023\/03\/Titelseite-TECKLENBURG-fertig-2-1-209x300.jpg 209w, https:\/\/familienforschung-tecklenburger-land.de\/wp-content\/uploads\/2023\/03\/Titelseite-TECKLENBURG-fertig-2-1-768x1102.jpg 768w, https:\/\/familienforschung-tecklenburger-land.de\/wp-content\/uploads\/2023\/03\/Titelseite-TECKLENBURG-fertig-2-1-1070x1536.jpg 1070w, https:\/\/familienforschung-tecklenburger-land.de\/wp-content\/uploads\/2023\/03\/Titelseite-TECKLENBURG-fertig-2-1-1427x2048.jpg 1427w, https:\/\/familienforschung-tecklenburger-land.de\/wp-content\/uploads\/2023\/03\/Titelseite-TECKLENBURG-fertig-2-1-scaled.jpg 1784w\" sizes=\"auto, (max-width: 714px) 100vw, 714px\" \/><\/figure>\n<\/div>\n<\/div>\n","protected":false},"excerpt":{"rendered":"<p>Festschriften &amp; Jahrb\u00fccher gesucht In jeder unserer Zeitschriften finden Sie eine umfangreiche Literaturliste \u00fcber den jeweiligen Ort. Damit diese Literaturliste m\u00f6glichst umfassend ist, f\u00fchren wir auch Festschriften von z.B. Schulen, Unternehmen und Vereinen auf. Diese sind (gerade, wenn sie schon \u00e4lter sind) f\u00fcr Familien- und Heimatforscher sehr interessant. Wenn Sie solche B\u00fccher oder Hefte besitzen&#8230;<\/p>\n","protected":false},"author":4,"featured_media":0,"parent":0,"menu_order":91,"comment_status":"closed","ping_status":"closed","template":"","meta":{"_coblocks_attr":"","_coblocks_dimensions":"","_coblocks_responsive_height":"","_coblocks_accordion_ie_support":"","footnotes":""},"class_list":["post-125","page","type-page","status-publish","hentry"],"_links":{"self":[{"href":"https:\/\/familienforschung-tecklenburger-land.de\/index.php?rest_route=\/wp\/v2\/pages\/125","targetHints":{"allow":["GET"]}}],"collection":[{"href":"https:\/\/familienforschung-tecklenburger-land.de\/index.php?rest_route=\/wp\/v2\/pages"}],"about":[{"href":"https:\/\/familienforschung-tecklenburger-land.de\/index.php?rest_route=\/wp\/v2\/types\/page"}],"author":[{"embeddable":true,"href":"https:\/\/familienforschung-tecklenburger-land.de\/index.php?rest_route=\/wp\/v2\/users\/4"}],"replies":[{"embeddable":true,"href":"https:\/\/familienforschung-tecklenburger-land.de\/index.php?rest_route=%2Fwp%2Fv2%2Fcomments&post=125"}],"version-history":[{"count":13,"href":"https:\/\/familienforschung-tecklenburger-land.de\/index.php?rest_route=\/wp\/v2\/pages\/125\/revisions"}],"predecessor-version":[{"id":1120,"href":"https:\/\/familienforschung-tecklenburger-land.de\/index.php?rest_route=\/wp\/v2\/pages\/125\/revisions\/1120"}],"wp:attachment":[{"href":"https:\/\/familienforschung-tecklenburger-land.de\/index.php?rest_route=%2Fwp%2Fv2%2Fmedia&parent=125"}],"curies":[{"name":"wp","href":"https:\/\/api.w.org\/{rel}","templated":true}]}}